{"id":1527,"date":"2025-05-27T13:24:20","date_gmt":"2025-05-27T13:24:20","guid":{"rendered":"https:\/\/bagdupe.com\/product\/ysl-bag-dupe-2238\/"},"modified":"2025-05-27T13:24:36","modified_gmt":"2025-05-27T13:24:36","slug":"ysl-bag-dupe-2238","status":"publish","type":"product","link":"https:\/\/bagdupe.com\/de\/produkt\/ysl-bag-dupe-2238\/","title":{"rendered":"YSL Tasche Dupe 2238"},"content":{"rendered":"<p>Mit Geschenkbox<br \/>\nYSL Saint Laurent Umh\u00e4ngetasche mit V-Streifen<br \/>\nYSL Saint Laurent Umschlagtasche ENVELOE Umschlagtasche Real Shot Heute bringe ich Sie auf den neuesten Stand mit dem ENVELOE Umschlagdesign, das einfach und modisch mit einer Silberkette ist. Die quadratische Form der Tasche zeigt ein reifes Temperament. Sie eignet sich f\u00fcr Pendler und diejenigen, die eine etwas gr\u00f6\u00dfere Kapazit\u00e4t bevorzugen, k\u00f6nnen sie \u00fcber eine Schulter oder crossbody tragen. Genarbtes Rindsleder, verschlei\u00dffest und pflegeleicht Gr\u00f6\u00dfe: 23,18 cm. mf<\/p>\n<p>YSL Tasche Dupe 2238<\/p>","protected":false},"excerpt":{"rendered":"<p>Mit Geschenkbox<br \/>\nYSL Saint Laurent Umh\u00e4ngetasche mit V-Streifen<br \/>\nYSL Saint Laurent Umschlagtasche ENVELOE Umschlagtasche Real Shot Heute bringe ich Sie auf den neuesten Stand mit dem ENVELOE Umschlagdesign, das einfach und modisch mit einer Silberkette ist. Die quadratische Form der Tasche zeigt ein reifes Temperament. Sie eignet sich f\u00fcr Pendler und diejenigen, die eine etwas gr\u00f6\u00dfere Kapazit\u00e4t bevorzugen, k\u00f6nnen sie \u00fcber eine Schulter oder crossbody tragen. Genarbtes Rindsleder, verschlei\u00dffest und pflegeleicht Gr\u00f6\u00dfe: 23,18 cm. mf<\/p>","protected":false},"featured_media":1528,"template":"","meta":[],"product_brand":[],"product_cat":[76,77],"product_tag":[78,79],"class_list":{"0":"post-1527","1":"product","2":"type-product","3":"status-publish","4":"has-post-thumbnail","6":"product_cat-ysl","7":"product_cat-ysl-bag","8":"product_tag-ysl","9":"product_tag-ysl-bag","11":"first","12":"instock","13":"purchasable","14":"product-type-simple"},"yoast_head":"<!-- This site is optimized with the Yoast SEO Premium plugin v25.2 (Yoast SEO v25.2) - https:\/\/yoast.com\/wordpress\/plugins\/seo\/ -->\n<title>YSL Bag Dupe 2238 1:1 Replica<\/title>\n<meta name=\"description\" content=\"With gift box YSL Saint Laurent V-strip messenger bag YSL Saint Laurent envelope bag ENVELOE envelope bag real shot Today I update you with the ENVELOE envelope design, which is simple and fashionable with a silver chain. The square bag shape reveals a mature temperament, suitable for commuting and those who like a slightly larger capacity can carry it on one shoulder or crossbody. Grained cowhide, wear-resistant and easy to care for Size: 23.18cm. mf 1:1 Replica\" \/>\n<meta name=\"robots\" content=\"index, follow, max-snippet:-1, max-image-preview:large, max-video-preview:-1\" \/>\n<link rel=\"canonical\" href=\"https:\/\/bagdupe.com\/de\/produkt\/ysl-bag-dupe-2238\/\" \/>\n<meta property=\"og:locale\" content=\"de_DE\" \/>\n<meta property=\"og:type\" content=\"article\" \/>\n<meta property=\"og:title\" content=\"YSL Bag Dupe 2238\" \/>\n<meta property=\"og:description\" content=\"With gift box YSL Saint Laurent V-strip messenger bag YSL Saint Laurent envelope bag ENVELOE envelope bag real shot Today I update you with the ENVELOE envelope design, which is simple and fashionable with a silver chain. The square bag shape reveals a mature temperament, suitable for commuting and those who like a slightly larger capacity can carry it on one shoulder or crossbody. Grained cowhide, wear-resistant and easy to care for Size: 23.18cm. mf 1:1 Replica\" \/>\n<meta property=\"og:url\" content=\"https:\/\/bagdupe.com\/de\/produkt\/ysl-bag-dupe-2238\/\" \/>\n<meta property=\"og:site_name\" content=\"Best Designer Bag Dupes | Fragrance Dupe In 2025\" \/>\n<meta property=\"article:modified_time\" content=\"2025-05-27T13:24:36+00:00\" \/>\n<meta property=\"og:image\" content=\"https:\/\/bagdupe.com\/wp-content\/uploads\/2025\/05\/YSL-Bag-Dupe-2238.jpg\" \/>\n\t<meta property=\"og:image:width\" content=\"1440\" \/>\n\t<meta property=\"og:image:height\" content=\"1440\" \/>\n\t<meta property=\"og:image:type\" content=\"image\/jpeg\" \/>\n<meta name=\"twitter:card\" content=\"summary_large_image\" \/>\n<script type=\"application\/ld+json\" class=\"yoast-schema-graph\">{\"@context\":\"https:\/\/schema.org\",\"@graph\":[{\"@type\":\"WebPage\",\"@id\":\"https:\/\/bagdupe.com\/de\/product\/ysl-bag-dupe-2238\/\",\"url\":\"https:\/\/bagdupe.com\/de\/product\/ysl-bag-dupe-2238\/\",\"name\":\"YSL Bag Dupe 2238 1:1 Replica\",\"isPartOf\":{\"@id\":\"https:\/\/bagdupe.com\/#website\"},\"primaryImageOfPage\":{\"@id\":\"https:\/\/bagdupe.com\/de\/product\/ysl-bag-dupe-2238\/#primaryimage\"},\"image\":{\"@id\":\"https:\/\/bagdupe.com\/de\/product\/ysl-bag-dupe-2238\/#primaryimage\"},\"thumbnailUrl\":\"https:\/\/bagdupe.com\/wp-content\/uploads\/2025\/05\/YSL-Bag-Dupe-2238.jpg\",\"datePublished\":\"2025-05-27T13:24:20+00:00\",\"dateModified\":\"2025-05-27T13:24:36+00:00\",\"description\":\"With gift box YSL Saint Laurent V-strip messenger bag YSL Saint Laurent envelope bag ENVELOE envelope bag real shot Today I update you with the ENVELOE envelope design, which is simple and fashionable with a silver chain. The square bag shape reveals a mature temperament, suitable for commuting and those who like a slightly larger capacity can carry it on one shoulder or crossbody. Grained cowhide, wear-resistant and easy to care for Size: 23.18cm. mf 1:1 Replica\",\"breadcrumb\":{\"@id\":\"https:\/\/bagdupe.com\/de\/product\/ysl-bag-dupe-2238\/#breadcrumb\"},\"inLanguage\":\"de\",\"potentialAction\":[{\"@type\":\"ReadAction\",\"target\":[\"https:\/\/bagdupe.com\/de\/product\/ysl-bag-dupe-2238\/\"]}]},{\"@type\":\"ImageObject\",\"inLanguage\":\"de\",\"@id\":\"https:\/\/bagdupe.com\/de\/product\/ysl-bag-dupe-2238\/#primaryimage\",\"url\":\"https:\/\/bagdupe.com\/wp-content\/uploads\/2025\/05\/YSL-Bag-Dupe-2238.jpg\",\"contentUrl\":\"https:\/\/bagdupe.com\/wp-content\/uploads\/2025\/05\/YSL-Bag-Dupe-2238.jpg\",\"width\":1440,\"height\":1440,\"caption\":\"YSL Bag Dupe 2238\"},{\"@type\":\"BreadcrumbList\",\"@id\":\"https:\/\/bagdupe.com\/de\/product\/ysl-bag-dupe-2238\/#breadcrumb\",\"itemListElement\":[{\"@type\":\"ListItem\",\"position\":1,\"name\":\"Home\",\"item\":\"https:\/\/bagdupe.com\/\"},{\"@type\":\"ListItem\",\"position\":2,\"name\":\"Shop\",\"item\":\"https:\/\/bagdupe.com\/shop\/\"},{\"@type\":\"ListItem\",\"position\":3,\"name\":\"YSL Bag Dupe 2238\"}]},{\"@type\":\"WebSite\",\"@id\":\"https:\/\/bagdupe.com\/#website\",\"url\":\"https:\/\/bagdupe.com\/\",\"name\":\"Best Designer Bag Dupes | Fragrance Dupe In 2025\",\"description\":\"High quality designer Bags \/ Fragrance Shop. Brands: Louis Vuitton, Hermes, Chanel, Gucci, and Coach are frequently mentioned as having.\",\"publisher\":{\"@id\":\"https:\/\/bagdupe.com\/#organization\"},\"alternateName\":\"Best Designer Bag Dupes | Fragrance Dupe In 2025\",\"potentialAction\":[{\"@type\":\"SearchAction\",\"target\":{\"@type\":\"EntryPoint\",\"urlTemplate\":\"https:\/\/bagdupe.com\/?s={search_term_string}\"},\"query-input\":{\"@type\":\"PropertyValueSpecification\",\"valueRequired\":true,\"valueName\":\"search_term_string\"}}],\"inLanguage\":\"de\"},{\"@type\":\"Organization\",\"@id\":\"https:\/\/bagdupe.com\/#organization\",\"name\":\"Best Designer Bag Dupes | Fragrance Dupe In 2025\",\"alternateName\":\"Best Designer Bag Dupes | Fragrance Dupe In 2025\",\"url\":\"https:\/\/bagdupe.com\/\",\"logo\":{\"@type\":\"ImageObject\",\"inLanguage\":\"de\",\"@id\":\"https:\/\/bagdupe.com\/#\/schema\/logo\/image\/\",\"url\":\"https:\/\/bagdupe.com\/wp-content\/uploads\/2025\/05\/bagdupe.com_.webp\",\"contentUrl\":\"https:\/\/bagdupe.com\/wp-content\/uploads\/2025\/05\/bagdupe.com_.webp\",\"width\":800,\"height\":299,\"caption\":\"Best Designer Bag Dupes | Fragrance Dupe In 2025\"},\"image\":{\"@id\":\"https:\/\/bagdupe.com\/#\/schema\/logo\/image\/\"},\"description\":\"High quality designer Bags \/ Fragrance Shop. Brands: Louis Vuitton, Hermes, Chanel, Gucci, and Coach are frequently mentioned as having.\",\"email\":\"fashionrepsbiz@gmail.com\",\"telephone\":\"+1 936 666 6246\",\"legalName\":\"Best Designer Bag Dupes | Fragrance Dupe In 2025\",\"foundingDate\":\"2015-03-27\",\"vatID\":\"afd67baw625hbaf\",\"taxID\":\"5472erdsvert\",\"iso6523Code\":\"2566yt4hdf565g\",\"duns\":\"2654rthedg3gvfx\",\"leiCode\":\"436regtu65hbdfh\",\"naics\":\"63gvsy658ijngfgw\",\"numberOfEmployees\":{\"@type\":\"QuantitativeValue\",\"minValue\":\"51\",\"maxValue\":\"200\"},\"publishingPrinciples\":\"https:\/\/bagdupe.com\/refund_returns\/\",\"ownershipFundingInfo\":\"https:\/\/bagdupe.com\/about-dupe-shop\/\",\"actionableFeedbackPolicy\":\"https:\/\/bagdupe.com\/privacy-policy\/\",\"correctionsPolicy\":\"https:\/\/bagdupe.com\/privacy-policy\/\",\"ethicsPolicy\":\"https:\/\/bagdupe.com\/privacy-policy\/\",\"diversityPolicy\":\"https:\/\/bagdupe.com\/privacy-policy\/\"}]}<\/script>\n<!-- \/ Yoast SEO Premium plugin. -->","yoast_head_json":{"title":"YSL Bag Dupe 2238 1:1 Replica","description":"With gift box YSL Saint Laurent V-strip messenger bag YSL Saint Laurent envelope bag ENVELOE envelope bag real shot Today I update you with the ENVELOE envelope design, which is simple and fashionable with a silver chain. The square bag shape reveals a mature temperament, suitable for commuting and those who like a slightly larger capacity can carry it on one shoulder or crossbody. Grained cowhide, wear-resistant and easy to care for Size: 23.18cm. mf 1:1 Replica","robots":{"index":"index","follow":"follow","max-snippet":"max-snippet:-1","max-image-preview":"max-image-preview:large","max-video-preview":"max-video-preview:-1"},"canonical":"https:\/\/bagdupe.com\/de\/produkt\/ysl-bag-dupe-2238\/","og_locale":"de_DE","og_type":"article","og_title":"YSL Bag Dupe 2238","og_description":"With gift box YSL Saint Laurent V-strip messenger bag YSL Saint Laurent envelope bag ENVELOE envelope bag real shot Today I update you with the ENVELOE envelope design, which is simple and fashionable with a silver chain. The square bag shape reveals a mature temperament, suitable for commuting and those who like a slightly larger capacity can carry it on one shoulder or crossbody. Grained cowhide, wear-resistant and easy to care for Size: 23.18cm. mf 1:1 Replica","og_url":"https:\/\/bagdupe.com\/de\/produkt\/ysl-bag-dupe-2238\/","og_site_name":"Best Designer Bag Dupes | Fragrance Dupe In 2025","article_modified_time":"2025-05-27T13:24:36+00:00","og_image":[{"width":1440,"height":1440,"url":"https:\/\/bagdupe.com\/wp-content\/uploads\/2025\/05\/YSL-Bag-Dupe-2238.jpg","type":"image\/jpeg"}],"twitter_card":"summary_large_image","schema":{"@context":"https:\/\/schema.org","@graph":[{"@type":"WebPage","@id":"https:\/\/bagdupe.com\/de\/product\/ysl-bag-dupe-2238\/","url":"https:\/\/bagdupe.com\/de\/product\/ysl-bag-dupe-2238\/","name":"YSL Bag Dupe 2238 1:1 Replica","isPartOf":{"@id":"https:\/\/bagdupe.com\/#website"},"primaryImageOfPage":{"@id":"https:\/\/bagdupe.com\/de\/product\/ysl-bag-dupe-2238\/#primaryimage"},"image":{"@id":"https:\/\/bagdupe.com\/de\/product\/ysl-bag-dupe-2238\/#primaryimage"},"thumbnailUrl":"https:\/\/bagdupe.com\/wp-content\/uploads\/2025\/05\/YSL-Bag-Dupe-2238.jpg","datePublished":"2025-05-27T13:24:20+00:00","dateModified":"2025-05-27T13:24:36+00:00","description":"With gift box YSL Saint Laurent V-strip messenger bag YSL Saint Laurent envelope bag ENVELOE envelope bag real shot Today I update you with the ENVELOE envelope design, which is simple and fashionable with a silver chain. The square bag shape reveals a mature temperament, suitable for commuting and those who like a slightly larger capacity can carry it on one shoulder or crossbody. Grained cowhide, wear-resistant and easy to care for Size: 23.18cm. mf 1:1 Replica","breadcrumb":{"@id":"https:\/\/bagdupe.com\/de\/product\/ysl-bag-dupe-2238\/#breadcrumb"},"inLanguage":"de","potentialAction":[{"@type":"ReadAction","target":["https:\/\/bagdupe.com\/de\/product\/ysl-bag-dupe-2238\/"]}]},{"@type":"ImageObject","inLanguage":"de","@id":"https:\/\/bagdupe.com\/de\/product\/ysl-bag-dupe-2238\/#primaryimage","url":"https:\/\/bagdupe.com\/wp-content\/uploads\/2025\/05\/YSL-Bag-Dupe-2238.jpg","contentUrl":"https:\/\/bagdupe.com\/wp-content\/uploads\/2025\/05\/YSL-Bag-Dupe-2238.jpg","width":1440,"height":1440,"caption":"YSL Bag Dupe 2238"},{"@type":"BreadcrumbList","@id":"https:\/\/bagdupe.com\/de\/product\/ysl-bag-dupe-2238\/#breadcrumb","itemListElement":[{"@type":"ListItem","position":1,"name":"Home","item":"https:\/\/bagdupe.com\/"},{"@type":"ListItem","position":2,"name":"Shop","item":"https:\/\/bagdupe.com\/shop\/"},{"@type":"ListItem","position":3,"name":"YSL Bag Dupe 2238"}]},{"@type":"WebSite","@id":"https:\/\/bagdupe.com\/#website","url":"https:\/\/bagdupe.com\/","name":"Best Designer Bag Dupes | Fragrance Dupe In 2025","description":"High quality designer Bags \/ Fragrance Shop. Brands: Louis Vuitton, Hermes, Chanel, Gucci, and Coach are frequently mentioned as having.","publisher":{"@id":"https:\/\/bagdupe.com\/#organization"},"alternateName":"Best Designer Bag Dupes | Fragrance Dupe In 2025","potentialAction":[{"@type":"SearchAction","target":{"@type":"EntryPoint","urlTemplate":"https:\/\/bagdupe.com\/?s={search_term_string}"},"query-input":{"@type":"PropertyValueSpecification","valueRequired":true,"valueName":"search_term_string"}}],"inLanguage":"de"},{"@type":"Organization","@id":"https:\/\/bagdupe.com\/#organization","name":"Best Designer Bag Dupes | Fragrance Dupe In 2025","alternateName":"Best Designer Bag Dupes | Fragrance Dupe In 2025","url":"https:\/\/bagdupe.com\/","logo":{"@type":"ImageObject","inLanguage":"de","@id":"https:\/\/bagdupe.com\/#\/schema\/logo\/image\/","url":"https:\/\/bagdupe.com\/wp-content\/uploads\/2025\/05\/bagdupe.com_.webp","contentUrl":"https:\/\/bagdupe.com\/wp-content\/uploads\/2025\/05\/bagdupe.com_.webp","width":800,"height":299,"caption":"Best Designer Bag Dupes | Fragrance Dupe In 2025"},"image":{"@id":"https:\/\/bagdupe.com\/#\/schema\/logo\/image\/"},"description":"High quality designer Bags \/ Fragrance Shop. Brands: Louis Vuitton, Hermes, Chanel, Gucci, and Coach are frequently mentioned as having.","email":"fashionrepsbiz@gmail.com","telephone":"+1 936 666 6246","legalName":"Best Designer Bag Dupes | Fragrance Dupe In 2025","foundingDate":"2015-03-27","vatID":"afd67baw625hbaf","taxID":"5472erdsvert","iso6523Code":"2566yt4hdf565g","duns":"2654rthedg3gvfx","leiCode":"436regtu65hbdfh","naics":"63gvsy658ijngfgw","numberOfEmployees":{"@type":"QuantitativeValue","minValue":"51","maxValue":"200"},"publishingPrinciples":"https:\/\/bagdupe.com\/refund_returns\/","ownershipFundingInfo":"https:\/\/bagdupe.com\/about-dupe-shop\/","actionableFeedbackPolicy":"https:\/\/bagdupe.com\/privacy-policy\/","correctionsPolicy":"https:\/\/bagdupe.com\/privacy-policy\/","ethicsPolicy":"https:\/\/bagdupe.com\/privacy-policy\/","diversityPolicy":"https:\/\/bagdupe.com\/privacy-policy\/"}]}},"_links":{"self":[{"href":"https:\/\/bagdupe.com\/de\/wp-json\/wp\/v2\/product\/1527","targetHints":{"allow":["GET"]}}],"collection":[{"href":"https:\/\/bagdupe.com\/de\/wp-json\/wp\/v2\/product"}],"about":[{"href":"https:\/\/bagdupe.com\/de\/wp-json\/wp\/v2\/types\/product"}],"wp:featuredmedia":[{"embeddable":true,"href":"https:\/\/bagdupe.com\/de\/wp-json\/wp\/v2\/media\/1528"}],"wp:attachment":[{"href":"https:\/\/bagdupe.com\/de\/wp-json\/wp\/v2\/media?parent=1527"}],"wp:term":[{"taxonomy":"product_brand","embeddable":true,"href":"https:\/\/bagdupe.com\/de\/wp-json\/wp\/v2\/product_brand?post=1527"},{"taxonomy":"product_cat","embeddable":true,"href":"https:\/\/bagdupe.com\/de\/wp-json\/wp\/v2\/product_cat?post=1527"},{"taxonomy":"product_tag","embeddable":true,"href":"https:\/\/bagdupe.com\/de\/wp-json\/wp\/v2\/product_tag?post=1527"}],"curies":[{"name":"wp","href":"https:\/\/api.w.org\/{rel}","templated":true}]}}