{"id":4085,"date":"2025-05-27T14:11:10","date_gmt":"2025-05-27T14:11:10","guid":{"rendered":"https:\/\/bagdupe.com\/product\/prada-bag-dupe-1707\/"},"modified":"2025-05-27T14:11:10","modified_gmt":"2025-05-27T14:11:10","slug":"prada-bag-dupe-1707","status":"publish","type":"product","link":"https:\/\/bagdupe.com\/de\/produkt\/prada-bag-dupe-1707\/","title":{"rendered":"Prada Tasche Dupe 1707"},"content":{"rendered":"<p>Kommt mit ultra-tausendfach versiegelter Verpackung<br \/>\nPrada Bucket Crossbody Bag<br \/>\nNew Bucket Bag Diese Eimertasche ist aus importiertem Nylongewebe gefertigt, mit einem einzigartigen Ausdruck von au\u00dfergew\u00f6hnlicher Sch\u00f6nheit. Es ist mit einem abnehmbaren und verstellbaren langen Schultergurt aus Rindsleder, Leder Schl\u00fcsselanh\u00e4nger ausgestattet<\/p>\n<p>Prada Tasche Dupe 1707<\/p>","protected":false},"excerpt":{"rendered":"<p>Kommt mit ultra-tausendfach versiegelter Verpackung<br \/>\nPrada Bucket Crossbody Bag<br \/>\nNew Bucket Bag Diese Eimertasche ist aus importiertem Nylongewebe gefertigt, mit einem einzigartigen Ausdruck von au\u00dfergew\u00f6hnlicher Sch\u00f6nheit. Es ist mit einem abnehmbaren und verstellbaren langen Schultergurt aus Rindsleder, Leder Schl\u00fcsselanh\u00e4nger ausgestattet<\/p>","protected":false},"featured_media":4086,"template":"","meta":[],"product_brand":[],"product_cat":[28,29],"product_tag":[30,31],"class_list":{"0":"post-4085","1":"product","2":"type-product","3":"status-publish","4":"has-post-thumbnail","6":"product_cat-prada","7":"product_cat-prada-bag","8":"product_tag-prada","9":"product_tag-prada-bag","11":"first","12":"instock","13":"purchasable","14":"product-type-simple"},"yoast_head":"<!-- This site is optimized with the Yoast SEO Premium plugin v25.2 (Yoast SEO v25.2) - https:\/\/yoast.com\/wordpress\/plugins\/seo\/ -->\n<title>Prada Bag Dupe 1707 1:1 Replica<\/title>\n<meta name=\"description\" content=\"Comes with ultra-thousand sealed packaging Prada Bucket Crossbody Bag New Bucket Bag This bucket bag is made of imported nylon fabric, with a unique expression of extraordinary beauty. It is equipped with a detachable and adjustable cowhide long shoulder strap, leather keychain 1:1 Replica\" \/>\n<meta name=\"robots\" content=\"index, follow, max-snippet:-1, max-image-preview:large, max-video-preview:-1\" \/>\n<link rel=\"canonical\" href=\"https:\/\/bagdupe.com\/de\/product\/prada-bag-dupe-1707\/\" \/>\n<meta property=\"og:locale\" content=\"de_DE\" \/>\n<meta property=\"og:type\" content=\"article\" \/>\n<meta property=\"og:title\" content=\"Prada Bag Dupe 1707\" \/>\n<meta property=\"og:description\" content=\"Comes with ultra-thousand sealed packaging Prada Bucket Crossbody Bag New Bucket Bag This bucket bag is made of imported nylon fabric, with a unique expression of extraordinary beauty. It is equipped with a detachable and adjustable cowhide long shoulder strap, leather keychain 1:1 Replica\" \/>\n<meta property=\"og:url\" content=\"https:\/\/bagdupe.com\/de\/product\/prada-bag-dupe-1707\/\" \/>\n<meta property=\"og:site_name\" content=\"Best Designer Bag Dupes | Fragrance Dupe In 2025\" \/>\n<meta property=\"og:image\" content=\"https:\/\/bagdupe.com\/wp-content\/uploads\/2025\/05\/Prada-Bag-Dupe-1707.jpg\" \/>\n\t<meta property=\"og:image:width\" content=\"1440\" \/>\n\t<meta property=\"og:image:height\" content=\"1080\" \/>\n\t<meta property=\"og:image:type\" content=\"image\/jpeg\" \/>\n<meta name=\"twitter:card\" content=\"summary_large_image\" \/>\n<script type=\"application\/ld+json\" class=\"yoast-schema-graph\">{\"@context\":\"https:\/\/schema.org\",\"@graph\":[{\"@type\":\"WebPage\",\"@id\":\"https:\/\/bagdupe.com\/fr\/product\/prada-bag-dupe-1707\/\",\"url\":\"https:\/\/bagdupe.com\/fr\/product\/prada-bag-dupe-1707\/\",\"name\":\"Prada Bag Dupe 1707 1:1 Replica\",\"isPartOf\":{\"@id\":\"https:\/\/bagdupe.com\/#website\"},\"primaryImageOfPage\":{\"@id\":\"https:\/\/bagdupe.com\/fr\/product\/prada-bag-dupe-1707\/#primaryimage\"},\"image\":{\"@id\":\"https:\/\/bagdupe.com\/fr\/product\/prada-bag-dupe-1707\/#primaryimage\"},\"thumbnailUrl\":\"https:\/\/bagdupe.com\/wp-content\/uploads\/2025\/05\/Prada-Bag-Dupe-1707.jpg\",\"datePublished\":\"2025-05-27T14:11:10+00:00\",\"description\":\"Comes with ultra-thousand sealed packaging Prada Bucket Crossbody Bag New Bucket Bag This bucket bag is made of imported nylon fabric, with a unique expression of extraordinary beauty. It is equipped with a detachable and adjustable cowhide long shoulder strap, leather keychain 1:1 Replica\",\"breadcrumb\":{\"@id\":\"https:\/\/bagdupe.com\/fr\/product\/prada-bag-dupe-1707\/#breadcrumb\"},\"inLanguage\":\"de\",\"potentialAction\":[{\"@type\":\"ReadAction\",\"target\":[\"https:\/\/bagdupe.com\/fr\/product\/prada-bag-dupe-1707\/\"]}]},{\"@type\":\"ImageObject\",\"inLanguage\":\"de\",\"@id\":\"https:\/\/bagdupe.com\/fr\/product\/prada-bag-dupe-1707\/#primaryimage\",\"url\":\"https:\/\/bagdupe.com\/wp-content\/uploads\/2025\/05\/Prada-Bag-Dupe-1707.jpg\",\"contentUrl\":\"https:\/\/bagdupe.com\/wp-content\/uploads\/2025\/05\/Prada-Bag-Dupe-1707.jpg\",\"width\":1440,\"height\":1080,\"caption\":\"Prada Bag Dupe 1707\"},{\"@type\":\"BreadcrumbList\",\"@id\":\"https:\/\/bagdupe.com\/fr\/product\/prada-bag-dupe-1707\/#breadcrumb\",\"itemListElement\":[{\"@type\":\"ListItem\",\"position\":1,\"name\":\"Home\",\"item\":\"https:\/\/bagdupe.com\/\"},{\"@type\":\"ListItem\",\"position\":2,\"name\":\"Shop\",\"item\":\"https:\/\/bagdupe.com\/shop\/\"},{\"@type\":\"ListItem\",\"position\":3,\"name\":\"Prada Bag Dupe 1707\"}]},{\"@type\":\"WebSite\",\"@id\":\"https:\/\/bagdupe.com\/#website\",\"url\":\"https:\/\/bagdupe.com\/\",\"name\":\"Best Designer Bag Dupes | Fragrance Dupe In 2025\",\"description\":\"High quality designer Bags \/ Fragrance Shop. Brands: Louis Vuitton, Hermes, Chanel, Gucci, and Coach are frequently mentioned as having.\",\"publisher\":{\"@id\":\"https:\/\/bagdupe.com\/#organization\"},\"alternateName\":\"Best Designer Bag Dupes | Fragrance Dupe In 2025\",\"potentialAction\":[{\"@type\":\"SearchAction\",\"target\":{\"@type\":\"EntryPoint\",\"urlTemplate\":\"https:\/\/bagdupe.com\/?s={search_term_string}\"},\"query-input\":{\"@type\":\"PropertyValueSpecification\",\"valueRequired\":true,\"valueName\":\"search_term_string\"}}],\"inLanguage\":\"de\"},{\"@type\":\"Organization\",\"@id\":\"https:\/\/bagdupe.com\/#organization\",\"name\":\"Best Designer Bag Dupes | Fragrance Dupe In 2025\",\"alternateName\":\"Best Designer Bag Dupes | Fragrance Dupe In 2025\",\"url\":\"https:\/\/bagdupe.com\/\",\"logo\":{\"@type\":\"ImageObject\",\"inLanguage\":\"de\",\"@id\":\"https:\/\/bagdupe.com\/#\/schema\/logo\/image\/\",\"url\":\"https:\/\/bagdupe.com\/wp-content\/uploads\/2025\/05\/bagdupe.com_.webp\",\"contentUrl\":\"https:\/\/bagdupe.com\/wp-content\/uploads\/2025\/05\/bagdupe.com_.webp\",\"width\":800,\"height\":299,\"caption\":\"Best Designer Bag Dupes | Fragrance Dupe In 2025\"},\"image\":{\"@id\":\"https:\/\/bagdupe.com\/#\/schema\/logo\/image\/\"},\"description\":\"High quality designer Bags \/ Fragrance Shop. Brands: Louis Vuitton, Hermes, Chanel, Gucci, and Coach are frequently mentioned as having.\",\"email\":\"fashionrepsbiz@gmail.com\",\"telephone\":\"+1 936 666 6246\",\"legalName\":\"Best Designer Bag Dupes | Fragrance Dupe In 2025\",\"foundingDate\":\"2015-03-27\",\"vatID\":\"afd67baw625hbaf\",\"taxID\":\"5472erdsvert\",\"iso6523Code\":\"2566yt4hdf565g\",\"duns\":\"2654rthedg3gvfx\",\"leiCode\":\"436regtu65hbdfh\",\"naics\":\"63gvsy658ijngfgw\",\"numberOfEmployees\":{\"@type\":\"QuantitativeValue\",\"minValue\":\"51\",\"maxValue\":\"200\"},\"publishingPrinciples\":\"https:\/\/bagdupe.com\/refund_returns\/\",\"ownershipFundingInfo\":\"https:\/\/bagdupe.com\/about-dupe-shop\/\",\"actionableFeedbackPolicy\":\"https:\/\/bagdupe.com\/privacy-policy\/\",\"correctionsPolicy\":\"https:\/\/bagdupe.com\/privacy-policy\/\",\"ethicsPolicy\":\"https:\/\/bagdupe.com\/privacy-policy\/\",\"diversityPolicy\":\"https:\/\/bagdupe.com\/privacy-policy\/\"}]}<\/script>\n<!-- \/ Yoast SEO Premium plugin. -->","yoast_head_json":{"title":"Prada Bag Dupe 1707 1:1 Replica","description":"Comes with ultra-thousand sealed packaging Prada Bucket Crossbody Bag New Bucket Bag This bucket bag is made of imported nylon fabric, with a unique expression of extraordinary beauty. It is equipped with a detachable and adjustable cowhide long shoulder strap, leather keychain 1:1 Replica","robots":{"index":"index","follow":"follow","max-snippet":"max-snippet:-1","max-image-preview":"max-image-preview:large","max-video-preview":"max-video-preview:-1"},"canonical":"https:\/\/bagdupe.com\/de\/product\/prada-bag-dupe-1707\/","og_locale":"de_DE","og_type":"article","og_title":"Prada Bag Dupe 1707","og_description":"Comes with ultra-thousand sealed packaging Prada Bucket Crossbody Bag New Bucket Bag This bucket bag is made of imported nylon fabric, with a unique expression of extraordinary beauty. It is equipped with a detachable and adjustable cowhide long shoulder strap, leather keychain 1:1 Replica","og_url":"https:\/\/bagdupe.com\/de\/product\/prada-bag-dupe-1707\/","og_site_name":"Best Designer Bag Dupes | Fragrance Dupe In 2025","og_image":[{"width":1440,"height":1080,"url":"https:\/\/bagdupe.com\/wp-content\/uploads\/2025\/05\/Prada-Bag-Dupe-1707.jpg","type":"image\/jpeg"}],"twitter_card":"summary_large_image","schema":{"@context":"https:\/\/schema.org","@graph":[{"@type":"WebPage","@id":"https:\/\/bagdupe.com\/fr\/product\/prada-bag-dupe-1707\/","url":"https:\/\/bagdupe.com\/fr\/product\/prada-bag-dupe-1707\/","name":"Prada Bag Dupe 1707 1:1 Replica","isPartOf":{"@id":"https:\/\/bagdupe.com\/#website"},"primaryImageOfPage":{"@id":"https:\/\/bagdupe.com\/fr\/product\/prada-bag-dupe-1707\/#primaryimage"},"image":{"@id":"https:\/\/bagdupe.com\/fr\/product\/prada-bag-dupe-1707\/#primaryimage"},"thumbnailUrl":"https:\/\/bagdupe.com\/wp-content\/uploads\/2025\/05\/Prada-Bag-Dupe-1707.jpg","datePublished":"2025-05-27T14:11:10+00:00","description":"Comes with ultra-thousand sealed packaging Prada Bucket Crossbody Bag New Bucket Bag This bucket bag is made of imported nylon fabric, with a unique expression of extraordinary beauty. It is equipped with a detachable and adjustable cowhide long shoulder strap, leather keychain 1:1 Replica","breadcrumb":{"@id":"https:\/\/bagdupe.com\/fr\/product\/prada-bag-dupe-1707\/#breadcrumb"},"inLanguage":"de","potentialAction":[{"@type":"ReadAction","target":["https:\/\/bagdupe.com\/fr\/product\/prada-bag-dupe-1707\/"]}]},{"@type":"ImageObject","inLanguage":"de","@id":"https:\/\/bagdupe.com\/fr\/product\/prada-bag-dupe-1707\/#primaryimage","url":"https:\/\/bagdupe.com\/wp-content\/uploads\/2025\/05\/Prada-Bag-Dupe-1707.jpg","contentUrl":"https:\/\/bagdupe.com\/wp-content\/uploads\/2025\/05\/Prada-Bag-Dupe-1707.jpg","width":1440,"height":1080,"caption":"Prada Bag Dupe 1707"},{"@type":"BreadcrumbList","@id":"https:\/\/bagdupe.com\/fr\/product\/prada-bag-dupe-1707\/#breadcrumb","itemListElement":[{"@type":"ListItem","position":1,"name":"Home","item":"https:\/\/bagdupe.com\/"},{"@type":"ListItem","position":2,"name":"Shop","item":"https:\/\/bagdupe.com\/shop\/"},{"@type":"ListItem","position":3,"name":"Prada Bag Dupe 1707"}]},{"@type":"WebSite","@id":"https:\/\/bagdupe.com\/#website","url":"https:\/\/bagdupe.com\/","name":"Best Designer Bag Dupes | Fragrance Dupe In 2025","description":"High quality designer Bags \/ Fragrance Shop. Brands: Louis Vuitton, Hermes, Chanel, Gucci, and Coach are frequently mentioned as having.","publisher":{"@id":"https:\/\/bagdupe.com\/#organization"},"alternateName":"Best Designer Bag Dupes | Fragrance Dupe In 2025","potentialAction":[{"@type":"SearchAction","target":{"@type":"EntryPoint","urlTemplate":"https:\/\/bagdupe.com\/?s={search_term_string}"},"query-input":{"@type":"PropertyValueSpecification","valueRequired":true,"valueName":"search_term_string"}}],"inLanguage":"de"},{"@type":"Organization","@id":"https:\/\/bagdupe.com\/#organization","name":"Best Designer Bag Dupes | Fragrance Dupe In 2025","alternateName":"Best Designer Bag Dupes | Fragrance Dupe In 2025","url":"https:\/\/bagdupe.com\/","logo":{"@type":"ImageObject","inLanguage":"de","@id":"https:\/\/bagdupe.com\/#\/schema\/logo\/image\/","url":"https:\/\/bagdupe.com\/wp-content\/uploads\/2025\/05\/bagdupe.com_.webp","contentUrl":"https:\/\/bagdupe.com\/wp-content\/uploads\/2025\/05\/bagdupe.com_.webp","width":800,"height":299,"caption":"Best Designer Bag Dupes | Fragrance Dupe In 2025"},"image":{"@id":"https:\/\/bagdupe.com\/#\/schema\/logo\/image\/"},"description":"High quality designer Bags \/ Fragrance Shop. Brands: Louis Vuitton, Hermes, Chanel, Gucci, and Coach are frequently mentioned as having.","email":"fashionrepsbiz@gmail.com","telephone":"+1 936 666 6246","legalName":"Best Designer Bag Dupes | Fragrance Dupe In 2025","foundingDate":"2015-03-27","vatID":"afd67baw625hbaf","taxID":"5472erdsvert","iso6523Code":"2566yt4hdf565g","duns":"2654rthedg3gvfx","leiCode":"436regtu65hbdfh","naics":"63gvsy658ijngfgw","numberOfEmployees":{"@type":"QuantitativeValue","minValue":"51","maxValue":"200"},"publishingPrinciples":"https:\/\/bagdupe.com\/refund_returns\/","ownershipFundingInfo":"https:\/\/bagdupe.com\/about-dupe-shop\/","actionableFeedbackPolicy":"https:\/\/bagdupe.com\/privacy-policy\/","correctionsPolicy":"https:\/\/bagdupe.com\/privacy-policy\/","ethicsPolicy":"https:\/\/bagdupe.com\/privacy-policy\/","diversityPolicy":"https:\/\/bagdupe.com\/privacy-policy\/"}]}},"_links":{"self":[{"href":"https:\/\/bagdupe.com\/de\/wp-json\/wp\/v2\/product\/4085","targetHints":{"allow":["GET"]}}],"collection":[{"href":"https:\/\/bagdupe.com\/de\/wp-json\/wp\/v2\/product"}],"about":[{"href":"https:\/\/bagdupe.com\/de\/wp-json\/wp\/v2\/types\/product"}],"wp:featuredmedia":[{"embeddable":true,"href":"https:\/\/bagdupe.com\/de\/wp-json\/wp\/v2\/media\/4086"}],"wp:attachment":[{"href":"https:\/\/bagdupe.com\/de\/wp-json\/wp\/v2\/media?parent=4085"}],"wp:term":[{"taxonomy":"product_brand","embeddable":true,"href":"https:\/\/bagdupe.com\/de\/wp-json\/wp\/v2\/product_brand?post=4085"},{"taxonomy":"product_cat","embeddable":true,"href":"https:\/\/bagdupe.com\/de\/wp-json\/wp\/v2\/product_cat?post=4085"},{"taxonomy":"product_tag","embeddable":true,"href":"https:\/\/bagdupe.com\/de\/wp-json\/wp\/v2\/product_tag?post=4085"}],"curies":[{"name":"wp","href":"https:\/\/api.w.org\/{rel}","templated":true}]}}