{"id":11853,"date":"2025-05-29T03:15:20","date_gmt":"2025-05-29T03:15:20","guid":{"rendered":"https:\/\/bagdupe.com\/?page_id=11853"},"modified":"2025-05-29T03:17:01","modified_gmt":"2025-05-29T03:17:01","slug":"shipping-info","status":"publish","type":"page","link":"https:\/\/bagdupe.com\/es\/shipping-info\/","title":{"rendered":"Informaci\u00f3n de env\u00edo"},"content":{"rendered":"<div data-elementor-type=\"wp-page\" data-elementor-id=\"11853\" class=\"elementor elementor-11853\" data-elementor-post-type=\"page\">\n\t\t\t\t<div class=\"elementor-element elementor-element-e260ca8 e-flex e-con-boxed e-con e-parent\" data-id=\"e260ca8\" data-element_type=\"container\">\n\t\t\t\t\t<div class=\"e-con-inner\">\n\t\t\t\t<div class=\"elementor-element elementor-element-88dc7dd elementor-widget elementor-widget-text-editor\" data-id=\"88dc7dd\" data-element_type=\"widget\" data-widget_type=\"text-editor.default\">\n\t\t\t\t<div class=\"elementor-widget-container\">\n\t\t\t\t\t\t\t\t\t<div class=\"elementor-element elementor-element-fa7fd28 e-flex e-con-boxed e-con e-parent e-lazyloaded\" data-id=\"fa7fd28\" data-element_type=\"container\"><div class=\"e-con-inner\"><div class=\"elementor-element elementor-element-63ab1ec elementor-widget elementor-widget-text-editor\" data-id=\"63ab1ec\" data-element_type=\"widget\" data-widget_type=\"text-editor.default\"><p>Nuestra empresa cuenta con un transitario especializado que se encarga del transporte de los Productos R\u00e9plica.<br \/>DHL y UPS se utilizan com\u00fanmente, y en funci\u00f3n del vuelo en ese momento, cu\u00e1l se organiza r\u00e1pidamente o puede ser especificado por el cliente.<br \/>Adoptaremos temporalmente dos m\u00e9todos<br \/>Entrega urgente:<span style=\"color: #ff0000;\">\u00a0Suele tardar entre 5 y 15 d\u00edas en llegar a los pa\u00edses de Norteam\u00e9rica y Europa.<\/span>. Hay una ventaja significativa en t\u00e9rminos de tiempo.<br \/>Otro tipo es nuestro m\u00e9todo de transporte especializado, que es unos 3-5 d\u00edas m\u00e1s lento que el anterior en t\u00e9rminos de tiempo, pero tiene mayor seguridad y no requiere el pago de aranceles a la llegada.<br \/>Nadie puede garantizar la seguridad 100% de los paquetes, pero los transitarios con los que trabajamos disponen de canales profesionales para garantizar la seguridad. Por ejemplo, para 100 paquetes, nuestra tasa de despacho de aduanas puede alcanzar hasta 98%.<br \/>Debido a problemas log\u00edsticos, el cliente no pudo recibir el paquete, y la empresa ofrece el reenv\u00edo gratuito.<br \/><span style=\"color: #ff0000;\">Si dispone de un transitario especializado en China, la empresa puede enviar los productos a su transitario en China. Si hay alg\u00fan problema durante el transporte, la empresa no se har\u00e1 responsable de ning\u00fan reenv\u00edo.<\/span><\/p><\/div><\/div><\/div><div class=\"elementor-element elementor-element-6219ac7 e-flex e-con-boxed e-con e-parent e-lazyloaded\" data-id=\"6219ac7\" data-element_type=\"container\"><div class=\"e-con-inner\"><div class=\"elementor-element elementor-element-12bea08 elementor-widget elementor-widget-text-editor\" data-id=\"12bea08\" data-element_type=\"widget\" data-widget_type=\"text-editor.default\"><p>Seguridad de la direcci\u00f3n de env\u00edo:<span style=\"color: #ff0000;\">\u00a0Si su paquete ha sido retenido por la aduana anteriormente, h\u00e1ganoslo saber para evitar que vuelva a ocurrir.<\/span><\/p><\/div><\/div><\/div>\t\t\t\t\t\t\t\t<\/div>\n\t\t\t\t<\/div>\n\t\t\t\t\t<\/div>\n\t\t\t\t<\/div>\n\t\t<div class=\"elementor-element elementor-element-77479a7 e-flex e-con-boxed e-con e-parent\" data-id=\"77479a7\" data-element_type=\"container\">\n\t\t\t\t\t<div class=\"e-con-inner\">\n\t\t\t\t<div class=\"elementor-element elementor-element-9896620 elementor-grid-4 elementor-grid-tablet-3 elementor-grid-mobile-2 elementor-products-grid elementor-wc-products elementor-widget elementor-widget-woocommerce-products\" data-id=\"9896620\" data-element_type=\"widget\" data-widget_type=\"woocommerce-products.default\">\n\t\t\t\t<div class=\"elementor-widget-container\">\n\t\t\t\t\t<div class=\"woocommerce columns-4\"><ul class=\"products elementor-grid columns-4\">\n<li class=\"product type-product post-11558 status-publish first instock product_cat-jo-malone product_cat-jo-malone-fragrance product_tag-jo-malone product_tag-jo-malone-fragrance has-post-thumbnail purchasable product-type-simple\">\n\t<a href=\"https:\/\/bagdupe.com\/es\/producto\/jo-malone-fragrance-dupe-0779\/\" class=\"woocommerce-LoopProduct-link woocommerce-loop-product__link\"><div class=\"woocommerce-image__wrapper\"><a href=\"https:\/\/bagdupe.com\/es\/producto\/jo-malone-fragrance-dupe-0779\/\" title=\"Jo Malone Fragancia Dupe 0779\" class=\"woocommerce-LoopProduct-link woocommerce-loop-product__link\"><div class=\"shoptimizer-plp-carousel-container\"><div class=\"shoptimizer-plp-image-wrapper\"><img fetchpriority=\"high\" decoding=\"async\" width=\"300\" height=\"300\" src=\"https:\/\/bagdupe.com\/wp-content\/uploads\/2025\/05\/Jo-Malone-Fragrance-Dupe-0779-300x300.jpg\" class=\"attachment-woocommerce_thumbnail size-woocommerce_thumbnail\" alt=\"Jo Malone Fragancia Dupe 0779\" srcset=\"https:\/\/bagdupe.com\/wp-content\/uploads\/2025\/05\/Jo-Malone-Fragrance-Dupe-0779-300x300.jpg 300w, https:\/\/bagdupe.com\/wp-content\/uploads\/2025\/05\/Jo-Malone-Fragrance-Dupe-0779-150x150.jpg 150w, https:\/\/bagdupe.com\/wp-content\/uploads\/2025\/05\/Jo-Malone-Fragrance-Dupe-0779-800x800.jpg 800w, https:\/\/bagdupe.com\/wp-content\/uploads\/2025\/05\/Jo-Malone-Fragrance-Dupe-0779-1024x1024.jpg 1024w, https:\/\/bagdupe.com\/wp-content\/uploads\/2025\/05\/Jo-Malone-Fragrance-Dupe-0779-768x768.jpg 768w, https:\/\/bagdupe.com\/wp-content\/uploads\/2025\/05\/Jo-Malone-Fragrance-Dupe-0779.jpg 1080w\" sizes=\"(max-width: 360px) 147px, (max-width: 300px) 100vw, 300px\" \/>\t\t\t\n\t<\/div><\/div><\/a><\/div><div class=\"woocommerce-card__header\">\t\t\t\t\t<p class=\"product__categories\"><a href=\"https:\/\/bagdupe.com\/es\/categoria-producto\/jo-malone\/\" rel=\"tag\">Jo Malone<\/a>, <a href=\"https:\/\/bagdupe.com\/es\/categoria-producto\/jo-malone\/jo-malone-fragrance\/\" rel=\"tag\">Fragancia Jo Malone<\/a><\/p>\t\t\t\t<div class=\"woocommerce-loop-product__title\"><a tabindex=\"0\" href=\"https:\/\/bagdupe.com\/es\/producto\/jo-malone-fragrance-dupe-0779\/\" aria-label=\"Jo Malone Fragancia Dupe 0779\" class=\"woocommerce-LoopProduct-link woocommerce-loop-product__link\">Jo Malone Fragancia Dupe 0779<\/a><\/div>\n\t<span class=\"price\"><span class=\"woocommerce-Price-amount amount\"><bdi><span class=\"woocommerce-Price-currencySymbol\">&#36;<\/span>19.00<\/bdi><\/span><\/span>\n<\/a><\/div><\/li>\n<li class=\"product type-product post-11555 status-publish instock product_cat-adoration product_cat-adoration-fragrance product_tag-adoration product_tag-adoration-fragrance has-post-thumbnail purchasable product-type-simple\">\n\t<a href=\"https:\/\/bagdupe.com\/es\/producto\/adoration-fragrance-dupe-0554\/\" class=\"woocommerce-LoopProduct-link woocommerce-loop-product__link\"><div class=\"woocommerce-image__wrapper\"><a href=\"https:\/\/bagdupe.com\/es\/producto\/adoration-fragrance-dupe-0554\/\" title=\"Adoration Fragancia Dupe 0554\" class=\"woocommerce-LoopProduct-link woocommerce-loop-product__link\"><div class=\"shoptimizer-plp-carousel-container\"><div class=\"shoptimizer-plp-image-wrapper\"><img decoding=\"async\" width=\"300\" height=\"300\" src=\"https:\/\/bagdupe.com\/wp-content\/uploads\/2025\/05\/Adoration-Fragrance-Dupe-0554-300x300.jpg\" class=\"attachment-woocommerce_thumbnail size-woocommerce_thumbnail\" alt=\"Adoration Fragancia Dupe 0554\" srcset=\"https:\/\/bagdupe.com\/wp-content\/uploads\/2025\/05\/Adoration-Fragrance-Dupe-0554-300x300.jpg 300w, https:\/\/bagdupe.com\/wp-content\/uploads\/2025\/05\/Adoration-Fragrance-Dupe-0554-150x150.jpg 150w\" sizes=\"(max-width: 360px) 147px, (max-width: 300px) 100vw, 300px\" \/>\t\t\t\n\t<\/div><\/div><\/a><\/div><div class=\"woocommerce-card__header\">\t\t\t\t\t<p class=\"product__categories\"><a href=\"https:\/\/bagdupe.com\/es\/categoria-producto\/adoration\/\" rel=\"tag\">Adoraci\u00f3n<\/a>, <a href=\"https:\/\/bagdupe.com\/es\/categoria-producto\/adoration\/adoration-fragrance\/\" rel=\"tag\">Fragancia Adoraci\u00f3n<\/a><\/p>\t\t\t\t<div class=\"woocommerce-loop-product__title\"><a tabindex=\"0\" href=\"https:\/\/bagdupe.com\/es\/producto\/adoration-fragrance-dupe-0554\/\" aria-label=\"Adoration Fragancia Dupe 0554\" class=\"woocommerce-LoopProduct-link woocommerce-loop-product__link\">Adoration Fragancia Dupe 0554<\/a><\/div>\n\t<span class=\"price\"><span class=\"woocommerce-Price-amount amount\"><bdi><span class=\"woocommerce-Price-currencySymbol\">&#36;<\/span>24.00<\/bdi><\/span><\/span>\n<\/a><\/div><\/li>\n<li class=\"product type-product post-11552 status-publish instock product_cat-yves-saint-laurent product_cat-yves-saint-laurent-fragrance product_tag-yves-saint-laurent product_tag-yves-saint-laurent-fragrance has-post-thumbnail purchasable product-type-simple\">\n\t<a href=\"https:\/\/bagdupe.com\/es\/producto\/yves-saint-laurent-fragrance-dupe-0818\/\" class=\"woocommerce-LoopProduct-link woocommerce-loop-product__link\"><div class=\"woocommerce-image__wrapper\"><a href=\"https:\/\/bagdupe.com\/es\/producto\/yves-saint-laurent-fragrance-dupe-0818\/\" title=\"Yves Saint Laurent Fragancia Dupe 0818\" class=\"woocommerce-LoopProduct-link woocommerce-loop-product__link\"><div class=\"shoptimizer-plp-carousel-container\"><div class=\"shoptimizer-plp-image-wrapper\"><img decoding=\"async\" width=\"300\" height=\"300\" src=\"https:\/\/bagdupe.com\/wp-content\/uploads\/2025\/05\/Lancome-Fragrance-Dupe-0517-300x300.jpg\" class=\"attachment-woocommerce_thumbnail size-woocommerce_thumbnail\" alt=\"Yves Saint Laurent Fragancia Dupe 0818\" srcset=\"https:\/\/bagdupe.com\/wp-content\/uploads\/2025\/05\/Lancome-Fragrance-Dupe-0517-300x300.jpg 300w, https:\/\/bagdupe.com\/wp-content\/uploads\/2025\/05\/Lancome-Fragrance-Dupe-0517-150x150.jpg 150w\" sizes=\"(max-width: 360px) 147px, (max-width: 300px) 100vw, 300px\" \/>\t\t\t\n\t<\/div><\/div><\/a><\/div><div class=\"woocommerce-card__header\">\t\t\t\t\t<p class=\"product__categories\"><a href=\"https:\/\/bagdupe.com\/es\/categoria-producto\/yves-saint-laurent\/\" rel=\"tag\">Yves Saint Laurent<\/a>, <a href=\"https:\/\/bagdupe.com\/es\/categoria-producto\/yves-saint-laurent\/yves-saint-laurent-fragrance\/\" rel=\"tag\">Fragancia Yves Saint Laurent<\/a><\/p>\t\t\t\t<div class=\"woocommerce-loop-product__title\"><a tabindex=\"0\" href=\"https:\/\/bagdupe.com\/es\/producto\/yves-saint-laurent-fragrance-dupe-0818\/\" aria-label=\"Yves Saint Laurent Fragancia Dupe 0818\" class=\"woocommerce-LoopProduct-link woocommerce-loop-product__link\">Yves Saint Laurent Fragancia Dupe 0818<\/a><\/div>\n\t<span class=\"price\"><span class=\"woocommerce-Price-amount amount\"><bdi><span class=\"woocommerce-Price-currencySymbol\">&#36;<\/span>24.00<\/bdi><\/span><\/span>\n<\/a><\/div><\/li>\n<li class=\"product type-product post-11549 status-publish last instock product_cat-lancome product_cat-lancome-fragrance product_tag-lancome product_tag-lancome-fragrance has-post-thumbnail purchasable product-type-simple\">\n\t<a href=\"https:\/\/bagdupe.com\/es\/producto\/lancome-fragrance-dupe-0517\/\" class=\"woocommerce-LoopProduct-link woocommerce-loop-product__link\"><div class=\"woocommerce-image__wrapper\"><a href=\"https:\/\/bagdupe.com\/es\/producto\/lancome-fragrance-dupe-0517\/\" title=\"Lancome Fragancia Dupe 0517\" class=\"woocommerce-LoopProduct-link woocommerce-loop-product__link\"><div class=\"shoptimizer-plp-carousel-container\"><div class=\"shoptimizer-plp-image-wrapper\"><img decoding=\"async\" width=\"300\" height=\"300\" src=\"https:\/\/bagdupe.com\/wp-content\/uploads\/2025\/05\/Lancome-Fragrance-Dupe-0517-300x300.jpg\" class=\"attachment-woocommerce_thumbnail size-woocommerce_thumbnail\" alt=\"Yves Saint Laurent Fragancia Dupe 0818\" srcset=\"https:\/\/bagdupe.com\/wp-content\/uploads\/2025\/05\/Lancome-Fragrance-Dupe-0517-300x300.jpg 300w, https:\/\/bagdupe.com\/wp-content\/uploads\/2025\/05\/Lancome-Fragrance-Dupe-0517-150x150.jpg 150w\" sizes=\"(max-width: 360px) 147px, (max-width: 300px) 100vw, 300px\" \/>\t\t\t\n\t<\/div><\/div><\/a><\/div><div class=\"woocommerce-card__header\">\t\t\t\t\t<p class=\"product__categories\"><a href=\"https:\/\/bagdupe.com\/es\/categoria-producto\/lancome\/\" rel=\"tag\">Lancome<\/a>, <a href=\"https:\/\/bagdupe.com\/es\/categoria-producto\/lancome\/lancome-fragrance\/\" rel=\"tag\">Fragancia Lancome<\/a><\/p>\t\t\t\t<div class=\"woocommerce-loop-product__title\"><a tabindex=\"0\" href=\"https:\/\/bagdupe.com\/es\/producto\/lancome-fragrance-dupe-0517\/\" aria-label=\"Lancome Fragancia Dupe 0517\" class=\"woocommerce-LoopProduct-link woocommerce-loop-product__link\">Lancome Fragancia Dupe 0517<\/a><\/div>\n\t<span class=\"price\"><span class=\"woocommerce-Price-amount amount\"><bdi><span class=\"woocommerce-Price-currencySymbol\">&#36;<\/span>21.00<\/bdi><\/span><\/span>\n<\/a><\/div><\/li>\n<\/ul>\n<\/div>\t\t\t\t<\/div>\n\t\t\t\t<\/div>\n\t\t\t\t\t<\/div>\n\t\t\t\t<\/div>\n\t\t\t\t<\/div>","protected":false},"excerpt":{"rendered":"<p>Our company has a dedicated freight forwarder responsible for the transportation of Replica Products.DHL and UPS are commonly used, and based on the flight at that time, which one is arranged quickly or can be specified by the customer.We will temporarily adopt two methodsExpress delivery:\u00a0It usually takes about 5-15 days to reach countries in North [&hellip;]<\/p>","protected":false},"author":1,"featured_media":11690,"parent":0,"menu_order":0,"comment_status":"closed","ping_status":"closed","template":"","meta":{"footnotes":""},"class_list":["post-11853","page","type-page","status-publish","has-post-thumbnail","hentry"],"yoast_head":"<!-- This site is optimized with the Yoast SEO Premium plugin v25.2 (Yoast SEO v25.2) - https:\/\/yoast.com\/wordpress\/plugins\/seo\/ -->\n<title>Shipping Info<\/title>\n<meta name=\"description\" content=\"Our company has a dedicated freight forwarder responsible for the transportation of Replica Products.DHL and UPS are commonly used, and based on the\" \/>\n<meta name=\"robots\" content=\"index, follow, max-snippet:-1, max-image-preview:large, max-video-preview:-1\" \/>\n<link rel=\"canonical\" href=\"https:\/\/bagdupe.com\/es\/shipping-info\/\" \/>\n<meta property=\"og:locale\" content=\"es_ES\" \/>\n<meta property=\"og:type\" content=\"article\" \/>\n<meta property=\"og:title\" content=\"Shipping Info\" \/>\n<meta property=\"og:description\" content=\"Our company has a dedicated freight forwarder responsible for the transportation of Replica Products.DHL and UPS are commonly used, and based on the\" \/>\n<meta property=\"og:url\" content=\"https:\/\/bagdupe.com\/es\/shipping-info\/\" \/>\n<meta property=\"og:site_name\" content=\"Best Designer Bag Dupes | Fragrance Dupe In 2025\" \/>\n<meta property=\"article:modified_time\" content=\"2025-05-29T03:17:01+00:00\" \/>\n<meta property=\"og:image\" content=\"https:\/\/bagdupe.com\/wp-content\/uploads\/2025\/05\/bagdupe.com-home-.webp\" \/>\n\t<meta property=\"og:image:width\" content=\"1400\" \/>\n\t<meta property=\"og:image:height\" content=\"771\" \/>\n\t<meta property=\"og:image:type\" content=\"image\/webp\" \/>\n<meta name=\"twitter:card\" content=\"summary_large_image\" \/>\n<meta name=\"twitter:label1\" content=\"Tiempo de lectura\" \/>\n\t<meta name=\"twitter:data1\" content=\"1 minuto\" \/>\n<script type=\"application\/ld+json\" class=\"yoast-schema-graph\">{\"@context\":\"https:\/\/schema.org\",\"@graph\":[{\"@type\":\"WebPage\",\"@id\":\"https:\/\/bagdupe.com\/shipping-info\/\",\"url\":\"https:\/\/bagdupe.com\/shipping-info\/\",\"name\":\"Shipping Info\",\"isPartOf\":{\"@id\":\"https:\/\/bagdupe.com\/#website\"},\"primaryImageOfPage\":{\"@id\":\"https:\/\/bagdupe.com\/shipping-info\/#primaryimage\"},\"image\":{\"@id\":\"https:\/\/bagdupe.com\/shipping-info\/#primaryimage\"},\"thumbnailUrl\":\"https:\/\/bagdupe.com\/wp-content\/uploads\/2025\/05\/bagdupe.com-home-.webp\",\"datePublished\":\"2025-05-29T03:15:20+00:00\",\"dateModified\":\"2025-05-29T03:17:01+00:00\",\"description\":\"Our company has a dedicated freight forwarder responsible for the transportation of Replica Products.DHL and UPS are commonly used, and based on the\",\"breadcrumb\":{\"@id\":\"https:\/\/bagdupe.com\/shipping-info\/#breadcrumb\"},\"inLanguage\":\"es\",\"potentialAction\":[{\"@type\":\"ReadAction\",\"target\":[\"https:\/\/bagdupe.com\/shipping-info\/\"]}]},{\"@type\":\"ImageObject\",\"inLanguage\":\"es\",\"@id\":\"https:\/\/bagdupe.com\/shipping-info\/#primaryimage\",\"url\":\"https:\/\/bagdupe.com\/wp-content\/uploads\/2025\/05\/bagdupe.com-home-.webp\",\"contentUrl\":\"https:\/\/bagdupe.com\/wp-content\/uploads\/2025\/05\/bagdupe.com-home-.webp\",\"width\":1400,\"height\":771,\"caption\":\"bagdupe.com home\"},{\"@type\":\"BreadcrumbList\",\"@id\":\"https:\/\/bagdupe.com\/shipping-info\/#breadcrumb\",\"itemListElement\":[{\"@type\":\"ListItem\",\"position\":1,\"name\":\"Home\",\"item\":\"https:\/\/bagdupe.com\/\"},{\"@type\":\"ListItem\",\"position\":2,\"name\":\"Shipping Info\"}]},{\"@type\":\"WebSite\",\"@id\":\"https:\/\/bagdupe.com\/#website\",\"url\":\"https:\/\/bagdupe.com\/\",\"name\":\"Best Designer Bag Dupes | Fragrance Dupe In 2025\",\"description\":\"High quality designer Bags \/ Fragrance Shop. Brands: Louis Vuitton, Hermes, Chanel, Gucci, and Coach are frequently mentioned as having.\",\"publisher\":{\"@id\":\"https:\/\/bagdupe.com\/#organization\"},\"alternateName\":\"Best Designer Bag Dupes | Fragrance Dupe In 2025\",\"potentialAction\":[{\"@type\":\"SearchAction\",\"target\":{\"@type\":\"EntryPoint\",\"urlTemplate\":\"https:\/\/bagdupe.com\/?s={search_term_string}\"},\"query-input\":{\"@type\":\"PropertyValueSpecification\",\"valueRequired\":true,\"valueName\":\"search_term_string\"}}],\"inLanguage\":\"es\"},{\"@type\":\"Organization\",\"@id\":\"https:\/\/bagdupe.com\/#organization\",\"name\":\"Best Designer Bag Dupes | Fragrance Dupe In 2025\",\"alternateName\":\"Best Designer Bag Dupes | Fragrance Dupe In 2025\",\"url\":\"https:\/\/bagdupe.com\/\",\"logo\":{\"@type\":\"ImageObject\",\"inLanguage\":\"es\",\"@id\":\"https:\/\/bagdupe.com\/#\/schema\/logo\/image\/\",\"url\":\"https:\/\/bagdupe.com\/wp-content\/uploads\/2025\/05\/bagdupe.com_.webp\",\"contentUrl\":\"https:\/\/bagdupe.com\/wp-content\/uploads\/2025\/05\/bagdupe.com_.webp\",\"width\":800,\"height\":299,\"caption\":\"Best Designer Bag Dupes | Fragrance Dupe In 2025\"},\"image\":{\"@id\":\"https:\/\/bagdupe.com\/#\/schema\/logo\/image\/\"},\"description\":\"High quality designer Bags \/ Fragrance Shop. Brands: Louis Vuitton, Hermes, Chanel, Gucci, and Coach are frequently mentioned as having.\",\"email\":\"fashionrepsbiz@gmail.com\",\"telephone\":\"+1 936 666 6246\",\"legalName\":\"Best Designer Bag Dupes | Fragrance Dupe In 2025\",\"foundingDate\":\"2015-03-27\",\"vatID\":\"afd67baw625hbaf\",\"taxID\":\"5472erdsvert\",\"iso6523Code\":\"2566yt4hdf565g\",\"duns\":\"2654rthedg3gvfx\",\"leiCode\":\"436regtu65hbdfh\",\"naics\":\"63gvsy658ijngfgw\",\"numberOfEmployees\":{\"@type\":\"QuantitativeValue\",\"minValue\":\"51\",\"maxValue\":\"200\"},\"publishingPrinciples\":\"https:\/\/bagdupe.com\/refund_returns\/\",\"ownershipFundingInfo\":\"https:\/\/bagdupe.com\/about-dupe-shop\/\",\"actionableFeedbackPolicy\":\"https:\/\/bagdupe.com\/privacy-policy\/\",\"correctionsPolicy\":\"https:\/\/bagdupe.com\/privacy-policy\/\",\"ethicsPolicy\":\"https:\/\/bagdupe.com\/privacy-policy\/\",\"diversityPolicy\":\"https:\/\/bagdupe.com\/privacy-policy\/\"}]}<\/script>\n<!-- \/ Yoast SEO Premium plugin. -->","yoast_head_json":{"title":"Shipping Info","description":"Our company has a dedicated freight forwarder responsible for the transportation of Replica Products.DHL and UPS are commonly used, and based on the","robots":{"index":"index","follow":"follow","max-snippet":"max-snippet:-1","max-image-preview":"max-image-preview:large","max-video-preview":"max-video-preview:-1"},"canonical":"https:\/\/bagdupe.com\/es\/shipping-info\/","og_locale":"es_ES","og_type":"article","og_title":"Shipping Info","og_description":"Our company has a dedicated freight forwarder responsible for the transportation of Replica Products.DHL and UPS are commonly used, and based on the","og_url":"https:\/\/bagdupe.com\/es\/shipping-info\/","og_site_name":"Best Designer Bag Dupes | Fragrance Dupe In 2025","article_modified_time":"2025-05-29T03:17:01+00:00","og_image":[{"width":1400,"height":771,"url":"https:\/\/bagdupe.com\/wp-content\/uploads\/2025\/05\/bagdupe.com-home-.webp","type":"image\/webp"}],"twitter_card":"summary_large_image","twitter_misc":{"Tiempo de lectura":"1 minuto"},"schema":{"@context":"https:\/\/schema.org","@graph":[{"@type":"WebPage","@id":"https:\/\/bagdupe.com\/shipping-info\/","url":"https:\/\/bagdupe.com\/shipping-info\/","name":"Shipping Info","isPartOf":{"@id":"https:\/\/bagdupe.com\/#website"},"primaryImageOfPage":{"@id":"https:\/\/bagdupe.com\/shipping-info\/#primaryimage"},"image":{"@id":"https:\/\/bagdupe.com\/shipping-info\/#primaryimage"},"thumbnailUrl":"https:\/\/bagdupe.com\/wp-content\/uploads\/2025\/05\/bagdupe.com-home-.webp","datePublished":"2025-05-29T03:15:20+00:00","dateModified":"2025-05-29T03:17:01+00:00","description":"Our company has a dedicated freight forwarder responsible for the transportation of Replica Products.DHL and UPS are commonly used, and based on the","breadcrumb":{"@id":"https:\/\/bagdupe.com\/shipping-info\/#breadcrumb"},"inLanguage":"es","potentialAction":[{"@type":"ReadAction","target":["https:\/\/bagdupe.com\/shipping-info\/"]}]},{"@type":"ImageObject","inLanguage":"es","@id":"https:\/\/bagdupe.com\/shipping-info\/#primaryimage","url":"https:\/\/bagdupe.com\/wp-content\/uploads\/2025\/05\/bagdupe.com-home-.webp","contentUrl":"https:\/\/bagdupe.com\/wp-content\/uploads\/2025\/05\/bagdupe.com-home-.webp","width":1400,"height":771,"caption":"bagdupe.com home"},{"@type":"BreadcrumbList","@id":"https:\/\/bagdupe.com\/shipping-info\/#breadcrumb","itemListElement":[{"@type":"ListItem","position":1,"name":"Home","item":"https:\/\/bagdupe.com\/"},{"@type":"ListItem","position":2,"name":"Shipping Info"}]},{"@type":"WebSite","@id":"https:\/\/bagdupe.com\/#website","url":"https:\/\/bagdupe.com\/","name":"Best Designer Bag Dupes | Fragrance Dupe In 2025","description":"High quality designer Bags \/ Fragrance Shop. Brands: Louis Vuitton, Hermes, Chanel, Gucci, and Coach are frequently mentioned as having.","publisher":{"@id":"https:\/\/bagdupe.com\/#organization"},"alternateName":"Best Designer Bag Dupes | Fragrance Dupe In 2025","potentialAction":[{"@type":"SearchAction","target":{"@type":"EntryPoint","urlTemplate":"https:\/\/bagdupe.com\/?s={search_term_string}"},"query-input":{"@type":"PropertyValueSpecification","valueRequired":true,"valueName":"search_term_string"}}],"inLanguage":"es"},{"@type":"Organization","@id":"https:\/\/bagdupe.com\/#organization","name":"Best Designer Bag Dupes | Fragrance Dupe In 2025","alternateName":"Best Designer Bag Dupes | Fragrance Dupe In 2025","url":"https:\/\/bagdupe.com\/","logo":{"@type":"ImageObject","inLanguage":"es","@id":"https:\/\/bagdupe.com\/#\/schema\/logo\/image\/","url":"https:\/\/bagdupe.com\/wp-content\/uploads\/2025\/05\/bagdupe.com_.webp","contentUrl":"https:\/\/bagdupe.com\/wp-content\/uploads\/2025\/05\/bagdupe.com_.webp","width":800,"height":299,"caption":"Best Designer Bag Dupes | Fragrance Dupe In 2025"},"image":{"@id":"https:\/\/bagdupe.com\/#\/schema\/logo\/image\/"},"description":"High quality designer Bags \/ Fragrance Shop. Brands: Louis Vuitton, Hermes, Chanel, Gucci, and Coach are frequently mentioned as having.","email":"fashionrepsbiz@gmail.com","telephone":"+1 936 666 6246","legalName":"Best Designer Bag Dupes | Fragrance Dupe In 2025","foundingDate":"2015-03-27","vatID":"afd67baw625hbaf","taxID":"5472erdsvert","iso6523Code":"2566yt4hdf565g","duns":"2654rthedg3gvfx","leiCode":"436regtu65hbdfh","naics":"63gvsy658ijngfgw","numberOfEmployees":{"@type":"QuantitativeValue","minValue":"51","maxValue":"200"},"publishingPrinciples":"https:\/\/bagdupe.com\/refund_returns\/","ownershipFundingInfo":"https:\/\/bagdupe.com\/about-dupe-shop\/","actionableFeedbackPolicy":"https:\/\/bagdupe.com\/privacy-policy\/","correctionsPolicy":"https:\/\/bagdupe.com\/privacy-policy\/","ethicsPolicy":"https:\/\/bagdupe.com\/privacy-policy\/","diversityPolicy":"https:\/\/bagdupe.com\/privacy-policy\/"}]}},"_links":{"self":[{"href":"https:\/\/bagdupe.com\/es\/wp-json\/wp\/v2\/pages\/11853","targetHints":{"allow":["GET"]}}],"collection":[{"href":"https:\/\/bagdupe.com\/es\/wp-json\/wp\/v2\/pages"}],"about":[{"href":"https:\/\/bagdupe.com\/es\/wp-json\/wp\/v2\/types\/page"}],"author":[{"embeddable":true,"href":"https:\/\/bagdupe.com\/es\/wp-json\/wp\/v2\/users\/1"}],"replies":[{"embeddable":true,"href":"https:\/\/bagdupe.com\/es\/wp-json\/wp\/v2\/comments?post=11853"}],"version-history":[{"count":4,"href":"https:\/\/bagdupe.com\/es\/wp-json\/wp\/v2\/pages\/11853\/revisions"}],"predecessor-version":[{"id":11857,"href":"https:\/\/bagdupe.com\/es\/wp-json\/wp\/v2\/pages\/11853\/revisions\/11857"}],"wp:featuredmedia":[{"embeddable":true,"href":"https:\/\/bagdupe.com\/es\/wp-json\/wp\/v2\/media\/11690"}],"wp:attachment":[{"href":"https:\/\/bagdupe.com\/es\/wp-json\/wp\/v2\/media?parent=11853"}],"curies":[{"name":"wp","href":"https:\/\/api.w.org\/{rel}","templated":true}]}}