{"id":5416,"date":"2025-05-27T14:38:19","date_gmt":"2025-05-27T14:38:19","guid":{"rendered":"https:\/\/bagdupe.com\/product\/miu-miu-bag-dupe-1428\/"},"modified":"2025-05-27T14:38:42","modified_gmt":"2025-05-27T14:38:42","slug":"miu-miu-bag-dupe-1428","status":"publish","type":"product","link":"https:\/\/bagdupe.com\/es\/producto\/miu-miu-bag-dupe-1428\/","title":{"rendered":"Miu Miu Bolso Dupe 1428"},"content":{"rendered":"<p>Gran<br \/>\nmiumiu Miu Miu bolso bowling<br \/>\nLo consegu\u00ed de repente despu\u00e9s de un tiempo. Es realmente f\u00e1cil de combinar con la ropa<br \/>\nTiene un aire retro y juguet\u00f3n lo lleves como lo lleves<br \/>\nY-4 talla 28<\/p>\n<p>Miu Miu Bolso Dupe 1428<\/p>","protected":false},"excerpt":{"rendered":"<p>Gran<br \/>\nmiumiu Miu Miu bolso bowling<br \/>\nLo consegu\u00ed de repente despu\u00e9s de un tiempo. Es realmente f\u00e1cil de combinar con la ropa<br \/>\nTiene un aire retro y juguet\u00f3n lo lleves como lo lleves<br \/>\nY-4 talla 28<\/p>","protected":false},"featured_media":5417,"template":"","meta":[],"product_brand":[],"product_cat":[84,85],"product_tag":[86,87],"class_list":{"0":"post-5416","1":"product","2":"type-product","3":"status-publish","4":"has-post-thumbnail","6":"product_cat-miu-miu","7":"product_cat-miu-miu-bag","8":"product_tag-miu-miu","9":"product_tag-miu-miu-bag","11":"first","12":"instock","13":"purchasable","14":"product-type-simple"},"yoast_head":"<!-- This site is optimized with the Yoast SEO Premium plugin v25.2 (Yoast SEO v25.2) - https:\/\/yoast.com\/wordpress\/plugins\/seo\/ -->\n<title>Miu Miu Bag Dupe 1428 1:1 Replica<\/title>\n<meta name=\"description\" content=\"Big miumiu Miu Miu bowling bag I suddenly got it after a while. It is really easy to match with clothes It has a retro and playful feel no matter how you carry it Y-4 size 28 1:1 Replica\" \/>\n<meta name=\"robots\" content=\"index, follow, max-snippet:-1, max-image-preview:large, max-video-preview:-1\" \/>\n<link rel=\"canonical\" href=\"https:\/\/bagdupe.com\/es\/product\/miu-miu-bag-dupe-1428\/\" \/>\n<meta property=\"og:locale\" content=\"es_ES\" \/>\n<meta property=\"og:type\" content=\"article\" \/>\n<meta property=\"og:title\" content=\"Miu Miu Bag Dupe 1428\" \/>\n<meta property=\"og:description\" content=\"Big miumiu Miu Miu bowling bag I suddenly got it after a while. It is really easy to match with clothes It has a retro and playful feel no matter how you carry it Y-4 size 28 1:1 Replica\" \/>\n<meta property=\"og:url\" content=\"https:\/\/bagdupe.com\/es\/product\/miu-miu-bag-dupe-1428\/\" \/>\n<meta property=\"og:site_name\" content=\"Best Designer Bag Dupes | Fragrance Dupe In 2025\" \/>\n<meta property=\"article:modified_time\" content=\"2025-05-27T14:38:42+00:00\" \/>\n<meta property=\"og:image\" content=\"https:\/\/bagdupe.com\/wp-content\/uploads\/2025\/05\/Miu-Miu-Bag-Dupe-1428.jpg\" \/>\n\t<meta property=\"og:image:width\" content=\"1440\" \/>\n\t<meta property=\"og:image:height\" content=\"1920\" \/>\n\t<meta property=\"og:image:type\" content=\"image\/jpeg\" \/>\n<meta name=\"twitter:card\" content=\"summary_large_image\" \/>\n<script type=\"application\/ld+json\" class=\"yoast-schema-graph\">{\"@context\":\"https:\/\/schema.org\",\"@graph\":[{\"@type\":\"WebPage\",\"@id\":\"https:\/\/bagdupe.com\/nb\/product\/miu-miu-bag-dupe-1428\/\",\"url\":\"https:\/\/bagdupe.com\/nb\/product\/miu-miu-bag-dupe-1428\/\",\"name\":\"Miu Miu Bag Dupe 1428 1:1 Replica\",\"isPartOf\":{\"@id\":\"https:\/\/bagdupe.com\/#website\"},\"primaryImageOfPage\":{\"@id\":\"https:\/\/bagdupe.com\/nb\/product\/miu-miu-bag-dupe-1428\/#primaryimage\"},\"image\":{\"@id\":\"https:\/\/bagdupe.com\/nb\/product\/miu-miu-bag-dupe-1428\/#primaryimage\"},\"thumbnailUrl\":\"https:\/\/bagdupe.com\/wp-content\/uploads\/2025\/05\/Miu-Miu-Bag-Dupe-1428.jpg\",\"datePublished\":\"2025-05-27T14:38:19+00:00\",\"dateModified\":\"2025-05-27T14:38:42+00:00\",\"description\":\"Big miumiu Miu Miu bowling bag I suddenly got it after a while. It is really easy to match with clothes It has a retro and playful feel no matter how you carry it Y-4 size 28 1:1 Replica\",\"breadcrumb\":{\"@id\":\"https:\/\/bagdupe.com\/nb\/product\/miu-miu-bag-dupe-1428\/#breadcrumb\"},\"inLanguage\":\"es\",\"potentialAction\":[{\"@type\":\"ReadAction\",\"target\":[\"https:\/\/bagdupe.com\/nb\/product\/miu-miu-bag-dupe-1428\/\"]}]},{\"@type\":\"ImageObject\",\"inLanguage\":\"es\",\"@id\":\"https:\/\/bagdupe.com\/nb\/product\/miu-miu-bag-dupe-1428\/#primaryimage\",\"url\":\"https:\/\/bagdupe.com\/wp-content\/uploads\/2025\/05\/Miu-Miu-Bag-Dupe-1428.jpg\",\"contentUrl\":\"https:\/\/bagdupe.com\/wp-content\/uploads\/2025\/05\/Miu-Miu-Bag-Dupe-1428.jpg\",\"width\":1440,\"height\":1920,\"caption\":\"Miu Miu Bag Dupe 1428\"},{\"@type\":\"BreadcrumbList\",\"@id\":\"https:\/\/bagdupe.com\/nb\/product\/miu-miu-bag-dupe-1428\/#breadcrumb\",\"itemListElement\":[{\"@type\":\"ListItem\",\"position\":1,\"name\":\"Home\",\"item\":\"https:\/\/bagdupe.com\/\"},{\"@type\":\"ListItem\",\"position\":2,\"name\":\"Shop\",\"item\":\"https:\/\/bagdupe.com\/shop\/\"},{\"@type\":\"ListItem\",\"position\":3,\"name\":\"Miu Miu Bag Dupe 1428\"}]},{\"@type\":\"WebSite\",\"@id\":\"https:\/\/bagdupe.com\/#website\",\"url\":\"https:\/\/bagdupe.com\/\",\"name\":\"Best Designer Bag Dupes | Fragrance Dupe In 2025\",\"description\":\"High quality designer Bags \/ Fragrance Shop. Brands: Louis Vuitton, Hermes, Chanel, Gucci, and Coach are frequently mentioned as having.\",\"publisher\":{\"@id\":\"https:\/\/bagdupe.com\/#organization\"},\"alternateName\":\"Best Designer Bag Dupes | Fragrance Dupe In 2025\",\"potentialAction\":[{\"@type\":\"SearchAction\",\"target\":{\"@type\":\"EntryPoint\",\"urlTemplate\":\"https:\/\/bagdupe.com\/?s={search_term_string}\"},\"query-input\":{\"@type\":\"PropertyValueSpecification\",\"valueRequired\":true,\"valueName\":\"search_term_string\"}}],\"inLanguage\":\"es\"},{\"@type\":\"Organization\",\"@id\":\"https:\/\/bagdupe.com\/#organization\",\"name\":\"Best Designer Bag Dupes | Fragrance Dupe In 2025\",\"alternateName\":\"Best Designer Bag Dupes | Fragrance Dupe In 2025\",\"url\":\"https:\/\/bagdupe.com\/\",\"logo\":{\"@type\":\"ImageObject\",\"inLanguage\":\"es\",\"@id\":\"https:\/\/bagdupe.com\/#\/schema\/logo\/image\/\",\"url\":\"https:\/\/bagdupe.com\/wp-content\/uploads\/2025\/05\/bagdupe.com_.webp\",\"contentUrl\":\"https:\/\/bagdupe.com\/wp-content\/uploads\/2025\/05\/bagdupe.com_.webp\",\"width\":800,\"height\":299,\"caption\":\"Best Designer Bag Dupes | Fragrance Dupe In 2025\"},\"image\":{\"@id\":\"https:\/\/bagdupe.com\/#\/schema\/logo\/image\/\"},\"description\":\"High quality designer Bags \/ Fragrance Shop. Brands: Louis Vuitton, Hermes, Chanel, Gucci, and Coach are frequently mentioned as having.\",\"email\":\"fashionrepsbiz@gmail.com\",\"telephone\":\"+1 936 666 6246\",\"legalName\":\"Best Designer Bag Dupes | Fragrance Dupe In 2025\",\"foundingDate\":\"2015-03-27\",\"vatID\":\"afd67baw625hbaf\",\"taxID\":\"5472erdsvert\",\"iso6523Code\":\"2566yt4hdf565g\",\"duns\":\"2654rthedg3gvfx\",\"leiCode\":\"436regtu65hbdfh\",\"naics\":\"63gvsy658ijngfgw\",\"numberOfEmployees\":{\"@type\":\"QuantitativeValue\",\"minValue\":\"51\",\"maxValue\":\"200\"},\"publishingPrinciples\":\"https:\/\/bagdupe.com\/refund_returns\/\",\"ownershipFundingInfo\":\"https:\/\/bagdupe.com\/about-dupe-shop\/\",\"actionableFeedbackPolicy\":\"https:\/\/bagdupe.com\/privacy-policy\/\",\"correctionsPolicy\":\"https:\/\/bagdupe.com\/privacy-policy\/\",\"ethicsPolicy\":\"https:\/\/bagdupe.com\/privacy-policy\/\",\"diversityPolicy\":\"https:\/\/bagdupe.com\/privacy-policy\/\"}]}<\/script>\n<!-- \/ Yoast SEO Premium plugin. -->","yoast_head_json":{"title":"Miu Miu Bag Dupe 1428 1:1 Replica","description":"Big miumiu Miu Miu bowling bag I suddenly got it after a while. It is really easy to match with clothes It has a retro and playful feel no matter how you carry it Y-4 size 28 1:1 Replica","robots":{"index":"index","follow":"follow","max-snippet":"max-snippet:-1","max-image-preview":"max-image-preview:large","max-video-preview":"max-video-preview:-1"},"canonical":"https:\/\/bagdupe.com\/es\/product\/miu-miu-bag-dupe-1428\/","og_locale":"es_ES","og_type":"article","og_title":"Miu Miu Bag Dupe 1428","og_description":"Big miumiu Miu Miu bowling bag I suddenly got it after a while. It is really easy to match with clothes It has a retro and playful feel no matter how you carry it Y-4 size 28 1:1 Replica","og_url":"https:\/\/bagdupe.com\/es\/product\/miu-miu-bag-dupe-1428\/","og_site_name":"Best Designer Bag Dupes | Fragrance Dupe In 2025","article_modified_time":"2025-05-27T14:38:42+00:00","og_image":[{"width":1440,"height":1920,"url":"https:\/\/bagdupe.com\/wp-content\/uploads\/2025\/05\/Miu-Miu-Bag-Dupe-1428.jpg","type":"image\/jpeg"}],"twitter_card":"summary_large_image","schema":{"@context":"https:\/\/schema.org","@graph":[{"@type":"WebPage","@id":"https:\/\/bagdupe.com\/nb\/product\/miu-miu-bag-dupe-1428\/","url":"https:\/\/bagdupe.com\/nb\/product\/miu-miu-bag-dupe-1428\/","name":"Miu Miu Bag Dupe 1428 1:1 Replica","isPartOf":{"@id":"https:\/\/bagdupe.com\/#website"},"primaryImageOfPage":{"@id":"https:\/\/bagdupe.com\/nb\/product\/miu-miu-bag-dupe-1428\/#primaryimage"},"image":{"@id":"https:\/\/bagdupe.com\/nb\/product\/miu-miu-bag-dupe-1428\/#primaryimage"},"thumbnailUrl":"https:\/\/bagdupe.com\/wp-content\/uploads\/2025\/05\/Miu-Miu-Bag-Dupe-1428.jpg","datePublished":"2025-05-27T14:38:19+00:00","dateModified":"2025-05-27T14:38:42+00:00","description":"Big miumiu Miu Miu bowling bag I suddenly got it after a while. It is really easy to match with clothes It has a retro and playful feel no matter how you carry it Y-4 size 28 1:1 Replica","breadcrumb":{"@id":"https:\/\/bagdupe.com\/nb\/product\/miu-miu-bag-dupe-1428\/#breadcrumb"},"inLanguage":"es","potentialAction":[{"@type":"ReadAction","target":["https:\/\/bagdupe.com\/nb\/product\/miu-miu-bag-dupe-1428\/"]}]},{"@type":"ImageObject","inLanguage":"es","@id":"https:\/\/bagdupe.com\/nb\/product\/miu-miu-bag-dupe-1428\/#primaryimage","url":"https:\/\/bagdupe.com\/wp-content\/uploads\/2025\/05\/Miu-Miu-Bag-Dupe-1428.jpg","contentUrl":"https:\/\/bagdupe.com\/wp-content\/uploads\/2025\/05\/Miu-Miu-Bag-Dupe-1428.jpg","width":1440,"height":1920,"caption":"Miu Miu Bag Dupe 1428"},{"@type":"BreadcrumbList","@id":"https:\/\/bagdupe.com\/nb\/product\/miu-miu-bag-dupe-1428\/#breadcrumb","itemListElement":[{"@type":"ListItem","position":1,"name":"Home","item":"https:\/\/bagdupe.com\/"},{"@type":"ListItem","position":2,"name":"Shop","item":"https:\/\/bagdupe.com\/shop\/"},{"@type":"ListItem","position":3,"name":"Miu Miu Bag Dupe 1428"}]},{"@type":"WebSite","@id":"https:\/\/bagdupe.com\/#website","url":"https:\/\/bagdupe.com\/","name":"Best Designer Bag Dupes | Fragrance Dupe In 2025","description":"High quality designer Bags \/ Fragrance Shop. Brands: Louis Vuitton, Hermes, Chanel, Gucci, and Coach are frequently mentioned as having.","publisher":{"@id":"https:\/\/bagdupe.com\/#organization"},"alternateName":"Best Designer Bag Dupes | Fragrance Dupe In 2025","potentialAction":[{"@type":"SearchAction","target":{"@type":"EntryPoint","urlTemplate":"https:\/\/bagdupe.com\/?s={search_term_string}"},"query-input":{"@type":"PropertyValueSpecification","valueRequired":true,"valueName":"search_term_string"}}],"inLanguage":"es"},{"@type":"Organization","@id":"https:\/\/bagdupe.com\/#organization","name":"Best Designer Bag Dupes | Fragrance Dupe In 2025","alternateName":"Best Designer Bag Dupes | Fragrance Dupe In 2025","url":"https:\/\/bagdupe.com\/","logo":{"@type":"ImageObject","inLanguage":"es","@id":"https:\/\/bagdupe.com\/#\/schema\/logo\/image\/","url":"https:\/\/bagdupe.com\/wp-content\/uploads\/2025\/05\/bagdupe.com_.webp","contentUrl":"https:\/\/bagdupe.com\/wp-content\/uploads\/2025\/05\/bagdupe.com_.webp","width":800,"height":299,"caption":"Best Designer Bag Dupes | Fragrance Dupe In 2025"},"image":{"@id":"https:\/\/bagdupe.com\/#\/schema\/logo\/image\/"},"description":"High quality designer Bags \/ Fragrance Shop. Brands: Louis Vuitton, Hermes, Chanel, Gucci, and Coach are frequently mentioned as having.","email":"fashionrepsbiz@gmail.com","telephone":"+1 936 666 6246","legalName":"Best Designer Bag Dupes | Fragrance Dupe In 2025","foundingDate":"2015-03-27","vatID":"afd67baw625hbaf","taxID":"5472erdsvert","iso6523Code":"2566yt4hdf565g","duns":"2654rthedg3gvfx","leiCode":"436regtu65hbdfh","naics":"63gvsy658ijngfgw","numberOfEmployees":{"@type":"QuantitativeValue","minValue":"51","maxValue":"200"},"publishingPrinciples":"https:\/\/bagdupe.com\/refund_returns\/","ownershipFundingInfo":"https:\/\/bagdupe.com\/about-dupe-shop\/","actionableFeedbackPolicy":"https:\/\/bagdupe.com\/privacy-policy\/","correctionsPolicy":"https:\/\/bagdupe.com\/privacy-policy\/","ethicsPolicy":"https:\/\/bagdupe.com\/privacy-policy\/","diversityPolicy":"https:\/\/bagdupe.com\/privacy-policy\/"}]}},"_links":{"self":[{"href":"https:\/\/bagdupe.com\/es\/wp-json\/wp\/v2\/product\/5416","targetHints":{"allow":["GET"]}}],"collection":[{"href":"https:\/\/bagdupe.com\/es\/wp-json\/wp\/v2\/product"}],"about":[{"href":"https:\/\/bagdupe.com\/es\/wp-json\/wp\/v2\/types\/product"}],"wp:featuredmedia":[{"embeddable":true,"href":"https:\/\/bagdupe.com\/es\/wp-json\/wp\/v2\/media\/5417"}],"wp:attachment":[{"href":"https:\/\/bagdupe.com\/es\/wp-json\/wp\/v2\/media?parent=5416"}],"wp:term":[{"taxonomy":"product_brand","embeddable":true,"href":"https:\/\/bagdupe.com\/es\/wp-json\/wp\/v2\/product_brand?post=5416"},{"taxonomy":"product_cat","embeddable":true,"href":"https:\/\/bagdupe.com\/es\/wp-json\/wp\/v2\/product_cat?post=5416"},{"taxonomy":"product_tag","embeddable":true,"href":"https:\/\/bagdupe.com\/es\/wp-json\/wp\/v2\/product_tag?post=5416"}],"curies":[{"name":"wp","href":"https:\/\/api.w.org\/{rel}","templated":true}]}}