{"id":8356,"date":"2025-05-27T15:43:16","date_gmt":"2025-05-27T15:43:16","guid":{"rendered":"https:\/\/bagdupe.com\/product\/dior-bag-dupe-824\/"},"modified":"2025-05-27T15:43:42","modified_gmt":"2025-05-27T15:43:42","slug":"dior-bag-dupe-824","status":"publish","type":"product","link":"https:\/\/bagdupe.com\/es\/producto\/dior-bag-dupe-824\/","title":{"rendered":"Dior Bolso Dupe 824"},"content":{"rendered":"<p>Con cuero<br \/>\nLa nueva mochila Dior se adapta tanto a los hombres como a las mujeres, con una nueva versi\u00f3n de tejido el\u00e1stico y una boca<\/p>\n<p>Tejido s\u00faper ancho, sin sensaci\u00f3n de gravedad en la espalda, boca c\u00f3moda. La nueva versi\u00f3n es diferente de los tejidos anteriores, sin protuberancias 3D.<\/p>\n<p>El tama\u00f1o tambi\u00e9n es moderado, Oblique # New backack<\/p>\n<p>El estilo neutro es relativamente sencillo en el proceso de producci\u00f3n<\/p>\n<p>Se mantiene el antiguo dise\u00f1o del logotipo de la flor, que resulta muy retro y atmosf\u00e9rico.<\/p>\n<p>Ni\u00f1os y ni\u00f1as pueden controlarlo f\u00e1cilmente<\/p>\n<p>Es muy rentable. Cada vez a m\u00e1s gente le gustan los art\u00edculos de lujo de tela<\/p>\n<p>Ligero y respetuoso con el medio ambiente, y tambi\u00e9n tiene un dise\u00f1o de moda de lujo<\/p>\n<p>Ir al colegio, desplazarse, viajar y subir al avi\u00f3n<\/p>\n<p>Libera tus manos a la vez que vas a la moda y con estilo<\/p>\n<p>Tama\u00f1o: 26<\/p>\n<p>Dior Bolso Dupe 824<\/p>","protected":false},"excerpt":{"rendered":"<p>Con cuero<br \/>\nLa nueva mochila Dior se adapta tanto a los hombres como a las mujeres, con una nueva versi\u00f3n de tejido el\u00e1stico y una boca<\/p>\n<p>Tejido s\u00faper ancho, sin sensaci\u00f3n de gravedad en la espalda, boca c\u00f3moda. La nueva versi\u00f3n es diferente de los tejidos anteriores, sin protuberancias 3D.<\/p>\n<p>El tama\u00f1o tambi\u00e9n es moderado, Oblique # New backack<\/p>\n<p>El estilo neutro es relativamente sencillo en el proceso de producci\u00f3n<\/p>\n<p>Se mantiene el antiguo dise\u00f1o del logotipo de la flor, que resulta muy retro y atmosf\u00e9rico.<\/p>\n<p>Ni\u00f1os y ni\u00f1as pueden controlarlo f\u00e1cilmente<\/p>\n<p>Es muy rentable. Cada vez a m\u00e1s gente le gustan los art\u00edculos de lujo de tela<\/p>\n<p>Ligero y respetuoso con el medio ambiente, y tambi\u00e9n tiene un dise\u00f1o de moda de lujo<\/p>\n<p>Ir al colegio, desplazarse, viajar y subir al avi\u00f3n<\/p>\n<p>Libera tus manos a la vez que vas a la moda y con estilo<\/p>\n<p>Tama\u00f1o: 26<\/p>","protected":false},"featured_media":8357,"template":"","meta":[],"product_brand":[],"product_cat":[36,37],"product_tag":[38,39],"class_list":{"0":"post-8356","1":"product","2":"type-product","3":"status-publish","4":"has-post-thumbnail","6":"product_cat-dior","7":"product_cat-dior-bag","8":"product_tag-dior","9":"product_tag-dior-bag","11":"first","12":"instock","13":"purchasable","14":"product-type-simple"},"yoast_head":"<!-- This site is optimized with the Yoast SEO Premium plugin v25.2 (Yoast SEO v25.2) - https:\/\/yoast.com\/wordpress\/plugins\/seo\/ -->\n<title>Dior Bag Dupe 824 1:1 Replica<\/title>\n<meta name=\"description\" content=\"With leather The new Dior backpack is suitable for both men and women, with a new version of elastic fabric and a mouth Super wide webbing, no sense of gravity on the back, comfortable mouth. The new version is different from the previous fabrics, without 3D bumps The size is also moderate, Oblique # New backack The neutral style is relatively simple in production process The old flower logo design is continued, which is very retro and atmospheric Boys and girls can easily control it It is very cost-effective. More and more people like fabric luxury goods Lightweight and environmentally friendly, and also has a luxury fashion design Go to school, commute, travel and board the plane Free your hands while being fashionable and stylish Size: 26 1:1 Replica\" \/>\n<meta name=\"robots\" content=\"index, follow, max-snippet:-1, max-image-preview:large, max-video-preview:-1\" \/>\n<link rel=\"canonical\" href=\"https:\/\/bagdupe.com\/es\/producto\/dior-bag-dupe-824\/\" \/>\n<meta property=\"og:locale\" content=\"es_ES\" \/>\n<meta property=\"og:type\" content=\"article\" \/>\n<meta property=\"og:title\" content=\"Dior Bag Dupe 824\" \/>\n<meta property=\"og:description\" content=\"With leather The new Dior backpack is suitable for both men and women, with a new version of elastic fabric and a mouth Super wide webbing, no sense of gravity on the back, comfortable mouth. The new version is different from the previous fabrics, without 3D bumps The size is also moderate, Oblique # New backack The neutral style is relatively simple in production process The old flower logo design is continued, which is very retro and atmospheric Boys and girls can easily control it It is very cost-effective. More and more people like fabric luxury goods Lightweight and environmentally friendly, and also has a luxury fashion design Go to school, commute, travel and board the plane Free your hands while being fashionable and stylish Size: 26 1:1 Replica\" \/>\n<meta property=\"og:url\" content=\"https:\/\/bagdupe.com\/es\/producto\/dior-bag-dupe-824\/\" \/>\n<meta property=\"og:site_name\" content=\"Best Designer Bag Dupes | Fragrance Dupe In 2025\" \/>\n<meta property=\"article:modified_time\" content=\"2025-05-27T15:43:42+00:00\" \/>\n<meta property=\"og:image\" content=\"https:\/\/bagdupe.com\/wp-content\/uploads\/2025\/05\/Dior-Bag-Dupe-824.jpg\" \/>\n\t<meta property=\"og:image:width\" content=\"1440\" \/>\n\t<meta property=\"og:image:height\" content=\"1917\" \/>\n\t<meta property=\"og:image:type\" content=\"image\/jpeg\" \/>\n<meta name=\"twitter:card\" content=\"summary_large_image\" \/>\n<meta name=\"twitter:label1\" content=\"Tiempo de lectura\" \/>\n\t<meta name=\"twitter:data1\" content=\"1 minuto\" \/>\n<script type=\"application\/ld+json\" class=\"yoast-schema-graph\">{\"@context\":\"https:\/\/schema.org\",\"@graph\":[{\"@type\":\"WebPage\",\"@id\":\"https:\/\/bagdupe.com\/product\/dior-bag-dupe-824\/\",\"url\":\"https:\/\/bagdupe.com\/product\/dior-bag-dupe-824\/\",\"name\":\"Dior Bag Dupe 824 1:1 Replica\",\"isPartOf\":{\"@id\":\"https:\/\/bagdupe.com\/#website\"},\"primaryImageOfPage\":{\"@id\":\"https:\/\/bagdupe.com\/product\/dior-bag-dupe-824\/#primaryimage\"},\"image\":{\"@id\":\"https:\/\/bagdupe.com\/product\/dior-bag-dupe-824\/#primaryimage\"},\"thumbnailUrl\":\"https:\/\/bagdupe.com\/wp-content\/uploads\/2025\/05\/Dior-Bag-Dupe-824.jpg\",\"datePublished\":\"2025-05-27T15:43:16+00:00\",\"dateModified\":\"2025-05-27T15:43:42+00:00\",\"description\":\"With leather The new Dior backpack is suitable for both men and women, with a new version of elastic fabric and a mouth Super wide webbing, no sense of gravity on the back, comfortable mouth. The new version is different from the previous fabrics, without 3D bumps The size is also moderate, Oblique # New backack The neutral style is relatively simple in production process The old flower logo design is continued, which is very retro and atmospheric Boys and girls can easily control it It is very cost-effective. More and more people like fabric luxury goods Lightweight and environmentally friendly, and also has a luxury fashion design Go to school, commute, travel and board the plane Free your hands while being fashionable and stylish Size: 26 1:1 Replica\",\"breadcrumb\":{\"@id\":\"https:\/\/bagdupe.com\/product\/dior-bag-dupe-824\/#breadcrumb\"},\"inLanguage\":\"es\",\"potentialAction\":[{\"@type\":\"ReadAction\",\"target\":[\"https:\/\/bagdupe.com\/product\/dior-bag-dupe-824\/\"]}]},{\"@type\":\"ImageObject\",\"inLanguage\":\"es\",\"@id\":\"https:\/\/bagdupe.com\/product\/dior-bag-dupe-824\/#primaryimage\",\"url\":\"https:\/\/bagdupe.com\/wp-content\/uploads\/2025\/05\/Dior-Bag-Dupe-824.jpg\",\"contentUrl\":\"https:\/\/bagdupe.com\/wp-content\/uploads\/2025\/05\/Dior-Bag-Dupe-824.jpg\",\"width\":1440,\"height\":1917,\"caption\":\"Dior Bag Dupe 824\"},{\"@type\":\"BreadcrumbList\",\"@id\":\"https:\/\/bagdupe.com\/product\/dior-bag-dupe-824\/#breadcrumb\",\"itemListElement\":[{\"@type\":\"ListItem\",\"position\":1,\"name\":\"Home\",\"item\":\"https:\/\/bagdupe.com\/\"},{\"@type\":\"ListItem\",\"position\":2,\"name\":\"Shop\",\"item\":\"https:\/\/bagdupe.com\/shop\/\"},{\"@type\":\"ListItem\",\"position\":3,\"name\":\"Dior Bag Dupe 824\"}]},{\"@type\":\"WebSite\",\"@id\":\"https:\/\/bagdupe.com\/#website\",\"url\":\"https:\/\/bagdupe.com\/\",\"name\":\"Best Designer Bag Dupes | Fragrance Dupe In 2025\",\"description\":\"High quality designer Bags \/ Fragrance Shop. Brands: Louis Vuitton, Hermes, Chanel, Gucci, and Coach are frequently mentioned as having.\",\"publisher\":{\"@id\":\"https:\/\/bagdupe.com\/#organization\"},\"alternateName\":\"Best Designer Bag Dupes | Fragrance Dupe In 2025\",\"potentialAction\":[{\"@type\":\"SearchAction\",\"target\":{\"@type\":\"EntryPoint\",\"urlTemplate\":\"https:\/\/bagdupe.com\/?s={search_term_string}\"},\"query-input\":{\"@type\":\"PropertyValueSpecification\",\"valueRequired\":true,\"valueName\":\"search_term_string\"}}],\"inLanguage\":\"es\"},{\"@type\":\"Organization\",\"@id\":\"https:\/\/bagdupe.com\/#organization\",\"name\":\"Best Designer Bag Dupes | Fragrance Dupe In 2025\",\"alternateName\":\"Best Designer Bag Dupes | Fragrance Dupe In 2025\",\"url\":\"https:\/\/bagdupe.com\/\",\"logo\":{\"@type\":\"ImageObject\",\"inLanguage\":\"es\",\"@id\":\"https:\/\/bagdupe.com\/#\/schema\/logo\/image\/\",\"url\":\"https:\/\/bagdupe.com\/wp-content\/uploads\/2025\/05\/bagdupe.com_.webp\",\"contentUrl\":\"https:\/\/bagdupe.com\/wp-content\/uploads\/2025\/05\/bagdupe.com_.webp\",\"width\":800,\"height\":299,\"caption\":\"Best Designer Bag Dupes | Fragrance Dupe In 2025\"},\"image\":{\"@id\":\"https:\/\/bagdupe.com\/#\/schema\/logo\/image\/\"},\"description\":\"High quality designer Bags \/ Fragrance Shop. Brands: Louis Vuitton, Hermes, Chanel, Gucci, and Coach are frequently mentioned as having.\",\"email\":\"fashionrepsbiz@gmail.com\",\"telephone\":\"+1 936 666 6246\",\"legalName\":\"Best Designer Bag Dupes | Fragrance Dupe In 2025\",\"foundingDate\":\"2015-03-27\",\"vatID\":\"afd67baw625hbaf\",\"taxID\":\"5472erdsvert\",\"iso6523Code\":\"2566yt4hdf565g\",\"duns\":\"2654rthedg3gvfx\",\"leiCode\":\"436regtu65hbdfh\",\"naics\":\"63gvsy658ijngfgw\",\"numberOfEmployees\":{\"@type\":\"QuantitativeValue\",\"minValue\":\"51\",\"maxValue\":\"200\"},\"publishingPrinciples\":\"https:\/\/bagdupe.com\/refund_returns\/\",\"ownershipFundingInfo\":\"https:\/\/bagdupe.com\/about-dupe-shop\/\",\"actionableFeedbackPolicy\":\"https:\/\/bagdupe.com\/privacy-policy\/\",\"correctionsPolicy\":\"https:\/\/bagdupe.com\/privacy-policy\/\",\"ethicsPolicy\":\"https:\/\/bagdupe.com\/privacy-policy\/\",\"diversityPolicy\":\"https:\/\/bagdupe.com\/privacy-policy\/\"}]}<\/script>\n<!-- \/ Yoast SEO Premium plugin. -->","yoast_head_json":{"title":"Dior Bag Dupe 824 1:1 Replica","description":"With leather The new Dior backpack is suitable for both men and women, with a new version of elastic fabric and a mouth Super wide webbing, no sense of gravity on the back, comfortable mouth. The new version is different from the previous fabrics, without 3D bumps The size is also moderate, Oblique # New backack The neutral style is relatively simple in production process The old flower logo design is continued, which is very retro and atmospheric Boys and girls can easily control it It is very cost-effective. More and more people like fabric luxury goods Lightweight and environmentally friendly, and also has a luxury fashion design Go to school, commute, travel and board the plane Free your hands while being fashionable and stylish Size: 26 1:1 Replica","robots":{"index":"index","follow":"follow","max-snippet":"max-snippet:-1","max-image-preview":"max-image-preview:large","max-video-preview":"max-video-preview:-1"},"canonical":"https:\/\/bagdupe.com\/es\/producto\/dior-bag-dupe-824\/","og_locale":"es_ES","og_type":"article","og_title":"Dior Bag Dupe 824","og_description":"With leather The new Dior backpack is suitable for both men and women, with a new version of elastic fabric and a mouth Super wide webbing, no sense of gravity on the back, comfortable mouth. The new version is different from the previous fabrics, without 3D bumps The size is also moderate, Oblique # New backack The neutral style is relatively simple in production process The old flower logo design is continued, which is very retro and atmospheric Boys and girls can easily control it It is very cost-effective. More and more people like fabric luxury goods Lightweight and environmentally friendly, and also has a luxury fashion design Go to school, commute, travel and board the plane Free your hands while being fashionable and stylish Size: 26 1:1 Replica","og_url":"https:\/\/bagdupe.com\/es\/producto\/dior-bag-dupe-824\/","og_site_name":"Best Designer Bag Dupes | Fragrance Dupe In 2025","article_modified_time":"2025-05-27T15:43:42+00:00","og_image":[{"width":1440,"height":1917,"url":"https:\/\/bagdupe.com\/wp-content\/uploads\/2025\/05\/Dior-Bag-Dupe-824.jpg","type":"image\/jpeg"}],"twitter_card":"summary_large_image","twitter_misc":{"Tiempo de lectura":"1 minuto"},"schema":{"@context":"https:\/\/schema.org","@graph":[{"@type":"WebPage","@id":"https:\/\/bagdupe.com\/product\/dior-bag-dupe-824\/","url":"https:\/\/bagdupe.com\/product\/dior-bag-dupe-824\/","name":"Dior Bag Dupe 824 1:1 Replica","isPartOf":{"@id":"https:\/\/bagdupe.com\/#website"},"primaryImageOfPage":{"@id":"https:\/\/bagdupe.com\/product\/dior-bag-dupe-824\/#primaryimage"},"image":{"@id":"https:\/\/bagdupe.com\/product\/dior-bag-dupe-824\/#primaryimage"},"thumbnailUrl":"https:\/\/bagdupe.com\/wp-content\/uploads\/2025\/05\/Dior-Bag-Dupe-824.jpg","datePublished":"2025-05-27T15:43:16+00:00","dateModified":"2025-05-27T15:43:42+00:00","description":"With leather The new Dior backpack is suitable for both men and women, with a new version of elastic fabric and a mouth Super wide webbing, no sense of gravity on the back, comfortable mouth. The new version is different from the previous fabrics, without 3D bumps The size is also moderate, Oblique # New backack The neutral style is relatively simple in production process The old flower logo design is continued, which is very retro and atmospheric Boys and girls can easily control it It is very cost-effective. More and more people like fabric luxury goods Lightweight and environmentally friendly, and also has a luxury fashion design Go to school, commute, travel and board the plane Free your hands while being fashionable and stylish Size: 26 1:1 Replica","breadcrumb":{"@id":"https:\/\/bagdupe.com\/product\/dior-bag-dupe-824\/#breadcrumb"},"inLanguage":"es","potentialAction":[{"@type":"ReadAction","target":["https:\/\/bagdupe.com\/product\/dior-bag-dupe-824\/"]}]},{"@type":"ImageObject","inLanguage":"es","@id":"https:\/\/bagdupe.com\/product\/dior-bag-dupe-824\/#primaryimage","url":"https:\/\/bagdupe.com\/wp-content\/uploads\/2025\/05\/Dior-Bag-Dupe-824.jpg","contentUrl":"https:\/\/bagdupe.com\/wp-content\/uploads\/2025\/05\/Dior-Bag-Dupe-824.jpg","width":1440,"height":1917,"caption":"Dior Bag Dupe 824"},{"@type":"BreadcrumbList","@id":"https:\/\/bagdupe.com\/product\/dior-bag-dupe-824\/#breadcrumb","itemListElement":[{"@type":"ListItem","position":1,"name":"Home","item":"https:\/\/bagdupe.com\/"},{"@type":"ListItem","position":2,"name":"Shop","item":"https:\/\/bagdupe.com\/shop\/"},{"@type":"ListItem","position":3,"name":"Dior Bag Dupe 824"}]},{"@type":"WebSite","@id":"https:\/\/bagdupe.com\/#website","url":"https:\/\/bagdupe.com\/","name":"Best Designer Bag Dupes | Fragrance Dupe In 2025","description":"High quality designer Bags \/ Fragrance Shop. Brands: Louis Vuitton, Hermes, Chanel, Gucci, and Coach are frequently mentioned as having.","publisher":{"@id":"https:\/\/bagdupe.com\/#organization"},"alternateName":"Best Designer Bag Dupes | Fragrance Dupe In 2025","potentialAction":[{"@type":"SearchAction","target":{"@type":"EntryPoint","urlTemplate":"https:\/\/bagdupe.com\/?s={search_term_string}"},"query-input":{"@type":"PropertyValueSpecification","valueRequired":true,"valueName":"search_term_string"}}],"inLanguage":"es"},{"@type":"Organization","@id":"https:\/\/bagdupe.com\/#organization","name":"Best Designer Bag Dupes | Fragrance Dupe In 2025","alternateName":"Best Designer Bag Dupes | Fragrance Dupe In 2025","url":"https:\/\/bagdupe.com\/","logo":{"@type":"ImageObject","inLanguage":"es","@id":"https:\/\/bagdupe.com\/#\/schema\/logo\/image\/","url":"https:\/\/bagdupe.com\/wp-content\/uploads\/2025\/05\/bagdupe.com_.webp","contentUrl":"https:\/\/bagdupe.com\/wp-content\/uploads\/2025\/05\/bagdupe.com_.webp","width":800,"height":299,"caption":"Best Designer Bag Dupes | Fragrance Dupe In 2025"},"image":{"@id":"https:\/\/bagdupe.com\/#\/schema\/logo\/image\/"},"description":"High quality designer Bags \/ Fragrance Shop. Brands: Louis Vuitton, Hermes, Chanel, Gucci, and Coach are frequently mentioned as having.","email":"fashionrepsbiz@gmail.com","telephone":"+1 936 666 6246","legalName":"Best Designer Bag Dupes | Fragrance Dupe In 2025","foundingDate":"2015-03-27","vatID":"afd67baw625hbaf","taxID":"5472erdsvert","iso6523Code":"2566yt4hdf565g","duns":"2654rthedg3gvfx","leiCode":"436regtu65hbdfh","naics":"63gvsy658ijngfgw","numberOfEmployees":{"@type":"QuantitativeValue","minValue":"51","maxValue":"200"},"publishingPrinciples":"https:\/\/bagdupe.com\/refund_returns\/","ownershipFundingInfo":"https:\/\/bagdupe.com\/about-dupe-shop\/","actionableFeedbackPolicy":"https:\/\/bagdupe.com\/privacy-policy\/","correctionsPolicy":"https:\/\/bagdupe.com\/privacy-policy\/","ethicsPolicy":"https:\/\/bagdupe.com\/privacy-policy\/","diversityPolicy":"https:\/\/bagdupe.com\/privacy-policy\/"}]}},"_links":{"self":[{"href":"https:\/\/bagdupe.com\/es\/wp-json\/wp\/v2\/product\/8356","targetHints":{"allow":["GET"]}}],"collection":[{"href":"https:\/\/bagdupe.com\/es\/wp-json\/wp\/v2\/product"}],"about":[{"href":"https:\/\/bagdupe.com\/es\/wp-json\/wp\/v2\/types\/product"}],"wp:featuredmedia":[{"embeddable":true,"href":"https:\/\/bagdupe.com\/es\/wp-json\/wp\/v2\/media\/8357"}],"wp:attachment":[{"href":"https:\/\/bagdupe.com\/es\/wp-json\/wp\/v2\/media?parent=8356"}],"wp:term":[{"taxonomy":"product_brand","embeddable":true,"href":"https:\/\/bagdupe.com\/es\/wp-json\/wp\/v2\/product_brand?post=8356"},{"taxonomy":"product_cat","embeddable":true,"href":"https:\/\/bagdupe.com\/es\/wp-json\/wp\/v2\/product_cat?post=8356"},{"taxonomy":"product_tag","embeddable":true,"href":"https:\/\/bagdupe.com\/es\/wp-json\/wp\/v2\/product_tag?post=8356"}],"curies":[{"name":"wp","href":"https:\/\/api.w.org\/{rel}","templated":true}]}}