{"id":11858,"date":"2025-05-29T03:17:35","date_gmt":"2025-05-29T03:17:35","guid":{"rendered":"https:\/\/bagdupe.com\/?page_id=11858"},"modified":"2025-05-29T05:00:35","modified_gmt":"2025-05-29T05:00:35","slug":"goods-preparation","status":"publish","type":"page","link":"https:\/\/bagdupe.com\/fr\/goods-preparation\/","title":{"rendered":"Pr\u00e9paration des marchandises"},"content":{"rendered":"<div data-elementor-type=\"wp-page\" data-elementor-id=\"11858\" class=\"elementor elementor-11858\" data-elementor-post-type=\"page\">\n\t\t\t\t<div class=\"elementor-element elementor-element-a5d1b4d e-flex e-con-boxed e-con e-parent\" data-id=\"a5d1b4d\" data-element_type=\"container\">\n\t\t\t\t\t<div class=\"e-con-inner\">\n\t\t\t\t<div class=\"elementor-element elementor-element-1c180c3 elementor-widget elementor-widget-text-editor\" data-id=\"1c180c3\" data-element_type=\"widget\" data-widget_type=\"text-editor.default\">\n\t\t\t\t<div class=\"elementor-widget-container\">\n\t\t\t\t\t\t\t\t\t<h2>\u00c0 propos de Replica Temps de pr\u00e9paration<\/h2><p>Le d\u00e9lai de pr\u00e9paration des marchandises est g\u00e9n\u00e9ralement de 3 \u00e0 5 jours. Ce d\u00e9lai commence \u00e0 compter \u00e0 partir du deuxi\u00e8me jour suivant le paiement.<br \/>Repladiesdesigner enverra la commande \u00e0 l'usine d\u00e8s qu'elle sera re\u00e7ue. Le d\u00e9lai de livraison est d'environ 3 \u00e0 5 jours.<\/p><h2>Apr\u00e8s l'ach\u00e8vement des marchandises<\/h2><p>Une fois les marchandises termin\u00e9es, nous envoyons des photos ou des vid\u00e9os des produits au client avant l'exp\u00e9dition. Apr\u00e8s avoir confirm\u00e9 qu'il n'y a pas de probl\u00e8me, nous vous les envoyons par l'interm\u00e9diaire du transitaire.<\/p><h2>D\u00e9lai de livraison du fret<\/h2><p>Cela d\u00e9pend de la r\u00e9gion. En g\u00e9n\u00e9ral, il faut compter 7 \u00e0 12 jours pour les r\u00e9gions avoisinantes telles que les \u00c9tats-Unis.<br \/>Le d\u00e9lai le plus long au Royaume-Uni est de 7 \u00e0 8 jours.<br \/>En g\u00e9n\u00e9ral, le d\u00e9lai est d'environ 10 \u00e0 13 jours en Europe et dans d'autres pays et r\u00e9gions.<\/p>\t\t\t\t\t\t\t\t<\/div>\n\t\t\t\t<\/div>\n\t\t\t\t\t<\/div>\n\t\t\t\t<\/div>\n\t\t<div class=\"elementor-element elementor-element-607b63f e-flex e-con-boxed e-con e-parent\" data-id=\"607b63f\" data-element_type=\"container\">\n\t\t\t\t\t<div class=\"e-con-inner\">\n\t\t\t\t<div class=\"elementor-element elementor-element-f35e6a8 elementor-grid-4 elementor-grid-tablet-3 elementor-grid-mobile-2 elementor-products-grid elementor-wc-products elementor-widget elementor-widget-woocommerce-products\" data-id=\"f35e6a8\" data-element_type=\"widget\" data-widget_type=\"woocommerce-products.default\">\n\t\t\t\t<div class=\"elementor-widget-container\">\n\t\t\t\t\t<div class=\"woocommerce columns-4\"><ul class=\"products elementor-grid columns-4\">\n<li class=\"product type-product post-11558 status-publish first instock product_cat-jo-malone product_cat-jo-malone-fragrance product_tag-jo-malone product_tag-jo-malone-fragrance has-post-thumbnail purchasable product-type-simple\">\n\t<a href=\"https:\/\/bagdupe.com\/fr\/produit\/jo-malone-fragrance-dupe-0779\/\" class=\"woocommerce-LoopProduct-link woocommerce-loop-product__link\"><div class=\"woocommerce-image__wrapper\"><a href=\"https:\/\/bagdupe.com\/fr\/produit\/jo-malone-fragrance-dupe-0779\/\" title=\"Jo Malone Fragrance Dupe 0779\" class=\"woocommerce-LoopProduct-link woocommerce-loop-product__link\"><div class=\"shoptimizer-plp-carousel-container\"><div class=\"shoptimizer-plp-image-wrapper\"><img fetchpriority=\"high\" decoding=\"async\" width=\"300\" height=\"300\" src=\"https:\/\/bagdupe.com\/wp-content\/uploads\/2025\/05\/Jo-Malone-Fragrance-Dupe-0779-300x300.jpg\" class=\"attachment-woocommerce_thumbnail size-woocommerce_thumbnail\" alt=\"Jo Malone Fragrance Dupe 0779\" srcset=\"https:\/\/bagdupe.com\/wp-content\/uploads\/2025\/05\/Jo-Malone-Fragrance-Dupe-0779-300x300.jpg 300w, https:\/\/bagdupe.com\/wp-content\/uploads\/2025\/05\/Jo-Malone-Fragrance-Dupe-0779-150x150.jpg 150w, https:\/\/bagdupe.com\/wp-content\/uploads\/2025\/05\/Jo-Malone-Fragrance-Dupe-0779-800x800.jpg 800w, https:\/\/bagdupe.com\/wp-content\/uploads\/2025\/05\/Jo-Malone-Fragrance-Dupe-0779-1024x1024.jpg 1024w, https:\/\/bagdupe.com\/wp-content\/uploads\/2025\/05\/Jo-Malone-Fragrance-Dupe-0779-768x768.jpg 768w, https:\/\/bagdupe.com\/wp-content\/uploads\/2025\/05\/Jo-Malone-Fragrance-Dupe-0779.jpg 1080w\" sizes=\"(max-width: 360px) 147px, (max-width: 300px) 100vw, 300px\" \/>\t\t\t\n\t<\/div><\/div><\/a><\/div><div class=\"woocommerce-card__header\">\t\t\t\t\t<p class=\"product__categories\"><a href=\"https:\/\/bagdupe.com\/fr\/categorie-produit\/jo-malone\/\" rel=\"tag\">Jo Malone<\/a>, <a href=\"https:\/\/bagdupe.com\/fr\/categorie-produit\/jo-malone\/jo-malone-fragrance\/\" rel=\"tag\">Parfum Jo Malone<\/a><\/p>\t\t\t\t<div class=\"woocommerce-loop-product__title\"><a tabindex=\"0\" href=\"https:\/\/bagdupe.com\/fr\/produit\/jo-malone-fragrance-dupe-0779\/\" aria-label=\"Jo Malone Fragrance Dupe 0779\" class=\"woocommerce-LoopProduct-link woocommerce-loop-product__link\">Jo Malone Fragrance Dupe 0779<\/a><\/div>\n\t<span class=\"price\"><span class=\"woocommerce-Price-amount amount\"><bdi><span class=\"woocommerce-Price-currencySymbol\">&#36;<\/span>19.00<\/bdi><\/span><\/span>\n<\/a><\/div><\/li>\n<li class=\"product type-product post-11555 status-publish instock product_cat-adoration product_cat-adoration-fragrance product_tag-adoration product_tag-adoration-fragrance has-post-thumbnail purchasable product-type-simple\">\n\t<a href=\"https:\/\/bagdupe.com\/fr\/produit\/adoration-fragrance-dupe-0554\/\" class=\"woocommerce-LoopProduct-link woocommerce-loop-product__link\"><div class=\"woocommerce-image__wrapper\"><a href=\"https:\/\/bagdupe.com\/fr\/produit\/adoration-fragrance-dupe-0554\/\" title=\"Adoration Fragrance Dupe 0554\" class=\"woocommerce-LoopProduct-link woocommerce-loop-product__link\"><div class=\"shoptimizer-plp-carousel-container\"><div class=\"shoptimizer-plp-image-wrapper\"><img decoding=\"async\" width=\"300\" height=\"300\" src=\"https:\/\/bagdupe.com\/wp-content\/uploads\/2025\/05\/Adoration-Fragrance-Dupe-0554-300x300.jpg\" class=\"attachment-woocommerce_thumbnail size-woocommerce_thumbnail\" alt=\"Adoration Fragrance Dupe 0554\" srcset=\"https:\/\/bagdupe.com\/wp-content\/uploads\/2025\/05\/Adoration-Fragrance-Dupe-0554-300x300.jpg 300w, https:\/\/bagdupe.com\/wp-content\/uploads\/2025\/05\/Adoration-Fragrance-Dupe-0554-150x150.jpg 150w\" sizes=\"(max-width: 360px) 147px, (max-width: 300px) 100vw, 300px\" \/>\t\t\t\n\t<\/div><\/div><\/a><\/div><div class=\"woocommerce-card__header\">\t\t\t\t\t<p class=\"product__categories\"><a href=\"https:\/\/bagdupe.com\/fr\/categorie-produit\/adoration\/\" rel=\"tag\">Adoration<\/a>, <a href=\"https:\/\/bagdupe.com\/fr\/categorie-produit\/adoration\/adoration-fragrance\/\" rel=\"tag\">Parfum d'adoration<\/a><\/p>\t\t\t\t<div class=\"woocommerce-loop-product__title\"><a tabindex=\"0\" href=\"https:\/\/bagdupe.com\/fr\/produit\/adoration-fragrance-dupe-0554\/\" aria-label=\"Adoration Fragrance Dupe 0554\" class=\"woocommerce-LoopProduct-link woocommerce-loop-product__link\">Adoration Fragrance Dupe 0554<\/a><\/div>\n\t<span class=\"price\"><span class=\"woocommerce-Price-amount amount\"><bdi><span class=\"woocommerce-Price-currencySymbol\">&#36;<\/span>24.00<\/bdi><\/span><\/span>\n<\/a><\/div><\/li>\n<li class=\"product type-product post-11552 status-publish instock product_cat-yves-saint-laurent product_cat-yves-saint-laurent-fragrance product_tag-yves-saint-laurent product_tag-yves-saint-laurent-fragrance has-post-thumbnail purchasable product-type-simple\">\n\t<a href=\"https:\/\/bagdupe.com\/fr\/produit\/yves-saint-laurent-fragrance-dupe-0818\/\" class=\"woocommerce-LoopProduct-link woocommerce-loop-product__link\"><div class=\"woocommerce-image__wrapper\"><a href=\"https:\/\/bagdupe.com\/fr\/produit\/yves-saint-laurent-fragrance-dupe-0818\/\" title=\"Yves Saint Laurent Fragrance Dupe 0818\" class=\"woocommerce-LoopProduct-link woocommerce-loop-product__link\"><div class=\"shoptimizer-plp-carousel-container\"><div class=\"shoptimizer-plp-image-wrapper\"><img decoding=\"async\" width=\"300\" height=\"300\" src=\"https:\/\/bagdupe.com\/wp-content\/uploads\/2025\/05\/Lancome-Fragrance-Dupe-0517-300x300.jpg\" class=\"attachment-woocommerce_thumbnail size-woocommerce_thumbnail\" alt=\"Yves Saint Laurent Fragrance Dupe 0818\" srcset=\"https:\/\/bagdupe.com\/wp-content\/uploads\/2025\/05\/Lancome-Fragrance-Dupe-0517-300x300.jpg 300w, https:\/\/bagdupe.com\/wp-content\/uploads\/2025\/05\/Lancome-Fragrance-Dupe-0517-150x150.jpg 150w\" sizes=\"(max-width: 360px) 147px, (max-width: 300px) 100vw, 300px\" \/>\t\t\t\n\t<\/div><\/div><\/a><\/div><div class=\"woocommerce-card__header\">\t\t\t\t\t<p class=\"product__categories\"><a href=\"https:\/\/bagdupe.com\/fr\/categorie-produit\/yves-saint-laurent\/\" rel=\"tag\">Yves Saint Laurent<\/a>, <a href=\"https:\/\/bagdupe.com\/fr\/categorie-produit\/yves-saint-laurent\/yves-saint-laurent-fragrance\/\" rel=\"tag\">Parfum Yves Saint Laurent<\/a><\/p>\t\t\t\t<div class=\"woocommerce-loop-product__title\"><a tabindex=\"0\" href=\"https:\/\/bagdupe.com\/fr\/produit\/yves-saint-laurent-fragrance-dupe-0818\/\" aria-label=\"Yves Saint Laurent Fragrance Dupe 0818\" class=\"woocommerce-LoopProduct-link woocommerce-loop-product__link\">Yves Saint Laurent Fragrance Dupe 0818<\/a><\/div>\n\t<span class=\"price\"><span class=\"woocommerce-Price-amount amount\"><bdi><span class=\"woocommerce-Price-currencySymbol\">&#36;<\/span>24.00<\/bdi><\/span><\/span>\n<\/a><\/div><\/li>\n<li class=\"product type-product post-11549 status-publish last instock product_cat-lancome product_cat-lancome-fragrance product_tag-lancome product_tag-lancome-fragrance has-post-thumbnail purchasable product-type-simple\">\n\t<a href=\"https:\/\/bagdupe.com\/fr\/produit\/lancome-fragrance-dupe-0517\/\" class=\"woocommerce-LoopProduct-link woocommerce-loop-product__link\"><div class=\"woocommerce-image__wrapper\"><a href=\"https:\/\/bagdupe.com\/fr\/produit\/lancome-fragrance-dupe-0517\/\" title=\"Lancome Fragrance Dupe 0517\" class=\"woocommerce-LoopProduct-link woocommerce-loop-product__link\"><div class=\"shoptimizer-plp-carousel-container\"><div class=\"shoptimizer-plp-image-wrapper\"><img decoding=\"async\" width=\"300\" height=\"300\" src=\"https:\/\/bagdupe.com\/wp-content\/uploads\/2025\/05\/Lancome-Fragrance-Dupe-0517-300x300.jpg\" class=\"attachment-woocommerce_thumbnail size-woocommerce_thumbnail\" alt=\"Yves Saint Laurent Fragrance Dupe 0818\" srcset=\"https:\/\/bagdupe.com\/wp-content\/uploads\/2025\/05\/Lancome-Fragrance-Dupe-0517-300x300.jpg 300w, https:\/\/bagdupe.com\/wp-content\/uploads\/2025\/05\/Lancome-Fragrance-Dupe-0517-150x150.jpg 150w\" sizes=\"(max-width: 360px) 147px, (max-width: 300px) 100vw, 300px\" \/>\t\t\t\n\t<\/div><\/div><\/a><\/div><div class=\"woocommerce-card__header\">\t\t\t\t\t<p class=\"product__categories\"><a href=\"https:\/\/bagdupe.com\/fr\/categorie-produit\/lancome\/\" rel=\"tag\">Lancome<\/a>, <a href=\"https:\/\/bagdupe.com\/fr\/categorie-produit\/lancome\/lancome-fragrance\/\" rel=\"tag\">Parfum Lancome<\/a><\/p>\t\t\t\t<div class=\"woocommerce-loop-product__title\"><a tabindex=\"0\" href=\"https:\/\/bagdupe.com\/fr\/produit\/lancome-fragrance-dupe-0517\/\" aria-label=\"Lancome Fragrance Dupe 0517\" class=\"woocommerce-LoopProduct-link woocommerce-loop-product__link\">Lancome Fragrance Dupe 0517<\/a><\/div>\n\t<span class=\"price\"><span class=\"woocommerce-Price-amount amount\"><bdi><span class=\"woocommerce-Price-currencySymbol\">&#36;<\/span>21.00<\/bdi><\/span><\/span>\n<\/a><\/div><\/li>\n<\/ul>\n<\/div>\t\t\t\t<\/div>\n\t\t\t\t<\/div>\n\t\t\t\t\t<\/div>\n\t\t\t\t<\/div>\n\t\t\t\t<\/div>","protected":false},"excerpt":{"rendered":"<p>About Replica Preparation Time It usually takes 3-5 days for us to prepare the goods. This time starts counting from the second day after payment.Repladiesdesigner will arrange the order to the factory as soon as it is received. Approximately 3-5 days to complete. After the completion of the goods After the goods are completed, we [&hellip;]<\/p>","protected":false},"author":1,"featured_media":11690,"parent":0,"menu_order":0,"comment_status":"closed","ping_status":"closed","template":"","meta":{"footnotes":""},"class_list":["post-11858","page","type-page","status-publish","has-post-thumbnail","hentry"],"yoast_head":"<!-- This site is optimized with the Yoast SEO Premium plugin v25.2 (Yoast SEO v25.2) - https:\/\/yoast.com\/wordpress\/plugins\/seo\/ -->\n<title>Goods Preparation<\/title>\n<meta name=\"description\" content=\"About Replica Preparation TimeIt usually takes 3-5 days for us to prepare the goods. This time starts counting from the second day after\" \/>\n<meta name=\"robots\" content=\"index, follow, max-snippet:-1, max-image-preview:large, max-video-preview:-1\" \/>\n<link rel=\"canonical\" href=\"https:\/\/bagdupe.com\/fr\/goods-preparation\/\" \/>\n<meta property=\"og:locale\" content=\"fr_FR\" \/>\n<meta property=\"og:type\" content=\"article\" \/>\n<meta property=\"og:title\" content=\"Goods Preparation\" \/>\n<meta property=\"og:description\" content=\"About Replica Preparation TimeIt usually takes 3-5 days for us to prepare the goods. This time starts counting from the second day after\" \/>\n<meta property=\"og:url\" content=\"https:\/\/bagdupe.com\/fr\/goods-preparation\/\" \/>\n<meta property=\"og:site_name\" content=\"Best Designer Bag Dupes | Fragrance Dupe In 2025\" \/>\n<meta property=\"article:modified_time\" content=\"2025-05-29T05:00:35+00:00\" \/>\n<meta property=\"og:image\" content=\"https:\/\/bagdupe.com\/wp-content\/uploads\/2025\/05\/bagdupe.com-home-.webp\" \/>\n\t<meta property=\"og:image:width\" content=\"1400\" \/>\n\t<meta property=\"og:image:height\" content=\"771\" \/>\n\t<meta property=\"og:image:type\" content=\"image\/webp\" \/>\n<meta name=\"twitter:card\" content=\"summary_large_image\" \/>\n<meta name=\"twitter:label1\" content=\"Dur\u00e9e de lecture estim\u00e9e\" \/>\n\t<meta name=\"twitter:data1\" content=\"1 minute\" \/>\n<script type=\"application\/ld+json\" class=\"yoast-schema-graph\">{\"@context\":\"https:\/\/schema.org\",\"@graph\":[{\"@type\":[\"WebPage\",\"CollectionPage\"],\"@id\":\"https:\/\/bagdupe.com\/goods-preparation\/\",\"url\":\"https:\/\/bagdupe.com\/goods-preparation\/\",\"name\":\"Goods Preparation\",\"isPartOf\":{\"@id\":\"https:\/\/bagdupe.com\/#website\"},\"primaryImageOfPage\":{\"@id\":\"https:\/\/bagdupe.com\/goods-preparation\/#primaryimage\"},\"image\":{\"@id\":\"https:\/\/bagdupe.com\/goods-preparation\/#primaryimage\"},\"thumbnailUrl\":\"https:\/\/bagdupe.com\/wp-content\/uploads\/2025\/05\/bagdupe.com-home-.webp\",\"datePublished\":\"2025-05-29T03:17:35+00:00\",\"dateModified\":\"2025-05-29T05:00:35+00:00\",\"description\":\"About Replica Preparation TimeIt usually takes 3-5 days for us to prepare the goods. This time starts counting from the second day after\",\"breadcrumb\":{\"@id\":\"https:\/\/bagdupe.com\/goods-preparation\/#breadcrumb\"},\"inLanguage\":\"fr-FR\"},{\"@type\":\"ImageObject\",\"inLanguage\":\"fr-FR\",\"@id\":\"https:\/\/bagdupe.com\/goods-preparation\/#primaryimage\",\"url\":\"https:\/\/bagdupe.com\/wp-content\/uploads\/2025\/05\/bagdupe.com-home-.webp\",\"contentUrl\":\"https:\/\/bagdupe.com\/wp-content\/uploads\/2025\/05\/bagdupe.com-home-.webp\",\"width\":1400,\"height\":771,\"caption\":\"bagdupe.com home\"},{\"@type\":\"BreadcrumbList\",\"@id\":\"https:\/\/bagdupe.com\/goods-preparation\/#breadcrumb\",\"itemListElement\":[{\"@type\":\"ListItem\",\"position\":1,\"name\":\"Home\",\"item\":\"https:\/\/bagdupe.com\/\"},{\"@type\":\"ListItem\",\"position\":2,\"name\":\"Goods Preparation\"}]},{\"@type\":\"WebSite\",\"@id\":\"https:\/\/bagdupe.com\/#website\",\"url\":\"https:\/\/bagdupe.com\/\",\"name\":\"Best Designer Bag Dupes | Fragrance Dupe In 2025\",\"description\":\"High quality designer Bags \/ Fragrance Shop. Brands: Louis Vuitton, Hermes, Chanel, Gucci, and Coach are frequently mentioned as having.\",\"publisher\":{\"@id\":\"https:\/\/bagdupe.com\/#organization\"},\"alternateName\":\"Best Designer Bag Dupes | Fragrance Dupe In 2025\",\"potentialAction\":[{\"@type\":\"SearchAction\",\"target\":{\"@type\":\"EntryPoint\",\"urlTemplate\":\"https:\/\/bagdupe.com\/?s={search_term_string}\"},\"query-input\":{\"@type\":\"PropertyValueSpecification\",\"valueRequired\":true,\"valueName\":\"search_term_string\"}}],\"inLanguage\":\"fr-FR\"},{\"@type\":\"Organization\",\"@id\":\"https:\/\/bagdupe.com\/#organization\",\"name\":\"Best Designer Bag Dupes | Fragrance Dupe In 2025\",\"alternateName\":\"Best Designer Bag Dupes | Fragrance Dupe In 2025\",\"url\":\"https:\/\/bagdupe.com\/\",\"logo\":{\"@type\":\"ImageObject\",\"inLanguage\":\"fr-FR\",\"@id\":\"https:\/\/bagdupe.com\/#\/schema\/logo\/image\/\",\"url\":\"https:\/\/bagdupe.com\/wp-content\/uploads\/2025\/05\/bagdupe.com_.webp\",\"contentUrl\":\"https:\/\/bagdupe.com\/wp-content\/uploads\/2025\/05\/bagdupe.com_.webp\",\"width\":800,\"height\":299,\"caption\":\"Best Designer Bag Dupes | Fragrance Dupe In 2025\"},\"image\":{\"@id\":\"https:\/\/bagdupe.com\/#\/schema\/logo\/image\/\"},\"description\":\"High quality designer Bags \/ Fragrance Shop. Brands: Louis Vuitton, Hermes, Chanel, Gucci, and Coach are frequently mentioned as having.\",\"email\":\"fashionrepsbiz@gmail.com\",\"telephone\":\"+1 936 666 6246\",\"legalName\":\"Best Designer Bag Dupes | Fragrance Dupe In 2025\",\"foundingDate\":\"2015-03-27\",\"vatID\":\"afd67baw625hbaf\",\"taxID\":\"5472erdsvert\",\"iso6523Code\":\"2566yt4hdf565g\",\"duns\":\"2654rthedg3gvfx\",\"leiCode\":\"436regtu65hbdfh\",\"naics\":\"63gvsy658ijngfgw\",\"numberOfEmployees\":{\"@type\":\"QuantitativeValue\",\"minValue\":\"51\",\"maxValue\":\"200\"},\"publishingPrinciples\":\"https:\/\/bagdupe.com\/refund_returns\/\",\"ownershipFundingInfo\":\"https:\/\/bagdupe.com\/about-dupe-shop\/\",\"actionableFeedbackPolicy\":\"https:\/\/bagdupe.com\/privacy-policy\/\",\"correctionsPolicy\":\"https:\/\/bagdupe.com\/privacy-policy\/\",\"ethicsPolicy\":\"https:\/\/bagdupe.com\/privacy-policy\/\",\"diversityPolicy\":\"https:\/\/bagdupe.com\/privacy-policy\/\"}]}<\/script>\n<!-- \/ Yoast SEO Premium plugin. -->","yoast_head_json":{"title":"Goods Preparation","description":"About Replica Preparation TimeIt usually takes 3-5 days for us to prepare the goods. This time starts counting from the second day after","robots":{"index":"index","follow":"follow","max-snippet":"max-snippet:-1","max-image-preview":"max-image-preview:large","max-video-preview":"max-video-preview:-1"},"canonical":"https:\/\/bagdupe.com\/fr\/goods-preparation\/","og_locale":"fr_FR","og_type":"article","og_title":"Goods Preparation","og_description":"About Replica Preparation TimeIt usually takes 3-5 days for us to prepare the goods. This time starts counting from the second day after","og_url":"https:\/\/bagdupe.com\/fr\/goods-preparation\/","og_site_name":"Best Designer Bag Dupes | Fragrance Dupe In 2025","article_modified_time":"2025-05-29T05:00:35+00:00","og_image":[{"width":1400,"height":771,"url":"https:\/\/bagdupe.com\/wp-content\/uploads\/2025\/05\/bagdupe.com-home-.webp","type":"image\/webp"}],"twitter_card":"summary_large_image","twitter_misc":{"Dur\u00e9e de lecture estim\u00e9e":"1 minute"},"schema":{"@context":"https:\/\/schema.org","@graph":[{"@type":["WebPage","CollectionPage"],"@id":"https:\/\/bagdupe.com\/goods-preparation\/","url":"https:\/\/bagdupe.com\/goods-preparation\/","name":"Goods Preparation","isPartOf":{"@id":"https:\/\/bagdupe.com\/#website"},"primaryImageOfPage":{"@id":"https:\/\/bagdupe.com\/goods-preparation\/#primaryimage"},"image":{"@id":"https:\/\/bagdupe.com\/goods-preparation\/#primaryimage"},"thumbnailUrl":"https:\/\/bagdupe.com\/wp-content\/uploads\/2025\/05\/bagdupe.com-home-.webp","datePublished":"2025-05-29T03:17:35+00:00","dateModified":"2025-05-29T05:00:35+00:00","description":"About Replica Preparation TimeIt usually takes 3-5 days for us to prepare the goods. This time starts counting from the second day after","breadcrumb":{"@id":"https:\/\/bagdupe.com\/goods-preparation\/#breadcrumb"},"inLanguage":"fr-FR"},{"@type":"ImageObject","inLanguage":"fr-FR","@id":"https:\/\/bagdupe.com\/goods-preparation\/#primaryimage","url":"https:\/\/bagdupe.com\/wp-content\/uploads\/2025\/05\/bagdupe.com-home-.webp","contentUrl":"https:\/\/bagdupe.com\/wp-content\/uploads\/2025\/05\/bagdupe.com-home-.webp","width":1400,"height":771,"caption":"bagdupe.com home"},{"@type":"BreadcrumbList","@id":"https:\/\/bagdupe.com\/goods-preparation\/#breadcrumb","itemListElement":[{"@type":"ListItem","position":1,"name":"Home","item":"https:\/\/bagdupe.com\/"},{"@type":"ListItem","position":2,"name":"Goods Preparation"}]},{"@type":"WebSite","@id":"https:\/\/bagdupe.com\/#website","url":"https:\/\/bagdupe.com\/","name":"Best Designer Bag Dupes | Fragrance Dupe In 2025","description":"High quality designer Bags \/ Fragrance Shop. Brands: Louis Vuitton, Hermes, Chanel, Gucci, and Coach are frequently mentioned as having.","publisher":{"@id":"https:\/\/bagdupe.com\/#organization"},"alternateName":"Best Designer Bag Dupes | Fragrance Dupe In 2025","potentialAction":[{"@type":"SearchAction","target":{"@type":"EntryPoint","urlTemplate":"https:\/\/bagdupe.com\/?s={search_term_string}"},"query-input":{"@type":"PropertyValueSpecification","valueRequired":true,"valueName":"search_term_string"}}],"inLanguage":"fr-FR"},{"@type":"Organization","@id":"https:\/\/bagdupe.com\/#organization","name":"Best Designer Bag Dupes | Fragrance Dupe In 2025","alternateName":"Best Designer Bag Dupes | Fragrance Dupe In 2025","url":"https:\/\/bagdupe.com\/","logo":{"@type":"ImageObject","inLanguage":"fr-FR","@id":"https:\/\/bagdupe.com\/#\/schema\/logo\/image\/","url":"https:\/\/bagdupe.com\/wp-content\/uploads\/2025\/05\/bagdupe.com_.webp","contentUrl":"https:\/\/bagdupe.com\/wp-content\/uploads\/2025\/05\/bagdupe.com_.webp","width":800,"height":299,"caption":"Best Designer Bag Dupes | Fragrance Dupe In 2025"},"image":{"@id":"https:\/\/bagdupe.com\/#\/schema\/logo\/image\/"},"description":"High quality designer Bags \/ Fragrance Shop. Brands: Louis Vuitton, Hermes, Chanel, Gucci, and Coach are frequently mentioned as having.","email":"fashionrepsbiz@gmail.com","telephone":"+1 936 666 6246","legalName":"Best Designer Bag Dupes | Fragrance Dupe In 2025","foundingDate":"2015-03-27","vatID":"afd67baw625hbaf","taxID":"5472erdsvert","iso6523Code":"2566yt4hdf565g","duns":"2654rthedg3gvfx","leiCode":"436regtu65hbdfh","naics":"63gvsy658ijngfgw","numberOfEmployees":{"@type":"QuantitativeValue","minValue":"51","maxValue":"200"},"publishingPrinciples":"https:\/\/bagdupe.com\/refund_returns\/","ownershipFundingInfo":"https:\/\/bagdupe.com\/about-dupe-shop\/","actionableFeedbackPolicy":"https:\/\/bagdupe.com\/privacy-policy\/","correctionsPolicy":"https:\/\/bagdupe.com\/privacy-policy\/","ethicsPolicy":"https:\/\/bagdupe.com\/privacy-policy\/","diversityPolicy":"https:\/\/bagdupe.com\/privacy-policy\/"}]}},"_links":{"self":[{"href":"https:\/\/bagdupe.com\/fr\/wp-json\/wp\/v2\/pages\/11858","targetHints":{"allow":["GET"]}}],"collection":[{"href":"https:\/\/bagdupe.com\/fr\/wp-json\/wp\/v2\/pages"}],"about":[{"href":"https:\/\/bagdupe.com\/fr\/wp-json\/wp\/v2\/types\/page"}],"author":[{"embeddable":true,"href":"https:\/\/bagdupe.com\/fr\/wp-json\/wp\/v2\/users\/1"}],"replies":[{"embeddable":true,"href":"https:\/\/bagdupe.com\/fr\/wp-json\/wp\/v2\/comments?post=11858"}],"version-history":[{"count":4,"href":"https:\/\/bagdupe.com\/fr\/wp-json\/wp\/v2\/pages\/11858\/revisions"}],"predecessor-version":[{"id":11862,"href":"https:\/\/bagdupe.com\/fr\/wp-json\/wp\/v2\/pages\/11858\/revisions\/11862"}],"wp:featuredmedia":[{"embeddable":true,"href":"https:\/\/bagdupe.com\/fr\/wp-json\/wp\/v2\/media\/11690"}],"wp:attachment":[{"href":"https:\/\/bagdupe.com\/fr\/wp-json\/wp\/v2\/media?parent=11858"}],"curies":[{"name":"wp","href":"https:\/\/api.w.org\/{rel}","templated":true}]}}