{"id":5099,"date":"2025-05-27T14:31:42","date_gmt":"2025-05-27T14:31:42","guid":{"rendered":"https:\/\/bagdupe.com\/product\/fendi-bag-dupe-1493\/"},"modified":"2025-05-27T14:32:13","modified_gmt":"2025-05-27T14:32:13","slug":"fendi-bag-dupe-1493","status":"publish","type":"product","link":"https:\/\/bagdupe.com\/fr\/produit\/fendi-bag-dupe-1493\/","title":{"rendered":"Fendi Bag Dupe 1493"},"content":{"rendered":"<p>Le nouveau style de Fendi est plein de luxe<br \/>\nLumi\u00e8re et obscurit\u00e9, le temps s'\u00e9coule. FENDI cr\u00e9\u00e9 par Kim Jones<br \/>\nLes sacs \u00e0 main pour femmes revisitent les souvenirs de la famille Fendi, interpr\u00e9tant l'ing\u00e9niosit\u00e9 de la mode en termes de duret\u00e9 et de douceur. FENDI Fendi v\u00eatements d'automne et d'hiver<br \/>\nTaille : 28*13*25cm bx<\/p>\n<p>Fendi Bag Dupe 1493<\/p>","protected":false},"excerpt":{"rendered":"<p>Le nouveau style de Fendi est plein de luxe<br \/>\nLumi\u00e8re et obscurit\u00e9, le temps s'\u00e9coule. FENDI cr\u00e9\u00e9 par Kim Jones<br \/>\nLes sacs \u00e0 main pour femmes revisitent les souvenirs de la famille Fendi, interpr\u00e9tant l'ing\u00e9niosit\u00e9 de la mode en termes de duret\u00e9 et de douceur. FENDI Fendi v\u00eatements d'automne et d'hiver<br \/>\nTaille : 28*13*25cm bx<\/p>","protected":false},"featured_media":5100,"template":"","meta":[],"product_brand":[],"product_cat":[64,65],"product_tag":[66,67],"class_list":{"0":"post-5099","1":"product","2":"type-product","3":"status-publish","4":"has-post-thumbnail","6":"product_cat-fendi","7":"product_cat-fendi-bag","8":"product_tag-fendi","9":"product_tag-fendi-bag","11":"first","12":"instock","13":"purchasable","14":"product-type-simple"},"yoast_head":"<!-- This site is optimized with the Yoast SEO Premium plugin v25.2 (Yoast SEO v25.2) - https:\/\/yoast.com\/wordpress\/plugins\/seo\/ -->\n<title>Fendi Bag Dupe 1493 1:1 Replica<\/title>\n<meta name=\"description\" content=\"Fendi&#039;s new style is full of luxury Light and dark, time flows. FENDI created by Kim Jones Women&#039;s handbags, revisiting the past memories of the Fendi family, interpreting the fashion ingenuity of both hardness and softness. FENDI Fendi autumn and winter wear Size: 28*13*25cm bx 1:1 Replica\" \/>\n<meta name=\"robots\" content=\"index, follow, max-snippet:-1, max-image-preview:large, max-video-preview:-1\" \/>\n<link rel=\"canonical\" href=\"https:\/\/bagdupe.com\/fr\/product\/fendi-bag-dupe-1493\/\" \/>\n<meta property=\"og:locale\" content=\"fr_FR\" \/>\n<meta property=\"og:type\" content=\"article\" \/>\n<meta property=\"og:title\" content=\"Fendi Bag Dupe 1493\" \/>\n<meta property=\"og:description\" content=\"Fendi&#039;s new style is full of luxury Light and dark, time flows. FENDI created by Kim Jones Women&#039;s handbags, revisiting the past memories of the Fendi family, interpreting the fashion ingenuity of both hardness and softness. FENDI Fendi autumn and winter wear Size: 28*13*25cm bx 1:1 Replica\" \/>\n<meta property=\"og:url\" content=\"https:\/\/bagdupe.com\/fr\/product\/fendi-bag-dupe-1493\/\" \/>\n<meta property=\"og:site_name\" content=\"Best Designer Bag Dupes | Fragrance Dupe In 2025\" \/>\n<meta property=\"article:modified_time\" content=\"2025-05-27T14:32:13+00:00\" \/>\n<meta property=\"og:image\" content=\"https:\/\/bagdupe.com\/wp-content\/uploads\/2025\/05\/Fendi-Bag-Dupe-1493.jpg\" \/>\n\t<meta property=\"og:image:width\" content=\"1440\" \/>\n\t<meta property=\"og:image:height\" content=\"1440\" \/>\n\t<meta property=\"og:image:type\" content=\"image\/jpeg\" \/>\n<meta name=\"twitter:card\" content=\"summary_large_image\" \/>\n<script type=\"application\/ld+json\" class=\"yoast-schema-graph\">{\"@context\":\"https:\/\/schema.org\",\"@graph\":[{\"@type\":\"WebPage\",\"@id\":\"https:\/\/bagdupe.com\/nb\/product\/fendi-bag-dupe-1493\/\",\"url\":\"https:\/\/bagdupe.com\/nb\/product\/fendi-bag-dupe-1493\/\",\"name\":\"Fendi Bag Dupe 1493 1:1 Replica\",\"isPartOf\":{\"@id\":\"https:\/\/bagdupe.com\/#website\"},\"primaryImageOfPage\":{\"@id\":\"https:\/\/bagdupe.com\/nb\/product\/fendi-bag-dupe-1493\/#primaryimage\"},\"image\":{\"@id\":\"https:\/\/bagdupe.com\/nb\/product\/fendi-bag-dupe-1493\/#primaryimage\"},\"thumbnailUrl\":\"https:\/\/bagdupe.com\/wp-content\/uploads\/2025\/05\/Fendi-Bag-Dupe-1493.jpg\",\"datePublished\":\"2025-05-27T14:31:42+00:00\",\"dateModified\":\"2025-05-27T14:32:13+00:00\",\"description\":\"Fendi's new style is full of luxury Light and dark, time flows. FENDI created by Kim Jones Women's handbags, revisiting the past memories of the Fendi family, interpreting the fashion ingenuity of both hardness and softness. FENDI Fendi autumn and winter wear Size: 28*13*25cm bx 1:1 Replica\",\"breadcrumb\":{\"@id\":\"https:\/\/bagdupe.com\/nb\/product\/fendi-bag-dupe-1493\/#breadcrumb\"},\"inLanguage\":\"fr-FR\",\"potentialAction\":[{\"@type\":\"ReadAction\",\"target\":[\"https:\/\/bagdupe.com\/nb\/product\/fendi-bag-dupe-1493\/\"]}]},{\"@type\":\"ImageObject\",\"inLanguage\":\"fr-FR\",\"@id\":\"https:\/\/bagdupe.com\/nb\/product\/fendi-bag-dupe-1493\/#primaryimage\",\"url\":\"https:\/\/bagdupe.com\/wp-content\/uploads\/2025\/05\/Fendi-Bag-Dupe-1493.jpg\",\"contentUrl\":\"https:\/\/bagdupe.com\/wp-content\/uploads\/2025\/05\/Fendi-Bag-Dupe-1493.jpg\",\"width\":1440,\"height\":1440,\"caption\":\"Fendi Bag Dupe 1493\"},{\"@type\":\"BreadcrumbList\",\"@id\":\"https:\/\/bagdupe.com\/nb\/product\/fendi-bag-dupe-1493\/#breadcrumb\",\"itemListElement\":[{\"@type\":\"ListItem\",\"position\":1,\"name\":\"Home\",\"item\":\"https:\/\/bagdupe.com\/\"},{\"@type\":\"ListItem\",\"position\":2,\"name\":\"Shop\",\"item\":\"https:\/\/bagdupe.com\/shop\/\"},{\"@type\":\"ListItem\",\"position\":3,\"name\":\"Fendi Bag Dupe 1493\"}]},{\"@type\":\"WebSite\",\"@id\":\"https:\/\/bagdupe.com\/#website\",\"url\":\"https:\/\/bagdupe.com\/\",\"name\":\"Best Designer Bag Dupes | Fragrance Dupe In 2025\",\"description\":\"High quality designer Bags \/ Fragrance Shop. Brands: Louis Vuitton, Hermes, Chanel, Gucci, and Coach are frequently mentioned as having.\",\"publisher\":{\"@id\":\"https:\/\/bagdupe.com\/#organization\"},\"alternateName\":\"Best Designer Bag Dupes | Fragrance Dupe In 2025\",\"potentialAction\":[{\"@type\":\"SearchAction\",\"target\":{\"@type\":\"EntryPoint\",\"urlTemplate\":\"https:\/\/bagdupe.com\/?s={search_term_string}\"},\"query-input\":{\"@type\":\"PropertyValueSpecification\",\"valueRequired\":true,\"valueName\":\"search_term_string\"}}],\"inLanguage\":\"fr-FR\"},{\"@type\":\"Organization\",\"@id\":\"https:\/\/bagdupe.com\/#organization\",\"name\":\"Best Designer Bag Dupes | Fragrance Dupe In 2025\",\"alternateName\":\"Best Designer Bag Dupes | Fragrance Dupe In 2025\",\"url\":\"https:\/\/bagdupe.com\/\",\"logo\":{\"@type\":\"ImageObject\",\"inLanguage\":\"fr-FR\",\"@id\":\"https:\/\/bagdupe.com\/#\/schema\/logo\/image\/\",\"url\":\"https:\/\/bagdupe.com\/wp-content\/uploads\/2025\/05\/bagdupe.com_.webp\",\"contentUrl\":\"https:\/\/bagdupe.com\/wp-content\/uploads\/2025\/05\/bagdupe.com_.webp\",\"width\":800,\"height\":299,\"caption\":\"Best Designer Bag Dupes | Fragrance Dupe In 2025\"},\"image\":{\"@id\":\"https:\/\/bagdupe.com\/#\/schema\/logo\/image\/\"},\"description\":\"High quality designer Bags \/ Fragrance Shop. Brands: Louis Vuitton, Hermes, Chanel, Gucci, and Coach are frequently mentioned as having.\",\"email\":\"fashionrepsbiz@gmail.com\",\"telephone\":\"+1 936 666 6246\",\"legalName\":\"Best Designer Bag Dupes | Fragrance Dupe In 2025\",\"foundingDate\":\"2015-03-27\",\"vatID\":\"afd67baw625hbaf\",\"taxID\":\"5472erdsvert\",\"iso6523Code\":\"2566yt4hdf565g\",\"duns\":\"2654rthedg3gvfx\",\"leiCode\":\"436regtu65hbdfh\",\"naics\":\"63gvsy658ijngfgw\",\"numberOfEmployees\":{\"@type\":\"QuantitativeValue\",\"minValue\":\"51\",\"maxValue\":\"200\"},\"publishingPrinciples\":\"https:\/\/bagdupe.com\/refund_returns\/\",\"ownershipFundingInfo\":\"https:\/\/bagdupe.com\/about-dupe-shop\/\",\"actionableFeedbackPolicy\":\"https:\/\/bagdupe.com\/privacy-policy\/\",\"correctionsPolicy\":\"https:\/\/bagdupe.com\/privacy-policy\/\",\"ethicsPolicy\":\"https:\/\/bagdupe.com\/privacy-policy\/\",\"diversityPolicy\":\"https:\/\/bagdupe.com\/privacy-policy\/\"}]}<\/script>\n<!-- \/ Yoast SEO Premium plugin. -->","yoast_head_json":{"title":"Fendi Bag Dupe 1493 1:1 Replica","description":"Fendi's new style is full of luxury Light and dark, time flows. FENDI created by Kim Jones Women's handbags, revisiting the past memories of the Fendi family, interpreting the fashion ingenuity of both hardness and softness. FENDI Fendi autumn and winter wear Size: 28*13*25cm bx 1:1 Replica","robots":{"index":"index","follow":"follow","max-snippet":"max-snippet:-1","max-image-preview":"max-image-preview:large","max-video-preview":"max-video-preview:-1"},"canonical":"https:\/\/bagdupe.com\/fr\/product\/fendi-bag-dupe-1493\/","og_locale":"fr_FR","og_type":"article","og_title":"Fendi Bag Dupe 1493","og_description":"Fendi's new style is full of luxury Light and dark, time flows. FENDI created by Kim Jones Women's handbags, revisiting the past memories of the Fendi family, interpreting the fashion ingenuity of both hardness and softness. FENDI Fendi autumn and winter wear Size: 28*13*25cm bx 1:1 Replica","og_url":"https:\/\/bagdupe.com\/fr\/product\/fendi-bag-dupe-1493\/","og_site_name":"Best Designer Bag Dupes | Fragrance Dupe In 2025","article_modified_time":"2025-05-27T14:32:13+00:00","og_image":[{"width":1440,"height":1440,"url":"https:\/\/bagdupe.com\/wp-content\/uploads\/2025\/05\/Fendi-Bag-Dupe-1493.jpg","type":"image\/jpeg"}],"twitter_card":"summary_large_image","schema":{"@context":"https:\/\/schema.org","@graph":[{"@type":"WebPage","@id":"https:\/\/bagdupe.com\/nb\/product\/fendi-bag-dupe-1493\/","url":"https:\/\/bagdupe.com\/nb\/product\/fendi-bag-dupe-1493\/","name":"Fendi Bag Dupe 1493 1:1 Replica","isPartOf":{"@id":"https:\/\/bagdupe.com\/#website"},"primaryImageOfPage":{"@id":"https:\/\/bagdupe.com\/nb\/product\/fendi-bag-dupe-1493\/#primaryimage"},"image":{"@id":"https:\/\/bagdupe.com\/nb\/product\/fendi-bag-dupe-1493\/#primaryimage"},"thumbnailUrl":"https:\/\/bagdupe.com\/wp-content\/uploads\/2025\/05\/Fendi-Bag-Dupe-1493.jpg","datePublished":"2025-05-27T14:31:42+00:00","dateModified":"2025-05-27T14:32:13+00:00","description":"Fendi's new style is full of luxury Light and dark, time flows. FENDI created by Kim Jones Women's handbags, revisiting the past memories of the Fendi family, interpreting the fashion ingenuity of both hardness and softness. FENDI Fendi autumn and winter wear Size: 28*13*25cm bx 1:1 Replica","breadcrumb":{"@id":"https:\/\/bagdupe.com\/nb\/product\/fendi-bag-dupe-1493\/#breadcrumb"},"inLanguage":"fr-FR","potentialAction":[{"@type":"ReadAction","target":["https:\/\/bagdupe.com\/nb\/product\/fendi-bag-dupe-1493\/"]}]},{"@type":"ImageObject","inLanguage":"fr-FR","@id":"https:\/\/bagdupe.com\/nb\/product\/fendi-bag-dupe-1493\/#primaryimage","url":"https:\/\/bagdupe.com\/wp-content\/uploads\/2025\/05\/Fendi-Bag-Dupe-1493.jpg","contentUrl":"https:\/\/bagdupe.com\/wp-content\/uploads\/2025\/05\/Fendi-Bag-Dupe-1493.jpg","width":1440,"height":1440,"caption":"Fendi Bag Dupe 1493"},{"@type":"BreadcrumbList","@id":"https:\/\/bagdupe.com\/nb\/product\/fendi-bag-dupe-1493\/#breadcrumb","itemListElement":[{"@type":"ListItem","position":1,"name":"Home","item":"https:\/\/bagdupe.com\/"},{"@type":"ListItem","position":2,"name":"Shop","item":"https:\/\/bagdupe.com\/shop\/"},{"@type":"ListItem","position":3,"name":"Fendi Bag Dupe 1493"}]},{"@type":"WebSite","@id":"https:\/\/bagdupe.com\/#website","url":"https:\/\/bagdupe.com\/","name":"Best Designer Bag Dupes | Fragrance Dupe In 2025","description":"High quality designer Bags \/ Fragrance Shop. Brands: Louis Vuitton, Hermes, Chanel, Gucci, and Coach are frequently mentioned as having.","publisher":{"@id":"https:\/\/bagdupe.com\/#organization"},"alternateName":"Best Designer Bag Dupes | Fragrance Dupe In 2025","potentialAction":[{"@type":"SearchAction","target":{"@type":"EntryPoint","urlTemplate":"https:\/\/bagdupe.com\/?s={search_term_string}"},"query-input":{"@type":"PropertyValueSpecification","valueRequired":true,"valueName":"search_term_string"}}],"inLanguage":"fr-FR"},{"@type":"Organization","@id":"https:\/\/bagdupe.com\/#organization","name":"Best Designer Bag Dupes | Fragrance Dupe In 2025","alternateName":"Best Designer Bag Dupes | Fragrance Dupe In 2025","url":"https:\/\/bagdupe.com\/","logo":{"@type":"ImageObject","inLanguage":"fr-FR","@id":"https:\/\/bagdupe.com\/#\/schema\/logo\/image\/","url":"https:\/\/bagdupe.com\/wp-content\/uploads\/2025\/05\/bagdupe.com_.webp","contentUrl":"https:\/\/bagdupe.com\/wp-content\/uploads\/2025\/05\/bagdupe.com_.webp","width":800,"height":299,"caption":"Best Designer Bag Dupes | Fragrance Dupe In 2025"},"image":{"@id":"https:\/\/bagdupe.com\/#\/schema\/logo\/image\/"},"description":"High quality designer Bags \/ Fragrance Shop. Brands: Louis Vuitton, Hermes, Chanel, Gucci, and Coach are frequently mentioned as having.","email":"fashionrepsbiz@gmail.com","telephone":"+1 936 666 6246","legalName":"Best Designer Bag Dupes | Fragrance Dupe In 2025","foundingDate":"2015-03-27","vatID":"afd67baw625hbaf","taxID":"5472erdsvert","iso6523Code":"2566yt4hdf565g","duns":"2654rthedg3gvfx","leiCode":"436regtu65hbdfh","naics":"63gvsy658ijngfgw","numberOfEmployees":{"@type":"QuantitativeValue","minValue":"51","maxValue":"200"},"publishingPrinciples":"https:\/\/bagdupe.com\/refund_returns\/","ownershipFundingInfo":"https:\/\/bagdupe.com\/about-dupe-shop\/","actionableFeedbackPolicy":"https:\/\/bagdupe.com\/privacy-policy\/","correctionsPolicy":"https:\/\/bagdupe.com\/privacy-policy\/","ethicsPolicy":"https:\/\/bagdupe.com\/privacy-policy\/","diversityPolicy":"https:\/\/bagdupe.com\/privacy-policy\/"}]}},"_links":{"self":[{"href":"https:\/\/bagdupe.com\/fr\/wp-json\/wp\/v2\/product\/5099","targetHints":{"allow":["GET"]}}],"collection":[{"href":"https:\/\/bagdupe.com\/fr\/wp-json\/wp\/v2\/product"}],"about":[{"href":"https:\/\/bagdupe.com\/fr\/wp-json\/wp\/v2\/types\/product"}],"wp:featuredmedia":[{"embeddable":true,"href":"https:\/\/bagdupe.com\/fr\/wp-json\/wp\/v2\/media\/5100"}],"wp:attachment":[{"href":"https:\/\/bagdupe.com\/fr\/wp-json\/wp\/v2\/media?parent=5099"}],"wp:term":[{"taxonomy":"product_brand","embeddable":true,"href":"https:\/\/bagdupe.com\/fr\/wp-json\/wp\/v2\/product_brand?post=5099"},{"taxonomy":"product_cat","embeddable":true,"href":"https:\/\/bagdupe.com\/fr\/wp-json\/wp\/v2\/product_cat?post=5099"},{"taxonomy":"product_tag","embeddable":true,"href":"https:\/\/bagdupe.com\/fr\/wp-json\/wp\/v2\/product_tag?post=5099"}],"curies":[{"name":"wp","href":"https:\/\/api.w.org\/{rel}","templated":true}]}}