{"id":8242,"date":"2025-05-27T15:40:51","date_gmt":"2025-05-27T15:40:51","guid":{"rendered":"https:\/\/bagdupe.com\/product\/dior-bag-dupe-847\/"},"modified":"2025-05-27T15:40:52","modified_gmt":"2025-05-27T15:40:52","slug":"dior-bag-dupe-847","status":"publish","type":"product","link":"https:\/\/bagdupe.com\/fr\/produit\/dior-bag-dupe-847\/","title":{"rendered":"Dior Bag Dupe 847"},"content":{"rendered":"<p>Fleur ancienne<br \/>\nDior|Performance en mati\u00e8re de co\u00fbts \u00e9lev\u00e9s<\/p>\n<p>Le devant est d\u00e9cor\u00e9 d'un logo CD en m\u00e9tal dor\u00e9 vintage, avec un compartiment \u00e0 cordon de serrage pour ranger divers objets de la vie quotidienne. Dot\u00e9 d'une bandouli\u00e8re r\u00e9glable en cha\u00eene et orn\u00e9e d'une lani\u00e8re en cuir, il peut \u00eatre port\u00e9 \u00e0 la main, sur l'\u00e9paule ou en travers du corps, pour une exp\u00e9rience confortable. 15<\/p>\n<p>Dior Bag Dupe 847<\/p>","protected":false},"excerpt":{"rendered":"<p>Fleur ancienne<br \/>\nDior|Performance en mati\u00e8re de co\u00fbts \u00e9lev\u00e9s<\/p>\n<p>Le devant est d\u00e9cor\u00e9 d'un logo CD en m\u00e9tal dor\u00e9 vintage, avec un compartiment \u00e0 cordon de serrage pour ranger divers objets de la vie quotidienne. Dot\u00e9 d'une bandouli\u00e8re r\u00e9glable en cha\u00eene et orn\u00e9e d'une lani\u00e8re en cuir, il peut \u00eatre port\u00e9 \u00e0 la main, sur l'\u00e9paule ou en travers du corps, pour une exp\u00e9rience confortable. 15<\/p>","protected":false},"featured_media":8243,"template":"","meta":[],"product_brand":[],"product_cat":[36,37],"product_tag":[38,39],"class_list":{"0":"post-8242","1":"product","2":"type-product","3":"status-publish","4":"has-post-thumbnail","6":"product_cat-dior","7":"product_cat-dior-bag","8":"product_tag-dior","9":"product_tag-dior-bag","11":"first","12":"instock","13":"purchasable","14":"product-type-simple"},"yoast_head":"<!-- This site is optimized with the Yoast SEO Premium plugin v25.2 (Yoast SEO v25.2) - https:\/\/yoast.com\/wordpress\/plugins\/seo\/ -->\n<title>Dior Bag Dupe 847 1:1 Replica<\/title>\n<meta name=\"description\" content=\"Old flower Dior|High cost performance The front is decorated with a vintage gold-finished metal CD logo, with a drawstring compartment to store various daily necessities. With an adjustable chain shoulder strap decorated with a leather strap, it can be carried by hand, on the shoulder or across the body to create a comfortable experience. 15 1:1 Replica\" \/>\n<meta name=\"robots\" content=\"index, follow, max-snippet:-1, max-image-preview:large, max-video-preview:-1\" \/>\n<link rel=\"canonical\" href=\"https:\/\/bagdupe.com\/fr\/product\/dior-bag-dupe-847\/\" \/>\n<meta property=\"og:locale\" content=\"fr_FR\" \/>\n<meta property=\"og:type\" content=\"article\" \/>\n<meta property=\"og:title\" content=\"Dior Bag Dupe 847\" \/>\n<meta property=\"og:description\" content=\"Old flower Dior|High cost performance The front is decorated with a vintage gold-finished metal CD logo, with a drawstring compartment to store various daily necessities. With an adjustable chain shoulder strap decorated with a leather strap, it can be carried by hand, on the shoulder or across the body to create a comfortable experience. 15 1:1 Replica\" \/>\n<meta property=\"og:url\" content=\"https:\/\/bagdupe.com\/fr\/product\/dior-bag-dupe-847\/\" \/>\n<meta property=\"og:site_name\" content=\"Best Designer Bag Dupes | Fragrance Dupe In 2025\" \/>\n<meta property=\"article:modified_time\" content=\"2025-05-27T15:40:52+00:00\" \/>\n<meta property=\"og:image\" content=\"https:\/\/bagdupe.com\/wp-content\/uploads\/2025\/05\/Dior-Bag-Dupe-847.jpg\" \/>\n\t<meta property=\"og:image:width\" content=\"1440\" \/>\n\t<meta property=\"og:image:height\" content=\"1920\" \/>\n\t<meta property=\"og:image:type\" content=\"image\/jpeg\" \/>\n<meta name=\"twitter:card\" content=\"summary_large_image\" \/>\n<script type=\"application\/ld+json\" class=\"yoast-schema-graph\">{\"@context\":\"https:\/\/schema.org\",\"@graph\":[{\"@type\":\"WebPage\",\"@id\":\"https:\/\/bagdupe.com\/nb\/product\/dior-bag-dupe-847\/\",\"url\":\"https:\/\/bagdupe.com\/nb\/product\/dior-bag-dupe-847\/\",\"name\":\"Dior Bag Dupe 847 1:1 Replica\",\"isPartOf\":{\"@id\":\"https:\/\/bagdupe.com\/#website\"},\"primaryImageOfPage\":{\"@id\":\"https:\/\/bagdupe.com\/nb\/product\/dior-bag-dupe-847\/#primaryimage\"},\"image\":{\"@id\":\"https:\/\/bagdupe.com\/nb\/product\/dior-bag-dupe-847\/#primaryimage\"},\"thumbnailUrl\":\"https:\/\/bagdupe.com\/wp-content\/uploads\/2025\/05\/Dior-Bag-Dupe-847.jpg\",\"datePublished\":\"2025-05-27T15:40:51+00:00\",\"dateModified\":\"2025-05-27T15:40:52+00:00\",\"description\":\"Old flower Dior|High cost performance The front is decorated with a vintage gold-finished metal CD logo, with a drawstring compartment to store various daily necessities. With an adjustable chain shoulder strap decorated with a leather strap, it can be carried by hand, on the shoulder or across the body to create a comfortable experience. 15 1:1 Replica\",\"breadcrumb\":{\"@id\":\"https:\/\/bagdupe.com\/nb\/product\/dior-bag-dupe-847\/#breadcrumb\"},\"inLanguage\":\"fr-FR\",\"potentialAction\":[{\"@type\":\"ReadAction\",\"target\":[\"https:\/\/bagdupe.com\/nb\/product\/dior-bag-dupe-847\/\"]}]},{\"@type\":\"ImageObject\",\"inLanguage\":\"fr-FR\",\"@id\":\"https:\/\/bagdupe.com\/nb\/product\/dior-bag-dupe-847\/#primaryimage\",\"url\":\"https:\/\/bagdupe.com\/wp-content\/uploads\/2025\/05\/Dior-Bag-Dupe-847.jpg\",\"contentUrl\":\"https:\/\/bagdupe.com\/wp-content\/uploads\/2025\/05\/Dior-Bag-Dupe-847.jpg\",\"width\":1440,\"height\":1920,\"caption\":\"Dior Bag Dupe 847\"},{\"@type\":\"BreadcrumbList\",\"@id\":\"https:\/\/bagdupe.com\/nb\/product\/dior-bag-dupe-847\/#breadcrumb\",\"itemListElement\":[{\"@type\":\"ListItem\",\"position\":1,\"name\":\"Home\",\"item\":\"https:\/\/bagdupe.com\/\"},{\"@type\":\"ListItem\",\"position\":2,\"name\":\"Shop\",\"item\":\"https:\/\/bagdupe.com\/shop\/\"},{\"@type\":\"ListItem\",\"position\":3,\"name\":\"Dior Bag Dupe 847\"}]},{\"@type\":\"WebSite\",\"@id\":\"https:\/\/bagdupe.com\/#website\",\"url\":\"https:\/\/bagdupe.com\/\",\"name\":\"Best Designer Bag Dupes | Fragrance Dupe In 2025\",\"description\":\"High quality designer Bags \/ Fragrance Shop. Brands: Louis Vuitton, Hermes, Chanel, Gucci, and Coach are frequently mentioned as having.\",\"publisher\":{\"@id\":\"https:\/\/bagdupe.com\/#organization\"},\"alternateName\":\"Best Designer Bag Dupes | Fragrance Dupe In 2025\",\"potentialAction\":[{\"@type\":\"SearchAction\",\"target\":{\"@type\":\"EntryPoint\",\"urlTemplate\":\"https:\/\/bagdupe.com\/?s={search_term_string}\"},\"query-input\":{\"@type\":\"PropertyValueSpecification\",\"valueRequired\":true,\"valueName\":\"search_term_string\"}}],\"inLanguage\":\"fr-FR\"},{\"@type\":\"Organization\",\"@id\":\"https:\/\/bagdupe.com\/#organization\",\"name\":\"Best Designer Bag Dupes | Fragrance Dupe In 2025\",\"alternateName\":\"Best Designer Bag Dupes | Fragrance Dupe In 2025\",\"url\":\"https:\/\/bagdupe.com\/\",\"logo\":{\"@type\":\"ImageObject\",\"inLanguage\":\"fr-FR\",\"@id\":\"https:\/\/bagdupe.com\/#\/schema\/logo\/image\/\",\"url\":\"https:\/\/bagdupe.com\/wp-content\/uploads\/2025\/05\/bagdupe.com_.webp\",\"contentUrl\":\"https:\/\/bagdupe.com\/wp-content\/uploads\/2025\/05\/bagdupe.com_.webp\",\"width\":800,\"height\":299,\"caption\":\"Best Designer Bag Dupes | Fragrance Dupe In 2025\"},\"image\":{\"@id\":\"https:\/\/bagdupe.com\/#\/schema\/logo\/image\/\"},\"description\":\"High quality designer Bags \/ Fragrance Shop. Brands: Louis Vuitton, Hermes, Chanel, Gucci, and Coach are frequently mentioned as having.\",\"email\":\"fashionrepsbiz@gmail.com\",\"telephone\":\"+1 936 666 6246\",\"legalName\":\"Best Designer Bag Dupes | Fragrance Dupe In 2025\",\"foundingDate\":\"2015-03-27\",\"vatID\":\"afd67baw625hbaf\",\"taxID\":\"5472erdsvert\",\"iso6523Code\":\"2566yt4hdf565g\",\"duns\":\"2654rthedg3gvfx\",\"leiCode\":\"436regtu65hbdfh\",\"naics\":\"63gvsy658ijngfgw\",\"numberOfEmployees\":{\"@type\":\"QuantitativeValue\",\"minValue\":\"51\",\"maxValue\":\"200\"},\"publishingPrinciples\":\"https:\/\/bagdupe.com\/refund_returns\/\",\"ownershipFundingInfo\":\"https:\/\/bagdupe.com\/about-dupe-shop\/\",\"actionableFeedbackPolicy\":\"https:\/\/bagdupe.com\/privacy-policy\/\",\"correctionsPolicy\":\"https:\/\/bagdupe.com\/privacy-policy\/\",\"ethicsPolicy\":\"https:\/\/bagdupe.com\/privacy-policy\/\",\"diversityPolicy\":\"https:\/\/bagdupe.com\/privacy-policy\/\"}]}<\/script>\n<!-- \/ Yoast SEO Premium plugin. -->","yoast_head_json":{"title":"Dior Bag Dupe 847 1:1 Replica","description":"Old flower Dior|High cost performance The front is decorated with a vintage gold-finished metal CD logo, with a drawstring compartment to store various daily necessities. With an adjustable chain shoulder strap decorated with a leather strap, it can be carried by hand, on the shoulder or across the body to create a comfortable experience. 15 1:1 Replica","robots":{"index":"index","follow":"follow","max-snippet":"max-snippet:-1","max-image-preview":"max-image-preview:large","max-video-preview":"max-video-preview:-1"},"canonical":"https:\/\/bagdupe.com\/fr\/product\/dior-bag-dupe-847\/","og_locale":"fr_FR","og_type":"article","og_title":"Dior Bag Dupe 847","og_description":"Old flower Dior|High cost performance The front is decorated with a vintage gold-finished metal CD logo, with a drawstring compartment to store various daily necessities. With an adjustable chain shoulder strap decorated with a leather strap, it can be carried by hand, on the shoulder or across the body to create a comfortable experience. 15 1:1 Replica","og_url":"https:\/\/bagdupe.com\/fr\/product\/dior-bag-dupe-847\/","og_site_name":"Best Designer Bag Dupes | Fragrance Dupe In 2025","article_modified_time":"2025-05-27T15:40:52+00:00","og_image":[{"width":1440,"height":1920,"url":"https:\/\/bagdupe.com\/wp-content\/uploads\/2025\/05\/Dior-Bag-Dupe-847.jpg","type":"image\/jpeg"}],"twitter_card":"summary_large_image","schema":{"@context":"https:\/\/schema.org","@graph":[{"@type":"WebPage","@id":"https:\/\/bagdupe.com\/nb\/product\/dior-bag-dupe-847\/","url":"https:\/\/bagdupe.com\/nb\/product\/dior-bag-dupe-847\/","name":"Dior Bag Dupe 847 1:1 Replica","isPartOf":{"@id":"https:\/\/bagdupe.com\/#website"},"primaryImageOfPage":{"@id":"https:\/\/bagdupe.com\/nb\/product\/dior-bag-dupe-847\/#primaryimage"},"image":{"@id":"https:\/\/bagdupe.com\/nb\/product\/dior-bag-dupe-847\/#primaryimage"},"thumbnailUrl":"https:\/\/bagdupe.com\/wp-content\/uploads\/2025\/05\/Dior-Bag-Dupe-847.jpg","datePublished":"2025-05-27T15:40:51+00:00","dateModified":"2025-05-27T15:40:52+00:00","description":"Old flower Dior|High cost performance The front is decorated with a vintage gold-finished metal CD logo, with a drawstring compartment to store various daily necessities. With an adjustable chain shoulder strap decorated with a leather strap, it can be carried by hand, on the shoulder or across the body to create a comfortable experience. 15 1:1 Replica","breadcrumb":{"@id":"https:\/\/bagdupe.com\/nb\/product\/dior-bag-dupe-847\/#breadcrumb"},"inLanguage":"fr-FR","potentialAction":[{"@type":"ReadAction","target":["https:\/\/bagdupe.com\/nb\/product\/dior-bag-dupe-847\/"]}]},{"@type":"ImageObject","inLanguage":"fr-FR","@id":"https:\/\/bagdupe.com\/nb\/product\/dior-bag-dupe-847\/#primaryimage","url":"https:\/\/bagdupe.com\/wp-content\/uploads\/2025\/05\/Dior-Bag-Dupe-847.jpg","contentUrl":"https:\/\/bagdupe.com\/wp-content\/uploads\/2025\/05\/Dior-Bag-Dupe-847.jpg","width":1440,"height":1920,"caption":"Dior Bag Dupe 847"},{"@type":"BreadcrumbList","@id":"https:\/\/bagdupe.com\/nb\/product\/dior-bag-dupe-847\/#breadcrumb","itemListElement":[{"@type":"ListItem","position":1,"name":"Home","item":"https:\/\/bagdupe.com\/"},{"@type":"ListItem","position":2,"name":"Shop","item":"https:\/\/bagdupe.com\/shop\/"},{"@type":"ListItem","position":3,"name":"Dior Bag Dupe 847"}]},{"@type":"WebSite","@id":"https:\/\/bagdupe.com\/#website","url":"https:\/\/bagdupe.com\/","name":"Best Designer Bag Dupes | Fragrance Dupe In 2025","description":"High quality designer Bags \/ Fragrance Shop. Brands: Louis Vuitton, Hermes, Chanel, Gucci, and Coach are frequently mentioned as having.","publisher":{"@id":"https:\/\/bagdupe.com\/#organization"},"alternateName":"Best Designer Bag Dupes | Fragrance Dupe In 2025","potentialAction":[{"@type":"SearchAction","target":{"@type":"EntryPoint","urlTemplate":"https:\/\/bagdupe.com\/?s={search_term_string}"},"query-input":{"@type":"PropertyValueSpecification","valueRequired":true,"valueName":"search_term_string"}}],"inLanguage":"fr-FR"},{"@type":"Organization","@id":"https:\/\/bagdupe.com\/#organization","name":"Best Designer Bag Dupes | Fragrance Dupe In 2025","alternateName":"Best Designer Bag Dupes | Fragrance Dupe In 2025","url":"https:\/\/bagdupe.com\/","logo":{"@type":"ImageObject","inLanguage":"fr-FR","@id":"https:\/\/bagdupe.com\/#\/schema\/logo\/image\/","url":"https:\/\/bagdupe.com\/wp-content\/uploads\/2025\/05\/bagdupe.com_.webp","contentUrl":"https:\/\/bagdupe.com\/wp-content\/uploads\/2025\/05\/bagdupe.com_.webp","width":800,"height":299,"caption":"Best Designer Bag Dupes | Fragrance Dupe In 2025"},"image":{"@id":"https:\/\/bagdupe.com\/#\/schema\/logo\/image\/"},"description":"High quality designer Bags \/ Fragrance Shop. Brands: Louis Vuitton, Hermes, Chanel, Gucci, and Coach are frequently mentioned as having.","email":"fashionrepsbiz@gmail.com","telephone":"+1 936 666 6246","legalName":"Best Designer Bag Dupes | Fragrance Dupe In 2025","foundingDate":"2015-03-27","vatID":"afd67baw625hbaf","taxID":"5472erdsvert","iso6523Code":"2566yt4hdf565g","duns":"2654rthedg3gvfx","leiCode":"436regtu65hbdfh","naics":"63gvsy658ijngfgw","numberOfEmployees":{"@type":"QuantitativeValue","minValue":"51","maxValue":"200"},"publishingPrinciples":"https:\/\/bagdupe.com\/refund_returns\/","ownershipFundingInfo":"https:\/\/bagdupe.com\/about-dupe-shop\/","actionableFeedbackPolicy":"https:\/\/bagdupe.com\/privacy-policy\/","correctionsPolicy":"https:\/\/bagdupe.com\/privacy-policy\/","ethicsPolicy":"https:\/\/bagdupe.com\/privacy-policy\/","diversityPolicy":"https:\/\/bagdupe.com\/privacy-policy\/"}]}},"_links":{"self":[{"href":"https:\/\/bagdupe.com\/fr\/wp-json\/wp\/v2\/product\/8242","targetHints":{"allow":["GET"]}}],"collection":[{"href":"https:\/\/bagdupe.com\/fr\/wp-json\/wp\/v2\/product"}],"about":[{"href":"https:\/\/bagdupe.com\/fr\/wp-json\/wp\/v2\/types\/product"}],"wp:featuredmedia":[{"embeddable":true,"href":"https:\/\/bagdupe.com\/fr\/wp-json\/wp\/v2\/media\/8243"}],"wp:attachment":[{"href":"https:\/\/bagdupe.com\/fr\/wp-json\/wp\/v2\/media?parent=8242"}],"wp:term":[{"taxonomy":"product_brand","embeddable":true,"href":"https:\/\/bagdupe.com\/fr\/wp-json\/wp\/v2\/product_brand?post=8242"},{"taxonomy":"product_cat","embeddable":true,"href":"https:\/\/bagdupe.com\/fr\/wp-json\/wp\/v2\/product_cat?post=8242"},{"taxonomy":"product_tag","embeddable":true,"href":"https:\/\/bagdupe.com\/fr\/wp-json\/wp\/v2\/product_tag?post=8242"}],"curies":[{"name":"wp","href":"https:\/\/api.w.org\/{rel}","templated":true}]}}