{"id":6032,"date":"2025-05-27T14:51:18","date_gmt":"2025-05-27T14:51:18","guid":{"rendered":"https:\/\/bagdupe.com\/product\/fendi-bag-dupe-1301\/"},"modified":"2025-05-27T14:51:27","modified_gmt":"2025-05-27T14:51:27","slug":"fendi-bag-dupe-1301","status":"publish","type":"product","link":"https:\/\/bagdupe.com\/it\/prodotto\/fendi-bag-dupe-1301\/","title":{"rendered":"Borsa Fendi Dupe 1301"},"content":{"rendered":"<p>Fendi<\/p>\n<p>Borsa da polso regolabile con logo in metallo della serie Grahy, questa borsa si basa sulla forma rotonda e liscia della borsa Hobon a mezzaluna. A prima vista sembra un fagottino e a prima vista una mezzaluna. Il corpo della borsa \u00e8 realizzato in pelle di vitello importata, con una texture chiara e una sensazione morbida e delicata. La sensazione \u00e8 molto confortevole e liscia, e questo tipo di pelle \u00e8 molto resistente e ha una texture molto bella. Apertura e chiusura con cerniera, la mini non ha una catena, ma una catena, la fibbia superiore in metallo dorato, la silhouette curva \u00e8 indossata al polso e pu\u00f2 anche essere appesa a una borsa pi\u00f9 grande. La forma \u00e8 alla moda e all'avanguardia, il logo in metallo \u00e8 nascosto nella parte inferiore della borsa e non c'\u00e8 nessun altro design esagerato. Il design minimalista \u00e8 elegante, alla moda e versatile, giocoso e accattivante, ed \u00e8 del tipo che diventa sempre pi\u00f9 attraente pi\u00f9 lo si guarda. \u00c8 davvero carino, molto adatto per scattare foto, ed \u00e8 ancora pi\u00f9 bello e fresco quando lo si porta con s\u00e9 per il tempo libero quotidiano. L'immagine del sale e del dolce pu\u00f2 essere cambiata liberamente. \u00c8 molto popolare e ha un alto tasso di ritorno. Le sorelle lo compreranno! Dimensioni:<\/p>\n<p>16,5X14X5cm<\/p>\n<p>Borsa Fendi Dupe 1301<\/p>","protected":false},"excerpt":{"rendered":"<p>Fendi<\/p>\n<p>Borsa da polso regolabile con logo in metallo della serie Grahy, questa borsa si basa sulla forma rotonda e liscia della borsa Hobon a mezzaluna. A prima vista sembra un fagottino e a prima vista una mezzaluna. Il corpo della borsa \u00e8 realizzato in pelle di vitello importata, con una texture chiara e una sensazione morbida e delicata. La sensazione \u00e8 molto confortevole e liscia, e questo tipo di pelle \u00e8 molto resistente e ha una texture molto bella. Apertura e chiusura con cerniera, la mini non ha una catena, ma una catena, la fibbia superiore in metallo dorato, la silhouette curva \u00e8 indossata al polso e pu\u00f2 anche essere appesa a una borsa pi\u00f9 grande. La forma \u00e8 alla moda e all'avanguardia, il logo in metallo \u00e8 nascosto nella parte inferiore della borsa e non c'\u00e8 nessun altro design esagerato. Il design minimalista \u00e8 elegante, alla moda e versatile, giocoso e accattivante, ed \u00e8 del tipo che diventa sempre pi\u00f9 attraente pi\u00f9 lo si guarda. \u00c8 davvero carino, molto adatto per scattare foto, ed \u00e8 ancora pi\u00f9 bello e fresco quando lo si porta con s\u00e9 per il tempo libero quotidiano. L'immagine del sale e del dolce pu\u00f2 essere cambiata liberamente. \u00c8 molto popolare e ha un alto tasso di ritorno. Le sorelle lo compreranno! Dimensioni:<\/p>\n<p>16,5X14X5cm<\/p>","protected":false},"featured_media":6033,"template":"","meta":[],"product_brand":[],"product_cat":[64,65],"product_tag":[66,67],"class_list":{"0":"post-6032","1":"product","2":"type-product","3":"status-publish","4":"has-post-thumbnail","6":"product_cat-fendi","7":"product_cat-fendi-bag","8":"product_tag-fendi","9":"product_tag-fendi-bag","11":"first","12":"instock","13":"purchasable","14":"product-type-simple"},"yoast_head":"<!-- This site is optimized with the Yoast SEO Premium plugin v25.2 (Yoast SEO v25.2) - https:\/\/yoast.com\/wordpress\/plugins\/seo\/ -->\n<title>Fendi Bag Dupe 1301 1:1 Replica<\/title>\n<meta name=\"description\" content=\"Fendi Grahy series metal logo adjustable wrist bag underarm bag, this bag is based on the round and smooth Hobon half-moon bag shape. It looks like a dumpling at first glance, and a crescent at first glance. The bag body is made of imported calfskin with clear leather texture and soft and delicate feel. It feels very comfortable and smooth, and this kind of leather is very durable and has a very nice texture. Zipper opening and closing, mini does not have a chain, we give a chain, the top gold metal belt clip buckle, the curved silhouette is worn on the wrist, and can also be hung on a larger handbag. The shape is fashionable and avant-garde, the metal logo is hidden at the bottom of the bag, and there is no other exaggerated design. The minimalist design is elegant, fashionable and versatile, playful and eye-catching, and it is the type that becomes more and more attractive the more you look at it. It is really cute, very suitable for taking pictures, and it is even more beautiful and cool when you carry it for daily leisure. The image of salt and sweet can be freely switched. It is very popular and has a high rate of returning. Sisters are going to buy it! Size: 16.5X14X5cm 1:1 Replica\" \/>\n<meta name=\"robots\" content=\"index, follow, max-snippet:-1, max-image-preview:large, max-video-preview:-1\" \/>\n<link rel=\"canonical\" href=\"https:\/\/bagdupe.com\/it\/product\/fendi-bag-dupe-1301\/\" \/>\n<meta property=\"og:locale\" content=\"it_IT\" \/>\n<meta property=\"og:type\" content=\"article\" \/>\n<meta property=\"og:title\" content=\"Fendi Bag Dupe 1301\" \/>\n<meta property=\"og:description\" content=\"Fendi Grahy series metal logo adjustable wrist bag underarm bag, this bag is based on the round and smooth Hobon half-moon bag shape. It looks like a dumpling at first glance, and a crescent at first glance. The bag body is made of imported calfskin with clear leather texture and soft and delicate feel. It feels very comfortable and smooth, and this kind of leather is very durable and has a very nice texture. Zipper opening and closing, mini does not have a chain, we give a chain, the top gold metal belt clip buckle, the curved silhouette is worn on the wrist, and can also be hung on a larger handbag. The shape is fashionable and avant-garde, the metal logo is hidden at the bottom of the bag, and there is no other exaggerated design. The minimalist design is elegant, fashionable and versatile, playful and eye-catching, and it is the type that becomes more and more attractive the more you look at it. It is really cute, very suitable for taking pictures, and it is even more beautiful and cool when you carry it for daily leisure. The image of salt and sweet can be freely switched. It is very popular and has a high rate of returning. Sisters are going to buy it! Size: 16.5X14X5cm 1:1 Replica\" \/>\n<meta property=\"og:url\" content=\"https:\/\/bagdupe.com\/it\/product\/fendi-bag-dupe-1301\/\" \/>\n<meta property=\"og:site_name\" content=\"Best Designer Bag Dupes | Fragrance Dupe In 2025\" \/>\n<meta property=\"article:modified_time\" content=\"2025-05-27T14:51:27+00:00\" \/>\n<meta property=\"og:image\" content=\"https:\/\/bagdupe.com\/wp-content\/uploads\/2025\/05\/Fendi-Bag-Dupe-1301.jpg\" \/>\n\t<meta property=\"og:image:width\" content=\"1440\" \/>\n\t<meta property=\"og:image:height\" content=\"1917\" \/>\n\t<meta property=\"og:image:type\" content=\"image\/jpeg\" \/>\n<meta name=\"twitter:card\" content=\"summary_large_image\" \/>\n<meta name=\"twitter:label1\" content=\"Tempo di lettura stimato\" \/>\n\t<meta name=\"twitter:data1\" content=\"1 minuto\" \/>\n<script type=\"application\/ld+json\" class=\"yoast-schema-graph\">{\"@context\":\"https:\/\/schema.org\",\"@graph\":[{\"@type\":\"WebPage\",\"@id\":\"https:\/\/bagdupe.com\/nb\/product\/fendi-bag-dupe-1301\/\",\"url\":\"https:\/\/bagdupe.com\/nb\/product\/fendi-bag-dupe-1301\/\",\"name\":\"Fendi Bag Dupe 1301 1:1 Replica\",\"isPartOf\":{\"@id\":\"https:\/\/bagdupe.com\/#website\"},\"primaryImageOfPage\":{\"@id\":\"https:\/\/bagdupe.com\/nb\/product\/fendi-bag-dupe-1301\/#primaryimage\"},\"image\":{\"@id\":\"https:\/\/bagdupe.com\/nb\/product\/fendi-bag-dupe-1301\/#primaryimage\"},\"thumbnailUrl\":\"https:\/\/bagdupe.com\/wp-content\/uploads\/2025\/05\/Fendi-Bag-Dupe-1301.jpg\",\"datePublished\":\"2025-05-27T14:51:18+00:00\",\"dateModified\":\"2025-05-27T14:51:27+00:00\",\"description\":\"Fendi Grahy series metal logo adjustable wrist bag underarm bag, this bag is based on the round and smooth Hobon half-moon bag shape. It looks like a dumpling at first glance, and a crescent at first glance. The bag body is made of imported calfskin with clear leather texture and soft and delicate feel. It feels very comfortable and smooth, and this kind of leather is very durable and has a very nice texture. Zipper opening and closing, mini does not have a chain, we give a chain, the top gold metal belt clip buckle, the curved silhouette is worn on the wrist, and can also be hung on a larger handbag. The shape is fashionable and avant-garde, the metal logo is hidden at the bottom of the bag, and there is no other exaggerated design. The minimalist design is elegant, fashionable and versatile, playful and eye-catching, and it is the type that becomes more and more attractive the more you look at it. It is really cute, very suitable for taking pictures, and it is even more beautiful and cool when you carry it for daily leisure. The image of salt and sweet can be freely switched. It is very popular and has a high rate of returning. Sisters are going to buy it! Size: 16.5X14X5cm 1:1 Replica\",\"breadcrumb\":{\"@id\":\"https:\/\/bagdupe.com\/nb\/product\/fendi-bag-dupe-1301\/#breadcrumb\"},\"inLanguage\":\"it-IT\",\"potentialAction\":[{\"@type\":\"ReadAction\",\"target\":[\"https:\/\/bagdupe.com\/nb\/product\/fendi-bag-dupe-1301\/\"]}]},{\"@type\":\"ImageObject\",\"inLanguage\":\"it-IT\",\"@id\":\"https:\/\/bagdupe.com\/nb\/product\/fendi-bag-dupe-1301\/#primaryimage\",\"url\":\"https:\/\/bagdupe.com\/wp-content\/uploads\/2025\/05\/Fendi-Bag-Dupe-1301.jpg\",\"contentUrl\":\"https:\/\/bagdupe.com\/wp-content\/uploads\/2025\/05\/Fendi-Bag-Dupe-1301.jpg\",\"width\":1440,\"height\":1917,\"caption\":\"Fendi Bag Dupe 1301\"},{\"@type\":\"BreadcrumbList\",\"@id\":\"https:\/\/bagdupe.com\/nb\/product\/fendi-bag-dupe-1301\/#breadcrumb\",\"itemListElement\":[{\"@type\":\"ListItem\",\"position\":1,\"name\":\"Home\",\"item\":\"https:\/\/bagdupe.com\/\"},{\"@type\":\"ListItem\",\"position\":2,\"name\":\"Shop\",\"item\":\"https:\/\/bagdupe.com\/shop\/\"},{\"@type\":\"ListItem\",\"position\":3,\"name\":\"Fendi Bag Dupe 1301\"}]},{\"@type\":\"WebSite\",\"@id\":\"https:\/\/bagdupe.com\/#website\",\"url\":\"https:\/\/bagdupe.com\/\",\"name\":\"Best Designer Bag Dupes | Fragrance Dupe In 2025\",\"description\":\"High quality designer Bags \/ Fragrance Shop. Brands: Louis Vuitton, Hermes, Chanel, Gucci, and Coach are frequently mentioned as having.\",\"publisher\":{\"@id\":\"https:\/\/bagdupe.com\/#organization\"},\"alternateName\":\"Best Designer Bag Dupes | Fragrance Dupe In 2025\",\"potentialAction\":[{\"@type\":\"SearchAction\",\"target\":{\"@type\":\"EntryPoint\",\"urlTemplate\":\"https:\/\/bagdupe.com\/?s={search_term_string}\"},\"query-input\":{\"@type\":\"PropertyValueSpecification\",\"valueRequired\":true,\"valueName\":\"search_term_string\"}}],\"inLanguage\":\"it-IT\"},{\"@type\":\"Organization\",\"@id\":\"https:\/\/bagdupe.com\/#organization\",\"name\":\"Best Designer Bag Dupes | Fragrance Dupe In 2025\",\"alternateName\":\"Best Designer Bag Dupes | Fragrance Dupe In 2025\",\"url\":\"https:\/\/bagdupe.com\/\",\"logo\":{\"@type\":\"ImageObject\",\"inLanguage\":\"it-IT\",\"@id\":\"https:\/\/bagdupe.com\/#\/schema\/logo\/image\/\",\"url\":\"https:\/\/bagdupe.com\/wp-content\/uploads\/2025\/05\/bagdupe.com_.webp\",\"contentUrl\":\"https:\/\/bagdupe.com\/wp-content\/uploads\/2025\/05\/bagdupe.com_.webp\",\"width\":800,\"height\":299,\"caption\":\"Best Designer Bag Dupes | Fragrance Dupe In 2025\"},\"image\":{\"@id\":\"https:\/\/bagdupe.com\/#\/schema\/logo\/image\/\"},\"description\":\"High quality designer Bags \/ Fragrance Shop. Brands: Louis Vuitton, Hermes, Chanel, Gucci, and Coach are frequently mentioned as having.\",\"email\":\"fashionrepsbiz@gmail.com\",\"telephone\":\"+1 936 666 6246\",\"legalName\":\"Best Designer Bag Dupes | Fragrance Dupe In 2025\",\"foundingDate\":\"2015-03-27\",\"vatID\":\"afd67baw625hbaf\",\"taxID\":\"5472erdsvert\",\"iso6523Code\":\"2566yt4hdf565g\",\"duns\":\"2654rthedg3gvfx\",\"leiCode\":\"436regtu65hbdfh\",\"naics\":\"63gvsy658ijngfgw\",\"numberOfEmployees\":{\"@type\":\"QuantitativeValue\",\"minValue\":\"51\",\"maxValue\":\"200\"},\"publishingPrinciples\":\"https:\/\/bagdupe.com\/refund_returns\/\",\"ownershipFundingInfo\":\"https:\/\/bagdupe.com\/about-dupe-shop\/\",\"actionableFeedbackPolicy\":\"https:\/\/bagdupe.com\/privacy-policy\/\",\"correctionsPolicy\":\"https:\/\/bagdupe.com\/privacy-policy\/\",\"ethicsPolicy\":\"https:\/\/bagdupe.com\/privacy-policy\/\",\"diversityPolicy\":\"https:\/\/bagdupe.com\/privacy-policy\/\"}]}<\/script>\n<!-- \/ Yoast SEO Premium plugin. -->","yoast_head_json":{"title":"Fendi Bag Dupe 1301 1:1 Replica","description":"Fendi Grahy series metal logo adjustable wrist bag underarm bag, this bag is based on the round and smooth Hobon half-moon bag shape. It looks like a dumpling at first glance, and a crescent at first glance. The bag body is made of imported calfskin with clear leather texture and soft and delicate feel. It feels very comfortable and smooth, and this kind of leather is very durable and has a very nice texture. Zipper opening and closing, mini does not have a chain, we give a chain, the top gold metal belt clip buckle, the curved silhouette is worn on the wrist, and can also be hung on a larger handbag. The shape is fashionable and avant-garde, the metal logo is hidden at the bottom of the bag, and there is no other exaggerated design. The minimalist design is elegant, fashionable and versatile, playful and eye-catching, and it is the type that becomes more and more attractive the more you look at it. It is really cute, very suitable for taking pictures, and it is even more beautiful and cool when you carry it for daily leisure. The image of salt and sweet can be freely switched. It is very popular and has a high rate of returning. Sisters are going to buy it! Size: 16.5X14X5cm 1:1 Replica","robots":{"index":"index","follow":"follow","max-snippet":"max-snippet:-1","max-image-preview":"max-image-preview:large","max-video-preview":"max-video-preview:-1"},"canonical":"https:\/\/bagdupe.com\/it\/product\/fendi-bag-dupe-1301\/","og_locale":"it_IT","og_type":"article","og_title":"Fendi Bag Dupe 1301","og_description":"Fendi Grahy series metal logo adjustable wrist bag underarm bag, this bag is based on the round and smooth Hobon half-moon bag shape. It looks like a dumpling at first glance, and a crescent at first glance. The bag body is made of imported calfskin with clear leather texture and soft and delicate feel. It feels very comfortable and smooth, and this kind of leather is very durable and has a very nice texture. Zipper opening and closing, mini does not have a chain, we give a chain, the top gold metal belt clip buckle, the curved silhouette is worn on the wrist, and can also be hung on a larger handbag. The shape is fashionable and avant-garde, the metal logo is hidden at the bottom of the bag, and there is no other exaggerated design. The minimalist design is elegant, fashionable and versatile, playful and eye-catching, and it is the type that becomes more and more attractive the more you look at it. It is really cute, very suitable for taking pictures, and it is even more beautiful and cool when you carry it for daily leisure. The image of salt and sweet can be freely switched. It is very popular and has a high rate of returning. Sisters are going to buy it! Size: 16.5X14X5cm 1:1 Replica","og_url":"https:\/\/bagdupe.com\/it\/product\/fendi-bag-dupe-1301\/","og_site_name":"Best Designer Bag Dupes | Fragrance Dupe In 2025","article_modified_time":"2025-05-27T14:51:27+00:00","og_image":[{"width":1440,"height":1917,"url":"https:\/\/bagdupe.com\/wp-content\/uploads\/2025\/05\/Fendi-Bag-Dupe-1301.jpg","type":"image\/jpeg"}],"twitter_card":"summary_large_image","twitter_misc":{"Tempo di lettura stimato":"1 minuto"},"schema":{"@context":"https:\/\/schema.org","@graph":[{"@type":"WebPage","@id":"https:\/\/bagdupe.com\/nb\/product\/fendi-bag-dupe-1301\/","url":"https:\/\/bagdupe.com\/nb\/product\/fendi-bag-dupe-1301\/","name":"Fendi Bag Dupe 1301 1:1 Replica","isPartOf":{"@id":"https:\/\/bagdupe.com\/#website"},"primaryImageOfPage":{"@id":"https:\/\/bagdupe.com\/nb\/product\/fendi-bag-dupe-1301\/#primaryimage"},"image":{"@id":"https:\/\/bagdupe.com\/nb\/product\/fendi-bag-dupe-1301\/#primaryimage"},"thumbnailUrl":"https:\/\/bagdupe.com\/wp-content\/uploads\/2025\/05\/Fendi-Bag-Dupe-1301.jpg","datePublished":"2025-05-27T14:51:18+00:00","dateModified":"2025-05-27T14:51:27+00:00","description":"Fendi Grahy series metal logo adjustable wrist bag underarm bag, this bag is based on the round and smooth Hobon half-moon bag shape. It looks like a dumpling at first glance, and a crescent at first glance. The bag body is made of imported calfskin with clear leather texture and soft and delicate feel. It feels very comfortable and smooth, and this kind of leather is very durable and has a very nice texture. Zipper opening and closing, mini does not have a chain, we give a chain, the top gold metal belt clip buckle, the curved silhouette is worn on the wrist, and can also be hung on a larger handbag. The shape is fashionable and avant-garde, the metal logo is hidden at the bottom of the bag, and there is no other exaggerated design. The minimalist design is elegant, fashionable and versatile, playful and eye-catching, and it is the type that becomes more and more attractive the more you look at it. It is really cute, very suitable for taking pictures, and it is even more beautiful and cool when you carry it for daily leisure. The image of salt and sweet can be freely switched. It is very popular and has a high rate of returning. Sisters are going to buy it! Size: 16.5X14X5cm 1:1 Replica","breadcrumb":{"@id":"https:\/\/bagdupe.com\/nb\/product\/fendi-bag-dupe-1301\/#breadcrumb"},"inLanguage":"it-IT","potentialAction":[{"@type":"ReadAction","target":["https:\/\/bagdupe.com\/nb\/product\/fendi-bag-dupe-1301\/"]}]},{"@type":"ImageObject","inLanguage":"it-IT","@id":"https:\/\/bagdupe.com\/nb\/product\/fendi-bag-dupe-1301\/#primaryimage","url":"https:\/\/bagdupe.com\/wp-content\/uploads\/2025\/05\/Fendi-Bag-Dupe-1301.jpg","contentUrl":"https:\/\/bagdupe.com\/wp-content\/uploads\/2025\/05\/Fendi-Bag-Dupe-1301.jpg","width":1440,"height":1917,"caption":"Fendi Bag Dupe 1301"},{"@type":"BreadcrumbList","@id":"https:\/\/bagdupe.com\/nb\/product\/fendi-bag-dupe-1301\/#breadcrumb","itemListElement":[{"@type":"ListItem","position":1,"name":"Home","item":"https:\/\/bagdupe.com\/"},{"@type":"ListItem","position":2,"name":"Shop","item":"https:\/\/bagdupe.com\/shop\/"},{"@type":"ListItem","position":3,"name":"Fendi Bag Dupe 1301"}]},{"@type":"WebSite","@id":"https:\/\/bagdupe.com\/#website","url":"https:\/\/bagdupe.com\/","name":"Best Designer Bag Dupes | Fragrance Dupe In 2025","description":"High quality designer Bags \/ Fragrance Shop. Brands: Louis Vuitton, Hermes, Chanel, Gucci, and Coach are frequently mentioned as having.","publisher":{"@id":"https:\/\/bagdupe.com\/#organization"},"alternateName":"Best Designer Bag Dupes | Fragrance Dupe In 2025","potentialAction":[{"@type":"SearchAction","target":{"@type":"EntryPoint","urlTemplate":"https:\/\/bagdupe.com\/?s={search_term_string}"},"query-input":{"@type":"PropertyValueSpecification","valueRequired":true,"valueName":"search_term_string"}}],"inLanguage":"it-IT"},{"@type":"Organization","@id":"https:\/\/bagdupe.com\/#organization","name":"Best Designer Bag Dupes | Fragrance Dupe In 2025","alternateName":"Best Designer Bag Dupes | Fragrance Dupe In 2025","url":"https:\/\/bagdupe.com\/","logo":{"@type":"ImageObject","inLanguage":"it-IT","@id":"https:\/\/bagdupe.com\/#\/schema\/logo\/image\/","url":"https:\/\/bagdupe.com\/wp-content\/uploads\/2025\/05\/bagdupe.com_.webp","contentUrl":"https:\/\/bagdupe.com\/wp-content\/uploads\/2025\/05\/bagdupe.com_.webp","width":800,"height":299,"caption":"Best Designer Bag Dupes | Fragrance Dupe In 2025"},"image":{"@id":"https:\/\/bagdupe.com\/#\/schema\/logo\/image\/"},"description":"High quality designer Bags \/ Fragrance Shop. Brands: Louis Vuitton, Hermes, Chanel, Gucci, and Coach are frequently mentioned as having.","email":"fashionrepsbiz@gmail.com","telephone":"+1 936 666 6246","legalName":"Best Designer Bag Dupes | Fragrance Dupe In 2025","foundingDate":"2015-03-27","vatID":"afd67baw625hbaf","taxID":"5472erdsvert","iso6523Code":"2566yt4hdf565g","duns":"2654rthedg3gvfx","leiCode":"436regtu65hbdfh","naics":"63gvsy658ijngfgw","numberOfEmployees":{"@type":"QuantitativeValue","minValue":"51","maxValue":"200"},"publishingPrinciples":"https:\/\/bagdupe.com\/refund_returns\/","ownershipFundingInfo":"https:\/\/bagdupe.com\/about-dupe-shop\/","actionableFeedbackPolicy":"https:\/\/bagdupe.com\/privacy-policy\/","correctionsPolicy":"https:\/\/bagdupe.com\/privacy-policy\/","ethicsPolicy":"https:\/\/bagdupe.com\/privacy-policy\/","diversityPolicy":"https:\/\/bagdupe.com\/privacy-policy\/"}]}},"_links":{"self":[{"href":"https:\/\/bagdupe.com\/it\/wp-json\/wp\/v2\/product\/6032","targetHints":{"allow":["GET"]}}],"collection":[{"href":"https:\/\/bagdupe.com\/it\/wp-json\/wp\/v2\/product"}],"about":[{"href":"https:\/\/bagdupe.com\/it\/wp-json\/wp\/v2\/types\/product"}],"wp:featuredmedia":[{"embeddable":true,"href":"https:\/\/bagdupe.com\/it\/wp-json\/wp\/v2\/media\/6033"}],"wp:attachment":[{"href":"https:\/\/bagdupe.com\/it\/wp-json\/wp\/v2\/media?parent=6032"}],"wp:term":[{"taxonomy":"product_brand","embeddable":true,"href":"https:\/\/bagdupe.com\/it\/wp-json\/wp\/v2\/product_brand?post=6032"},{"taxonomy":"product_cat","embeddable":true,"href":"https:\/\/bagdupe.com\/it\/wp-json\/wp\/v2\/product_cat?post=6032"},{"taxonomy":"product_tag","embeddable":true,"href":"https:\/\/bagdupe.com\/it\/wp-json\/wp\/v2\/product_tag?post=6032"}],"curies":[{"name":"wp","href":"https:\/\/api.w.org\/{rel}","templated":true}]}}