{"id":8834,"date":"2025-05-27T15:55:01","date_gmt":"2025-05-27T15:55:01","guid":{"rendered":"https:\/\/bagdupe.com\/product\/miu-miu-bag-dupe-727\/"},"modified":"2025-05-27T15:55:01","modified_gmt":"2025-05-27T15:55:01","slug":"miu-miu-bag-dupe-727","status":"publish","type":"product","link":"https:\/\/bagdupe.com\/it\/prodotto\/miu-miu-bag-dupe-727\/","title":{"rendered":"Miu Miu Borsa Dupe 727"},"content":{"rendered":"<p>Miu Miu miu&#8217;miu color-blocked tote bag<br \/>\nQuesta tote bag patchata \u00e8 davvero la mia preferita di recente!<br \/>\nPerch\u00e9? Perch\u00e9 pu\u00f2 contenere molte cose!<br \/>\nCompresse, sacchetti per cosmetici,<br \/>\nLa tasca interna pu\u00f2 contenere anche oggetti di piccole dimensioni, in modo da non dover correre in giro a cercare le cose!<br \/>\nSorelle, affrettatevi o ve lo perderete!<\/p>\n<p>Miu Miu Borsa Dupe 727<\/p>","protected":false},"excerpt":{"rendered":"<p>Miu Miu miu&#8217;miu color-blocked tote bag<br \/>\nQuesta tote bag patchata \u00e8 davvero la mia preferita di recente!<br \/>\nPerch\u00e9? Perch\u00e9 pu\u00f2 contenere molte cose!<br \/>\nCompresse, sacchetti per cosmetici,<br \/>\nLa tasca interna pu\u00f2 contenere anche oggetti di piccole dimensioni, in modo da non dover correre in giro a cercare le cose!<br \/>\nSorelle, affrettatevi o ve lo perderete!<\/p>","protected":false},"featured_media":8835,"template":"","meta":[],"product_brand":[],"product_cat":[84,85],"product_tag":[86,87],"class_list":{"0":"post-8834","1":"product","2":"type-product","3":"status-publish","4":"has-post-thumbnail","6":"product_cat-miu-miu","7":"product_cat-miu-miu-bag","8":"product_tag-miu-miu","9":"product_tag-miu-miu-bag","11":"first","12":"instock","13":"purchasable","14":"product-type-simple"},"yoast_head":"<!-- This site is optimized with the Yoast SEO Premium plugin v25.2 (Yoast SEO v25.2) - https:\/\/yoast.com\/wordpress\/plugins\/seo\/ -->\n<title>Miu Miu Bag Dupe 727 1:1 Replica<\/title>\n<meta name=\"description\" content=\"Miu Miu miu&#039;miu color-blocked tote bag This patch tote bag is really my favorite recently! Why? Because it can hold a lot of things! Tablets, cosmetic bags, The inner pocket can also hold small items, so you don&#039;t have to rush around when looking for things! Sisters, hurry up, or you&#039;ll miss out! 1:1 Replica\" \/>\n<meta name=\"robots\" content=\"index, follow, max-snippet:-1, max-image-preview:large, max-video-preview:-1\" \/>\n<link rel=\"canonical\" href=\"https:\/\/bagdupe.com\/it\/product\/miu-miu-bag-dupe-727\/\" \/>\n<meta property=\"og:locale\" content=\"it_IT\" \/>\n<meta property=\"og:type\" content=\"article\" \/>\n<meta property=\"og:title\" content=\"Miu Miu Bag Dupe 727\" \/>\n<meta property=\"og:description\" content=\"Miu Miu miu&#039;miu color-blocked tote bag This patch tote bag is really my favorite recently! Why? Because it can hold a lot of things! Tablets, cosmetic bags, The inner pocket can also hold small items, so you don&#039;t have to rush around when looking for things! Sisters, hurry up, or you&#039;ll miss out! 1:1 Replica\" \/>\n<meta property=\"og:url\" content=\"https:\/\/bagdupe.com\/it\/product\/miu-miu-bag-dupe-727\/\" \/>\n<meta property=\"og:site_name\" content=\"Best Designer Bag Dupes | Fragrance Dupe In 2025\" \/>\n<meta property=\"og:image\" content=\"https:\/\/bagdupe.com\/wp-content\/uploads\/2025\/05\/Miu-Miu-Bag-Dupe-727.jpg\" \/>\n\t<meta property=\"og:image:width\" content=\"1080\" \/>\n\t<meta property=\"og:image:height\" content=\"1439\" \/>\n\t<meta property=\"og:image:type\" content=\"image\/jpeg\" \/>\n<meta name=\"twitter:card\" content=\"summary_large_image\" \/>\n<script type=\"application\/ld+json\" class=\"yoast-schema-graph\">{\"@context\":\"https:\/\/schema.org\",\"@graph\":[{\"@type\":\"WebPage\",\"@id\":\"https:\/\/bagdupe.com\/nb\/product\/miu-miu-bag-dupe-727\/\",\"url\":\"https:\/\/bagdupe.com\/nb\/product\/miu-miu-bag-dupe-727\/\",\"name\":\"Miu Miu Bag Dupe 727 1:1 Replica\",\"isPartOf\":{\"@id\":\"https:\/\/bagdupe.com\/#website\"},\"primaryImageOfPage\":{\"@id\":\"https:\/\/bagdupe.com\/nb\/product\/miu-miu-bag-dupe-727\/#primaryimage\"},\"image\":{\"@id\":\"https:\/\/bagdupe.com\/nb\/product\/miu-miu-bag-dupe-727\/#primaryimage\"},\"thumbnailUrl\":\"https:\/\/bagdupe.com\/wp-content\/uploads\/2025\/05\/Miu-Miu-Bag-Dupe-727.jpg\",\"datePublished\":\"2025-05-27T15:55:01+00:00\",\"description\":\"Miu Miu miu'miu color-blocked tote bag This patch tote bag is really my favorite recently! Why? Because it can hold a lot of things! Tablets, cosmetic bags, The inner pocket can also hold small items, so you don't have to rush around when looking for things! Sisters, hurry up, or you'll miss out! 1:1 Replica\",\"breadcrumb\":{\"@id\":\"https:\/\/bagdupe.com\/nb\/product\/miu-miu-bag-dupe-727\/#breadcrumb\"},\"inLanguage\":\"it-IT\",\"potentialAction\":[{\"@type\":\"ReadAction\",\"target\":[\"https:\/\/bagdupe.com\/nb\/product\/miu-miu-bag-dupe-727\/\"]}]},{\"@type\":\"ImageObject\",\"inLanguage\":\"it-IT\",\"@id\":\"https:\/\/bagdupe.com\/nb\/product\/miu-miu-bag-dupe-727\/#primaryimage\",\"url\":\"https:\/\/bagdupe.com\/wp-content\/uploads\/2025\/05\/Miu-Miu-Bag-Dupe-727.jpg\",\"contentUrl\":\"https:\/\/bagdupe.com\/wp-content\/uploads\/2025\/05\/Miu-Miu-Bag-Dupe-727.jpg\",\"width\":1080,\"height\":1439,\"caption\":\"Miu Miu Bag Dupe 727\"},{\"@type\":\"BreadcrumbList\",\"@id\":\"https:\/\/bagdupe.com\/nb\/product\/miu-miu-bag-dupe-727\/#breadcrumb\",\"itemListElement\":[{\"@type\":\"ListItem\",\"position\":1,\"name\":\"Home\",\"item\":\"https:\/\/bagdupe.com\/\"},{\"@type\":\"ListItem\",\"position\":2,\"name\":\"Shop\",\"item\":\"https:\/\/bagdupe.com\/shop\/\"},{\"@type\":\"ListItem\",\"position\":3,\"name\":\"Miu Miu Bag Dupe 727\"}]},{\"@type\":\"WebSite\",\"@id\":\"https:\/\/bagdupe.com\/#website\",\"url\":\"https:\/\/bagdupe.com\/\",\"name\":\"Best Designer Bag Dupes | Fragrance Dupe In 2025\",\"description\":\"High quality designer Bags \/ Fragrance Shop. Brands: Louis Vuitton, Hermes, Chanel, Gucci, and Coach are frequently mentioned as having.\",\"publisher\":{\"@id\":\"https:\/\/bagdupe.com\/#organization\"},\"alternateName\":\"Best Designer Bag Dupes | Fragrance Dupe In 2025\",\"potentialAction\":[{\"@type\":\"SearchAction\",\"target\":{\"@type\":\"EntryPoint\",\"urlTemplate\":\"https:\/\/bagdupe.com\/?s={search_term_string}\"},\"query-input\":{\"@type\":\"PropertyValueSpecification\",\"valueRequired\":true,\"valueName\":\"search_term_string\"}}],\"inLanguage\":\"it-IT\"},{\"@type\":\"Organization\",\"@id\":\"https:\/\/bagdupe.com\/#organization\",\"name\":\"Best Designer Bag Dupes | Fragrance Dupe In 2025\",\"alternateName\":\"Best Designer Bag Dupes | Fragrance Dupe In 2025\",\"url\":\"https:\/\/bagdupe.com\/\",\"logo\":{\"@type\":\"ImageObject\",\"inLanguage\":\"it-IT\",\"@id\":\"https:\/\/bagdupe.com\/#\/schema\/logo\/image\/\",\"url\":\"https:\/\/bagdupe.com\/wp-content\/uploads\/2025\/05\/bagdupe.com_.webp\",\"contentUrl\":\"https:\/\/bagdupe.com\/wp-content\/uploads\/2025\/05\/bagdupe.com_.webp\",\"width\":800,\"height\":299,\"caption\":\"Best Designer Bag Dupes | Fragrance Dupe In 2025\"},\"image\":{\"@id\":\"https:\/\/bagdupe.com\/#\/schema\/logo\/image\/\"},\"description\":\"High quality designer Bags \/ Fragrance Shop. Brands: Louis Vuitton, Hermes, Chanel, Gucci, and Coach are frequently mentioned as having.\",\"email\":\"fashionrepsbiz@gmail.com\",\"telephone\":\"+1 936 666 6246\",\"legalName\":\"Best Designer Bag Dupes | Fragrance Dupe In 2025\",\"foundingDate\":\"2015-03-27\",\"vatID\":\"afd67baw625hbaf\",\"taxID\":\"5472erdsvert\",\"iso6523Code\":\"2566yt4hdf565g\",\"duns\":\"2654rthedg3gvfx\",\"leiCode\":\"436regtu65hbdfh\",\"naics\":\"63gvsy658ijngfgw\",\"numberOfEmployees\":{\"@type\":\"QuantitativeValue\",\"minValue\":\"51\",\"maxValue\":\"200\"},\"publishingPrinciples\":\"https:\/\/bagdupe.com\/refund_returns\/\",\"ownershipFundingInfo\":\"https:\/\/bagdupe.com\/about-dupe-shop\/\",\"actionableFeedbackPolicy\":\"https:\/\/bagdupe.com\/privacy-policy\/\",\"correctionsPolicy\":\"https:\/\/bagdupe.com\/privacy-policy\/\",\"ethicsPolicy\":\"https:\/\/bagdupe.com\/privacy-policy\/\",\"diversityPolicy\":\"https:\/\/bagdupe.com\/privacy-policy\/\"}]}<\/script>\n<!-- \/ Yoast SEO Premium plugin. -->","yoast_head_json":{"title":"Miu Miu Bag Dupe 727 1:1 Replica","description":"Miu Miu miu'miu color-blocked tote bag This patch tote bag is really my favorite recently! Why? Because it can hold a lot of things! Tablets, cosmetic bags, The inner pocket can also hold small items, so you don't have to rush around when looking for things! Sisters, hurry up, or you'll miss out! 1:1 Replica","robots":{"index":"index","follow":"follow","max-snippet":"max-snippet:-1","max-image-preview":"max-image-preview:large","max-video-preview":"max-video-preview:-1"},"canonical":"https:\/\/bagdupe.com\/it\/product\/miu-miu-bag-dupe-727\/","og_locale":"it_IT","og_type":"article","og_title":"Miu Miu Bag Dupe 727","og_description":"Miu Miu miu'miu color-blocked tote bag This patch tote bag is really my favorite recently! Why? Because it can hold a lot of things! Tablets, cosmetic bags, The inner pocket can also hold small items, so you don't have to rush around when looking for things! Sisters, hurry up, or you'll miss out! 1:1 Replica","og_url":"https:\/\/bagdupe.com\/it\/product\/miu-miu-bag-dupe-727\/","og_site_name":"Best Designer Bag Dupes | Fragrance Dupe In 2025","og_image":[{"width":1080,"height":1439,"url":"https:\/\/bagdupe.com\/wp-content\/uploads\/2025\/05\/Miu-Miu-Bag-Dupe-727.jpg","type":"image\/jpeg"}],"twitter_card":"summary_large_image","schema":{"@context":"https:\/\/schema.org","@graph":[{"@type":"WebPage","@id":"https:\/\/bagdupe.com\/nb\/product\/miu-miu-bag-dupe-727\/","url":"https:\/\/bagdupe.com\/nb\/product\/miu-miu-bag-dupe-727\/","name":"Miu Miu Bag Dupe 727 1:1 Replica","isPartOf":{"@id":"https:\/\/bagdupe.com\/#website"},"primaryImageOfPage":{"@id":"https:\/\/bagdupe.com\/nb\/product\/miu-miu-bag-dupe-727\/#primaryimage"},"image":{"@id":"https:\/\/bagdupe.com\/nb\/product\/miu-miu-bag-dupe-727\/#primaryimage"},"thumbnailUrl":"https:\/\/bagdupe.com\/wp-content\/uploads\/2025\/05\/Miu-Miu-Bag-Dupe-727.jpg","datePublished":"2025-05-27T15:55:01+00:00","description":"Miu Miu miu'miu color-blocked tote bag This patch tote bag is really my favorite recently! Why? Because it can hold a lot of things! Tablets, cosmetic bags, The inner pocket can also hold small items, so you don't have to rush around when looking for things! Sisters, hurry up, or you'll miss out! 1:1 Replica","breadcrumb":{"@id":"https:\/\/bagdupe.com\/nb\/product\/miu-miu-bag-dupe-727\/#breadcrumb"},"inLanguage":"it-IT","potentialAction":[{"@type":"ReadAction","target":["https:\/\/bagdupe.com\/nb\/product\/miu-miu-bag-dupe-727\/"]}]},{"@type":"ImageObject","inLanguage":"it-IT","@id":"https:\/\/bagdupe.com\/nb\/product\/miu-miu-bag-dupe-727\/#primaryimage","url":"https:\/\/bagdupe.com\/wp-content\/uploads\/2025\/05\/Miu-Miu-Bag-Dupe-727.jpg","contentUrl":"https:\/\/bagdupe.com\/wp-content\/uploads\/2025\/05\/Miu-Miu-Bag-Dupe-727.jpg","width":1080,"height":1439,"caption":"Miu Miu Bag Dupe 727"},{"@type":"BreadcrumbList","@id":"https:\/\/bagdupe.com\/nb\/product\/miu-miu-bag-dupe-727\/#breadcrumb","itemListElement":[{"@type":"ListItem","position":1,"name":"Home","item":"https:\/\/bagdupe.com\/"},{"@type":"ListItem","position":2,"name":"Shop","item":"https:\/\/bagdupe.com\/shop\/"},{"@type":"ListItem","position":3,"name":"Miu Miu Bag Dupe 727"}]},{"@type":"WebSite","@id":"https:\/\/bagdupe.com\/#website","url":"https:\/\/bagdupe.com\/","name":"Best Designer Bag Dupes | Fragrance Dupe In 2025","description":"High quality designer Bags \/ Fragrance Shop. Brands: Louis Vuitton, Hermes, Chanel, Gucci, and Coach are frequently mentioned as having.","publisher":{"@id":"https:\/\/bagdupe.com\/#organization"},"alternateName":"Best Designer Bag Dupes | Fragrance Dupe In 2025","potentialAction":[{"@type":"SearchAction","target":{"@type":"EntryPoint","urlTemplate":"https:\/\/bagdupe.com\/?s={search_term_string}"},"query-input":{"@type":"PropertyValueSpecification","valueRequired":true,"valueName":"search_term_string"}}],"inLanguage":"it-IT"},{"@type":"Organization","@id":"https:\/\/bagdupe.com\/#organization","name":"Best Designer Bag Dupes | Fragrance Dupe In 2025","alternateName":"Best Designer Bag Dupes | Fragrance Dupe In 2025","url":"https:\/\/bagdupe.com\/","logo":{"@type":"ImageObject","inLanguage":"it-IT","@id":"https:\/\/bagdupe.com\/#\/schema\/logo\/image\/","url":"https:\/\/bagdupe.com\/wp-content\/uploads\/2025\/05\/bagdupe.com_.webp","contentUrl":"https:\/\/bagdupe.com\/wp-content\/uploads\/2025\/05\/bagdupe.com_.webp","width":800,"height":299,"caption":"Best Designer Bag Dupes | Fragrance Dupe In 2025"},"image":{"@id":"https:\/\/bagdupe.com\/#\/schema\/logo\/image\/"},"description":"High quality designer Bags \/ Fragrance Shop. Brands: Louis Vuitton, Hermes, Chanel, Gucci, and Coach are frequently mentioned as having.","email":"fashionrepsbiz@gmail.com","telephone":"+1 936 666 6246","legalName":"Best Designer Bag Dupes | Fragrance Dupe In 2025","foundingDate":"2015-03-27","vatID":"afd67baw625hbaf","taxID":"5472erdsvert","iso6523Code":"2566yt4hdf565g","duns":"2654rthedg3gvfx","leiCode":"436regtu65hbdfh","naics":"63gvsy658ijngfgw","numberOfEmployees":{"@type":"QuantitativeValue","minValue":"51","maxValue":"200"},"publishingPrinciples":"https:\/\/bagdupe.com\/refund_returns\/","ownershipFundingInfo":"https:\/\/bagdupe.com\/about-dupe-shop\/","actionableFeedbackPolicy":"https:\/\/bagdupe.com\/privacy-policy\/","correctionsPolicy":"https:\/\/bagdupe.com\/privacy-policy\/","ethicsPolicy":"https:\/\/bagdupe.com\/privacy-policy\/","diversityPolicy":"https:\/\/bagdupe.com\/privacy-policy\/"}]}},"_links":{"self":[{"href":"https:\/\/bagdupe.com\/it\/wp-json\/wp\/v2\/product\/8834","targetHints":{"allow":["GET"]}}],"collection":[{"href":"https:\/\/bagdupe.com\/it\/wp-json\/wp\/v2\/product"}],"about":[{"href":"https:\/\/bagdupe.com\/it\/wp-json\/wp\/v2\/types\/product"}],"wp:featuredmedia":[{"embeddable":true,"href":"https:\/\/bagdupe.com\/it\/wp-json\/wp\/v2\/media\/8835"}],"wp:attachment":[{"href":"https:\/\/bagdupe.com\/it\/wp-json\/wp\/v2\/media?parent=8834"}],"wp:term":[{"taxonomy":"product_brand","embeddable":true,"href":"https:\/\/bagdupe.com\/it\/wp-json\/wp\/v2\/product_brand?post=8834"},{"taxonomy":"product_cat","embeddable":true,"href":"https:\/\/bagdupe.com\/it\/wp-json\/wp\/v2\/product_cat?post=8834"},{"taxonomy":"product_tag","embeddable":true,"href":"https:\/\/bagdupe.com\/it\/wp-json\/wp\/v2\/product_tag?post=8834"}],"curies":[{"name":"wp","href":"https:\/\/api.w.org\/{rel}","templated":true}]}}