{"id":9047,"date":"2025-05-27T15:59:23","date_gmt":"2025-05-27T15:59:23","guid":{"rendered":"https:\/\/bagdupe.com\/product\/louis-vuitton-bag-dupe-683\/"},"modified":"2025-05-27T15:59:46","modified_gmt":"2025-05-27T15:59:46","slug":"louis-vuitton-bag-dupe-683","status":"publish","type":"product","link":"https:\/\/bagdupe.com\/it\/prodotto\/louis-vuitton-bag-dupe-683\/","title":{"rendered":"Borsa Louis Vuitton Dupe 683"},"content":{"rendered":"<p>Top single originale<br \/>\nQual \u00e8 il fascino della borsa messenger monogram di LV che amo sempre di pi\u00f9?<\/p>\n<p>Louis Vuitton ochette Metis borsa messenger marrone grande classico monogramma retr\u00f2 rivestito di tela con finiture in pelle di mucca sottobraccio borsa a tracolla crossbody borsetta<\/p>\n<p>Monogram \u00e8 davvero un buon avviso!!!<\/p>\n<p>Quante ragazze sono davvero attratte da questa classica borsa messenger? Non \u00e8 esagerato dire che le borse messenger sono popolari tra tutti.<\/p>\n<p>La borsa messenger pu\u00f2 essere in stile universitario o da lavoro<\/p>\n<p>Molto adatto all'autunno e all'inverno con i cappotti<\/p>\n<p>Marrone) il monogramma \u00e8 davvero classico<\/p>\n<p>La lunghezza della tracolla \u00e8 regolabile e pu\u00f2 sostenere tutte le altezze! La divisione dello spazio interno \u00e8 molto ragionevole e la capacit\u00e0 \u00e8 grande~.<\/p>\n<p>E questa borsa \u00e8 molto leggera<\/p>\n<p>Non c'\u00e8 pressione sulla parte superiore del corpo.<\/p>\n<p>Le ragazze piccole non hanno \"altezza di pressione\" con le borse. Essere decorosi, comodi e sicuri di s\u00e9 \u00e8 l'abbigliamento migliore!<\/p>\n<p>Si tratta di un modello dall'aspetto e dalla praticit\u00e0.<\/p>\n<p>Borsa Louis Vuitton Dupe 683<\/p>","protected":false},"excerpt":{"rendered":"<p>Top single originale<br \/>\nQual \u00e8 il fascino della borsa messenger monogram di LV che amo sempre di pi\u00f9?<\/p>\n<p>Louis Vuitton ochette Metis borsa messenger marrone grande classico monogramma retr\u00f2 rivestito di tela con finiture in pelle di mucca sottobraccio borsa a tracolla crossbody borsetta<\/p>\n<p>Monogram \u00e8 davvero un buon avviso!!!<\/p>\n<p>Quante ragazze sono davvero attratte da questa classica borsa messenger? Non \u00e8 esagerato dire che le borse messenger sono popolari tra tutti.<\/p>\n<p>La borsa messenger pu\u00f2 essere in stile universitario o da lavoro<\/p>\n<p>Molto adatto all'autunno e all'inverno con i cappotti<\/p>\n<p>Marrone) il monogramma \u00e8 davvero classico<\/p>\n<p>La lunghezza della tracolla \u00e8 regolabile e pu\u00f2 sostenere tutte le altezze! La divisione dello spazio interno \u00e8 molto ragionevole e la capacit\u00e0 \u00e8 grande~.<\/p>\n<p>E questa borsa \u00e8 molto leggera<\/p>\n<p>Non c'\u00e8 pressione sulla parte superiore del corpo.<\/p>\n<p>Le ragazze piccole non hanno \"altezza di pressione\" con le borse. Essere decorosi, comodi e sicuri di s\u00e9 \u00e8 l'abbigliamento migliore!<\/p>\n<p>Si tratta di un modello dall'aspetto e dalla praticit\u00e0.<\/p>","protected":false},"featured_media":9048,"template":"","meta":[],"product_brand":[],"product_cat":[20,21],"product_tag":[22,23],"class_list":{"0":"post-9047","1":"product","2":"type-product","3":"status-publish","4":"has-post-thumbnail","6":"product_cat-louis-vuitton","7":"product_cat-louis-vuitton-bag","8":"product_tag-louis-vuitton","9":"product_tag-louis-vuitton-bag","11":"first","12":"instock","13":"purchasable","14":"product-type-simple"},"yoast_head":"<!-- This site is optimized with the Yoast SEO Premium plugin v25.2 (Yoast SEO v25.2) - https:\/\/yoast.com\/wordpress\/plugins\/seo\/ -->\n<title>Louis Vuitton Bag Dupe 683 1:1 Replica<\/title>\n<meta name=\"description\" content=\"Top original single What is the charm of the LV monogram messenger bag that I love more and more? Louis Vuitton ochette Metis messenger bag brown large classic retro monogram coated canvas with cowhide trim underarm bag shoulder crossbody handbag Monogram is really good warning!! How many girls are really attracted to this classic messenger bag? It is not an exaggeration to say that messenger bags are popular with everyone The messenger bag can be college style or workplace style Very suitable for autumn and winter with coats Brown) monogram is really classic The shoulder strap length is adjustable, and it can hold all heights! The internal space division is very reasonable, and the capacity is large~ And this bag is very light There is no pressure on the upper body~ Small girls don&quot;pressing height&quot; with bags. Being decent, comfortable and confident is the best outfit! It is a model with both appearance and practicality. 1:1 Replica\" \/>\n<meta name=\"robots\" content=\"index, follow, max-snippet:-1, max-image-preview:large, max-video-preview:-1\" \/>\n<link rel=\"canonical\" href=\"https:\/\/bagdupe.com\/it\/product\/louis-vuitton-bag-dupe-683\/\" \/>\n<meta property=\"og:locale\" content=\"it_IT\" \/>\n<meta property=\"og:type\" content=\"article\" \/>\n<meta property=\"og:title\" content=\"Louis Vuitton Bag Dupe 683\" \/>\n<meta property=\"og:description\" content=\"Top original single What is the charm of the LV monogram messenger bag that I love more and more? Louis Vuitton ochette Metis messenger bag brown large classic retro monogram coated canvas with cowhide trim underarm bag shoulder crossbody handbag Monogram is really good warning!! How many girls are really attracted to this classic messenger bag? It is not an exaggeration to say that messenger bags are popular with everyone The messenger bag can be college style or workplace style Very suitable for autumn and winter with coats Brown) monogram is really classic The shoulder strap length is adjustable, and it can hold all heights! The internal space division is very reasonable, and the capacity is large~ And this bag is very light There is no pressure on the upper body~ Small girls don&quot;pressing height&quot; with bags. Being decent, comfortable and confident is the best outfit! It is a model with both appearance and practicality. 1:1 Replica\" \/>\n<meta property=\"og:url\" content=\"https:\/\/bagdupe.com\/it\/product\/louis-vuitton-bag-dupe-683\/\" \/>\n<meta property=\"og:site_name\" content=\"Best Designer Bag Dupes | Fragrance Dupe In 2025\" \/>\n<meta property=\"article:modified_time\" content=\"2025-05-27T15:59:46+00:00\" \/>\n<meta property=\"og:image\" content=\"https:\/\/bagdupe.com\/wp-content\/uploads\/2025\/05\/Louis-Vuitton-Bag-Dupe-683.jpg\" \/>\n\t<meta property=\"og:image:width\" content=\"1440\" \/>\n\t<meta property=\"og:image:height\" content=\"1917\" \/>\n\t<meta property=\"og:image:type\" content=\"image\/jpeg\" \/>\n<meta name=\"twitter:card\" content=\"summary_large_image\" \/>\n<meta name=\"twitter:label1\" content=\"Tempo di lettura stimato\" \/>\n\t<meta name=\"twitter:data1\" content=\"1 minuto\" \/>\n<script type=\"application\/ld+json\" class=\"yoast-schema-graph\">{\"@context\":\"https:\/\/schema.org\",\"@graph\":[{\"@type\":\"WebPage\",\"@id\":\"https:\/\/bagdupe.com\/fr\/product\/louis-vuitton-bag-dupe-683\/\",\"url\":\"https:\/\/bagdupe.com\/fr\/product\/louis-vuitton-bag-dupe-683\/\",\"name\":\"Louis Vuitton Bag Dupe 683 1:1 Replica\",\"isPartOf\":{\"@id\":\"https:\/\/bagdupe.com\/#website\"},\"primaryImageOfPage\":{\"@id\":\"https:\/\/bagdupe.com\/fr\/product\/louis-vuitton-bag-dupe-683\/#primaryimage\"},\"image\":{\"@id\":\"https:\/\/bagdupe.com\/fr\/product\/louis-vuitton-bag-dupe-683\/#primaryimage\"},\"thumbnailUrl\":\"https:\/\/bagdupe.com\/wp-content\/uploads\/2025\/05\/Louis-Vuitton-Bag-Dupe-683.jpg\",\"datePublished\":\"2025-05-27T15:59:23+00:00\",\"dateModified\":\"2025-05-27T15:59:46+00:00\",\"description\":\"Top original single What is the charm of the LV monogram messenger bag that I love more and more? Louis Vuitton ochette Metis messenger bag brown large classic retro monogram coated canvas with cowhide trim underarm bag shoulder crossbody handbag Monogram is really good warning!! How many girls are really attracted to this classic messenger bag? It is not an exaggeration to say that messenger bags are popular with everyone The messenger bag can be college style or workplace style Very suitable for autumn and winter with coats Brown) monogram is really classic The shoulder strap length is adjustable, and it can hold all heights! The internal space division is very reasonable, and the capacity is large~ And this bag is very light There is no pressure on the upper body~ Small girls don\\\"pressing height\\\" with bags. Being decent, comfortable and confident is the best outfit! It is a model with both appearance and practicality. 1:1 Replica\",\"breadcrumb\":{\"@id\":\"https:\/\/bagdupe.com\/fr\/product\/louis-vuitton-bag-dupe-683\/#breadcrumb\"},\"inLanguage\":\"it-IT\",\"potentialAction\":[{\"@type\":\"ReadAction\",\"target\":[\"https:\/\/bagdupe.com\/fr\/product\/louis-vuitton-bag-dupe-683\/\"]}]},{\"@type\":\"ImageObject\",\"inLanguage\":\"it-IT\",\"@id\":\"https:\/\/bagdupe.com\/fr\/product\/louis-vuitton-bag-dupe-683\/#primaryimage\",\"url\":\"https:\/\/bagdupe.com\/wp-content\/uploads\/2025\/05\/Louis-Vuitton-Bag-Dupe-683.jpg\",\"contentUrl\":\"https:\/\/bagdupe.com\/wp-content\/uploads\/2025\/05\/Louis-Vuitton-Bag-Dupe-683.jpg\",\"width\":1440,\"height\":1917,\"caption\":\"Louis Vuitton Bag Dupe 683\"},{\"@type\":\"BreadcrumbList\",\"@id\":\"https:\/\/bagdupe.com\/fr\/product\/louis-vuitton-bag-dupe-683\/#breadcrumb\",\"itemListElement\":[{\"@type\":\"ListItem\",\"position\":1,\"name\":\"Home\",\"item\":\"https:\/\/bagdupe.com\/\"},{\"@type\":\"ListItem\",\"position\":2,\"name\":\"Shop\",\"item\":\"https:\/\/bagdupe.com\/shop\/\"},{\"@type\":\"ListItem\",\"position\":3,\"name\":\"Louis Vuitton Bag Dupe 683\"}]},{\"@type\":\"WebSite\",\"@id\":\"https:\/\/bagdupe.com\/#website\",\"url\":\"https:\/\/bagdupe.com\/\",\"name\":\"Best Designer Bag Dupes | Fragrance Dupe In 2025\",\"description\":\"High quality designer Bags \/ Fragrance Shop. Brands: Louis Vuitton, Hermes, Chanel, Gucci, and Coach are frequently mentioned as having.\",\"publisher\":{\"@id\":\"https:\/\/bagdupe.com\/#organization\"},\"alternateName\":\"Best Designer Bag Dupes | Fragrance Dupe In 2025\",\"potentialAction\":[{\"@type\":\"SearchAction\",\"target\":{\"@type\":\"EntryPoint\",\"urlTemplate\":\"https:\/\/bagdupe.com\/?s={search_term_string}\"},\"query-input\":{\"@type\":\"PropertyValueSpecification\",\"valueRequired\":true,\"valueName\":\"search_term_string\"}}],\"inLanguage\":\"it-IT\"},{\"@type\":\"Organization\",\"@id\":\"https:\/\/bagdupe.com\/#organization\",\"name\":\"Best Designer Bag Dupes | Fragrance Dupe In 2025\",\"alternateName\":\"Best Designer Bag Dupes | Fragrance Dupe In 2025\",\"url\":\"https:\/\/bagdupe.com\/\",\"logo\":{\"@type\":\"ImageObject\",\"inLanguage\":\"it-IT\",\"@id\":\"https:\/\/bagdupe.com\/#\/schema\/logo\/image\/\",\"url\":\"https:\/\/bagdupe.com\/wp-content\/uploads\/2025\/05\/bagdupe.com_.webp\",\"contentUrl\":\"https:\/\/bagdupe.com\/wp-content\/uploads\/2025\/05\/bagdupe.com_.webp\",\"width\":800,\"height\":299,\"caption\":\"Best Designer Bag Dupes | Fragrance Dupe In 2025\"},\"image\":{\"@id\":\"https:\/\/bagdupe.com\/#\/schema\/logo\/image\/\"},\"description\":\"High quality designer Bags \/ Fragrance Shop. Brands: Louis Vuitton, Hermes, Chanel, Gucci, and Coach are frequently mentioned as having.\",\"email\":\"fashionrepsbiz@gmail.com\",\"telephone\":\"+1 936 666 6246\",\"legalName\":\"Best Designer Bag Dupes | Fragrance Dupe In 2025\",\"foundingDate\":\"2015-03-27\",\"vatID\":\"afd67baw625hbaf\",\"taxID\":\"5472erdsvert\",\"iso6523Code\":\"2566yt4hdf565g\",\"duns\":\"2654rthedg3gvfx\",\"leiCode\":\"436regtu65hbdfh\",\"naics\":\"63gvsy658ijngfgw\",\"numberOfEmployees\":{\"@type\":\"QuantitativeValue\",\"minValue\":\"51\",\"maxValue\":\"200\"},\"publishingPrinciples\":\"https:\/\/bagdupe.com\/refund_returns\/\",\"ownershipFundingInfo\":\"https:\/\/bagdupe.com\/about-dupe-shop\/\",\"actionableFeedbackPolicy\":\"https:\/\/bagdupe.com\/privacy-policy\/\",\"correctionsPolicy\":\"https:\/\/bagdupe.com\/privacy-policy\/\",\"ethicsPolicy\":\"https:\/\/bagdupe.com\/privacy-policy\/\",\"diversityPolicy\":\"https:\/\/bagdupe.com\/privacy-policy\/\"}]}<\/script>\n<!-- \/ Yoast SEO Premium plugin. -->","yoast_head_json":{"title":"Louis Vuitton Bag Dupe 683 1:1 Replica","description":"Top original single What is the charm of the LV monogram messenger bag that I love more and more? Louis Vuitton ochette Metis messenger bag brown large classic retro monogram coated canvas with cowhide trim underarm bag shoulder crossbody handbag Monogram is really good warning!! How many girls are really attracted to this classic messenger bag? It is not an exaggeration to say that messenger bags are popular with everyone The messenger bag can be college style or workplace style Very suitable for autumn and winter with coats Brown) monogram is really classic The shoulder strap length is adjustable, and it can hold all heights! The internal space division is very reasonable, and the capacity is large~ And this bag is very light There is no pressure on the upper body~ Small girls don\"pressing height\" with bags. Being decent, comfortable and confident is the best outfit! It is a model with both appearance and practicality. 1:1 Replica","robots":{"index":"index","follow":"follow","max-snippet":"max-snippet:-1","max-image-preview":"max-image-preview:large","max-video-preview":"max-video-preview:-1"},"canonical":"https:\/\/bagdupe.com\/it\/product\/louis-vuitton-bag-dupe-683\/","og_locale":"it_IT","og_type":"article","og_title":"Louis Vuitton Bag Dupe 683","og_description":"Top original single What is the charm of the LV monogram messenger bag that I love more and more? Louis Vuitton ochette Metis messenger bag brown large classic retro monogram coated canvas with cowhide trim underarm bag shoulder crossbody handbag Monogram is really good warning!! How many girls are really attracted to this classic messenger bag? It is not an exaggeration to say that messenger bags are popular with everyone The messenger bag can be college style or workplace style Very suitable for autumn and winter with coats Brown) monogram is really classic The shoulder strap length is adjustable, and it can hold all heights! The internal space division is very reasonable, and the capacity is large~ And this bag is very light There is no pressure on the upper body~ Small girls don\"pressing height\" with bags. Being decent, comfortable and confident is the best outfit! It is a model with both appearance and practicality. 1:1 Replica","og_url":"https:\/\/bagdupe.com\/it\/product\/louis-vuitton-bag-dupe-683\/","og_site_name":"Best Designer Bag Dupes | Fragrance Dupe In 2025","article_modified_time":"2025-05-27T15:59:46+00:00","og_image":[{"width":1440,"height":1917,"url":"https:\/\/bagdupe.com\/wp-content\/uploads\/2025\/05\/Louis-Vuitton-Bag-Dupe-683.jpg","type":"image\/jpeg"}],"twitter_card":"summary_large_image","twitter_misc":{"Tempo di lettura stimato":"1 minuto"},"schema":{"@context":"https:\/\/schema.org","@graph":[{"@type":"WebPage","@id":"https:\/\/bagdupe.com\/fr\/product\/louis-vuitton-bag-dupe-683\/","url":"https:\/\/bagdupe.com\/fr\/product\/louis-vuitton-bag-dupe-683\/","name":"Louis Vuitton Bag Dupe 683 1:1 Replica","isPartOf":{"@id":"https:\/\/bagdupe.com\/#website"},"primaryImageOfPage":{"@id":"https:\/\/bagdupe.com\/fr\/product\/louis-vuitton-bag-dupe-683\/#primaryimage"},"image":{"@id":"https:\/\/bagdupe.com\/fr\/product\/louis-vuitton-bag-dupe-683\/#primaryimage"},"thumbnailUrl":"https:\/\/bagdupe.com\/wp-content\/uploads\/2025\/05\/Louis-Vuitton-Bag-Dupe-683.jpg","datePublished":"2025-05-27T15:59:23+00:00","dateModified":"2025-05-27T15:59:46+00:00","description":"Top original single What is the charm of the LV monogram messenger bag that I love more and more? Louis Vuitton ochette Metis messenger bag brown large classic retro monogram coated canvas with cowhide trim underarm bag shoulder crossbody handbag Monogram is really good warning!! How many girls are really attracted to this classic messenger bag? It is not an exaggeration to say that messenger bags are popular with everyone The messenger bag can be college style or workplace style Very suitable for autumn and winter with coats Brown) monogram is really classic The shoulder strap length is adjustable, and it can hold all heights! The internal space division is very reasonable, and the capacity is large~ And this bag is very light There is no pressure on the upper body~ Small girls don\"pressing height\" with bags. Being decent, comfortable and confident is the best outfit! It is a model with both appearance and practicality. 1:1 Replica","breadcrumb":{"@id":"https:\/\/bagdupe.com\/fr\/product\/louis-vuitton-bag-dupe-683\/#breadcrumb"},"inLanguage":"it-IT","potentialAction":[{"@type":"ReadAction","target":["https:\/\/bagdupe.com\/fr\/product\/louis-vuitton-bag-dupe-683\/"]}]},{"@type":"ImageObject","inLanguage":"it-IT","@id":"https:\/\/bagdupe.com\/fr\/product\/louis-vuitton-bag-dupe-683\/#primaryimage","url":"https:\/\/bagdupe.com\/wp-content\/uploads\/2025\/05\/Louis-Vuitton-Bag-Dupe-683.jpg","contentUrl":"https:\/\/bagdupe.com\/wp-content\/uploads\/2025\/05\/Louis-Vuitton-Bag-Dupe-683.jpg","width":1440,"height":1917,"caption":"Louis Vuitton Bag Dupe 683"},{"@type":"BreadcrumbList","@id":"https:\/\/bagdupe.com\/fr\/product\/louis-vuitton-bag-dupe-683\/#breadcrumb","itemListElement":[{"@type":"ListItem","position":1,"name":"Home","item":"https:\/\/bagdupe.com\/"},{"@type":"ListItem","position":2,"name":"Shop","item":"https:\/\/bagdupe.com\/shop\/"},{"@type":"ListItem","position":3,"name":"Louis Vuitton Bag Dupe 683"}]},{"@type":"WebSite","@id":"https:\/\/bagdupe.com\/#website","url":"https:\/\/bagdupe.com\/","name":"Best Designer Bag Dupes | Fragrance Dupe In 2025","description":"High quality designer Bags \/ Fragrance Shop. Brands: Louis Vuitton, Hermes, Chanel, Gucci, and Coach are frequently mentioned as having.","publisher":{"@id":"https:\/\/bagdupe.com\/#organization"},"alternateName":"Best Designer Bag Dupes | Fragrance Dupe In 2025","potentialAction":[{"@type":"SearchAction","target":{"@type":"EntryPoint","urlTemplate":"https:\/\/bagdupe.com\/?s={search_term_string}"},"query-input":{"@type":"PropertyValueSpecification","valueRequired":true,"valueName":"search_term_string"}}],"inLanguage":"it-IT"},{"@type":"Organization","@id":"https:\/\/bagdupe.com\/#organization","name":"Best Designer Bag Dupes | Fragrance Dupe In 2025","alternateName":"Best Designer Bag Dupes | Fragrance Dupe In 2025","url":"https:\/\/bagdupe.com\/","logo":{"@type":"ImageObject","inLanguage":"it-IT","@id":"https:\/\/bagdupe.com\/#\/schema\/logo\/image\/","url":"https:\/\/bagdupe.com\/wp-content\/uploads\/2025\/05\/bagdupe.com_.webp","contentUrl":"https:\/\/bagdupe.com\/wp-content\/uploads\/2025\/05\/bagdupe.com_.webp","width":800,"height":299,"caption":"Best Designer Bag Dupes | Fragrance Dupe In 2025"},"image":{"@id":"https:\/\/bagdupe.com\/#\/schema\/logo\/image\/"},"description":"High quality designer Bags \/ Fragrance Shop. Brands: Louis Vuitton, Hermes, Chanel, Gucci, and Coach are frequently mentioned as having.","email":"fashionrepsbiz@gmail.com","telephone":"+1 936 666 6246","legalName":"Best Designer Bag Dupes | Fragrance Dupe In 2025","foundingDate":"2015-03-27","vatID":"afd67baw625hbaf","taxID":"5472erdsvert","iso6523Code":"2566yt4hdf565g","duns":"2654rthedg3gvfx","leiCode":"436regtu65hbdfh","naics":"63gvsy658ijngfgw","numberOfEmployees":{"@type":"QuantitativeValue","minValue":"51","maxValue":"200"},"publishingPrinciples":"https:\/\/bagdupe.com\/refund_returns\/","ownershipFundingInfo":"https:\/\/bagdupe.com\/about-dupe-shop\/","actionableFeedbackPolicy":"https:\/\/bagdupe.com\/privacy-policy\/","correctionsPolicy":"https:\/\/bagdupe.com\/privacy-policy\/","ethicsPolicy":"https:\/\/bagdupe.com\/privacy-policy\/","diversityPolicy":"https:\/\/bagdupe.com\/privacy-policy\/"}]}},"_links":{"self":[{"href":"https:\/\/bagdupe.com\/it\/wp-json\/wp\/v2\/product\/9047","targetHints":{"allow":["GET"]}}],"collection":[{"href":"https:\/\/bagdupe.com\/it\/wp-json\/wp\/v2\/product"}],"about":[{"href":"https:\/\/bagdupe.com\/it\/wp-json\/wp\/v2\/types\/product"}],"wp:featuredmedia":[{"embeddable":true,"href":"https:\/\/bagdupe.com\/it\/wp-json\/wp\/v2\/media\/9048"}],"wp:attachment":[{"href":"https:\/\/bagdupe.com\/it\/wp-json\/wp\/v2\/media?parent=9047"}],"wp:term":[{"taxonomy":"product_brand","embeddable":true,"href":"https:\/\/bagdupe.com\/it\/wp-json\/wp\/v2\/product_brand?post=9047"},{"taxonomy":"product_cat","embeddable":true,"href":"https:\/\/bagdupe.com\/it\/wp-json\/wp\/v2\/product_cat?post=9047"},{"taxonomy":"product_tag","embeddable":true,"href":"https:\/\/bagdupe.com\/it\/wp-json\/wp\/v2\/product_tag?post=9047"}],"curies":[{"name":"wp","href":"https:\/\/api.w.org\/{rel}","templated":true}]}}