{"id":9155,"date":"2025-05-27T16:02:16","date_gmt":"2025-05-27T16:02:16","guid":{"rendered":"https:\/\/bagdupe.com\/product\/chanel-bag-dupe-661\/"},"modified":"2025-05-27T16:02:20","modified_gmt":"2025-05-27T16:02:20","slug":"chanel-bag-dupe-661","status":"publish","type":"product","link":"https:\/\/bagdupe.com\/it\/prodotto\/chanel-bag-dupe-661\/","title":{"rendered":"Borsa Chanel Dupe 661"},"content":{"rendered":"<p>Sacchetto della spazzatura a catena Chanel<br \/>\nL'aspetto \u00e8 davvero ottimo e la texture della pelle \u00e8 superba.<br \/>\nQuesta grande borsa \u00e8 molto spaziosa. Quando si viaggia, pu\u00f2 contenere non solo gli iad ma anche i cappotti dei bambini. La pelle \u00e8 molto morbida<\/p>\n<p>Borsa Chanel Dupe 661<\/p>","protected":false},"excerpt":{"rendered":"<p>Sacchetto della spazzatura a catena Chanel<br \/>\nL'aspetto \u00e8 davvero ottimo e la texture della pelle \u00e8 superba.<br \/>\nQuesta grande borsa \u00e8 molto spaziosa. Quando si viaggia, pu\u00f2 contenere non solo gli iad ma anche i cappotti dei bambini. La pelle \u00e8 molto morbida<\/p>","protected":false},"featured_media":9156,"template":"","meta":[],"product_brand":[],"product_cat":[40,41],"product_tag":[42,43],"class_list":{"0":"post-9155","1":"product","2":"type-product","3":"status-publish","4":"has-post-thumbnail","6":"product_cat-chanel","7":"product_cat-chanel-bag","8":"product_tag-chanel","9":"product_tag-chanel-bag","11":"first","12":"instock","13":"purchasable","14":"product-type-simple"},"yoast_head":"<!-- This site is optimized with the Yoast SEO Premium plugin v25.2 (Yoast SEO v25.2) - https:\/\/yoast.com\/wordpress\/plugins\/seo\/ -->\n<title>Chanel Bag Dupe 661 1:1 Replica<\/title>\n<meta name=\"description\" content=\"Chanel chain garbage bag It looks really good, and the leather texture is superb. This big bag is very spacious. When traveling, it can not only hold iad but also children&#039;s coats. The leather is very soft 1:1 Replica\" \/>\n<meta name=\"robots\" content=\"index, follow, max-snippet:-1, max-image-preview:large, max-video-preview:-1\" \/>\n<link rel=\"canonical\" href=\"https:\/\/bagdupe.com\/it\/product\/chanel-bag-dupe-661\/\" \/>\n<meta property=\"og:locale\" content=\"it_IT\" \/>\n<meta property=\"og:type\" content=\"article\" \/>\n<meta property=\"og:title\" content=\"Chanel Bag Dupe 661\" \/>\n<meta property=\"og:description\" content=\"Chanel chain garbage bag It looks really good, and the leather texture is superb. This big bag is very spacious. When traveling, it can not only hold iad but also children&#039;s coats. The leather is very soft 1:1 Replica\" \/>\n<meta property=\"og:url\" content=\"https:\/\/bagdupe.com\/it\/product\/chanel-bag-dupe-661\/\" \/>\n<meta property=\"og:site_name\" content=\"Best Designer Bag Dupes | Fragrance Dupe In 2025\" \/>\n<meta property=\"article:modified_time\" content=\"2025-05-27T16:02:20+00:00\" \/>\n<meta property=\"og:image\" content=\"https:\/\/bagdupe.com\/wp-content\/uploads\/2025\/05\/Chanel-Bag-Dupe-661.jpg\" \/>\n\t<meta property=\"og:image:width\" content=\"1080\" \/>\n\t<meta property=\"og:image:height\" content=\"1439\" \/>\n\t<meta property=\"og:image:type\" content=\"image\/jpeg\" \/>\n<meta name=\"twitter:card\" content=\"summary_large_image\" \/>\n<script type=\"application\/ld+json\" class=\"yoast-schema-graph\">{\"@context\":\"https:\/\/schema.org\",\"@graph\":[{\"@type\":\"WebPage\",\"@id\":\"https:\/\/bagdupe.com\/nb\/product\/chanel-bag-dupe-661\/\",\"url\":\"https:\/\/bagdupe.com\/nb\/product\/chanel-bag-dupe-661\/\",\"name\":\"Chanel Bag Dupe 661 1:1 Replica\",\"isPartOf\":{\"@id\":\"https:\/\/bagdupe.com\/#website\"},\"primaryImageOfPage\":{\"@id\":\"https:\/\/bagdupe.com\/nb\/product\/chanel-bag-dupe-661\/#primaryimage\"},\"image\":{\"@id\":\"https:\/\/bagdupe.com\/nb\/product\/chanel-bag-dupe-661\/#primaryimage\"},\"thumbnailUrl\":\"https:\/\/bagdupe.com\/wp-content\/uploads\/2025\/05\/Chanel-Bag-Dupe-661.jpg\",\"datePublished\":\"2025-05-27T16:02:16+00:00\",\"dateModified\":\"2025-05-27T16:02:20+00:00\",\"description\":\"Chanel chain garbage bag It looks really good, and the leather texture is superb. This big bag is very spacious. When traveling, it can not only hold iad but also children's coats. The leather is very soft 1:1 Replica\",\"breadcrumb\":{\"@id\":\"https:\/\/bagdupe.com\/nb\/product\/chanel-bag-dupe-661\/#breadcrumb\"},\"inLanguage\":\"it-IT\",\"potentialAction\":[{\"@type\":\"ReadAction\",\"target\":[\"https:\/\/bagdupe.com\/nb\/product\/chanel-bag-dupe-661\/\"]}]},{\"@type\":\"ImageObject\",\"inLanguage\":\"it-IT\",\"@id\":\"https:\/\/bagdupe.com\/nb\/product\/chanel-bag-dupe-661\/#primaryimage\",\"url\":\"https:\/\/bagdupe.com\/wp-content\/uploads\/2025\/05\/Chanel-Bag-Dupe-661.jpg\",\"contentUrl\":\"https:\/\/bagdupe.com\/wp-content\/uploads\/2025\/05\/Chanel-Bag-Dupe-661.jpg\",\"width\":1080,\"height\":1439,\"caption\":\"Chanel Bag Dupe 661\"},{\"@type\":\"BreadcrumbList\",\"@id\":\"https:\/\/bagdupe.com\/nb\/product\/chanel-bag-dupe-661\/#breadcrumb\",\"itemListElement\":[{\"@type\":\"ListItem\",\"position\":1,\"name\":\"Home\",\"item\":\"https:\/\/bagdupe.com\/\"},{\"@type\":\"ListItem\",\"position\":2,\"name\":\"Shop\",\"item\":\"https:\/\/bagdupe.com\/shop\/\"},{\"@type\":\"ListItem\",\"position\":3,\"name\":\"Chanel Bag Dupe 661\"}]},{\"@type\":\"WebSite\",\"@id\":\"https:\/\/bagdupe.com\/#website\",\"url\":\"https:\/\/bagdupe.com\/\",\"name\":\"Best Designer Bag Dupes | Fragrance Dupe In 2025\",\"description\":\"High quality designer Bags \/ Fragrance Shop. Brands: Louis Vuitton, Hermes, Chanel, Gucci, and Coach are frequently mentioned as having.\",\"publisher\":{\"@id\":\"https:\/\/bagdupe.com\/#organization\"},\"alternateName\":\"Best Designer Bag Dupes | Fragrance Dupe In 2025\",\"potentialAction\":[{\"@type\":\"SearchAction\",\"target\":{\"@type\":\"EntryPoint\",\"urlTemplate\":\"https:\/\/bagdupe.com\/?s={search_term_string}\"},\"query-input\":{\"@type\":\"PropertyValueSpecification\",\"valueRequired\":true,\"valueName\":\"search_term_string\"}}],\"inLanguage\":\"it-IT\"},{\"@type\":\"Organization\",\"@id\":\"https:\/\/bagdupe.com\/#organization\",\"name\":\"Best Designer Bag Dupes | Fragrance Dupe In 2025\",\"alternateName\":\"Best Designer Bag Dupes | Fragrance Dupe In 2025\",\"url\":\"https:\/\/bagdupe.com\/\",\"logo\":{\"@type\":\"ImageObject\",\"inLanguage\":\"it-IT\",\"@id\":\"https:\/\/bagdupe.com\/#\/schema\/logo\/image\/\",\"url\":\"https:\/\/bagdupe.com\/wp-content\/uploads\/2025\/05\/bagdupe.com_.webp\",\"contentUrl\":\"https:\/\/bagdupe.com\/wp-content\/uploads\/2025\/05\/bagdupe.com_.webp\",\"width\":800,\"height\":299,\"caption\":\"Best Designer Bag Dupes | Fragrance Dupe In 2025\"},\"image\":{\"@id\":\"https:\/\/bagdupe.com\/#\/schema\/logo\/image\/\"},\"description\":\"High quality designer Bags \/ Fragrance Shop. Brands: Louis Vuitton, Hermes, Chanel, Gucci, and Coach are frequently mentioned as having.\",\"email\":\"fashionrepsbiz@gmail.com\",\"telephone\":\"+1 936 666 6246\",\"legalName\":\"Best Designer Bag Dupes | Fragrance Dupe In 2025\",\"foundingDate\":\"2015-03-27\",\"vatID\":\"afd67baw625hbaf\",\"taxID\":\"5472erdsvert\",\"iso6523Code\":\"2566yt4hdf565g\",\"duns\":\"2654rthedg3gvfx\",\"leiCode\":\"436regtu65hbdfh\",\"naics\":\"63gvsy658ijngfgw\",\"numberOfEmployees\":{\"@type\":\"QuantitativeValue\",\"minValue\":\"51\",\"maxValue\":\"200\"},\"publishingPrinciples\":\"https:\/\/bagdupe.com\/refund_returns\/\",\"ownershipFundingInfo\":\"https:\/\/bagdupe.com\/about-dupe-shop\/\",\"actionableFeedbackPolicy\":\"https:\/\/bagdupe.com\/privacy-policy\/\",\"correctionsPolicy\":\"https:\/\/bagdupe.com\/privacy-policy\/\",\"ethicsPolicy\":\"https:\/\/bagdupe.com\/privacy-policy\/\",\"diversityPolicy\":\"https:\/\/bagdupe.com\/privacy-policy\/\"}]}<\/script>\n<!-- \/ Yoast SEO Premium plugin. -->","yoast_head_json":{"title":"Chanel Bag Dupe 661 1:1 Replica","description":"Chanel chain garbage bag It looks really good, and the leather texture is superb. This big bag is very spacious. When traveling, it can not only hold iad but also children's coats. The leather is very soft 1:1 Replica","robots":{"index":"index","follow":"follow","max-snippet":"max-snippet:-1","max-image-preview":"max-image-preview:large","max-video-preview":"max-video-preview:-1"},"canonical":"https:\/\/bagdupe.com\/it\/product\/chanel-bag-dupe-661\/","og_locale":"it_IT","og_type":"article","og_title":"Chanel Bag Dupe 661","og_description":"Chanel chain garbage bag It looks really good, and the leather texture is superb. This big bag is very spacious. When traveling, it can not only hold iad but also children's coats. The leather is very soft 1:1 Replica","og_url":"https:\/\/bagdupe.com\/it\/product\/chanel-bag-dupe-661\/","og_site_name":"Best Designer Bag Dupes | Fragrance Dupe In 2025","article_modified_time":"2025-05-27T16:02:20+00:00","og_image":[{"width":1080,"height":1439,"url":"https:\/\/bagdupe.com\/wp-content\/uploads\/2025\/05\/Chanel-Bag-Dupe-661.jpg","type":"image\/jpeg"}],"twitter_card":"summary_large_image","schema":{"@context":"https:\/\/schema.org","@graph":[{"@type":"WebPage","@id":"https:\/\/bagdupe.com\/nb\/product\/chanel-bag-dupe-661\/","url":"https:\/\/bagdupe.com\/nb\/product\/chanel-bag-dupe-661\/","name":"Chanel Bag Dupe 661 1:1 Replica","isPartOf":{"@id":"https:\/\/bagdupe.com\/#website"},"primaryImageOfPage":{"@id":"https:\/\/bagdupe.com\/nb\/product\/chanel-bag-dupe-661\/#primaryimage"},"image":{"@id":"https:\/\/bagdupe.com\/nb\/product\/chanel-bag-dupe-661\/#primaryimage"},"thumbnailUrl":"https:\/\/bagdupe.com\/wp-content\/uploads\/2025\/05\/Chanel-Bag-Dupe-661.jpg","datePublished":"2025-05-27T16:02:16+00:00","dateModified":"2025-05-27T16:02:20+00:00","description":"Chanel chain garbage bag It looks really good, and the leather texture is superb. This big bag is very spacious. When traveling, it can not only hold iad but also children's coats. The leather is very soft 1:1 Replica","breadcrumb":{"@id":"https:\/\/bagdupe.com\/nb\/product\/chanel-bag-dupe-661\/#breadcrumb"},"inLanguage":"it-IT","potentialAction":[{"@type":"ReadAction","target":["https:\/\/bagdupe.com\/nb\/product\/chanel-bag-dupe-661\/"]}]},{"@type":"ImageObject","inLanguage":"it-IT","@id":"https:\/\/bagdupe.com\/nb\/product\/chanel-bag-dupe-661\/#primaryimage","url":"https:\/\/bagdupe.com\/wp-content\/uploads\/2025\/05\/Chanel-Bag-Dupe-661.jpg","contentUrl":"https:\/\/bagdupe.com\/wp-content\/uploads\/2025\/05\/Chanel-Bag-Dupe-661.jpg","width":1080,"height":1439,"caption":"Chanel Bag Dupe 661"},{"@type":"BreadcrumbList","@id":"https:\/\/bagdupe.com\/nb\/product\/chanel-bag-dupe-661\/#breadcrumb","itemListElement":[{"@type":"ListItem","position":1,"name":"Home","item":"https:\/\/bagdupe.com\/"},{"@type":"ListItem","position":2,"name":"Shop","item":"https:\/\/bagdupe.com\/shop\/"},{"@type":"ListItem","position":3,"name":"Chanel Bag Dupe 661"}]},{"@type":"WebSite","@id":"https:\/\/bagdupe.com\/#website","url":"https:\/\/bagdupe.com\/","name":"Best Designer Bag Dupes | Fragrance Dupe In 2025","description":"High quality designer Bags \/ Fragrance Shop. Brands: Louis Vuitton, Hermes, Chanel, Gucci, and Coach are frequently mentioned as having.","publisher":{"@id":"https:\/\/bagdupe.com\/#organization"},"alternateName":"Best Designer Bag Dupes | Fragrance Dupe In 2025","potentialAction":[{"@type":"SearchAction","target":{"@type":"EntryPoint","urlTemplate":"https:\/\/bagdupe.com\/?s={search_term_string}"},"query-input":{"@type":"PropertyValueSpecification","valueRequired":true,"valueName":"search_term_string"}}],"inLanguage":"it-IT"},{"@type":"Organization","@id":"https:\/\/bagdupe.com\/#organization","name":"Best Designer Bag Dupes | Fragrance Dupe In 2025","alternateName":"Best Designer Bag Dupes | Fragrance Dupe In 2025","url":"https:\/\/bagdupe.com\/","logo":{"@type":"ImageObject","inLanguage":"it-IT","@id":"https:\/\/bagdupe.com\/#\/schema\/logo\/image\/","url":"https:\/\/bagdupe.com\/wp-content\/uploads\/2025\/05\/bagdupe.com_.webp","contentUrl":"https:\/\/bagdupe.com\/wp-content\/uploads\/2025\/05\/bagdupe.com_.webp","width":800,"height":299,"caption":"Best Designer Bag Dupes | Fragrance Dupe In 2025"},"image":{"@id":"https:\/\/bagdupe.com\/#\/schema\/logo\/image\/"},"description":"High quality designer Bags \/ Fragrance Shop. Brands: Louis Vuitton, Hermes, Chanel, Gucci, and Coach are frequently mentioned as having.","email":"fashionrepsbiz@gmail.com","telephone":"+1 936 666 6246","legalName":"Best Designer Bag Dupes | Fragrance Dupe In 2025","foundingDate":"2015-03-27","vatID":"afd67baw625hbaf","taxID":"5472erdsvert","iso6523Code":"2566yt4hdf565g","duns":"2654rthedg3gvfx","leiCode":"436regtu65hbdfh","naics":"63gvsy658ijngfgw","numberOfEmployees":{"@type":"QuantitativeValue","minValue":"51","maxValue":"200"},"publishingPrinciples":"https:\/\/bagdupe.com\/refund_returns\/","ownershipFundingInfo":"https:\/\/bagdupe.com\/about-dupe-shop\/","actionableFeedbackPolicy":"https:\/\/bagdupe.com\/privacy-policy\/","correctionsPolicy":"https:\/\/bagdupe.com\/privacy-policy\/","ethicsPolicy":"https:\/\/bagdupe.com\/privacy-policy\/","diversityPolicy":"https:\/\/bagdupe.com\/privacy-policy\/"}]}},"_links":{"self":[{"href":"https:\/\/bagdupe.com\/it\/wp-json\/wp\/v2\/product\/9155","targetHints":{"allow":["GET"]}}],"collection":[{"href":"https:\/\/bagdupe.com\/it\/wp-json\/wp\/v2\/product"}],"about":[{"href":"https:\/\/bagdupe.com\/it\/wp-json\/wp\/v2\/types\/product"}],"wp:featuredmedia":[{"embeddable":true,"href":"https:\/\/bagdupe.com\/it\/wp-json\/wp\/v2\/media\/9156"}],"wp:attachment":[{"href":"https:\/\/bagdupe.com\/it\/wp-json\/wp\/v2\/media?parent=9155"}],"wp:term":[{"taxonomy":"product_brand","embeddable":true,"href":"https:\/\/bagdupe.com\/it\/wp-json\/wp\/v2\/product_brand?post=9155"},{"taxonomy":"product_cat","embeddable":true,"href":"https:\/\/bagdupe.com\/it\/wp-json\/wp\/v2\/product_cat?post=9155"},{"taxonomy":"product_tag","embeddable":true,"href":"https:\/\/bagdupe.com\/it\/wp-json\/wp\/v2\/product_tag?post=9155"}],"curies":[{"name":"wp","href":"https:\/\/api.w.org\/{rel}","templated":true}]}}