{"id":1537,"date":"2025-05-27T13:24:41","date_gmt":"2025-05-27T13:24:41","guid":{"rendered":"https:\/\/bagdupe.com\/product\/prada-bag-dupe-2236\/"},"modified":"2025-05-27T13:24:45","modified_gmt":"2025-05-27T13:24:45","slug":"prada-bag-dupe-2236","status":"publish","type":"product","link":"https:\/\/bagdupe.com\/lt\/produktas\/prada-bag-dupe-2236\/","title":{"rendered":"\"Prada\" krep\u0161ys Dupe 2236"},"content":{"rendered":"<p>\"Prada\" \u0161iaudin\u0117 rankin\u0117 per pet\u012f<br \/>\nMerginos negali atsipl\u0117\u0161ti nuo \u0161iaudinio krep\u0161io, jis toks vasari\u0161kas!!<\/p>\n<p>Krep\u0161io vergai yra \u010dia tam, kad trumpai pristatyt\u0173 \u0161\u012f krep\u0161\u012f<\/p>\n<p>\u0160is yra 7Prada<\/p>\n<p>I\u0161skirtinis meistri\u0161kumas<\/p>\n<p>\u0160iuolaikin\u0117s mados element\u0173 \u012ftraukimas<\/p>\n<p>Dydis: 38 * 13 * 28 cm x<\/p>\n<p>\"Prada\" krep\u0161ys Dupe 2236<\/p>","protected":false},"excerpt":{"rendered":"<p>\"Prada\" \u0161iaudin\u0117 rankin\u0117 per pet\u012f<br \/>\nMerginos negali atsipl\u0117\u0161ti nuo \u0161iaudinio krep\u0161io, jis toks vasari\u0161kas!!<\/p>\n<p>Krep\u0161io vergai yra \u010dia tam, kad trumpai pristatyt\u0173 \u0161\u012f krep\u0161\u012f<\/p>\n<p>\u0160is yra 7Prada<\/p>\n<p>I\u0161skirtinis meistri\u0161kumas<\/p>\n<p>\u0160iuolaikin\u0117s mados element\u0173 \u012ftraukimas<\/p>\n<p>Dydis: 38 * 13 * 28 cm x<\/p>","protected":false},"featured_media":1538,"template":"","meta":[],"product_brand":[],"product_cat":[28,29],"product_tag":[30,31],"class_list":{"0":"post-1537","1":"product","2":"type-product","3":"status-publish","4":"has-post-thumbnail","6":"product_cat-prada","7":"product_cat-prada-bag","8":"product_tag-prada","9":"product_tag-prada-bag","11":"first","12":"instock","13":"purchasable","14":"product-type-simple"},"yoast_head":"<!-- This site is optimized with the Yoast SEO Premium plugin v25.2 (Yoast SEO v25.2) - https:\/\/yoast.com\/wordpress\/plugins\/seo\/ -->\n<title>Prada Bag Dupe 2236 1:1 Replica<\/title>\n<meta name=\"description\" content=\"Prada Straw Shoulder Bag Girls can&#039;t get away from the straw bag, it&#039;s so summery!! Bag slaves are here to briefly introduce this bag This one is 7Prada Exquisite craftsmanship Incorporating modern fashion elements Size: 38*13*28cm yx 1:1 Replica\" \/>\n<meta name=\"robots\" content=\"index, follow, max-snippet:-1, max-image-preview:large, max-video-preview:-1\" \/>\n<link rel=\"canonical\" href=\"https:\/\/bagdupe.com\/lt\/produktas\/prada-bag-dupe-2236\/\" \/>\n<meta property=\"og:locale\" content=\"lt_LT\" \/>\n<meta property=\"og:type\" content=\"article\" \/>\n<meta property=\"og:title\" content=\"Prada Bag Dupe 2236\" \/>\n<meta property=\"og:description\" content=\"Prada Straw Shoulder Bag Girls can&#039;t get away from the straw bag, it&#039;s so summery!! Bag slaves are here to briefly introduce this bag This one is 7Prada Exquisite craftsmanship Incorporating modern fashion elements Size: 38*13*28cm yx 1:1 Replica\" \/>\n<meta property=\"og:url\" content=\"https:\/\/bagdupe.com\/lt\/produktas\/prada-bag-dupe-2236\/\" \/>\n<meta property=\"og:site_name\" content=\"Best Designer Bag Dupes | Fragrance Dupe In 2025\" \/>\n<meta property=\"article:modified_time\" content=\"2025-05-27T13:24:45+00:00\" \/>\n<meta property=\"og:image\" content=\"https:\/\/bagdupe.com\/wp-content\/uploads\/2025\/05\/Prada-Bag-Dupe-2236.jpg\" \/>\n\t<meta property=\"og:image:width\" content=\"1440\" \/>\n\t<meta property=\"og:image:height\" content=\"1440\" \/>\n\t<meta property=\"og:image:type\" content=\"image\/jpeg\" \/>\n<meta name=\"twitter:card\" content=\"summary_large_image\" \/>\n<script type=\"application\/ld+json\" class=\"yoast-schema-graph\">{\"@context\":\"https:\/\/schema.org\",\"@graph\":[{\"@type\":\"WebPage\",\"@id\":\"https:\/\/bagdupe.com\/product\/prada-bag-dupe-2236\/\",\"url\":\"https:\/\/bagdupe.com\/product\/prada-bag-dupe-2236\/\",\"name\":\"Prada Bag Dupe 2236 1:1 Replica\",\"isPartOf\":{\"@id\":\"https:\/\/bagdupe.com\/#website\"},\"primaryImageOfPage\":{\"@id\":\"https:\/\/bagdupe.com\/product\/prada-bag-dupe-2236\/#primaryimage\"},\"image\":{\"@id\":\"https:\/\/bagdupe.com\/product\/prada-bag-dupe-2236\/#primaryimage\"},\"thumbnailUrl\":\"https:\/\/bagdupe.com\/wp-content\/uploads\/2025\/05\/Prada-Bag-Dupe-2236.jpg\",\"datePublished\":\"2025-05-27T13:24:41+00:00\",\"dateModified\":\"2025-05-27T13:24:45+00:00\",\"description\":\"Prada Straw Shoulder Bag Girls can't get away from the straw bag, it's so summery!! Bag slaves are here to briefly introduce this bag This one is 7Prada Exquisite craftsmanship Incorporating modern fashion elements Size: 38*13*28cm yx 1:1 Replica\",\"breadcrumb\":{\"@id\":\"https:\/\/bagdupe.com\/product\/prada-bag-dupe-2236\/#breadcrumb\"},\"inLanguage\":\"lt-LT\",\"potentialAction\":[{\"@type\":\"ReadAction\",\"target\":[\"https:\/\/bagdupe.com\/product\/prada-bag-dupe-2236\/\"]}]},{\"@type\":\"ImageObject\",\"inLanguage\":\"lt-LT\",\"@id\":\"https:\/\/bagdupe.com\/product\/prada-bag-dupe-2236\/#primaryimage\",\"url\":\"https:\/\/bagdupe.com\/wp-content\/uploads\/2025\/05\/Prada-Bag-Dupe-2236.jpg\",\"contentUrl\":\"https:\/\/bagdupe.com\/wp-content\/uploads\/2025\/05\/Prada-Bag-Dupe-2236.jpg\",\"width\":1440,\"height\":1440,\"caption\":\"Prada Bag Dupe 2236\"},{\"@type\":\"BreadcrumbList\",\"@id\":\"https:\/\/bagdupe.com\/product\/prada-bag-dupe-2236\/#breadcrumb\",\"itemListElement\":[{\"@type\":\"ListItem\",\"position\":1,\"name\":\"Home\",\"item\":\"https:\/\/bagdupe.com\/\"},{\"@type\":\"ListItem\",\"position\":2,\"name\":\"Shop\",\"item\":\"https:\/\/bagdupe.com\/shop\/\"},{\"@type\":\"ListItem\",\"position\":3,\"name\":\"Prada Bag Dupe 2236\"}]},{\"@type\":\"WebSite\",\"@id\":\"https:\/\/bagdupe.com\/#website\",\"url\":\"https:\/\/bagdupe.com\/\",\"name\":\"Best Designer Bag Dupes | Fragrance Dupe In 2025\",\"description\":\"High quality designer Bags \/ Fragrance Shop. Brands: Louis Vuitton, Hermes, Chanel, Gucci, and Coach are frequently mentioned as having.\",\"publisher\":{\"@id\":\"https:\/\/bagdupe.com\/#organization\"},\"alternateName\":\"Best Designer Bag Dupes | Fragrance Dupe In 2025\",\"potentialAction\":[{\"@type\":\"SearchAction\",\"target\":{\"@type\":\"EntryPoint\",\"urlTemplate\":\"https:\/\/bagdupe.com\/?s={search_term_string}\"},\"query-input\":{\"@type\":\"PropertyValueSpecification\",\"valueRequired\":true,\"valueName\":\"search_term_string\"}}],\"inLanguage\":\"lt-LT\"},{\"@type\":\"Organization\",\"@id\":\"https:\/\/bagdupe.com\/#organization\",\"name\":\"Best Designer Bag Dupes | Fragrance Dupe In 2025\",\"alternateName\":\"Best Designer Bag Dupes | Fragrance Dupe In 2025\",\"url\":\"https:\/\/bagdupe.com\/\",\"logo\":{\"@type\":\"ImageObject\",\"inLanguage\":\"lt-LT\",\"@id\":\"https:\/\/bagdupe.com\/#\/schema\/logo\/image\/\",\"url\":\"https:\/\/bagdupe.com\/wp-content\/uploads\/2025\/05\/bagdupe.com_.webp\",\"contentUrl\":\"https:\/\/bagdupe.com\/wp-content\/uploads\/2025\/05\/bagdupe.com_.webp\",\"width\":800,\"height\":299,\"caption\":\"Best Designer Bag Dupes | Fragrance Dupe In 2025\"},\"image\":{\"@id\":\"https:\/\/bagdupe.com\/#\/schema\/logo\/image\/\"},\"description\":\"High quality designer Bags \/ Fragrance Shop. Brands: Louis Vuitton, Hermes, Chanel, Gucci, and Coach are frequently mentioned as having.\",\"email\":\"fashionrepsbiz@gmail.com\",\"telephone\":\"+1 936 666 6246\",\"legalName\":\"Best Designer Bag Dupes | Fragrance Dupe In 2025\",\"foundingDate\":\"2015-03-27\",\"vatID\":\"afd67baw625hbaf\",\"taxID\":\"5472erdsvert\",\"iso6523Code\":\"2566yt4hdf565g\",\"duns\":\"2654rthedg3gvfx\",\"leiCode\":\"436regtu65hbdfh\",\"naics\":\"63gvsy658ijngfgw\",\"numberOfEmployees\":{\"@type\":\"QuantitativeValue\",\"minValue\":\"51\",\"maxValue\":\"200\"},\"publishingPrinciples\":\"https:\/\/bagdupe.com\/refund_returns\/\",\"ownershipFundingInfo\":\"https:\/\/bagdupe.com\/about-dupe-shop\/\",\"actionableFeedbackPolicy\":\"https:\/\/bagdupe.com\/privacy-policy\/\",\"correctionsPolicy\":\"https:\/\/bagdupe.com\/privacy-policy\/\",\"ethicsPolicy\":\"https:\/\/bagdupe.com\/privacy-policy\/\",\"diversityPolicy\":\"https:\/\/bagdupe.com\/privacy-policy\/\"}]}<\/script>\n<!-- \/ Yoast SEO Premium plugin. -->","yoast_head_json":{"title":"Prada Bag Dupe 2236 1:1 Replica","description":"Prada Straw Shoulder Bag Girls can't get away from the straw bag, it's so summery!! Bag slaves are here to briefly introduce this bag This one is 7Prada Exquisite craftsmanship Incorporating modern fashion elements Size: 38*13*28cm yx 1:1 Replica","robots":{"index":"index","follow":"follow","max-snippet":"max-snippet:-1","max-image-preview":"max-image-preview:large","max-video-preview":"max-video-preview:-1"},"canonical":"https:\/\/bagdupe.com\/lt\/produktas\/prada-bag-dupe-2236\/","og_locale":"lt_LT","og_type":"article","og_title":"Prada Bag Dupe 2236","og_description":"Prada Straw Shoulder Bag Girls can't get away from the straw bag, it's so summery!! Bag slaves are here to briefly introduce this bag This one is 7Prada Exquisite craftsmanship Incorporating modern fashion elements Size: 38*13*28cm yx 1:1 Replica","og_url":"https:\/\/bagdupe.com\/lt\/produktas\/prada-bag-dupe-2236\/","og_site_name":"Best Designer Bag Dupes | Fragrance Dupe In 2025","article_modified_time":"2025-05-27T13:24:45+00:00","og_image":[{"width":1440,"height":1440,"url":"https:\/\/bagdupe.com\/wp-content\/uploads\/2025\/05\/Prada-Bag-Dupe-2236.jpg","type":"image\/jpeg"}],"twitter_card":"summary_large_image","schema":{"@context":"https:\/\/schema.org","@graph":[{"@type":"WebPage","@id":"https:\/\/bagdupe.com\/product\/prada-bag-dupe-2236\/","url":"https:\/\/bagdupe.com\/product\/prada-bag-dupe-2236\/","name":"Prada Bag Dupe 2236 1:1 Replica","isPartOf":{"@id":"https:\/\/bagdupe.com\/#website"},"primaryImageOfPage":{"@id":"https:\/\/bagdupe.com\/product\/prada-bag-dupe-2236\/#primaryimage"},"image":{"@id":"https:\/\/bagdupe.com\/product\/prada-bag-dupe-2236\/#primaryimage"},"thumbnailUrl":"https:\/\/bagdupe.com\/wp-content\/uploads\/2025\/05\/Prada-Bag-Dupe-2236.jpg","datePublished":"2025-05-27T13:24:41+00:00","dateModified":"2025-05-27T13:24:45+00:00","description":"Prada Straw Shoulder Bag Girls can't get away from the straw bag, it's so summery!! Bag slaves are here to briefly introduce this bag This one is 7Prada Exquisite craftsmanship Incorporating modern fashion elements Size: 38*13*28cm yx 1:1 Replica","breadcrumb":{"@id":"https:\/\/bagdupe.com\/product\/prada-bag-dupe-2236\/#breadcrumb"},"inLanguage":"lt-LT","potentialAction":[{"@type":"ReadAction","target":["https:\/\/bagdupe.com\/product\/prada-bag-dupe-2236\/"]}]},{"@type":"ImageObject","inLanguage":"lt-LT","@id":"https:\/\/bagdupe.com\/product\/prada-bag-dupe-2236\/#primaryimage","url":"https:\/\/bagdupe.com\/wp-content\/uploads\/2025\/05\/Prada-Bag-Dupe-2236.jpg","contentUrl":"https:\/\/bagdupe.com\/wp-content\/uploads\/2025\/05\/Prada-Bag-Dupe-2236.jpg","width":1440,"height":1440,"caption":"Prada Bag Dupe 2236"},{"@type":"BreadcrumbList","@id":"https:\/\/bagdupe.com\/product\/prada-bag-dupe-2236\/#breadcrumb","itemListElement":[{"@type":"ListItem","position":1,"name":"Home","item":"https:\/\/bagdupe.com\/"},{"@type":"ListItem","position":2,"name":"Shop","item":"https:\/\/bagdupe.com\/shop\/"},{"@type":"ListItem","position":3,"name":"Prada Bag Dupe 2236"}]},{"@type":"WebSite","@id":"https:\/\/bagdupe.com\/#website","url":"https:\/\/bagdupe.com\/","name":"Best Designer Bag Dupes | Fragrance Dupe In 2025","description":"High quality designer Bags \/ Fragrance Shop. Brands: Louis Vuitton, Hermes, Chanel, Gucci, and Coach are frequently mentioned as having.","publisher":{"@id":"https:\/\/bagdupe.com\/#organization"},"alternateName":"Best Designer Bag Dupes | Fragrance Dupe In 2025","potentialAction":[{"@type":"SearchAction","target":{"@type":"EntryPoint","urlTemplate":"https:\/\/bagdupe.com\/?s={search_term_string}"},"query-input":{"@type":"PropertyValueSpecification","valueRequired":true,"valueName":"search_term_string"}}],"inLanguage":"lt-LT"},{"@type":"Organization","@id":"https:\/\/bagdupe.com\/#organization","name":"Best Designer Bag Dupes | Fragrance Dupe In 2025","alternateName":"Best Designer Bag Dupes | Fragrance Dupe In 2025","url":"https:\/\/bagdupe.com\/","logo":{"@type":"ImageObject","inLanguage":"lt-LT","@id":"https:\/\/bagdupe.com\/#\/schema\/logo\/image\/","url":"https:\/\/bagdupe.com\/wp-content\/uploads\/2025\/05\/bagdupe.com_.webp","contentUrl":"https:\/\/bagdupe.com\/wp-content\/uploads\/2025\/05\/bagdupe.com_.webp","width":800,"height":299,"caption":"Best Designer Bag Dupes | Fragrance Dupe In 2025"},"image":{"@id":"https:\/\/bagdupe.com\/#\/schema\/logo\/image\/"},"description":"High quality designer Bags \/ Fragrance Shop. Brands: Louis Vuitton, Hermes, Chanel, Gucci, and Coach are frequently mentioned as having.","email":"fashionrepsbiz@gmail.com","telephone":"+1 936 666 6246","legalName":"Best Designer Bag Dupes | Fragrance Dupe In 2025","foundingDate":"2015-03-27","vatID":"afd67baw625hbaf","taxID":"5472erdsvert","iso6523Code":"2566yt4hdf565g","duns":"2654rthedg3gvfx","leiCode":"436regtu65hbdfh","naics":"63gvsy658ijngfgw","numberOfEmployees":{"@type":"QuantitativeValue","minValue":"51","maxValue":"200"},"publishingPrinciples":"https:\/\/bagdupe.com\/refund_returns\/","ownershipFundingInfo":"https:\/\/bagdupe.com\/about-dupe-shop\/","actionableFeedbackPolicy":"https:\/\/bagdupe.com\/privacy-policy\/","correctionsPolicy":"https:\/\/bagdupe.com\/privacy-policy\/","ethicsPolicy":"https:\/\/bagdupe.com\/privacy-policy\/","diversityPolicy":"https:\/\/bagdupe.com\/privacy-policy\/"}]}},"_links":{"self":[{"href":"https:\/\/bagdupe.com\/lt\/wp-json\/wp\/v2\/product\/1537","targetHints":{"allow":["GET"]}}],"collection":[{"href":"https:\/\/bagdupe.com\/lt\/wp-json\/wp\/v2\/product"}],"about":[{"href":"https:\/\/bagdupe.com\/lt\/wp-json\/wp\/v2\/types\/product"}],"wp:featuredmedia":[{"embeddable":true,"href":"https:\/\/bagdupe.com\/lt\/wp-json\/wp\/v2\/media\/1538"}],"wp:attachment":[{"href":"https:\/\/bagdupe.com\/lt\/wp-json\/wp\/v2\/media?parent=1537"}],"wp:term":[{"taxonomy":"product_brand","embeddable":true,"href":"https:\/\/bagdupe.com\/lt\/wp-json\/wp\/v2\/product_brand?post=1537"},{"taxonomy":"product_cat","embeddable":true,"href":"https:\/\/bagdupe.com\/lt\/wp-json\/wp\/v2\/product_cat?post=1537"},{"taxonomy":"product_tag","embeddable":true,"href":"https:\/\/bagdupe.com\/lt\/wp-json\/wp\/v2\/product_tag?post=1537"}],"curies":[{"name":"wp","href":"https:\/\/api.w.org\/{rel}","templated":true}]}}