{"id":2303,"date":"2025-05-27T13:37:51","date_gmt":"2025-05-27T13:37:51","guid":{"rendered":"https:\/\/bagdupe.com\/product\/celine-bag-dupe-2079\/"},"modified":"2025-05-27T13:37:59","modified_gmt":"2025-05-27T13:37:59","slug":"celine-bag-dupe-2079","status":"publish","type":"product","link":"https:\/\/bagdupe.com\/lt\/produktas\/celine-bag-dupe-2079\/","title":{"rendered":"Celine krep\u0161ys Dupe 2079"},"content":{"rendered":"<p>Pridedama su d\u0117\u017eute<br \/>\n\"Celine\" monograma mini tote bag<br \/>\n\u0160i \"Celine\" serija neabejotinai yra gaivaus oro g\u016bsis tarp kelionini\u0173 krep\u0161i\u0173<br \/>\nBaltas pagrindas puikiai tinka pavasariui ir vasarai<br \/>\nValymas ir paprastumas - \u012fprasta Celine's specialyb\u0117<br \/>\nMerginos, m\u0117gstan\u010dios rankines, bet taip pat m\u0117gstan\u010dios ma\u017eus krep\u0161ius, netur\u0117t\u0173 praleisti \u0161io krep\u0161io.<\/p>\n<p>Celine krep\u0161ys Dupe 2079<\/p>","protected":false},"excerpt":{"rendered":"<p>Pridedama su d\u0117\u017eute<br \/>\n\"Celine\" monograma mini tote bag<br \/>\n\u0160i \"Celine\" serija neabejotinai yra gaivaus oro g\u016bsis tarp kelionini\u0173 krep\u0161i\u0173<br \/>\nBaltas pagrindas puikiai tinka pavasariui ir vasarai<br \/>\nValymas ir paprastumas - \u012fprasta Celine's specialyb\u0117<br \/>\nMerginos, m\u0117gstan\u010dios rankines, bet taip pat m\u0117gstan\u010dios ma\u017eus krep\u0161ius, netur\u0117t\u0173 praleisti \u0161io krep\u0161io.<\/p>","protected":false},"featured_media":2304,"template":"","meta":[],"product_brand":[],"product_cat":[44,45],"product_tag":[46,47],"class_list":{"0":"post-2303","1":"product","2":"type-product","3":"status-publish","4":"has-post-thumbnail","6":"product_cat-celine","7":"product_cat-celine-bag","8":"product_tag-celine","9":"product_tag-celine-bag","11":"first","12":"instock","13":"purchasable","14":"product-type-simple"},"yoast_head":"<!-- This site is optimized with the Yoast SEO Premium plugin v25.2 (Yoast SEO v25.2) - https:\/\/yoast.com\/wordpress\/plugins\/seo\/ -->\n<title>Celine Bag Dupe 2079 1:1 Replica<\/title>\n<meta name=\"description\" content=\"Comes with box Celine monogram mini tote bag This Celine series is definitely a breath of fresh air among tote bags The white base is perfect for spring and summer Cleaning and simplicity is Celine&#039;s usual specialty Girls who like tote bags but also like small bags should not miss this one 1:1 Replica\" \/>\n<meta name=\"robots\" content=\"index, follow, max-snippet:-1, max-image-preview:large, max-video-preview:-1\" \/>\n<link rel=\"canonical\" href=\"https:\/\/bagdupe.com\/lt\/product\/celine-bag-dupe-2079\/\" \/>\n<meta property=\"og:locale\" content=\"lt_LT\" \/>\n<meta property=\"og:type\" content=\"article\" \/>\n<meta property=\"og:title\" content=\"Celine Bag Dupe 2079\" \/>\n<meta property=\"og:description\" content=\"Comes with box Celine monogram mini tote bag This Celine series is definitely a breath of fresh air among tote bags The white base is perfect for spring and summer Cleaning and simplicity is Celine&#039;s usual specialty Girls who like tote bags but also like small bags should not miss this one 1:1 Replica\" \/>\n<meta property=\"og:url\" content=\"https:\/\/bagdupe.com\/lt\/product\/celine-bag-dupe-2079\/\" \/>\n<meta property=\"og:site_name\" content=\"Best Designer Bag Dupes | Fragrance Dupe In 2025\" \/>\n<meta property=\"article:modified_time\" content=\"2025-05-27T13:37:59+00:00\" \/>\n<meta property=\"og:image\" content=\"https:\/\/bagdupe.com\/wp-content\/uploads\/2025\/05\/Celine-Bag-Dupe-2079.jpg\" \/>\n\t<meta property=\"og:image:width\" content=\"1080\" \/>\n\t<meta property=\"og:image:height\" content=\"1439\" \/>\n\t<meta property=\"og:image:type\" content=\"image\/jpeg\" \/>\n<meta name=\"twitter:card\" content=\"summary_large_image\" \/>\n<script type=\"application\/ld+json\" class=\"yoast-schema-graph\">{\"@context\":\"https:\/\/schema.org\",\"@graph\":[{\"@type\":\"WebPage\",\"@id\":\"https:\/\/bagdupe.com\/nb\/product\/celine-bag-dupe-2079\/\",\"url\":\"https:\/\/bagdupe.com\/nb\/product\/celine-bag-dupe-2079\/\",\"name\":\"Celine Bag Dupe 2079 1:1 Replica\",\"isPartOf\":{\"@id\":\"https:\/\/bagdupe.com\/#website\"},\"primaryImageOfPage\":{\"@id\":\"https:\/\/bagdupe.com\/nb\/product\/celine-bag-dupe-2079\/#primaryimage\"},\"image\":{\"@id\":\"https:\/\/bagdupe.com\/nb\/product\/celine-bag-dupe-2079\/#primaryimage\"},\"thumbnailUrl\":\"https:\/\/bagdupe.com\/wp-content\/uploads\/2025\/05\/Celine-Bag-Dupe-2079.jpg\",\"datePublished\":\"2025-05-27T13:37:51+00:00\",\"dateModified\":\"2025-05-27T13:37:59+00:00\",\"description\":\"Comes with box Celine monogram mini tote bag This Celine series is definitely a breath of fresh air among tote bags The white base is perfect for spring and summer Cleaning and simplicity is Celine's usual specialty Girls who like tote bags but also like small bags should not miss this one 1:1 Replica\",\"breadcrumb\":{\"@id\":\"https:\/\/bagdupe.com\/nb\/product\/celine-bag-dupe-2079\/#breadcrumb\"},\"inLanguage\":\"lt-LT\",\"potentialAction\":[{\"@type\":\"ReadAction\",\"target\":[\"https:\/\/bagdupe.com\/nb\/product\/celine-bag-dupe-2079\/\"]}]},{\"@type\":\"ImageObject\",\"inLanguage\":\"lt-LT\",\"@id\":\"https:\/\/bagdupe.com\/nb\/product\/celine-bag-dupe-2079\/#primaryimage\",\"url\":\"https:\/\/bagdupe.com\/wp-content\/uploads\/2025\/05\/Celine-Bag-Dupe-2079.jpg\",\"contentUrl\":\"https:\/\/bagdupe.com\/wp-content\/uploads\/2025\/05\/Celine-Bag-Dupe-2079.jpg\",\"width\":1080,\"height\":1439,\"caption\":\"Celine Bag Dupe 2079\"},{\"@type\":\"BreadcrumbList\",\"@id\":\"https:\/\/bagdupe.com\/nb\/product\/celine-bag-dupe-2079\/#breadcrumb\",\"itemListElement\":[{\"@type\":\"ListItem\",\"position\":1,\"name\":\"Home\",\"item\":\"https:\/\/bagdupe.com\/\"},{\"@type\":\"ListItem\",\"position\":2,\"name\":\"Shop\",\"item\":\"https:\/\/bagdupe.com\/shop\/\"},{\"@type\":\"ListItem\",\"position\":3,\"name\":\"Celine Bag Dupe 2079\"}]},{\"@type\":\"WebSite\",\"@id\":\"https:\/\/bagdupe.com\/#website\",\"url\":\"https:\/\/bagdupe.com\/\",\"name\":\"Best Designer Bag Dupes | Fragrance Dupe In 2025\",\"description\":\"High quality designer Bags \/ Fragrance Shop. Brands: Louis Vuitton, Hermes, Chanel, Gucci, and Coach are frequently mentioned as having.\",\"publisher\":{\"@id\":\"https:\/\/bagdupe.com\/#organization\"},\"alternateName\":\"Best Designer Bag Dupes | Fragrance Dupe In 2025\",\"potentialAction\":[{\"@type\":\"SearchAction\",\"target\":{\"@type\":\"EntryPoint\",\"urlTemplate\":\"https:\/\/bagdupe.com\/?s={search_term_string}\"},\"query-input\":{\"@type\":\"PropertyValueSpecification\",\"valueRequired\":true,\"valueName\":\"search_term_string\"}}],\"inLanguage\":\"lt-LT\"},{\"@type\":\"Organization\",\"@id\":\"https:\/\/bagdupe.com\/#organization\",\"name\":\"Best Designer Bag Dupes | Fragrance Dupe In 2025\",\"alternateName\":\"Best Designer Bag Dupes | Fragrance Dupe In 2025\",\"url\":\"https:\/\/bagdupe.com\/\",\"logo\":{\"@type\":\"ImageObject\",\"inLanguage\":\"lt-LT\",\"@id\":\"https:\/\/bagdupe.com\/#\/schema\/logo\/image\/\",\"url\":\"https:\/\/bagdupe.com\/wp-content\/uploads\/2025\/05\/bagdupe.com_.webp\",\"contentUrl\":\"https:\/\/bagdupe.com\/wp-content\/uploads\/2025\/05\/bagdupe.com_.webp\",\"width\":800,\"height\":299,\"caption\":\"Best Designer Bag Dupes | Fragrance Dupe In 2025\"},\"image\":{\"@id\":\"https:\/\/bagdupe.com\/#\/schema\/logo\/image\/\"},\"description\":\"High quality designer Bags \/ Fragrance Shop. Brands: Louis Vuitton, Hermes, Chanel, Gucci, and Coach are frequently mentioned as having.\",\"email\":\"fashionrepsbiz@gmail.com\",\"telephone\":\"+1 936 666 6246\",\"legalName\":\"Best Designer Bag Dupes | Fragrance Dupe In 2025\",\"foundingDate\":\"2015-03-27\",\"vatID\":\"afd67baw625hbaf\",\"taxID\":\"5472erdsvert\",\"iso6523Code\":\"2566yt4hdf565g\",\"duns\":\"2654rthedg3gvfx\",\"leiCode\":\"436regtu65hbdfh\",\"naics\":\"63gvsy658ijngfgw\",\"numberOfEmployees\":{\"@type\":\"QuantitativeValue\",\"minValue\":\"51\",\"maxValue\":\"200\"},\"publishingPrinciples\":\"https:\/\/bagdupe.com\/refund_returns\/\",\"ownershipFundingInfo\":\"https:\/\/bagdupe.com\/about-dupe-shop\/\",\"actionableFeedbackPolicy\":\"https:\/\/bagdupe.com\/privacy-policy\/\",\"correctionsPolicy\":\"https:\/\/bagdupe.com\/privacy-policy\/\",\"ethicsPolicy\":\"https:\/\/bagdupe.com\/privacy-policy\/\",\"diversityPolicy\":\"https:\/\/bagdupe.com\/privacy-policy\/\"}]}<\/script>\n<!-- \/ Yoast SEO Premium plugin. -->","yoast_head_json":{"title":"Celine Bag Dupe 2079 1:1 Replica","description":"Comes with box Celine monogram mini tote bag This Celine series is definitely a breath of fresh air among tote bags The white base is perfect for spring and summer Cleaning and simplicity is Celine's usual specialty Girls who like tote bags but also like small bags should not miss this one 1:1 Replica","robots":{"index":"index","follow":"follow","max-snippet":"max-snippet:-1","max-image-preview":"max-image-preview:large","max-video-preview":"max-video-preview:-1"},"canonical":"https:\/\/bagdupe.com\/lt\/product\/celine-bag-dupe-2079\/","og_locale":"lt_LT","og_type":"article","og_title":"Celine Bag Dupe 2079","og_description":"Comes with box Celine monogram mini tote bag This Celine series is definitely a breath of fresh air among tote bags The white base is perfect for spring and summer Cleaning and simplicity is Celine's usual specialty Girls who like tote bags but also like small bags should not miss this one 1:1 Replica","og_url":"https:\/\/bagdupe.com\/lt\/product\/celine-bag-dupe-2079\/","og_site_name":"Best Designer Bag Dupes | Fragrance Dupe In 2025","article_modified_time":"2025-05-27T13:37:59+00:00","og_image":[{"width":1080,"height":1439,"url":"https:\/\/bagdupe.com\/wp-content\/uploads\/2025\/05\/Celine-Bag-Dupe-2079.jpg","type":"image\/jpeg"}],"twitter_card":"summary_large_image","schema":{"@context":"https:\/\/schema.org","@graph":[{"@type":"WebPage","@id":"https:\/\/bagdupe.com\/nb\/product\/celine-bag-dupe-2079\/","url":"https:\/\/bagdupe.com\/nb\/product\/celine-bag-dupe-2079\/","name":"Celine Bag Dupe 2079 1:1 Replica","isPartOf":{"@id":"https:\/\/bagdupe.com\/#website"},"primaryImageOfPage":{"@id":"https:\/\/bagdupe.com\/nb\/product\/celine-bag-dupe-2079\/#primaryimage"},"image":{"@id":"https:\/\/bagdupe.com\/nb\/product\/celine-bag-dupe-2079\/#primaryimage"},"thumbnailUrl":"https:\/\/bagdupe.com\/wp-content\/uploads\/2025\/05\/Celine-Bag-Dupe-2079.jpg","datePublished":"2025-05-27T13:37:51+00:00","dateModified":"2025-05-27T13:37:59+00:00","description":"Comes with box Celine monogram mini tote bag This Celine series is definitely a breath of fresh air among tote bags The white base is perfect for spring and summer Cleaning and simplicity is Celine's usual specialty Girls who like tote bags but also like small bags should not miss this one 1:1 Replica","breadcrumb":{"@id":"https:\/\/bagdupe.com\/nb\/product\/celine-bag-dupe-2079\/#breadcrumb"},"inLanguage":"lt-LT","potentialAction":[{"@type":"ReadAction","target":["https:\/\/bagdupe.com\/nb\/product\/celine-bag-dupe-2079\/"]}]},{"@type":"ImageObject","inLanguage":"lt-LT","@id":"https:\/\/bagdupe.com\/nb\/product\/celine-bag-dupe-2079\/#primaryimage","url":"https:\/\/bagdupe.com\/wp-content\/uploads\/2025\/05\/Celine-Bag-Dupe-2079.jpg","contentUrl":"https:\/\/bagdupe.com\/wp-content\/uploads\/2025\/05\/Celine-Bag-Dupe-2079.jpg","width":1080,"height":1439,"caption":"Celine Bag Dupe 2079"},{"@type":"BreadcrumbList","@id":"https:\/\/bagdupe.com\/nb\/product\/celine-bag-dupe-2079\/#breadcrumb","itemListElement":[{"@type":"ListItem","position":1,"name":"Home","item":"https:\/\/bagdupe.com\/"},{"@type":"ListItem","position":2,"name":"Shop","item":"https:\/\/bagdupe.com\/shop\/"},{"@type":"ListItem","position":3,"name":"Celine Bag Dupe 2079"}]},{"@type":"WebSite","@id":"https:\/\/bagdupe.com\/#website","url":"https:\/\/bagdupe.com\/","name":"Best Designer Bag Dupes | Fragrance Dupe In 2025","description":"High quality designer Bags \/ Fragrance Shop. Brands: Louis Vuitton, Hermes, Chanel, Gucci, and Coach are frequently mentioned as having.","publisher":{"@id":"https:\/\/bagdupe.com\/#organization"},"alternateName":"Best Designer Bag Dupes | Fragrance Dupe In 2025","potentialAction":[{"@type":"SearchAction","target":{"@type":"EntryPoint","urlTemplate":"https:\/\/bagdupe.com\/?s={search_term_string}"},"query-input":{"@type":"PropertyValueSpecification","valueRequired":true,"valueName":"search_term_string"}}],"inLanguage":"lt-LT"},{"@type":"Organization","@id":"https:\/\/bagdupe.com\/#organization","name":"Best Designer Bag Dupes | Fragrance Dupe In 2025","alternateName":"Best Designer Bag Dupes | Fragrance Dupe In 2025","url":"https:\/\/bagdupe.com\/","logo":{"@type":"ImageObject","inLanguage":"lt-LT","@id":"https:\/\/bagdupe.com\/#\/schema\/logo\/image\/","url":"https:\/\/bagdupe.com\/wp-content\/uploads\/2025\/05\/bagdupe.com_.webp","contentUrl":"https:\/\/bagdupe.com\/wp-content\/uploads\/2025\/05\/bagdupe.com_.webp","width":800,"height":299,"caption":"Best Designer Bag Dupes | Fragrance Dupe In 2025"},"image":{"@id":"https:\/\/bagdupe.com\/#\/schema\/logo\/image\/"},"description":"High quality designer Bags \/ Fragrance Shop. Brands: Louis Vuitton, Hermes, Chanel, Gucci, and Coach are frequently mentioned as having.","email":"fashionrepsbiz@gmail.com","telephone":"+1 936 666 6246","legalName":"Best Designer Bag Dupes | Fragrance Dupe In 2025","foundingDate":"2015-03-27","vatID":"afd67baw625hbaf","taxID":"5472erdsvert","iso6523Code":"2566yt4hdf565g","duns":"2654rthedg3gvfx","leiCode":"436regtu65hbdfh","naics":"63gvsy658ijngfgw","numberOfEmployees":{"@type":"QuantitativeValue","minValue":"51","maxValue":"200"},"publishingPrinciples":"https:\/\/bagdupe.com\/refund_returns\/","ownershipFundingInfo":"https:\/\/bagdupe.com\/about-dupe-shop\/","actionableFeedbackPolicy":"https:\/\/bagdupe.com\/privacy-policy\/","correctionsPolicy":"https:\/\/bagdupe.com\/privacy-policy\/","ethicsPolicy":"https:\/\/bagdupe.com\/privacy-policy\/","diversityPolicy":"https:\/\/bagdupe.com\/privacy-policy\/"}]}},"_links":{"self":[{"href":"https:\/\/bagdupe.com\/lt\/wp-json\/wp\/v2\/product\/2303","targetHints":{"allow":["GET"]}}],"collection":[{"href":"https:\/\/bagdupe.com\/lt\/wp-json\/wp\/v2\/product"}],"about":[{"href":"https:\/\/bagdupe.com\/lt\/wp-json\/wp\/v2\/types\/product"}],"wp:featuredmedia":[{"embeddable":true,"href":"https:\/\/bagdupe.com\/lt\/wp-json\/wp\/v2\/media\/2304"}],"wp:attachment":[{"href":"https:\/\/bagdupe.com\/lt\/wp-json\/wp\/v2\/media?parent=2303"}],"wp:term":[{"taxonomy":"product_brand","embeddable":true,"href":"https:\/\/bagdupe.com\/lt\/wp-json\/wp\/v2\/product_brand?post=2303"},{"taxonomy":"product_cat","embeddable":true,"href":"https:\/\/bagdupe.com\/lt\/wp-json\/wp\/v2\/product_cat?post=2303"},{"taxonomy":"product_tag","embeddable":true,"href":"https:\/\/bagdupe.com\/lt\/wp-json\/wp\/v2\/product_tag?post=2303"}],"curies":[{"name":"wp","href":"https:\/\/api.w.org\/{rel}","templated":true}]}}