{"id":2722,"date":"2025-05-27T13:45:16","date_gmt":"2025-05-27T13:45:16","guid":{"rendered":"https:\/\/bagdupe.com\/product\/valentino-bag-dupe-1991\/"},"modified":"2025-05-27T13:45:21","modified_gmt":"2025-05-27T13:45:21","slug":"valentino-bag-dupe-1991","status":"publish","type":"product","link":"https:\/\/bagdupe.com\/lt\/produktas\/valentino-bag-dupe-1991\/","title":{"rendered":"Valentino krep\u0161ys Dupe 1991"},"content":{"rendered":"<p>Pridedama sulankstoma d\u0117\u017eut\u0117<br \/>\nValentino AllknotsA crossbody bag is exquisite and beautiful, high-end and elegant<br \/>\nEasy to wear, no matter what clothes or seasons, can be worn all year round, can be salty or sweet<br \/>\nTall girls carry it, elegant and ladylike, petite girls carry it, a sweet girl<br \/>\nSize: 26.13cm<\/p>\n<p>Valentino krep\u0161ys Dupe 1991<\/p>","protected":false},"excerpt":{"rendered":"<p>Pridedama sulankstoma d\u0117\u017eut\u0117<br \/>\nValentino AllknotsA crossbody bag is exquisite and beautiful, high-end and elegant<br \/>\nEasy to wear, no matter what clothes or seasons, can be worn all year round, can be salty or sweet<br \/>\nTall girls carry it, elegant and ladylike, petite girls carry it, a sweet girl<br \/>\nSize: 26.13cm<\/p>","protected":false},"featured_media":2723,"template":"","meta":[],"product_brand":[],"product_cat":[92,93],"product_tag":[94,95],"class_list":{"0":"post-2722","1":"product","2":"type-product","3":"status-publish","4":"has-post-thumbnail","6":"product_cat-valentino","7":"product_cat-valentino-bag","8":"product_tag-valentino","9":"product_tag-valentino-bag","11":"first","12":"instock","13":"purchasable","14":"product-type-simple"},"yoast_head":"<!-- This site is optimized with the Yoast SEO Premium plugin v25.2 (Yoast SEO v25.2) - https:\/\/yoast.com\/wordpress\/plugins\/seo\/ -->\n<title>Valentino Bag Dupe 1991 1:1 Replica<\/title>\n<meta name=\"description\" content=\"Comes with a folding box Valentino AllknotsA crossbody bag is exquisite and beautiful, high-end and elegant Easy to wear, no matter what clothes or seasons, can be worn all year round, can be salty or sweet Tall girls carry it, elegant and ladylike, petite girls carry it, a sweet girl Size: 26.13cm 1:1 Replica\" \/>\n<meta name=\"robots\" content=\"index, follow, max-snippet:-1, max-image-preview:large, max-video-preview:-1\" \/>\n<link rel=\"canonical\" href=\"https:\/\/bagdupe.com\/lt\/product\/valentino-bag-dupe-1991\/\" \/>\n<meta property=\"og:locale\" content=\"lt_LT\" \/>\n<meta property=\"og:type\" content=\"article\" \/>\n<meta property=\"og:title\" content=\"Valentino Bag Dupe 1991\" \/>\n<meta property=\"og:description\" content=\"Comes with a folding box Valentino AllknotsA crossbody bag is exquisite and beautiful, high-end and elegant Easy to wear, no matter what clothes or seasons, can be worn all year round, can be salty or sweet Tall girls carry it, elegant and ladylike, petite girls carry it, a sweet girl Size: 26.13cm 1:1 Replica\" \/>\n<meta property=\"og:url\" content=\"https:\/\/bagdupe.com\/lt\/product\/valentino-bag-dupe-1991\/\" \/>\n<meta property=\"og:site_name\" content=\"Best Designer Bag Dupes | Fragrance Dupe In 2025\" \/>\n<meta property=\"article:modified_time\" content=\"2025-05-27T13:45:21+00:00\" \/>\n<meta property=\"og:image\" content=\"https:\/\/bagdupe.com\/wp-content\/uploads\/2025\/05\/Valentino-Bag-Dupe-1991.jpg\" \/>\n\t<meta property=\"og:image:width\" content=\"1080\" \/>\n\t<meta property=\"og:image:height\" content=\"1438\" \/>\n\t<meta property=\"og:image:type\" content=\"image\/jpeg\" \/>\n<meta name=\"twitter:card\" content=\"summary_large_image\" \/>\n<script type=\"application\/ld+json\" class=\"yoast-schema-graph\">{\"@context\":\"https:\/\/schema.org\",\"@graph\":[{\"@type\":\"WebPage\",\"@id\":\"https:\/\/bagdupe.com\/nb\/product\/valentino-bag-dupe-1991\/\",\"url\":\"https:\/\/bagdupe.com\/nb\/product\/valentino-bag-dupe-1991\/\",\"name\":\"Valentino Bag Dupe 1991 1:1 Replica\",\"isPartOf\":{\"@id\":\"https:\/\/bagdupe.com\/#website\"},\"primaryImageOfPage\":{\"@id\":\"https:\/\/bagdupe.com\/nb\/product\/valentino-bag-dupe-1991\/#primaryimage\"},\"image\":{\"@id\":\"https:\/\/bagdupe.com\/nb\/product\/valentino-bag-dupe-1991\/#primaryimage\"},\"thumbnailUrl\":\"https:\/\/bagdupe.com\/wp-content\/uploads\/2025\/05\/Valentino-Bag-Dupe-1991.jpg\",\"datePublished\":\"2025-05-27T13:45:16+00:00\",\"dateModified\":\"2025-05-27T13:45:21+00:00\",\"description\":\"Comes with a folding box Valentino AllknotsA crossbody bag is exquisite and beautiful, high-end and elegant Easy to wear, no matter what clothes or seasons, can be worn all year round, can be salty or sweet Tall girls carry it, elegant and ladylike, petite girls carry it, a sweet girl Size: 26.13cm 1:1 Replica\",\"breadcrumb\":{\"@id\":\"https:\/\/bagdupe.com\/nb\/product\/valentino-bag-dupe-1991\/#breadcrumb\"},\"inLanguage\":\"lt-LT\",\"potentialAction\":[{\"@type\":\"ReadAction\",\"target\":[\"https:\/\/bagdupe.com\/nb\/product\/valentino-bag-dupe-1991\/\"]}]},{\"@type\":\"ImageObject\",\"inLanguage\":\"lt-LT\",\"@id\":\"https:\/\/bagdupe.com\/nb\/product\/valentino-bag-dupe-1991\/#primaryimage\",\"url\":\"https:\/\/bagdupe.com\/wp-content\/uploads\/2025\/05\/Valentino-Bag-Dupe-1991.jpg\",\"contentUrl\":\"https:\/\/bagdupe.com\/wp-content\/uploads\/2025\/05\/Valentino-Bag-Dupe-1991.jpg\",\"width\":1080,\"height\":1438,\"caption\":\"Valentino Bag Dupe 1991\"},{\"@type\":\"BreadcrumbList\",\"@id\":\"https:\/\/bagdupe.com\/nb\/product\/valentino-bag-dupe-1991\/#breadcrumb\",\"itemListElement\":[{\"@type\":\"ListItem\",\"position\":1,\"name\":\"Home\",\"item\":\"https:\/\/bagdupe.com\/\"},{\"@type\":\"ListItem\",\"position\":2,\"name\":\"Shop\",\"item\":\"https:\/\/bagdupe.com\/shop\/\"},{\"@type\":\"ListItem\",\"position\":3,\"name\":\"Valentino Bag Dupe 1991\"}]},{\"@type\":\"WebSite\",\"@id\":\"https:\/\/bagdupe.com\/#website\",\"url\":\"https:\/\/bagdupe.com\/\",\"name\":\"Best Designer Bag Dupes | Fragrance Dupe In 2025\",\"description\":\"High quality designer Bags \/ Fragrance Shop. Brands: Louis Vuitton, Hermes, Chanel, Gucci, and Coach are frequently mentioned as having.\",\"publisher\":{\"@id\":\"https:\/\/bagdupe.com\/#organization\"},\"alternateName\":\"Best Designer Bag Dupes | Fragrance Dupe In 2025\",\"potentialAction\":[{\"@type\":\"SearchAction\",\"target\":{\"@type\":\"EntryPoint\",\"urlTemplate\":\"https:\/\/bagdupe.com\/?s={search_term_string}\"},\"query-input\":{\"@type\":\"PropertyValueSpecification\",\"valueRequired\":true,\"valueName\":\"search_term_string\"}}],\"inLanguage\":\"lt-LT\"},{\"@type\":\"Organization\",\"@id\":\"https:\/\/bagdupe.com\/#organization\",\"name\":\"Best Designer Bag Dupes | Fragrance Dupe In 2025\",\"alternateName\":\"Best Designer Bag Dupes | Fragrance Dupe In 2025\",\"url\":\"https:\/\/bagdupe.com\/\",\"logo\":{\"@type\":\"ImageObject\",\"inLanguage\":\"lt-LT\",\"@id\":\"https:\/\/bagdupe.com\/#\/schema\/logo\/image\/\",\"url\":\"https:\/\/bagdupe.com\/wp-content\/uploads\/2025\/05\/bagdupe.com_.webp\",\"contentUrl\":\"https:\/\/bagdupe.com\/wp-content\/uploads\/2025\/05\/bagdupe.com_.webp\",\"width\":800,\"height\":299,\"caption\":\"Best Designer Bag Dupes | Fragrance Dupe In 2025\"},\"image\":{\"@id\":\"https:\/\/bagdupe.com\/#\/schema\/logo\/image\/\"},\"description\":\"High quality designer Bags \/ Fragrance Shop. Brands: Louis Vuitton, Hermes, Chanel, Gucci, and Coach are frequently mentioned as having.\",\"email\":\"fashionrepsbiz@gmail.com\",\"telephone\":\"+1 936 666 6246\",\"legalName\":\"Best Designer Bag Dupes | Fragrance Dupe In 2025\",\"foundingDate\":\"2015-03-27\",\"vatID\":\"afd67baw625hbaf\",\"taxID\":\"5472erdsvert\",\"iso6523Code\":\"2566yt4hdf565g\",\"duns\":\"2654rthedg3gvfx\",\"leiCode\":\"436regtu65hbdfh\",\"naics\":\"63gvsy658ijngfgw\",\"numberOfEmployees\":{\"@type\":\"QuantitativeValue\",\"minValue\":\"51\",\"maxValue\":\"200\"},\"publishingPrinciples\":\"https:\/\/bagdupe.com\/refund_returns\/\",\"ownershipFundingInfo\":\"https:\/\/bagdupe.com\/about-dupe-shop\/\",\"actionableFeedbackPolicy\":\"https:\/\/bagdupe.com\/privacy-policy\/\",\"correctionsPolicy\":\"https:\/\/bagdupe.com\/privacy-policy\/\",\"ethicsPolicy\":\"https:\/\/bagdupe.com\/privacy-policy\/\",\"diversityPolicy\":\"https:\/\/bagdupe.com\/privacy-policy\/\"}]}<\/script>\n<!-- \/ Yoast SEO Premium plugin. -->","yoast_head_json":{"title":"Valentino Bag Dupe 1991 1:1 Replica","description":"Comes with a folding box Valentino AllknotsA crossbody bag is exquisite and beautiful, high-end and elegant Easy to wear, no matter what clothes or seasons, can be worn all year round, can be salty or sweet Tall girls carry it, elegant and ladylike, petite girls carry it, a sweet girl Size: 26.13cm 1:1 Replica","robots":{"index":"index","follow":"follow","max-snippet":"max-snippet:-1","max-image-preview":"max-image-preview:large","max-video-preview":"max-video-preview:-1"},"canonical":"https:\/\/bagdupe.com\/lt\/product\/valentino-bag-dupe-1991\/","og_locale":"lt_LT","og_type":"article","og_title":"Valentino Bag Dupe 1991","og_description":"Comes with a folding box Valentino AllknotsA crossbody bag is exquisite and beautiful, high-end and elegant Easy to wear, no matter what clothes or seasons, can be worn all year round, can be salty or sweet Tall girls carry it, elegant and ladylike, petite girls carry it, a sweet girl Size: 26.13cm 1:1 Replica","og_url":"https:\/\/bagdupe.com\/lt\/product\/valentino-bag-dupe-1991\/","og_site_name":"Best Designer Bag Dupes | Fragrance Dupe In 2025","article_modified_time":"2025-05-27T13:45:21+00:00","og_image":[{"width":1080,"height":1438,"url":"https:\/\/bagdupe.com\/wp-content\/uploads\/2025\/05\/Valentino-Bag-Dupe-1991.jpg","type":"image\/jpeg"}],"twitter_card":"summary_large_image","schema":{"@context":"https:\/\/schema.org","@graph":[{"@type":"WebPage","@id":"https:\/\/bagdupe.com\/nb\/product\/valentino-bag-dupe-1991\/","url":"https:\/\/bagdupe.com\/nb\/product\/valentino-bag-dupe-1991\/","name":"Valentino Bag Dupe 1991 1:1 Replica","isPartOf":{"@id":"https:\/\/bagdupe.com\/#website"},"primaryImageOfPage":{"@id":"https:\/\/bagdupe.com\/nb\/product\/valentino-bag-dupe-1991\/#primaryimage"},"image":{"@id":"https:\/\/bagdupe.com\/nb\/product\/valentino-bag-dupe-1991\/#primaryimage"},"thumbnailUrl":"https:\/\/bagdupe.com\/wp-content\/uploads\/2025\/05\/Valentino-Bag-Dupe-1991.jpg","datePublished":"2025-05-27T13:45:16+00:00","dateModified":"2025-05-27T13:45:21+00:00","description":"Comes with a folding box Valentino AllknotsA crossbody bag is exquisite and beautiful, high-end and elegant Easy to wear, no matter what clothes or seasons, can be worn all year round, can be salty or sweet Tall girls carry it, elegant and ladylike, petite girls carry it, a sweet girl Size: 26.13cm 1:1 Replica","breadcrumb":{"@id":"https:\/\/bagdupe.com\/nb\/product\/valentino-bag-dupe-1991\/#breadcrumb"},"inLanguage":"lt-LT","potentialAction":[{"@type":"ReadAction","target":["https:\/\/bagdupe.com\/nb\/product\/valentino-bag-dupe-1991\/"]}]},{"@type":"ImageObject","inLanguage":"lt-LT","@id":"https:\/\/bagdupe.com\/nb\/product\/valentino-bag-dupe-1991\/#primaryimage","url":"https:\/\/bagdupe.com\/wp-content\/uploads\/2025\/05\/Valentino-Bag-Dupe-1991.jpg","contentUrl":"https:\/\/bagdupe.com\/wp-content\/uploads\/2025\/05\/Valentino-Bag-Dupe-1991.jpg","width":1080,"height":1438,"caption":"Valentino Bag Dupe 1991"},{"@type":"BreadcrumbList","@id":"https:\/\/bagdupe.com\/nb\/product\/valentino-bag-dupe-1991\/#breadcrumb","itemListElement":[{"@type":"ListItem","position":1,"name":"Home","item":"https:\/\/bagdupe.com\/"},{"@type":"ListItem","position":2,"name":"Shop","item":"https:\/\/bagdupe.com\/shop\/"},{"@type":"ListItem","position":3,"name":"Valentino Bag Dupe 1991"}]},{"@type":"WebSite","@id":"https:\/\/bagdupe.com\/#website","url":"https:\/\/bagdupe.com\/","name":"Best Designer Bag Dupes | Fragrance Dupe In 2025","description":"High quality designer Bags \/ Fragrance Shop. Brands: Louis Vuitton, Hermes, Chanel, Gucci, and Coach are frequently mentioned as having.","publisher":{"@id":"https:\/\/bagdupe.com\/#organization"},"alternateName":"Best Designer Bag Dupes | Fragrance Dupe In 2025","potentialAction":[{"@type":"SearchAction","target":{"@type":"EntryPoint","urlTemplate":"https:\/\/bagdupe.com\/?s={search_term_string}"},"query-input":{"@type":"PropertyValueSpecification","valueRequired":true,"valueName":"search_term_string"}}],"inLanguage":"lt-LT"},{"@type":"Organization","@id":"https:\/\/bagdupe.com\/#organization","name":"Best Designer Bag Dupes | Fragrance Dupe In 2025","alternateName":"Best Designer Bag Dupes | Fragrance Dupe In 2025","url":"https:\/\/bagdupe.com\/","logo":{"@type":"ImageObject","inLanguage":"lt-LT","@id":"https:\/\/bagdupe.com\/#\/schema\/logo\/image\/","url":"https:\/\/bagdupe.com\/wp-content\/uploads\/2025\/05\/bagdupe.com_.webp","contentUrl":"https:\/\/bagdupe.com\/wp-content\/uploads\/2025\/05\/bagdupe.com_.webp","width":800,"height":299,"caption":"Best Designer Bag Dupes | Fragrance Dupe In 2025"},"image":{"@id":"https:\/\/bagdupe.com\/#\/schema\/logo\/image\/"},"description":"High quality designer Bags \/ Fragrance Shop. Brands: Louis Vuitton, Hermes, Chanel, Gucci, and Coach are frequently mentioned as having.","email":"fashionrepsbiz@gmail.com","telephone":"+1 936 666 6246","legalName":"Best Designer Bag Dupes | Fragrance Dupe In 2025","foundingDate":"2015-03-27","vatID":"afd67baw625hbaf","taxID":"5472erdsvert","iso6523Code":"2566yt4hdf565g","duns":"2654rthedg3gvfx","leiCode":"436regtu65hbdfh","naics":"63gvsy658ijngfgw","numberOfEmployees":{"@type":"QuantitativeValue","minValue":"51","maxValue":"200"},"publishingPrinciples":"https:\/\/bagdupe.com\/refund_returns\/","ownershipFundingInfo":"https:\/\/bagdupe.com\/about-dupe-shop\/","actionableFeedbackPolicy":"https:\/\/bagdupe.com\/privacy-policy\/","correctionsPolicy":"https:\/\/bagdupe.com\/privacy-policy\/","ethicsPolicy":"https:\/\/bagdupe.com\/privacy-policy\/","diversityPolicy":"https:\/\/bagdupe.com\/privacy-policy\/"}]}},"_links":{"self":[{"href":"https:\/\/bagdupe.com\/lt\/wp-json\/wp\/v2\/product\/2722","targetHints":{"allow":["GET"]}}],"collection":[{"href":"https:\/\/bagdupe.com\/lt\/wp-json\/wp\/v2\/product"}],"about":[{"href":"https:\/\/bagdupe.com\/lt\/wp-json\/wp\/v2\/types\/product"}],"wp:featuredmedia":[{"embeddable":true,"href":"https:\/\/bagdupe.com\/lt\/wp-json\/wp\/v2\/media\/2723"}],"wp:attachment":[{"href":"https:\/\/bagdupe.com\/lt\/wp-json\/wp\/v2\/media?parent=2722"}],"wp:term":[{"taxonomy":"product_brand","embeddable":true,"href":"https:\/\/bagdupe.com\/lt\/wp-json\/wp\/v2\/product_brand?post=2722"},{"taxonomy":"product_cat","embeddable":true,"href":"https:\/\/bagdupe.com\/lt\/wp-json\/wp\/v2\/product_cat?post=2722"},{"taxonomy":"product_tag","embeddable":true,"href":"https:\/\/bagdupe.com\/lt\/wp-json\/wp\/v2\/product_tag?post=2722"}],"curies":[{"name":"wp","href":"https:\/\/api.w.org\/{rel}","templated":true}]}}