{"id":5173,"date":"2025-05-27T14:33:22","date_gmt":"2025-05-27T14:33:22","guid":{"rendered":"https:\/\/bagdupe.com\/product\/louis-vuitton-bag-dupe-1478\/"},"modified":"2025-05-27T14:33:48","modified_gmt":"2025-05-27T14:33:48","slug":"louis-vuitton-bag-dupe-1478","status":"publish","type":"product","link":"https:\/\/bagdupe.com\/nb\/produkt\/louis-vuitton-bag-dupe-1478\/","title":{"rendered":"Louis Vuitton Bag Dupe 1478"},"content":{"rendered":"<p>Lv light milk strawberry croissant bag<br \/>\nKan b\u00e6res p\u00e5 \u00e9n skulder eller p\u00e5 tvers av kroppen<br \/>\nUnderarm bags are popular this year. They are light and have a huge capacity. They can be matched with any style. They can be made shorter and are also fashionable. Small people can carry them without any pressure. Hurry up and buy them.<br \/>\nSize: 28x10x20cm<\/p>\n<p>Louis Vuitton Bag Dupe 1478<\/p>","protected":false},"excerpt":{"rendered":"<p>Lv light milk strawberry croissant bag<br \/>\nKan b\u00e6res p\u00e5 \u00e9n skulder eller p\u00e5 tvers av kroppen<br \/>\nUnderarm bags are popular this year. They are light and have a huge capacity. They can be matched with any style. They can be made shorter and are also fashionable. Small people can carry them without any pressure. Hurry up and buy them.<br \/>\nSize: 28x10x20cm<\/p>","protected":false},"featured_media":5174,"template":"","meta":[],"product_brand":[],"product_cat":[20,21],"product_tag":[22,23],"class_list":{"0":"post-5173","1":"product","2":"type-product","3":"status-publish","4":"has-post-thumbnail","6":"product_cat-louis-vuitton","7":"product_cat-louis-vuitton-bag","8":"product_tag-louis-vuitton","9":"product_tag-louis-vuitton-bag","11":"first","12":"instock","13":"purchasable","14":"product-type-simple"},"yoast_head":"<!-- This site is optimized with the Yoast SEO Premium plugin v25.2 (Yoast SEO v25.2) - https:\/\/yoast.com\/wordpress\/plugins\/seo\/ -->\n<title>Louis Vuitton Bag Dupe 1478 1:1 Replica<\/title>\n<meta name=\"description\" content=\"Lv light milk strawberry croissant bag Can be carried on one shoulder or across the body Underarm bags are popular this year. They are light and have a huge capacity. They can be matched with any style. They can be made shorter and are also fashionable. Small people can carry them without any pressure. Hurry up and buy them. Size: 28x10x20cm 1:1 Replica\" \/>\n<meta name=\"robots\" content=\"index, follow, max-snippet:-1, max-image-preview:large, max-video-preview:-1\" \/>\n<link rel=\"canonical\" href=\"https:\/\/bagdupe.com\/nb\/product\/louis-vuitton-bag-dupe-1478\/\" \/>\n<meta property=\"og:locale\" content=\"nb_NO\" \/>\n<meta property=\"og:type\" content=\"article\" \/>\n<meta property=\"og:title\" content=\"Louis Vuitton Bag Dupe 1478\" \/>\n<meta property=\"og:description\" content=\"Lv light milk strawberry croissant bag Can be carried on one shoulder or across the body Underarm bags are popular this year. They are light and have a huge capacity. They can be matched with any style. They can be made shorter and are also fashionable. Small people can carry them without any pressure. Hurry up and buy them. Size: 28x10x20cm 1:1 Replica\" \/>\n<meta property=\"og:url\" content=\"https:\/\/bagdupe.com\/nb\/product\/louis-vuitton-bag-dupe-1478\/\" \/>\n<meta property=\"og:site_name\" content=\"Best Designer Bag Dupes | Fragrance Dupe In 2025\" \/>\n<meta property=\"article:modified_time\" content=\"2025-05-27T14:33:48+00:00\" \/>\n<meta property=\"og:image\" content=\"https:\/\/bagdupe.com\/wp-content\/uploads\/2025\/05\/Louis-Vuitton-Bag-Dupe-1478.jpg\" \/>\n\t<meta property=\"og:image:width\" content=\"1920\" \/>\n\t<meta property=\"og:image:height\" content=\"1440\" \/>\n\t<meta property=\"og:image:type\" content=\"image\/jpeg\" \/>\n<meta name=\"twitter:card\" content=\"summary_large_image\" \/>\n<script type=\"application\/ld+json\" class=\"yoast-schema-graph\">{\"@context\":\"https:\/\/schema.org\",\"@graph\":[{\"@type\":\"WebPage\",\"@id\":\"https:\/\/bagdupe.com\/fr\/product\/louis-vuitton-bag-dupe-1478\/\",\"url\":\"https:\/\/bagdupe.com\/fr\/product\/louis-vuitton-bag-dupe-1478\/\",\"name\":\"Louis Vuitton Bag Dupe 1478 1:1 Replica\",\"isPartOf\":{\"@id\":\"https:\/\/bagdupe.com\/#website\"},\"primaryImageOfPage\":{\"@id\":\"https:\/\/bagdupe.com\/fr\/product\/louis-vuitton-bag-dupe-1478\/#primaryimage\"},\"image\":{\"@id\":\"https:\/\/bagdupe.com\/fr\/product\/louis-vuitton-bag-dupe-1478\/#primaryimage\"},\"thumbnailUrl\":\"https:\/\/bagdupe.com\/wp-content\/uploads\/2025\/05\/Louis-Vuitton-Bag-Dupe-1478.jpg\",\"datePublished\":\"2025-05-27T14:33:22+00:00\",\"dateModified\":\"2025-05-27T14:33:48+00:00\",\"description\":\"Lv light milk strawberry croissant bag Can be carried on one shoulder or across the body Underarm bags are popular this year. They are light and have a huge capacity. They can be matched with any style. They can be made shorter and are also fashionable. Small people can carry them without any pressure. Hurry up and buy them. Size: 28x10x20cm 1:1 Replica\",\"breadcrumb\":{\"@id\":\"https:\/\/bagdupe.com\/fr\/product\/louis-vuitton-bag-dupe-1478\/#breadcrumb\"},\"inLanguage\":\"nb-NO\",\"potentialAction\":[{\"@type\":\"ReadAction\",\"target\":[\"https:\/\/bagdupe.com\/fr\/product\/louis-vuitton-bag-dupe-1478\/\"]}]},{\"@type\":\"ImageObject\",\"inLanguage\":\"nb-NO\",\"@id\":\"https:\/\/bagdupe.com\/fr\/product\/louis-vuitton-bag-dupe-1478\/#primaryimage\",\"url\":\"https:\/\/bagdupe.com\/wp-content\/uploads\/2025\/05\/Louis-Vuitton-Bag-Dupe-1478.jpg\",\"contentUrl\":\"https:\/\/bagdupe.com\/wp-content\/uploads\/2025\/05\/Louis-Vuitton-Bag-Dupe-1478.jpg\",\"width\":1920,\"height\":1440,\"caption\":\"Louis Vuitton Bag Dupe 1478\"},{\"@type\":\"BreadcrumbList\",\"@id\":\"https:\/\/bagdupe.com\/fr\/product\/louis-vuitton-bag-dupe-1478\/#breadcrumb\",\"itemListElement\":[{\"@type\":\"ListItem\",\"position\":1,\"name\":\"Home\",\"item\":\"https:\/\/bagdupe.com\/\"},{\"@type\":\"ListItem\",\"position\":2,\"name\":\"Shop\",\"item\":\"https:\/\/bagdupe.com\/shop\/\"},{\"@type\":\"ListItem\",\"position\":3,\"name\":\"Louis Vuitton Bag Dupe 1478\"}]},{\"@type\":\"WebSite\",\"@id\":\"https:\/\/bagdupe.com\/#website\",\"url\":\"https:\/\/bagdupe.com\/\",\"name\":\"Best Designer Bag Dupes | Fragrance Dupe In 2025\",\"description\":\"High quality designer Bags \/ Fragrance Shop. Brands: Louis Vuitton, Hermes, Chanel, Gucci, and Coach are frequently mentioned as having.\",\"publisher\":{\"@id\":\"https:\/\/bagdupe.com\/#organization\"},\"alternateName\":\"Best Designer Bag Dupes | Fragrance Dupe In 2025\",\"potentialAction\":[{\"@type\":\"SearchAction\",\"target\":{\"@type\":\"EntryPoint\",\"urlTemplate\":\"https:\/\/bagdupe.com\/?s={search_term_string}\"},\"query-input\":{\"@type\":\"PropertyValueSpecification\",\"valueRequired\":true,\"valueName\":\"search_term_string\"}}],\"inLanguage\":\"nb-NO\"},{\"@type\":\"Organization\",\"@id\":\"https:\/\/bagdupe.com\/#organization\",\"name\":\"Best Designer Bag Dupes | Fragrance Dupe In 2025\",\"alternateName\":\"Best Designer Bag Dupes | Fragrance Dupe In 2025\",\"url\":\"https:\/\/bagdupe.com\/\",\"logo\":{\"@type\":\"ImageObject\",\"inLanguage\":\"nb-NO\",\"@id\":\"https:\/\/bagdupe.com\/#\/schema\/logo\/image\/\",\"url\":\"https:\/\/bagdupe.com\/wp-content\/uploads\/2025\/05\/bagdupe.com_.webp\",\"contentUrl\":\"https:\/\/bagdupe.com\/wp-content\/uploads\/2025\/05\/bagdupe.com_.webp\",\"width\":800,\"height\":299,\"caption\":\"Best Designer Bag Dupes | Fragrance Dupe In 2025\"},\"image\":{\"@id\":\"https:\/\/bagdupe.com\/#\/schema\/logo\/image\/\"},\"description\":\"High quality designer Bags \/ Fragrance Shop. Brands: Louis Vuitton, Hermes, Chanel, Gucci, and Coach are frequently mentioned as having.\",\"email\":\"fashionrepsbiz@gmail.com\",\"telephone\":\"+1 936 666 6246\",\"legalName\":\"Best Designer Bag Dupes | Fragrance Dupe In 2025\",\"foundingDate\":\"2015-03-27\",\"vatID\":\"afd67baw625hbaf\",\"taxID\":\"5472erdsvert\",\"iso6523Code\":\"2566yt4hdf565g\",\"duns\":\"2654rthedg3gvfx\",\"leiCode\":\"436regtu65hbdfh\",\"naics\":\"63gvsy658ijngfgw\",\"numberOfEmployees\":{\"@type\":\"QuantitativeValue\",\"minValue\":\"51\",\"maxValue\":\"200\"},\"publishingPrinciples\":\"https:\/\/bagdupe.com\/refund_returns\/\",\"ownershipFundingInfo\":\"https:\/\/bagdupe.com\/about-dupe-shop\/\",\"actionableFeedbackPolicy\":\"https:\/\/bagdupe.com\/privacy-policy\/\",\"correctionsPolicy\":\"https:\/\/bagdupe.com\/privacy-policy\/\",\"ethicsPolicy\":\"https:\/\/bagdupe.com\/privacy-policy\/\",\"diversityPolicy\":\"https:\/\/bagdupe.com\/privacy-policy\/\"}]}<\/script>\n<!-- \/ Yoast SEO Premium plugin. -->","yoast_head_json":{"title":"Louis Vuitton Bag Dupe 1478 1:1 Replica","description":"Lv light milk strawberry croissant bag Can be carried on one shoulder or across the body Underarm bags are popular this year. They are light and have a huge capacity. They can be matched with any style. They can be made shorter and are also fashionable. Small people can carry them without any pressure. Hurry up and buy them. Size: 28x10x20cm 1:1 Replica","robots":{"index":"index","follow":"follow","max-snippet":"max-snippet:-1","max-image-preview":"max-image-preview:large","max-video-preview":"max-video-preview:-1"},"canonical":"https:\/\/bagdupe.com\/nb\/product\/louis-vuitton-bag-dupe-1478\/","og_locale":"nb_NO","og_type":"article","og_title":"Louis Vuitton Bag Dupe 1478","og_description":"Lv light milk strawberry croissant bag Can be carried on one shoulder or across the body Underarm bags are popular this year. They are light and have a huge capacity. They can be matched with any style. They can be made shorter and are also fashionable. Small people can carry them without any pressure. Hurry up and buy them. Size: 28x10x20cm 1:1 Replica","og_url":"https:\/\/bagdupe.com\/nb\/product\/louis-vuitton-bag-dupe-1478\/","og_site_name":"Best Designer Bag Dupes | Fragrance Dupe In 2025","article_modified_time":"2025-05-27T14:33:48+00:00","og_image":[{"width":1920,"height":1440,"url":"https:\/\/bagdupe.com\/wp-content\/uploads\/2025\/05\/Louis-Vuitton-Bag-Dupe-1478.jpg","type":"image\/jpeg"}],"twitter_card":"summary_large_image","schema":{"@context":"https:\/\/schema.org","@graph":[{"@type":"WebPage","@id":"https:\/\/bagdupe.com\/fr\/product\/louis-vuitton-bag-dupe-1478\/","url":"https:\/\/bagdupe.com\/fr\/product\/louis-vuitton-bag-dupe-1478\/","name":"Louis Vuitton Bag Dupe 1478 1:1 Replica","isPartOf":{"@id":"https:\/\/bagdupe.com\/#website"},"primaryImageOfPage":{"@id":"https:\/\/bagdupe.com\/fr\/product\/louis-vuitton-bag-dupe-1478\/#primaryimage"},"image":{"@id":"https:\/\/bagdupe.com\/fr\/product\/louis-vuitton-bag-dupe-1478\/#primaryimage"},"thumbnailUrl":"https:\/\/bagdupe.com\/wp-content\/uploads\/2025\/05\/Louis-Vuitton-Bag-Dupe-1478.jpg","datePublished":"2025-05-27T14:33:22+00:00","dateModified":"2025-05-27T14:33:48+00:00","description":"Lv light milk strawberry croissant bag Can be carried on one shoulder or across the body Underarm bags are popular this year. They are light and have a huge capacity. They can be matched with any style. They can be made shorter and are also fashionable. Small people can carry them without any pressure. Hurry up and buy them. Size: 28x10x20cm 1:1 Replica","breadcrumb":{"@id":"https:\/\/bagdupe.com\/fr\/product\/louis-vuitton-bag-dupe-1478\/#breadcrumb"},"inLanguage":"nb-NO","potentialAction":[{"@type":"ReadAction","target":["https:\/\/bagdupe.com\/fr\/product\/louis-vuitton-bag-dupe-1478\/"]}]},{"@type":"ImageObject","inLanguage":"nb-NO","@id":"https:\/\/bagdupe.com\/fr\/product\/louis-vuitton-bag-dupe-1478\/#primaryimage","url":"https:\/\/bagdupe.com\/wp-content\/uploads\/2025\/05\/Louis-Vuitton-Bag-Dupe-1478.jpg","contentUrl":"https:\/\/bagdupe.com\/wp-content\/uploads\/2025\/05\/Louis-Vuitton-Bag-Dupe-1478.jpg","width":1920,"height":1440,"caption":"Louis Vuitton Bag Dupe 1478"},{"@type":"BreadcrumbList","@id":"https:\/\/bagdupe.com\/fr\/product\/louis-vuitton-bag-dupe-1478\/#breadcrumb","itemListElement":[{"@type":"ListItem","position":1,"name":"Home","item":"https:\/\/bagdupe.com\/"},{"@type":"ListItem","position":2,"name":"Shop","item":"https:\/\/bagdupe.com\/shop\/"},{"@type":"ListItem","position":3,"name":"Louis Vuitton Bag Dupe 1478"}]},{"@type":"WebSite","@id":"https:\/\/bagdupe.com\/#website","url":"https:\/\/bagdupe.com\/","name":"Best Designer Bag Dupes | Fragrance Dupe In 2025","description":"High quality designer Bags \/ Fragrance Shop. Brands: Louis Vuitton, Hermes, Chanel, Gucci, and Coach are frequently mentioned as having.","publisher":{"@id":"https:\/\/bagdupe.com\/#organization"},"alternateName":"Best Designer Bag Dupes | Fragrance Dupe In 2025","potentialAction":[{"@type":"SearchAction","target":{"@type":"EntryPoint","urlTemplate":"https:\/\/bagdupe.com\/?s={search_term_string}"},"query-input":{"@type":"PropertyValueSpecification","valueRequired":true,"valueName":"search_term_string"}}],"inLanguage":"nb-NO"},{"@type":"Organization","@id":"https:\/\/bagdupe.com\/#organization","name":"Best Designer Bag Dupes | Fragrance Dupe In 2025","alternateName":"Best Designer Bag Dupes | Fragrance Dupe In 2025","url":"https:\/\/bagdupe.com\/","logo":{"@type":"ImageObject","inLanguage":"nb-NO","@id":"https:\/\/bagdupe.com\/#\/schema\/logo\/image\/","url":"https:\/\/bagdupe.com\/wp-content\/uploads\/2025\/05\/bagdupe.com_.webp","contentUrl":"https:\/\/bagdupe.com\/wp-content\/uploads\/2025\/05\/bagdupe.com_.webp","width":800,"height":299,"caption":"Best Designer Bag Dupes | Fragrance Dupe In 2025"},"image":{"@id":"https:\/\/bagdupe.com\/#\/schema\/logo\/image\/"},"description":"High quality designer Bags \/ Fragrance Shop. Brands: Louis Vuitton, Hermes, Chanel, Gucci, and Coach are frequently mentioned as having.","email":"fashionrepsbiz@gmail.com","telephone":"+1 936 666 6246","legalName":"Best Designer Bag Dupes | Fragrance Dupe In 2025","foundingDate":"2015-03-27","vatID":"afd67baw625hbaf","taxID":"5472erdsvert","iso6523Code":"2566yt4hdf565g","duns":"2654rthedg3gvfx","leiCode":"436regtu65hbdfh","naics":"63gvsy658ijngfgw","numberOfEmployees":{"@type":"QuantitativeValue","minValue":"51","maxValue":"200"},"publishingPrinciples":"https:\/\/bagdupe.com\/refund_returns\/","ownershipFundingInfo":"https:\/\/bagdupe.com\/about-dupe-shop\/","actionableFeedbackPolicy":"https:\/\/bagdupe.com\/privacy-policy\/","correctionsPolicy":"https:\/\/bagdupe.com\/privacy-policy\/","ethicsPolicy":"https:\/\/bagdupe.com\/privacy-policy\/","diversityPolicy":"https:\/\/bagdupe.com\/privacy-policy\/"}]}},"_links":{"self":[{"href":"https:\/\/bagdupe.com\/nb\/wp-json\/wp\/v2\/product\/5173","targetHints":{"allow":["GET"]}}],"collection":[{"href":"https:\/\/bagdupe.com\/nb\/wp-json\/wp\/v2\/product"}],"about":[{"href":"https:\/\/bagdupe.com\/nb\/wp-json\/wp\/v2\/types\/product"}],"wp:featuredmedia":[{"embeddable":true,"href":"https:\/\/bagdupe.com\/nb\/wp-json\/wp\/v2\/media\/5174"}],"wp:attachment":[{"href":"https:\/\/bagdupe.com\/nb\/wp-json\/wp\/v2\/media?parent=5173"}],"wp:term":[{"taxonomy":"product_brand","embeddable":true,"href":"https:\/\/bagdupe.com\/nb\/wp-json\/wp\/v2\/product_brand?post=5173"},{"taxonomy":"product_cat","embeddable":true,"href":"https:\/\/bagdupe.com\/nb\/wp-json\/wp\/v2\/product_cat?post=5173"},{"taxonomy":"product_tag","embeddable":true,"href":"https:\/\/bagdupe.com\/nb\/wp-json\/wp\/v2\/product_tag?post=5173"}],"curies":[{"name":"wp","href":"https:\/\/api.w.org\/{rel}","templated":true}]}}