{"id":9180,"date":"2025-05-27T16:02:48","date_gmt":"2025-05-27T16:02:48","guid":{"rendered":"https:\/\/bagdupe.com\/product\/louis-vuitton-bag-dupe-656\/"},"modified":"2025-05-27T16:03:03","modified_gmt":"2025-05-27T16:03:03","slug":"louis-vuitton-bag-dupe-656","status":"publish","type":"product","link":"https:\/\/bagdupe.com\/nb\/produkt\/louis-vuitton-bag-dupe-656\/","title":{"rendered":"Louis Vuitton Bag Dupe 656"},"content":{"rendered":"<p>Original kuskinn<br \/>\nHvem vil ikke eie en ny LV All Dark Carryall... Denne er virkelig verdt \u00e5 kj\u00f8pe! LVs nye Carryall i svart skinn er her! Helt svart saueskinn. Materiale + monogram skulderrem utsmykning, super god drapering, ta direkte tak i f\u00f8lelsen av avslapning! Lat og uformell, blir aldri lei av det ~<\/p>\n<p>Denne er virkelig vanskelig \u00e5 kj\u00f8pe, den mellomstore kapasiteten er veldig fin og kan b\u00e6res av b\u00e5de menn og kvinner, det er rett og slett en perfekt spiller! 38 cm sammenleggbar eskeemballasje<\/p>\n<p>Louis Vuitton Bag Dupe 656<\/p>","protected":false},"excerpt":{"rendered":"<p>Original kuskinn<br \/>\nHvem vil ikke eie en ny LV All Dark Carryall... Denne er virkelig verdt \u00e5 kj\u00f8pe! LVs nye Carryall i svart skinn er her! Helt svart saueskinn. Materiale + monogram skulderrem utsmykning, super god drapering, ta direkte tak i f\u00f8lelsen av avslapning! Lat og uformell, blir aldri lei av det ~<\/p>\n<p>Denne er virkelig vanskelig \u00e5 kj\u00f8pe, den mellomstore kapasiteten er veldig fin og kan b\u00e6res av b\u00e5de menn og kvinner, det er rett og slett en perfekt spiller! 38 cm sammenleggbar eskeemballasje<\/p>","protected":false},"featured_media":9181,"template":"","meta":[],"product_brand":[],"product_cat":[20,21],"product_tag":[22,23],"class_list":{"0":"post-9180","1":"product","2":"type-product","3":"status-publish","4":"has-post-thumbnail","6":"product_cat-louis-vuitton","7":"product_cat-louis-vuitton-bag","8":"product_tag-louis-vuitton","9":"product_tag-louis-vuitton-bag","11":"first","12":"instock","13":"purchasable","14":"product-type-simple"},"yoast_head":"<!-- This site is optimized with the Yoast SEO Premium plugin v25.2 (Yoast SEO v25.2) - https:\/\/yoast.com\/wordpress\/plugins\/seo\/ -->\n<title>Louis Vuitton Bag Dupe 656 1:1 Replica<\/title>\n<meta name=\"description\" content=\"Original cowhide Who doesn&#039;t want to own a new LV All Dark Carryall... This is really worth buying! LV&#039;s new black leather Carryall is here! All black sheepskin. Material + monogram shoulder strap embellishment, super good drape, directly grasp the sense of relaxation! Lazy and casual, never get tired of it~ This one is really hard to buy, the medium capacity is very nice and can be carried by both men and women, it is simply a perfect player! 38cm folding box packaging 1:1 Replica\" \/>\n<meta name=\"robots\" content=\"index, follow, max-snippet:-1, max-image-preview:large, max-video-preview:-1\" \/>\n<link rel=\"canonical\" href=\"https:\/\/bagdupe.com\/nb\/product\/louis-vuitton-bag-dupe-656\/\" \/>\n<meta property=\"og:locale\" content=\"nb_NO\" \/>\n<meta property=\"og:type\" content=\"article\" \/>\n<meta property=\"og:title\" content=\"Louis Vuitton Bag Dupe 656\" \/>\n<meta property=\"og:description\" content=\"Original cowhide Who doesn&#039;t want to own a new LV All Dark Carryall... This is really worth buying! LV&#039;s new black leather Carryall is here! All black sheepskin. Material + monogram shoulder strap embellishment, super good drape, directly grasp the sense of relaxation! Lazy and casual, never get tired of it~ This one is really hard to buy, the medium capacity is very nice and can be carried by both men and women, it is simply a perfect player! 38cm folding box packaging 1:1 Replica\" \/>\n<meta property=\"og:url\" content=\"https:\/\/bagdupe.com\/nb\/product\/louis-vuitton-bag-dupe-656\/\" \/>\n<meta property=\"og:site_name\" content=\"Best Designer Bag Dupes | Fragrance Dupe In 2025\" \/>\n<meta property=\"article:modified_time\" content=\"2025-05-27T16:03:03+00:00\" \/>\n<meta property=\"og:image\" content=\"https:\/\/bagdupe.com\/wp-content\/uploads\/2025\/05\/Louis-Vuitton-Bag-Dupe-656.jpg\" \/>\n\t<meta property=\"og:image:width\" content=\"1440\" \/>\n\t<meta property=\"og:image:height\" content=\"1917\" \/>\n\t<meta property=\"og:image:type\" content=\"image\/jpeg\" \/>\n<meta name=\"twitter:card\" content=\"summary_large_image\" \/>\n<script type=\"application\/ld+json\" class=\"yoast-schema-graph\">{\"@context\":\"https:\/\/schema.org\",\"@graph\":[{\"@type\":\"WebPage\",\"@id\":\"https:\/\/bagdupe.com\/fr\/product\/louis-vuitton-bag-dupe-656\/\",\"url\":\"https:\/\/bagdupe.com\/fr\/product\/louis-vuitton-bag-dupe-656\/\",\"name\":\"Louis Vuitton Bag Dupe 656 1:1 Replica\",\"isPartOf\":{\"@id\":\"https:\/\/bagdupe.com\/#website\"},\"primaryImageOfPage\":{\"@id\":\"https:\/\/bagdupe.com\/fr\/product\/louis-vuitton-bag-dupe-656\/#primaryimage\"},\"image\":{\"@id\":\"https:\/\/bagdupe.com\/fr\/product\/louis-vuitton-bag-dupe-656\/#primaryimage\"},\"thumbnailUrl\":\"https:\/\/bagdupe.com\/wp-content\/uploads\/2025\/05\/Louis-Vuitton-Bag-Dupe-656.jpg\",\"datePublished\":\"2025-05-27T16:02:48+00:00\",\"dateModified\":\"2025-05-27T16:03:03+00:00\",\"description\":\"Original cowhide Who doesn't want to own a new LV All Dark Carryall... This is really worth buying! LV's new black leather Carryall is here! All black sheepskin. Material + monogram shoulder strap embellishment, super good drape, directly grasp the sense of relaxation! Lazy and casual, never get tired of it~ This one is really hard to buy, the medium capacity is very nice and can be carried by both men and women, it is simply a perfect player! 38cm folding box packaging 1:1 Replica\",\"breadcrumb\":{\"@id\":\"https:\/\/bagdupe.com\/fr\/product\/louis-vuitton-bag-dupe-656\/#breadcrumb\"},\"inLanguage\":\"nb-NO\",\"potentialAction\":[{\"@type\":\"ReadAction\",\"target\":[\"https:\/\/bagdupe.com\/fr\/product\/louis-vuitton-bag-dupe-656\/\"]}]},{\"@type\":\"ImageObject\",\"inLanguage\":\"nb-NO\",\"@id\":\"https:\/\/bagdupe.com\/fr\/product\/louis-vuitton-bag-dupe-656\/#primaryimage\",\"url\":\"https:\/\/bagdupe.com\/wp-content\/uploads\/2025\/05\/Louis-Vuitton-Bag-Dupe-656.jpg\",\"contentUrl\":\"https:\/\/bagdupe.com\/wp-content\/uploads\/2025\/05\/Louis-Vuitton-Bag-Dupe-656.jpg\",\"width\":1440,\"height\":1917,\"caption\":\"Louis Vuitton Bag Dupe 656\"},{\"@type\":\"BreadcrumbList\",\"@id\":\"https:\/\/bagdupe.com\/fr\/product\/louis-vuitton-bag-dupe-656\/#breadcrumb\",\"itemListElement\":[{\"@type\":\"ListItem\",\"position\":1,\"name\":\"Home\",\"item\":\"https:\/\/bagdupe.com\/\"},{\"@type\":\"ListItem\",\"position\":2,\"name\":\"Shop\",\"item\":\"https:\/\/bagdupe.com\/shop\/\"},{\"@type\":\"ListItem\",\"position\":3,\"name\":\"Louis Vuitton Bag Dupe 656\"}]},{\"@type\":\"WebSite\",\"@id\":\"https:\/\/bagdupe.com\/#website\",\"url\":\"https:\/\/bagdupe.com\/\",\"name\":\"Best Designer Bag Dupes | Fragrance Dupe In 2025\",\"description\":\"High quality designer Bags \/ Fragrance Shop. Brands: Louis Vuitton, Hermes, Chanel, Gucci, and Coach are frequently mentioned as having.\",\"publisher\":{\"@id\":\"https:\/\/bagdupe.com\/#organization\"},\"alternateName\":\"Best Designer Bag Dupes | Fragrance Dupe In 2025\",\"potentialAction\":[{\"@type\":\"SearchAction\",\"target\":{\"@type\":\"EntryPoint\",\"urlTemplate\":\"https:\/\/bagdupe.com\/?s={search_term_string}\"},\"query-input\":{\"@type\":\"PropertyValueSpecification\",\"valueRequired\":true,\"valueName\":\"search_term_string\"}}],\"inLanguage\":\"nb-NO\"},{\"@type\":\"Organization\",\"@id\":\"https:\/\/bagdupe.com\/#organization\",\"name\":\"Best Designer Bag Dupes | Fragrance Dupe In 2025\",\"alternateName\":\"Best Designer Bag Dupes | Fragrance Dupe In 2025\",\"url\":\"https:\/\/bagdupe.com\/\",\"logo\":{\"@type\":\"ImageObject\",\"inLanguage\":\"nb-NO\",\"@id\":\"https:\/\/bagdupe.com\/#\/schema\/logo\/image\/\",\"url\":\"https:\/\/bagdupe.com\/wp-content\/uploads\/2025\/05\/bagdupe.com_.webp\",\"contentUrl\":\"https:\/\/bagdupe.com\/wp-content\/uploads\/2025\/05\/bagdupe.com_.webp\",\"width\":800,\"height\":299,\"caption\":\"Best Designer Bag Dupes | Fragrance Dupe In 2025\"},\"image\":{\"@id\":\"https:\/\/bagdupe.com\/#\/schema\/logo\/image\/\"},\"description\":\"High quality designer Bags \/ Fragrance Shop. Brands: Louis Vuitton, Hermes, Chanel, Gucci, and Coach are frequently mentioned as having.\",\"email\":\"fashionrepsbiz@gmail.com\",\"telephone\":\"+1 936 666 6246\",\"legalName\":\"Best Designer Bag Dupes | Fragrance Dupe In 2025\",\"foundingDate\":\"2015-03-27\",\"vatID\":\"afd67baw625hbaf\",\"taxID\":\"5472erdsvert\",\"iso6523Code\":\"2566yt4hdf565g\",\"duns\":\"2654rthedg3gvfx\",\"leiCode\":\"436regtu65hbdfh\",\"naics\":\"63gvsy658ijngfgw\",\"numberOfEmployees\":{\"@type\":\"QuantitativeValue\",\"minValue\":\"51\",\"maxValue\":\"200\"},\"publishingPrinciples\":\"https:\/\/bagdupe.com\/refund_returns\/\",\"ownershipFundingInfo\":\"https:\/\/bagdupe.com\/about-dupe-shop\/\",\"actionableFeedbackPolicy\":\"https:\/\/bagdupe.com\/privacy-policy\/\",\"correctionsPolicy\":\"https:\/\/bagdupe.com\/privacy-policy\/\",\"ethicsPolicy\":\"https:\/\/bagdupe.com\/privacy-policy\/\",\"diversityPolicy\":\"https:\/\/bagdupe.com\/privacy-policy\/\"}]}<\/script>\n<!-- \/ Yoast SEO Premium plugin. -->","yoast_head_json":{"title":"Louis Vuitton Bag Dupe 656 1:1 Replica","description":"Original cowhide Who doesn't want to own a new LV All Dark Carryall... This is really worth buying! LV's new black leather Carryall is here! All black sheepskin. Material + monogram shoulder strap embellishment, super good drape, directly grasp the sense of relaxation! Lazy and casual, never get tired of it~ This one is really hard to buy, the medium capacity is very nice and can be carried by both men and women, it is simply a perfect player! 38cm folding box packaging 1:1 Replica","robots":{"index":"index","follow":"follow","max-snippet":"max-snippet:-1","max-image-preview":"max-image-preview:large","max-video-preview":"max-video-preview:-1"},"canonical":"https:\/\/bagdupe.com\/nb\/product\/louis-vuitton-bag-dupe-656\/","og_locale":"nb_NO","og_type":"article","og_title":"Louis Vuitton Bag Dupe 656","og_description":"Original cowhide Who doesn't want to own a new LV All Dark Carryall... This is really worth buying! LV's new black leather Carryall is here! All black sheepskin. Material + monogram shoulder strap embellishment, super good drape, directly grasp the sense of relaxation! Lazy and casual, never get tired of it~ This one is really hard to buy, the medium capacity is very nice and can be carried by both men and women, it is simply a perfect player! 38cm folding box packaging 1:1 Replica","og_url":"https:\/\/bagdupe.com\/nb\/product\/louis-vuitton-bag-dupe-656\/","og_site_name":"Best Designer Bag Dupes | Fragrance Dupe In 2025","article_modified_time":"2025-05-27T16:03:03+00:00","og_image":[{"width":1440,"height":1917,"url":"https:\/\/bagdupe.com\/wp-content\/uploads\/2025\/05\/Louis-Vuitton-Bag-Dupe-656.jpg","type":"image\/jpeg"}],"twitter_card":"summary_large_image","schema":{"@context":"https:\/\/schema.org","@graph":[{"@type":"WebPage","@id":"https:\/\/bagdupe.com\/fr\/product\/louis-vuitton-bag-dupe-656\/","url":"https:\/\/bagdupe.com\/fr\/product\/louis-vuitton-bag-dupe-656\/","name":"Louis Vuitton Bag Dupe 656 1:1 Replica","isPartOf":{"@id":"https:\/\/bagdupe.com\/#website"},"primaryImageOfPage":{"@id":"https:\/\/bagdupe.com\/fr\/product\/louis-vuitton-bag-dupe-656\/#primaryimage"},"image":{"@id":"https:\/\/bagdupe.com\/fr\/product\/louis-vuitton-bag-dupe-656\/#primaryimage"},"thumbnailUrl":"https:\/\/bagdupe.com\/wp-content\/uploads\/2025\/05\/Louis-Vuitton-Bag-Dupe-656.jpg","datePublished":"2025-05-27T16:02:48+00:00","dateModified":"2025-05-27T16:03:03+00:00","description":"Original cowhide Who doesn't want to own a new LV All Dark Carryall... This is really worth buying! LV's new black leather Carryall is here! All black sheepskin. Material + monogram shoulder strap embellishment, super good drape, directly grasp the sense of relaxation! Lazy and casual, never get tired of it~ This one is really hard to buy, the medium capacity is very nice and can be carried by both men and women, it is simply a perfect player! 38cm folding box packaging 1:1 Replica","breadcrumb":{"@id":"https:\/\/bagdupe.com\/fr\/product\/louis-vuitton-bag-dupe-656\/#breadcrumb"},"inLanguage":"nb-NO","potentialAction":[{"@type":"ReadAction","target":["https:\/\/bagdupe.com\/fr\/product\/louis-vuitton-bag-dupe-656\/"]}]},{"@type":"ImageObject","inLanguage":"nb-NO","@id":"https:\/\/bagdupe.com\/fr\/product\/louis-vuitton-bag-dupe-656\/#primaryimage","url":"https:\/\/bagdupe.com\/wp-content\/uploads\/2025\/05\/Louis-Vuitton-Bag-Dupe-656.jpg","contentUrl":"https:\/\/bagdupe.com\/wp-content\/uploads\/2025\/05\/Louis-Vuitton-Bag-Dupe-656.jpg","width":1440,"height":1917,"caption":"Louis Vuitton Bag Dupe 656"},{"@type":"BreadcrumbList","@id":"https:\/\/bagdupe.com\/fr\/product\/louis-vuitton-bag-dupe-656\/#breadcrumb","itemListElement":[{"@type":"ListItem","position":1,"name":"Home","item":"https:\/\/bagdupe.com\/"},{"@type":"ListItem","position":2,"name":"Shop","item":"https:\/\/bagdupe.com\/shop\/"},{"@type":"ListItem","position":3,"name":"Louis Vuitton Bag Dupe 656"}]},{"@type":"WebSite","@id":"https:\/\/bagdupe.com\/#website","url":"https:\/\/bagdupe.com\/","name":"Best Designer Bag Dupes | Fragrance Dupe In 2025","description":"High quality designer Bags \/ Fragrance Shop. Brands: Louis Vuitton, Hermes, Chanel, Gucci, and Coach are frequently mentioned as having.","publisher":{"@id":"https:\/\/bagdupe.com\/#organization"},"alternateName":"Best Designer Bag Dupes | Fragrance Dupe In 2025","potentialAction":[{"@type":"SearchAction","target":{"@type":"EntryPoint","urlTemplate":"https:\/\/bagdupe.com\/?s={search_term_string}"},"query-input":{"@type":"PropertyValueSpecification","valueRequired":true,"valueName":"search_term_string"}}],"inLanguage":"nb-NO"},{"@type":"Organization","@id":"https:\/\/bagdupe.com\/#organization","name":"Best Designer Bag Dupes | Fragrance Dupe In 2025","alternateName":"Best Designer Bag Dupes | Fragrance Dupe In 2025","url":"https:\/\/bagdupe.com\/","logo":{"@type":"ImageObject","inLanguage":"nb-NO","@id":"https:\/\/bagdupe.com\/#\/schema\/logo\/image\/","url":"https:\/\/bagdupe.com\/wp-content\/uploads\/2025\/05\/bagdupe.com_.webp","contentUrl":"https:\/\/bagdupe.com\/wp-content\/uploads\/2025\/05\/bagdupe.com_.webp","width":800,"height":299,"caption":"Best Designer Bag Dupes | Fragrance Dupe In 2025"},"image":{"@id":"https:\/\/bagdupe.com\/#\/schema\/logo\/image\/"},"description":"High quality designer Bags \/ Fragrance Shop. Brands: Louis Vuitton, Hermes, Chanel, Gucci, and Coach are frequently mentioned as having.","email":"fashionrepsbiz@gmail.com","telephone":"+1 936 666 6246","legalName":"Best Designer Bag Dupes | Fragrance Dupe In 2025","foundingDate":"2015-03-27","vatID":"afd67baw625hbaf","taxID":"5472erdsvert","iso6523Code":"2566yt4hdf565g","duns":"2654rthedg3gvfx","leiCode":"436regtu65hbdfh","naics":"63gvsy658ijngfgw","numberOfEmployees":{"@type":"QuantitativeValue","minValue":"51","maxValue":"200"},"publishingPrinciples":"https:\/\/bagdupe.com\/refund_returns\/","ownershipFundingInfo":"https:\/\/bagdupe.com\/about-dupe-shop\/","actionableFeedbackPolicy":"https:\/\/bagdupe.com\/privacy-policy\/","correctionsPolicy":"https:\/\/bagdupe.com\/privacy-policy\/","ethicsPolicy":"https:\/\/bagdupe.com\/privacy-policy\/","diversityPolicy":"https:\/\/bagdupe.com\/privacy-policy\/"}]}},"_links":{"self":[{"href":"https:\/\/bagdupe.com\/nb\/wp-json\/wp\/v2\/product\/9180","targetHints":{"allow":["GET"]}}],"collection":[{"href":"https:\/\/bagdupe.com\/nb\/wp-json\/wp\/v2\/product"}],"about":[{"href":"https:\/\/bagdupe.com\/nb\/wp-json\/wp\/v2\/types\/product"}],"wp:featuredmedia":[{"embeddable":true,"href":"https:\/\/bagdupe.com\/nb\/wp-json\/wp\/v2\/media\/9181"}],"wp:attachment":[{"href":"https:\/\/bagdupe.com\/nb\/wp-json\/wp\/v2\/media?parent=9180"}],"wp:term":[{"taxonomy":"product_brand","embeddable":true,"href":"https:\/\/bagdupe.com\/nb\/wp-json\/wp\/v2\/product_brand?post=9180"},{"taxonomy":"product_cat","embeddable":true,"href":"https:\/\/bagdupe.com\/nb\/wp-json\/wp\/v2\/product_cat?post=9180"},{"taxonomy":"product_tag","embeddable":true,"href":"https:\/\/bagdupe.com\/nb\/wp-json\/wp\/v2\/product_tag?post=9180"}],"curies":[{"name":"wp","href":"https:\/\/api.w.org\/{rel}","templated":true}]}}