{"id":2233,"date":"2025-05-27T13:36:34","date_gmt":"2025-05-27T13:36:34","guid":{"rendered":"https:\/\/bagdupe.com\/product\/loewe-bag-dupe-2093\/"},"modified":"2025-05-27T13:36:54","modified_gmt":"2025-05-27T13:36:54","slug":"loewe-bag-dupe-2093","status":"publish","type":"product","link":"https:\/\/bagdupe.com\/pl\/produkt\/loewe-bag-dupe-2093\/","title":{"rendered":"Torebka Loewe Dupe 2093"},"content":{"rendered":"<p>Czy warto kupi\u0107 now\u0105 s\u0142oniow\u0105 torebk\u0119 na telefon Loewe?<\/p>\n<p>Urocza torebka na telefon w kszta\u0142cie s\u0142onia jest wykonana ze sk\u00f3ry ciel\u0119cej i mo\u017ce by\u0107 noszona na ramieniu lub na ramieniu dzi\u0119ki regulowanym paskom. Opr\u00f3cz tego, \u017ce jest urocza, mo\u017ce r\u00f3wnie\u017c pomie\u015bci\u0107 telefon. Pojemno\u015b\u0107 jest r\u00f3wnie\u017c \u015bwietna, z rozmiarem 8 * 4 * 19<\/p>\n<p>Torebka Loewe Dupe 2093<\/p>","protected":false},"excerpt":{"rendered":"<p>Czy warto kupi\u0107 now\u0105 s\u0142oniow\u0105 torebk\u0119 na telefon Loewe?<\/p>\n<p>Urocza torebka na telefon w kszta\u0142cie s\u0142onia jest wykonana ze sk\u00f3ry ciel\u0119cej i mo\u017ce by\u0107 noszona na ramieniu lub na ramieniu dzi\u0119ki regulowanym paskom. Opr\u00f3cz tego, \u017ce jest urocza, mo\u017ce r\u00f3wnie\u017c pomie\u015bci\u0107 telefon. Pojemno\u015b\u0107 jest r\u00f3wnie\u017c \u015bwietna, z rozmiarem 8 * 4 * 19<\/p>","protected":false},"featured_media":2234,"template":"","meta":[],"product_brand":[],"product_cat":[88,89],"product_tag":[90,91],"class_list":{"0":"post-2233","1":"product","2":"type-product","3":"status-publish","4":"has-post-thumbnail","6":"product_cat-loewe","7":"product_cat-loewe-bag","8":"product_tag-loewe","9":"product_tag-loewe-bag","11":"first","12":"instock","13":"purchasable","14":"product-type-simple"},"yoast_head":"<!-- This site is optimized with the Yoast SEO Premium plugin v25.2 (Yoast SEO v25.2) - https:\/\/yoast.com\/wordpress\/plugins\/seo\/ -->\n<title>Loewe Bag Dupe 2093 1:1 Replica<\/title>\n<meta name=\"description\" content=\"Is the new Loewe elephant phone bag worth buying? The super cute elephant phone bag is made of calfskin and can be carried on the shoulder or crossbody with adjustable shoulder straps. In addition to being cute, it can also hold a phone. The capacity is also great, with a size of 8*4*19 1:1 Replica\" \/>\n<meta name=\"robots\" content=\"index, follow, max-snippet:-1, max-image-preview:large, max-video-preview:-1\" \/>\n<link rel=\"canonical\" href=\"https:\/\/bagdupe.com\/pl\/produkt\/loewe-bag-dupe-2093\/\" \/>\n<meta property=\"og:locale\" content=\"pl_PL\" \/>\n<meta property=\"og:type\" content=\"article\" \/>\n<meta property=\"og:title\" content=\"Loewe Bag Dupe 2093\" \/>\n<meta property=\"og:description\" content=\"Is the new Loewe elephant phone bag worth buying? The super cute elephant phone bag is made of calfskin and can be carried on the shoulder or crossbody with adjustable shoulder straps. In addition to being cute, it can also hold a phone. The capacity is also great, with a size of 8*4*19 1:1 Replica\" \/>\n<meta property=\"og:url\" content=\"https:\/\/bagdupe.com\/pl\/produkt\/loewe-bag-dupe-2093\/\" \/>\n<meta property=\"og:site_name\" content=\"Best Designer Bag Dupes | Fragrance Dupe In 2025\" \/>\n<meta property=\"article:modified_time\" content=\"2025-05-27T13:36:54+00:00\" \/>\n<meta property=\"og:image\" content=\"https:\/\/bagdupe.com\/wp-content\/uploads\/2025\/05\/Loewe-Bag-Dupe-2093.jpg\" \/>\n\t<meta property=\"og:image:width\" content=\"1440\" \/>\n\t<meta property=\"og:image:height\" content=\"1917\" \/>\n\t<meta property=\"og:image:type\" content=\"image\/jpeg\" \/>\n<meta name=\"twitter:card\" content=\"summary_large_image\" \/>\n<script type=\"application\/ld+json\" class=\"yoast-schema-graph\">{\"@context\":\"https:\/\/schema.org\",\"@graph\":[{\"@type\":\"WebPage\",\"@id\":\"https:\/\/bagdupe.com\/product\/loewe-bag-dupe-2093\/\",\"url\":\"https:\/\/bagdupe.com\/product\/loewe-bag-dupe-2093\/\",\"name\":\"Loewe Bag Dupe 2093 1:1 Replica\",\"isPartOf\":{\"@id\":\"https:\/\/bagdupe.com\/#website\"},\"primaryImageOfPage\":{\"@id\":\"https:\/\/bagdupe.com\/product\/loewe-bag-dupe-2093\/#primaryimage\"},\"image\":{\"@id\":\"https:\/\/bagdupe.com\/product\/loewe-bag-dupe-2093\/#primaryimage\"},\"thumbnailUrl\":\"https:\/\/bagdupe.com\/wp-content\/uploads\/2025\/05\/Loewe-Bag-Dupe-2093.jpg\",\"datePublished\":\"2025-05-27T13:36:34+00:00\",\"dateModified\":\"2025-05-27T13:36:54+00:00\",\"description\":\"Is the new Loewe elephant phone bag worth buying? The super cute elephant phone bag is made of calfskin and can be carried on the shoulder or crossbody with adjustable shoulder straps. In addition to being cute, it can also hold a phone. The capacity is also great, with a size of 8*4*19 1:1 Replica\",\"breadcrumb\":{\"@id\":\"https:\/\/bagdupe.com\/product\/loewe-bag-dupe-2093\/#breadcrumb\"},\"inLanguage\":\"pl-PL\",\"potentialAction\":[{\"@type\":\"ReadAction\",\"target\":[\"https:\/\/bagdupe.com\/product\/loewe-bag-dupe-2093\/\"]}]},{\"@type\":\"ImageObject\",\"inLanguage\":\"pl-PL\",\"@id\":\"https:\/\/bagdupe.com\/product\/loewe-bag-dupe-2093\/#primaryimage\",\"url\":\"https:\/\/bagdupe.com\/wp-content\/uploads\/2025\/05\/Loewe-Bag-Dupe-2093.jpg\",\"contentUrl\":\"https:\/\/bagdupe.com\/wp-content\/uploads\/2025\/05\/Loewe-Bag-Dupe-2093.jpg\",\"width\":1440,\"height\":1917,\"caption\":\"Loewe Bag Dupe 2093\"},{\"@type\":\"BreadcrumbList\",\"@id\":\"https:\/\/bagdupe.com\/product\/loewe-bag-dupe-2093\/#breadcrumb\",\"itemListElement\":[{\"@type\":\"ListItem\",\"position\":1,\"name\":\"Home\",\"item\":\"https:\/\/bagdupe.com\/\"},{\"@type\":\"ListItem\",\"position\":2,\"name\":\"Shop\",\"item\":\"https:\/\/bagdupe.com\/shop\/\"},{\"@type\":\"ListItem\",\"position\":3,\"name\":\"Loewe Bag Dupe 2093\"}]},{\"@type\":\"WebSite\",\"@id\":\"https:\/\/bagdupe.com\/#website\",\"url\":\"https:\/\/bagdupe.com\/\",\"name\":\"Best Designer Bag Dupes | Fragrance Dupe In 2025\",\"description\":\"High quality designer Bags \/ Fragrance Shop. Brands: Louis Vuitton, Hermes, Chanel, Gucci, and Coach are frequently mentioned as having.\",\"publisher\":{\"@id\":\"https:\/\/bagdupe.com\/#organization\"},\"alternateName\":\"Best Designer Bag Dupes | Fragrance Dupe In 2025\",\"potentialAction\":[{\"@type\":\"SearchAction\",\"target\":{\"@type\":\"EntryPoint\",\"urlTemplate\":\"https:\/\/bagdupe.com\/?s={search_term_string}\"},\"query-input\":{\"@type\":\"PropertyValueSpecification\",\"valueRequired\":true,\"valueName\":\"search_term_string\"}}],\"inLanguage\":\"pl-PL\"},{\"@type\":\"Organization\",\"@id\":\"https:\/\/bagdupe.com\/#organization\",\"name\":\"Best Designer Bag Dupes | Fragrance Dupe In 2025\",\"alternateName\":\"Best Designer Bag Dupes | Fragrance Dupe In 2025\",\"url\":\"https:\/\/bagdupe.com\/\",\"logo\":{\"@type\":\"ImageObject\",\"inLanguage\":\"pl-PL\",\"@id\":\"https:\/\/bagdupe.com\/#\/schema\/logo\/image\/\",\"url\":\"https:\/\/bagdupe.com\/wp-content\/uploads\/2025\/05\/bagdupe.com_.webp\",\"contentUrl\":\"https:\/\/bagdupe.com\/wp-content\/uploads\/2025\/05\/bagdupe.com_.webp\",\"width\":800,\"height\":299,\"caption\":\"Best Designer Bag Dupes | Fragrance Dupe In 2025\"},\"image\":{\"@id\":\"https:\/\/bagdupe.com\/#\/schema\/logo\/image\/\"},\"description\":\"High quality designer Bags \/ Fragrance Shop. Brands: Louis Vuitton, Hermes, Chanel, Gucci, and Coach are frequently mentioned as having.\",\"email\":\"fashionrepsbiz@gmail.com\",\"telephone\":\"+1 936 666 6246\",\"legalName\":\"Best Designer Bag Dupes | Fragrance Dupe In 2025\",\"foundingDate\":\"2015-03-27\",\"vatID\":\"afd67baw625hbaf\",\"taxID\":\"5472erdsvert\",\"iso6523Code\":\"2566yt4hdf565g\",\"duns\":\"2654rthedg3gvfx\",\"leiCode\":\"436regtu65hbdfh\",\"naics\":\"63gvsy658ijngfgw\",\"numberOfEmployees\":{\"@type\":\"QuantitativeValue\",\"minValue\":\"51\",\"maxValue\":\"200\"},\"publishingPrinciples\":\"https:\/\/bagdupe.com\/refund_returns\/\",\"ownershipFundingInfo\":\"https:\/\/bagdupe.com\/about-dupe-shop\/\",\"actionableFeedbackPolicy\":\"https:\/\/bagdupe.com\/privacy-policy\/\",\"correctionsPolicy\":\"https:\/\/bagdupe.com\/privacy-policy\/\",\"ethicsPolicy\":\"https:\/\/bagdupe.com\/privacy-policy\/\",\"diversityPolicy\":\"https:\/\/bagdupe.com\/privacy-policy\/\"}]}<\/script>\n<!-- \/ Yoast SEO Premium plugin. -->","yoast_head_json":{"title":"Loewe Bag Dupe 2093 1:1 Replica","description":"Is the new Loewe elephant phone bag worth buying? The super cute elephant phone bag is made of calfskin and can be carried on the shoulder or crossbody with adjustable shoulder straps. In addition to being cute, it can also hold a phone. The capacity is also great, with a size of 8*4*19 1:1 Replica","robots":{"index":"index","follow":"follow","max-snippet":"max-snippet:-1","max-image-preview":"max-image-preview:large","max-video-preview":"max-video-preview:-1"},"canonical":"https:\/\/bagdupe.com\/pl\/produkt\/loewe-bag-dupe-2093\/","og_locale":"pl_PL","og_type":"article","og_title":"Loewe Bag Dupe 2093","og_description":"Is the new Loewe elephant phone bag worth buying? The super cute elephant phone bag is made of calfskin and can be carried on the shoulder or crossbody with adjustable shoulder straps. In addition to being cute, it can also hold a phone. The capacity is also great, with a size of 8*4*19 1:1 Replica","og_url":"https:\/\/bagdupe.com\/pl\/produkt\/loewe-bag-dupe-2093\/","og_site_name":"Best Designer Bag Dupes | Fragrance Dupe In 2025","article_modified_time":"2025-05-27T13:36:54+00:00","og_image":[{"width":1440,"height":1917,"url":"https:\/\/bagdupe.com\/wp-content\/uploads\/2025\/05\/Loewe-Bag-Dupe-2093.jpg","type":"image\/jpeg"}],"twitter_card":"summary_large_image","schema":{"@context":"https:\/\/schema.org","@graph":[{"@type":"WebPage","@id":"https:\/\/bagdupe.com\/product\/loewe-bag-dupe-2093\/","url":"https:\/\/bagdupe.com\/product\/loewe-bag-dupe-2093\/","name":"Loewe Bag Dupe 2093 1:1 Replica","isPartOf":{"@id":"https:\/\/bagdupe.com\/#website"},"primaryImageOfPage":{"@id":"https:\/\/bagdupe.com\/product\/loewe-bag-dupe-2093\/#primaryimage"},"image":{"@id":"https:\/\/bagdupe.com\/product\/loewe-bag-dupe-2093\/#primaryimage"},"thumbnailUrl":"https:\/\/bagdupe.com\/wp-content\/uploads\/2025\/05\/Loewe-Bag-Dupe-2093.jpg","datePublished":"2025-05-27T13:36:34+00:00","dateModified":"2025-05-27T13:36:54+00:00","description":"Is the new Loewe elephant phone bag worth buying? The super cute elephant phone bag is made of calfskin and can be carried on the shoulder or crossbody with adjustable shoulder straps. In addition to being cute, it can also hold a phone. The capacity is also great, with a size of 8*4*19 1:1 Replica","breadcrumb":{"@id":"https:\/\/bagdupe.com\/product\/loewe-bag-dupe-2093\/#breadcrumb"},"inLanguage":"pl-PL","potentialAction":[{"@type":"ReadAction","target":["https:\/\/bagdupe.com\/product\/loewe-bag-dupe-2093\/"]}]},{"@type":"ImageObject","inLanguage":"pl-PL","@id":"https:\/\/bagdupe.com\/product\/loewe-bag-dupe-2093\/#primaryimage","url":"https:\/\/bagdupe.com\/wp-content\/uploads\/2025\/05\/Loewe-Bag-Dupe-2093.jpg","contentUrl":"https:\/\/bagdupe.com\/wp-content\/uploads\/2025\/05\/Loewe-Bag-Dupe-2093.jpg","width":1440,"height":1917,"caption":"Loewe Bag Dupe 2093"},{"@type":"BreadcrumbList","@id":"https:\/\/bagdupe.com\/product\/loewe-bag-dupe-2093\/#breadcrumb","itemListElement":[{"@type":"ListItem","position":1,"name":"Home","item":"https:\/\/bagdupe.com\/"},{"@type":"ListItem","position":2,"name":"Shop","item":"https:\/\/bagdupe.com\/shop\/"},{"@type":"ListItem","position":3,"name":"Loewe Bag Dupe 2093"}]},{"@type":"WebSite","@id":"https:\/\/bagdupe.com\/#website","url":"https:\/\/bagdupe.com\/","name":"Best Designer Bag Dupes | Fragrance Dupe In 2025","description":"High quality designer Bags \/ Fragrance Shop. Brands: Louis Vuitton, Hermes, Chanel, Gucci, and Coach are frequently mentioned as having.","publisher":{"@id":"https:\/\/bagdupe.com\/#organization"},"alternateName":"Best Designer Bag Dupes | Fragrance Dupe In 2025","potentialAction":[{"@type":"SearchAction","target":{"@type":"EntryPoint","urlTemplate":"https:\/\/bagdupe.com\/?s={search_term_string}"},"query-input":{"@type":"PropertyValueSpecification","valueRequired":true,"valueName":"search_term_string"}}],"inLanguage":"pl-PL"},{"@type":"Organization","@id":"https:\/\/bagdupe.com\/#organization","name":"Best Designer Bag Dupes | Fragrance Dupe In 2025","alternateName":"Best Designer Bag Dupes | Fragrance Dupe In 2025","url":"https:\/\/bagdupe.com\/","logo":{"@type":"ImageObject","inLanguage":"pl-PL","@id":"https:\/\/bagdupe.com\/#\/schema\/logo\/image\/","url":"https:\/\/bagdupe.com\/wp-content\/uploads\/2025\/05\/bagdupe.com_.webp","contentUrl":"https:\/\/bagdupe.com\/wp-content\/uploads\/2025\/05\/bagdupe.com_.webp","width":800,"height":299,"caption":"Best Designer Bag Dupes | Fragrance Dupe In 2025"},"image":{"@id":"https:\/\/bagdupe.com\/#\/schema\/logo\/image\/"},"description":"High quality designer Bags \/ Fragrance Shop. Brands: Louis Vuitton, Hermes, Chanel, Gucci, and Coach are frequently mentioned as having.","email":"fashionrepsbiz@gmail.com","telephone":"+1 936 666 6246","legalName":"Best Designer Bag Dupes | Fragrance Dupe In 2025","foundingDate":"2015-03-27","vatID":"afd67baw625hbaf","taxID":"5472erdsvert","iso6523Code":"2566yt4hdf565g","duns":"2654rthedg3gvfx","leiCode":"436regtu65hbdfh","naics":"63gvsy658ijngfgw","numberOfEmployees":{"@type":"QuantitativeValue","minValue":"51","maxValue":"200"},"publishingPrinciples":"https:\/\/bagdupe.com\/refund_returns\/","ownershipFundingInfo":"https:\/\/bagdupe.com\/about-dupe-shop\/","actionableFeedbackPolicy":"https:\/\/bagdupe.com\/privacy-policy\/","correctionsPolicy":"https:\/\/bagdupe.com\/privacy-policy\/","ethicsPolicy":"https:\/\/bagdupe.com\/privacy-policy\/","diversityPolicy":"https:\/\/bagdupe.com\/privacy-policy\/"}]}},"_links":{"self":[{"href":"https:\/\/bagdupe.com\/pl\/wp-json\/wp\/v2\/product\/2233","targetHints":{"allow":["GET"]}}],"collection":[{"href":"https:\/\/bagdupe.com\/pl\/wp-json\/wp\/v2\/product"}],"about":[{"href":"https:\/\/bagdupe.com\/pl\/wp-json\/wp\/v2\/types\/product"}],"wp:featuredmedia":[{"embeddable":true,"href":"https:\/\/bagdupe.com\/pl\/wp-json\/wp\/v2\/media\/2234"}],"wp:attachment":[{"href":"https:\/\/bagdupe.com\/pl\/wp-json\/wp\/v2\/media?parent=2233"}],"wp:term":[{"taxonomy":"product_brand","embeddable":true,"href":"https:\/\/bagdupe.com\/pl\/wp-json\/wp\/v2\/product_brand?post=2233"},{"taxonomy":"product_cat","embeddable":true,"href":"https:\/\/bagdupe.com\/pl\/wp-json\/wp\/v2\/product_cat?post=2233"},{"taxonomy":"product_tag","embeddable":true,"href":"https:\/\/bagdupe.com\/pl\/wp-json\/wp\/v2\/product_tag?post=2233"}],"curies":[{"name":"wp","href":"https:\/\/api.w.org\/{rel}","templated":true}]}}