{"id":4443,"date":"2025-05-27T14:17:43","date_gmt":"2025-05-27T14:17:43","guid":{"rendered":"https:\/\/bagdupe.com\/product\/celine-bag-dupe-1633\/"},"modified":"2025-05-27T14:18:00","modified_gmt":"2025-05-27T14:18:00","slug":"celine-bag-dupe-1633","status":"publish","type":"product","link":"https:\/\/bagdupe.com\/pl\/produkt\/celine-bag-dupe-1633\/","title":{"rendered":"Celine Bag Dupe 1633"},"content":{"rendered":"<p>Z pude\u0142kiem<br \/>\nPlecak Celine Arc de Triomphe<br \/>\nZnakomity design, pozornie ma\u0142y, ale o wystarczaj\u0105cej pojemno\u015bci, mo\u017ce z \u0142atwo\u015bci\u0105 pokaza\u0107 modny styl bez wzgl\u0119du na to, jak go dopasujesz.<br \/>\nNadaje si\u0119 na wszystkie pory roku, zar\u00f3wno w stylu retro, jak i high-end, jest idealnym wyborem zar\u00f3wno do dojazd\u00f3w do pracy, jak i podr\u00f3\u017cy<\/p>\n<p>Celine Bag Dupe 1633<\/p>","protected":false},"excerpt":{"rendered":"<p>Z pude\u0142kiem<br \/>\nPlecak Celine Arc de Triomphe<br \/>\nZnakomity design, pozornie ma\u0142y, ale o wystarczaj\u0105cej pojemno\u015bci, mo\u017ce z \u0142atwo\u015bci\u0105 pokaza\u0107 modny styl bez wzgl\u0119du na to, jak go dopasujesz.<br \/>\nNadaje si\u0119 na wszystkie pory roku, zar\u00f3wno w stylu retro, jak i high-end, jest idealnym wyborem zar\u00f3wno do dojazd\u00f3w do pracy, jak i podr\u00f3\u017cy<\/p>","protected":false},"featured_media":4444,"template":"","meta":[],"product_brand":[],"product_cat":[44,45],"product_tag":[46,47],"class_list":{"0":"post-4443","1":"product","2":"type-product","3":"status-publish","4":"has-post-thumbnail","6":"product_cat-celine","7":"product_cat-celine-bag","8":"product_tag-celine","9":"product_tag-celine-bag","11":"first","12":"instock","13":"purchasable","14":"product-type-simple"},"yoast_head":"<!-- This site is optimized with the Yoast SEO Premium plugin v25.2 (Yoast SEO v25.2) - https:\/\/yoast.com\/wordpress\/plugins\/seo\/ -->\n<title>Celine Bag Dupe 1633 1:1 Replica<\/title>\n<meta name=\"description\" content=\"With box Celine Arc de Triomphe Backpack Exquisite design, seemingly small, but with enough capacity, it can easily show fashion style no matter how you match it. Suitable for all seasons, both retro and high-end, it is an ideal choice whether for commuting or traveling 1:1 Replica\" \/>\n<meta name=\"robots\" content=\"index, follow, max-snippet:-1, max-image-preview:large, max-video-preview:-1\" \/>\n<link rel=\"canonical\" href=\"https:\/\/bagdupe.com\/pl\/product\/celine-bag-dupe-1633\/\" \/>\n<meta property=\"og:locale\" content=\"pl_PL\" \/>\n<meta property=\"og:type\" content=\"article\" \/>\n<meta property=\"og:title\" content=\"Celine Bag Dupe 1633\" \/>\n<meta property=\"og:description\" content=\"With box Celine Arc de Triomphe Backpack Exquisite design, seemingly small, but with enough capacity, it can easily show fashion style no matter how you match it. Suitable for all seasons, both retro and high-end, it is an ideal choice whether for commuting or traveling 1:1 Replica\" \/>\n<meta property=\"og:url\" content=\"https:\/\/bagdupe.com\/pl\/product\/celine-bag-dupe-1633\/\" \/>\n<meta property=\"og:site_name\" content=\"Best Designer Bag Dupes | Fragrance Dupe In 2025\" \/>\n<meta property=\"article:modified_time\" content=\"2025-05-27T14:18:00+00:00\" \/>\n<meta property=\"og:image\" content=\"https:\/\/bagdupe.com\/wp-content\/uploads\/2025\/05\/Celine-Bag-Dupe-1633.jpg\" \/>\n\t<meta property=\"og:image:width\" content=\"1080\" \/>\n\t<meta property=\"og:image:height\" content=\"1439\" \/>\n\t<meta property=\"og:image:type\" content=\"image\/jpeg\" \/>\n<meta name=\"twitter:card\" content=\"summary_large_image\" \/>\n<script type=\"application\/ld+json\" class=\"yoast-schema-graph\">{\"@context\":\"https:\/\/schema.org\",\"@graph\":[{\"@type\":\"WebPage\",\"@id\":\"https:\/\/bagdupe.com\/nb\/product\/celine-bag-dupe-1633\/\",\"url\":\"https:\/\/bagdupe.com\/nb\/product\/celine-bag-dupe-1633\/\",\"name\":\"Celine Bag Dupe 1633 1:1 Replica\",\"isPartOf\":{\"@id\":\"https:\/\/bagdupe.com\/#website\"},\"primaryImageOfPage\":{\"@id\":\"https:\/\/bagdupe.com\/nb\/product\/celine-bag-dupe-1633\/#primaryimage\"},\"image\":{\"@id\":\"https:\/\/bagdupe.com\/nb\/product\/celine-bag-dupe-1633\/#primaryimage\"},\"thumbnailUrl\":\"https:\/\/bagdupe.com\/wp-content\/uploads\/2025\/05\/Celine-Bag-Dupe-1633.jpg\",\"datePublished\":\"2025-05-27T14:17:43+00:00\",\"dateModified\":\"2025-05-27T14:18:00+00:00\",\"description\":\"With box Celine Arc de Triomphe Backpack Exquisite design, seemingly small, but with enough capacity, it can easily show fashion style no matter how you match it. Suitable for all seasons, both retro and high-end, it is an ideal choice whether for commuting or traveling 1:1 Replica\",\"breadcrumb\":{\"@id\":\"https:\/\/bagdupe.com\/nb\/product\/celine-bag-dupe-1633\/#breadcrumb\"},\"inLanguage\":\"pl-PL\",\"potentialAction\":[{\"@type\":\"ReadAction\",\"target\":[\"https:\/\/bagdupe.com\/nb\/product\/celine-bag-dupe-1633\/\"]}]},{\"@type\":\"ImageObject\",\"inLanguage\":\"pl-PL\",\"@id\":\"https:\/\/bagdupe.com\/nb\/product\/celine-bag-dupe-1633\/#primaryimage\",\"url\":\"https:\/\/bagdupe.com\/wp-content\/uploads\/2025\/05\/Celine-Bag-Dupe-1633.jpg\",\"contentUrl\":\"https:\/\/bagdupe.com\/wp-content\/uploads\/2025\/05\/Celine-Bag-Dupe-1633.jpg\",\"width\":1080,\"height\":1439,\"caption\":\"Celine Bag Dupe 1633\"},{\"@type\":\"BreadcrumbList\",\"@id\":\"https:\/\/bagdupe.com\/nb\/product\/celine-bag-dupe-1633\/#breadcrumb\",\"itemListElement\":[{\"@type\":\"ListItem\",\"position\":1,\"name\":\"Home\",\"item\":\"https:\/\/bagdupe.com\/\"},{\"@type\":\"ListItem\",\"position\":2,\"name\":\"Shop\",\"item\":\"https:\/\/bagdupe.com\/shop\/\"},{\"@type\":\"ListItem\",\"position\":3,\"name\":\"Celine Bag Dupe 1633\"}]},{\"@type\":\"WebSite\",\"@id\":\"https:\/\/bagdupe.com\/#website\",\"url\":\"https:\/\/bagdupe.com\/\",\"name\":\"Best Designer Bag Dupes | Fragrance Dupe In 2025\",\"description\":\"High quality designer Bags \/ Fragrance Shop. Brands: Louis Vuitton, Hermes, Chanel, Gucci, and Coach are frequently mentioned as having.\",\"publisher\":{\"@id\":\"https:\/\/bagdupe.com\/#organization\"},\"alternateName\":\"Best Designer Bag Dupes | Fragrance Dupe In 2025\",\"potentialAction\":[{\"@type\":\"SearchAction\",\"target\":{\"@type\":\"EntryPoint\",\"urlTemplate\":\"https:\/\/bagdupe.com\/?s={search_term_string}\"},\"query-input\":{\"@type\":\"PropertyValueSpecification\",\"valueRequired\":true,\"valueName\":\"search_term_string\"}}],\"inLanguage\":\"pl-PL\"},{\"@type\":\"Organization\",\"@id\":\"https:\/\/bagdupe.com\/#organization\",\"name\":\"Best Designer Bag Dupes | Fragrance Dupe In 2025\",\"alternateName\":\"Best Designer Bag Dupes | Fragrance Dupe In 2025\",\"url\":\"https:\/\/bagdupe.com\/\",\"logo\":{\"@type\":\"ImageObject\",\"inLanguage\":\"pl-PL\",\"@id\":\"https:\/\/bagdupe.com\/#\/schema\/logo\/image\/\",\"url\":\"https:\/\/bagdupe.com\/wp-content\/uploads\/2025\/05\/bagdupe.com_.webp\",\"contentUrl\":\"https:\/\/bagdupe.com\/wp-content\/uploads\/2025\/05\/bagdupe.com_.webp\",\"width\":800,\"height\":299,\"caption\":\"Best Designer Bag Dupes | Fragrance Dupe In 2025\"},\"image\":{\"@id\":\"https:\/\/bagdupe.com\/#\/schema\/logo\/image\/\"},\"description\":\"High quality designer Bags \/ Fragrance Shop. Brands: Louis Vuitton, Hermes, Chanel, Gucci, and Coach are frequently mentioned as having.\",\"email\":\"fashionrepsbiz@gmail.com\",\"telephone\":\"+1 936 666 6246\",\"legalName\":\"Best Designer Bag Dupes | Fragrance Dupe In 2025\",\"foundingDate\":\"2015-03-27\",\"vatID\":\"afd67baw625hbaf\",\"taxID\":\"5472erdsvert\",\"iso6523Code\":\"2566yt4hdf565g\",\"duns\":\"2654rthedg3gvfx\",\"leiCode\":\"436regtu65hbdfh\",\"naics\":\"63gvsy658ijngfgw\",\"numberOfEmployees\":{\"@type\":\"QuantitativeValue\",\"minValue\":\"51\",\"maxValue\":\"200\"},\"publishingPrinciples\":\"https:\/\/bagdupe.com\/refund_returns\/\",\"ownershipFundingInfo\":\"https:\/\/bagdupe.com\/about-dupe-shop\/\",\"actionableFeedbackPolicy\":\"https:\/\/bagdupe.com\/privacy-policy\/\",\"correctionsPolicy\":\"https:\/\/bagdupe.com\/privacy-policy\/\",\"ethicsPolicy\":\"https:\/\/bagdupe.com\/privacy-policy\/\",\"diversityPolicy\":\"https:\/\/bagdupe.com\/privacy-policy\/\"}]}<\/script>\n<!-- \/ Yoast SEO Premium plugin. -->","yoast_head_json":{"title":"Celine Bag Dupe 1633 1:1 Replica","description":"With box Celine Arc de Triomphe Backpack Exquisite design, seemingly small, but with enough capacity, it can easily show fashion style no matter how you match it. Suitable for all seasons, both retro and high-end, it is an ideal choice whether for commuting or traveling 1:1 Replica","robots":{"index":"index","follow":"follow","max-snippet":"max-snippet:-1","max-image-preview":"max-image-preview:large","max-video-preview":"max-video-preview:-1"},"canonical":"https:\/\/bagdupe.com\/pl\/product\/celine-bag-dupe-1633\/","og_locale":"pl_PL","og_type":"article","og_title":"Celine Bag Dupe 1633","og_description":"With box Celine Arc de Triomphe Backpack Exquisite design, seemingly small, but with enough capacity, it can easily show fashion style no matter how you match it. Suitable for all seasons, both retro and high-end, it is an ideal choice whether for commuting or traveling 1:1 Replica","og_url":"https:\/\/bagdupe.com\/pl\/product\/celine-bag-dupe-1633\/","og_site_name":"Best Designer Bag Dupes | Fragrance Dupe In 2025","article_modified_time":"2025-05-27T14:18:00+00:00","og_image":[{"width":1080,"height":1439,"url":"https:\/\/bagdupe.com\/wp-content\/uploads\/2025\/05\/Celine-Bag-Dupe-1633.jpg","type":"image\/jpeg"}],"twitter_card":"summary_large_image","schema":{"@context":"https:\/\/schema.org","@graph":[{"@type":"WebPage","@id":"https:\/\/bagdupe.com\/nb\/product\/celine-bag-dupe-1633\/","url":"https:\/\/bagdupe.com\/nb\/product\/celine-bag-dupe-1633\/","name":"Celine Bag Dupe 1633 1:1 Replica","isPartOf":{"@id":"https:\/\/bagdupe.com\/#website"},"primaryImageOfPage":{"@id":"https:\/\/bagdupe.com\/nb\/product\/celine-bag-dupe-1633\/#primaryimage"},"image":{"@id":"https:\/\/bagdupe.com\/nb\/product\/celine-bag-dupe-1633\/#primaryimage"},"thumbnailUrl":"https:\/\/bagdupe.com\/wp-content\/uploads\/2025\/05\/Celine-Bag-Dupe-1633.jpg","datePublished":"2025-05-27T14:17:43+00:00","dateModified":"2025-05-27T14:18:00+00:00","description":"With box Celine Arc de Triomphe Backpack Exquisite design, seemingly small, but with enough capacity, it can easily show fashion style no matter how you match it. Suitable for all seasons, both retro and high-end, it is an ideal choice whether for commuting or traveling 1:1 Replica","breadcrumb":{"@id":"https:\/\/bagdupe.com\/nb\/product\/celine-bag-dupe-1633\/#breadcrumb"},"inLanguage":"pl-PL","potentialAction":[{"@type":"ReadAction","target":["https:\/\/bagdupe.com\/nb\/product\/celine-bag-dupe-1633\/"]}]},{"@type":"ImageObject","inLanguage":"pl-PL","@id":"https:\/\/bagdupe.com\/nb\/product\/celine-bag-dupe-1633\/#primaryimage","url":"https:\/\/bagdupe.com\/wp-content\/uploads\/2025\/05\/Celine-Bag-Dupe-1633.jpg","contentUrl":"https:\/\/bagdupe.com\/wp-content\/uploads\/2025\/05\/Celine-Bag-Dupe-1633.jpg","width":1080,"height":1439,"caption":"Celine Bag Dupe 1633"},{"@type":"BreadcrumbList","@id":"https:\/\/bagdupe.com\/nb\/product\/celine-bag-dupe-1633\/#breadcrumb","itemListElement":[{"@type":"ListItem","position":1,"name":"Home","item":"https:\/\/bagdupe.com\/"},{"@type":"ListItem","position":2,"name":"Shop","item":"https:\/\/bagdupe.com\/shop\/"},{"@type":"ListItem","position":3,"name":"Celine Bag Dupe 1633"}]},{"@type":"WebSite","@id":"https:\/\/bagdupe.com\/#website","url":"https:\/\/bagdupe.com\/","name":"Best Designer Bag Dupes | Fragrance Dupe In 2025","description":"High quality designer Bags \/ Fragrance Shop. Brands: Louis Vuitton, Hermes, Chanel, Gucci, and Coach are frequently mentioned as having.","publisher":{"@id":"https:\/\/bagdupe.com\/#organization"},"alternateName":"Best Designer Bag Dupes | Fragrance Dupe In 2025","potentialAction":[{"@type":"SearchAction","target":{"@type":"EntryPoint","urlTemplate":"https:\/\/bagdupe.com\/?s={search_term_string}"},"query-input":{"@type":"PropertyValueSpecification","valueRequired":true,"valueName":"search_term_string"}}],"inLanguage":"pl-PL"},{"@type":"Organization","@id":"https:\/\/bagdupe.com\/#organization","name":"Best Designer Bag Dupes | Fragrance Dupe In 2025","alternateName":"Best Designer Bag Dupes | Fragrance Dupe In 2025","url":"https:\/\/bagdupe.com\/","logo":{"@type":"ImageObject","inLanguage":"pl-PL","@id":"https:\/\/bagdupe.com\/#\/schema\/logo\/image\/","url":"https:\/\/bagdupe.com\/wp-content\/uploads\/2025\/05\/bagdupe.com_.webp","contentUrl":"https:\/\/bagdupe.com\/wp-content\/uploads\/2025\/05\/bagdupe.com_.webp","width":800,"height":299,"caption":"Best Designer Bag Dupes | Fragrance Dupe In 2025"},"image":{"@id":"https:\/\/bagdupe.com\/#\/schema\/logo\/image\/"},"description":"High quality designer Bags \/ Fragrance Shop. Brands: Louis Vuitton, Hermes, Chanel, Gucci, and Coach are frequently mentioned as having.","email":"fashionrepsbiz@gmail.com","telephone":"+1 936 666 6246","legalName":"Best Designer Bag Dupes | Fragrance Dupe In 2025","foundingDate":"2015-03-27","vatID":"afd67baw625hbaf","taxID":"5472erdsvert","iso6523Code":"2566yt4hdf565g","duns":"2654rthedg3gvfx","leiCode":"436regtu65hbdfh","naics":"63gvsy658ijngfgw","numberOfEmployees":{"@type":"QuantitativeValue","minValue":"51","maxValue":"200"},"publishingPrinciples":"https:\/\/bagdupe.com\/refund_returns\/","ownershipFundingInfo":"https:\/\/bagdupe.com\/about-dupe-shop\/","actionableFeedbackPolicy":"https:\/\/bagdupe.com\/privacy-policy\/","correctionsPolicy":"https:\/\/bagdupe.com\/privacy-policy\/","ethicsPolicy":"https:\/\/bagdupe.com\/privacy-policy\/","diversityPolicy":"https:\/\/bagdupe.com\/privacy-policy\/"}]}},"_links":{"self":[{"href":"https:\/\/bagdupe.com\/pl\/wp-json\/wp\/v2\/product\/4443","targetHints":{"allow":["GET"]}}],"collection":[{"href":"https:\/\/bagdupe.com\/pl\/wp-json\/wp\/v2\/product"}],"about":[{"href":"https:\/\/bagdupe.com\/pl\/wp-json\/wp\/v2\/types\/product"}],"wp:featuredmedia":[{"embeddable":true,"href":"https:\/\/bagdupe.com\/pl\/wp-json\/wp\/v2\/media\/4444"}],"wp:attachment":[{"href":"https:\/\/bagdupe.com\/pl\/wp-json\/wp\/v2\/media?parent=4443"}],"wp:term":[{"taxonomy":"product_brand","embeddable":true,"href":"https:\/\/bagdupe.com\/pl\/wp-json\/wp\/v2\/product_brand?post=4443"},{"taxonomy":"product_cat","embeddable":true,"href":"https:\/\/bagdupe.com\/pl\/wp-json\/wp\/v2\/product_cat?post=4443"},{"taxonomy":"product_tag","embeddable":true,"href":"https:\/\/bagdupe.com\/pl\/wp-json\/wp\/v2\/product_tag?post=4443"}],"curies":[{"name":"wp","href":"https:\/\/api.w.org\/{rel}","templated":true}]}}