{"id":99,"date":"2025-05-27T12:59:09","date_gmt":"2025-05-27T12:59:09","guid":{"rendered":"https:\/\/bagdupe.com\/product\/burberry-bag-dupe-2535\/"},"modified":"2025-05-27T12:59:22","modified_gmt":"2025-05-27T12:59:22","slug":"burberry-bag-dupe-2535","status":"publish","type":"product","link":"https:\/\/bagdupe.com\/pl\/produkt\/burberry-bag-dupe-2535\/","title":{"rendered":"Torba Burberry Dupe 2535"},"content":{"rendered":"<p>Pe\u0142ny zestaw opakowa\u0144 + bilet do torebki<br \/>\nSprz\u0105czka paska BURBERRY w stylu retro, designerska, wysokiej klasy, pasuje do wszystkich artefakt\u00f3w, im wi\u0119cej na ni\u0105 patrzysz, tym lepiej, \u017ce retro \u0141uk Triumfalny jest tak dobry do kupienia! Wysokiej klasy ch\u0142\u00f3d ujawnia w\u0142a\u015bciwe poczucie pokusy.<\/p>\n<p>Torba Burberry Dupe 2535<\/p>","protected":false},"excerpt":{"rendered":"<p>Pe\u0142ny zestaw opakowa\u0144 + bilet do torebki<br \/>\nSprz\u0105czka paska BURBERRY w stylu retro, designerska, wysokiej klasy, pasuje do wszystkich artefakt\u00f3w, im wi\u0119cej na ni\u0105 patrzysz, tym lepiej, \u017ce retro \u0141uk Triumfalny jest tak dobry do kupienia! Wysokiej klasy ch\u0142\u00f3d ujawnia w\u0142a\u015bciwe poczucie pokusy.<\/p>","protected":false},"featured_media":100,"template":"","meta":[],"product_brand":[],"product_cat":[48,49],"product_tag":[50,51],"class_list":{"0":"post-99","1":"product","2":"type-product","3":"status-publish","4":"has-post-thumbnail","6":"product_cat-burberry","7":"product_cat-burberry-bag","8":"product_tag-burberry","9":"product_tag-burberry-bag","11":"first","12":"instock","13":"purchasable","14":"product-type-simple"},"yoast_head":"<!-- This site is optimized with the Yoast SEO Premium plugin v25.2 (Yoast SEO v25.2) - https:\/\/yoast.com\/wordpress\/plugins\/seo\/ -->\n<title>Burberry Bag Dupe 2535 1:1 Replica<\/title>\n<meta name=\"description\" content=\"Full set of packaging + handbag ticket BURBERRY belt hardware buckle retro style designer high-end feel all-match artifact the more you look at it the better the retro Arc de Triomphe is so good to buy! High-end coldness reveals the right sense of temptation. 1:1 Replica\" \/>\n<meta name=\"robots\" content=\"index, follow, max-snippet:-1, max-image-preview:large, max-video-preview:-1\" \/>\n<link rel=\"canonical\" href=\"https:\/\/bagdupe.com\/pl\/produkt\/burberry-bag-dupe-2535\/\" \/>\n<meta property=\"og:locale\" content=\"pl_PL\" \/>\n<meta property=\"og:type\" content=\"article\" \/>\n<meta property=\"og:title\" content=\"Burberry Bag Dupe 2535\" \/>\n<meta property=\"og:description\" content=\"Full set of packaging + handbag ticket BURBERRY belt hardware buckle retro style designer high-end feel all-match artifact the more you look at it the better the retro Arc de Triomphe is so good to buy! High-end coldness reveals the right sense of temptation. 1:1 Replica\" \/>\n<meta property=\"og:url\" content=\"https:\/\/bagdupe.com\/pl\/produkt\/burberry-bag-dupe-2535\/\" \/>\n<meta property=\"og:site_name\" content=\"Best Designer Bag Dupes | Fragrance Dupe In 2025\" \/>\n<meta property=\"article:modified_time\" content=\"2025-05-27T12:59:22+00:00\" \/>\n<meta property=\"og:image\" content=\"https:\/\/bagdupe.com\/wp-content\/uploads\/2025\/05\/Burberry-Bag-Dupe-2535.jpg\" \/>\n\t<meta property=\"og:image:width\" content=\"1440\" \/>\n\t<meta property=\"og:image:height\" content=\"1440\" \/>\n\t<meta property=\"og:image:type\" content=\"image\/jpeg\" \/>\n<meta name=\"twitter:card\" content=\"summary_large_image\" \/>\n<script type=\"application\/ld+json\" class=\"yoast-schema-graph\">{\"@context\":\"https:\/\/schema.org\",\"@graph\":[{\"@type\":\"WebPage\",\"@id\":\"https:\/\/bagdupe.com\/product\/burberry-bag-dupe-2535\/\",\"url\":\"https:\/\/bagdupe.com\/product\/burberry-bag-dupe-2535\/\",\"name\":\"Burberry Bag Dupe 2535 1:1 Replica\",\"isPartOf\":{\"@id\":\"https:\/\/bagdupe.com\/#website\"},\"primaryImageOfPage\":{\"@id\":\"https:\/\/bagdupe.com\/product\/burberry-bag-dupe-2535\/#primaryimage\"},\"image\":{\"@id\":\"https:\/\/bagdupe.com\/product\/burberry-bag-dupe-2535\/#primaryimage\"},\"thumbnailUrl\":\"https:\/\/bagdupe.com\/wp-content\/uploads\/2025\/05\/Burberry-Bag-Dupe-2535.jpg\",\"datePublished\":\"2025-05-27T12:59:09+00:00\",\"dateModified\":\"2025-05-27T12:59:22+00:00\",\"description\":\"Full set of packaging + handbag ticket BURBERRY belt hardware buckle retro style designer high-end feel all-match artifact the more you look at it the better the retro Arc de Triomphe is so good to buy! High-end coldness reveals the right sense of temptation. 1:1 Replica\",\"breadcrumb\":{\"@id\":\"https:\/\/bagdupe.com\/product\/burberry-bag-dupe-2535\/#breadcrumb\"},\"inLanguage\":\"pl-PL\",\"potentialAction\":[{\"@type\":\"ReadAction\",\"target\":[\"https:\/\/bagdupe.com\/product\/burberry-bag-dupe-2535\/\"]}]},{\"@type\":\"ImageObject\",\"inLanguage\":\"pl-PL\",\"@id\":\"https:\/\/bagdupe.com\/product\/burberry-bag-dupe-2535\/#primaryimage\",\"url\":\"https:\/\/bagdupe.com\/wp-content\/uploads\/2025\/05\/Burberry-Bag-Dupe-2535.jpg\",\"contentUrl\":\"https:\/\/bagdupe.com\/wp-content\/uploads\/2025\/05\/Burberry-Bag-Dupe-2535.jpg\",\"width\":1440,\"height\":1440,\"caption\":\"Burberry Bag Dupe 2535\"},{\"@type\":\"BreadcrumbList\",\"@id\":\"https:\/\/bagdupe.com\/product\/burberry-bag-dupe-2535\/#breadcrumb\",\"itemListElement\":[{\"@type\":\"ListItem\",\"position\":1,\"name\":\"Home\",\"item\":\"https:\/\/bagdupe.com\/\"},{\"@type\":\"ListItem\",\"position\":2,\"name\":\"Shop\",\"item\":\"https:\/\/bagdupe.com\/shop\/\"},{\"@type\":\"ListItem\",\"position\":3,\"name\":\"Burberry Bag Dupe 2535\"}]},{\"@type\":\"WebSite\",\"@id\":\"https:\/\/bagdupe.com\/#website\",\"url\":\"https:\/\/bagdupe.com\/\",\"name\":\"Best Designer Bag Dupes | Fragrance Dupe In 2025\",\"description\":\"High quality designer Bags \/ Fragrance Shop. Brands: Louis Vuitton, Hermes, Chanel, Gucci, and Coach are frequently mentioned as having.\",\"publisher\":{\"@id\":\"https:\/\/bagdupe.com\/#organization\"},\"alternateName\":\"Best Designer Bag Dupes | Fragrance Dupe In 2025\",\"potentialAction\":[{\"@type\":\"SearchAction\",\"target\":{\"@type\":\"EntryPoint\",\"urlTemplate\":\"https:\/\/bagdupe.com\/?s={search_term_string}\"},\"query-input\":{\"@type\":\"PropertyValueSpecification\",\"valueRequired\":true,\"valueName\":\"search_term_string\"}}],\"inLanguage\":\"pl-PL\"},{\"@type\":\"Organization\",\"@id\":\"https:\/\/bagdupe.com\/#organization\",\"name\":\"Best Designer Bag Dupes | Fragrance Dupe In 2025\",\"alternateName\":\"Best Designer Bag Dupes | Fragrance Dupe In 2025\",\"url\":\"https:\/\/bagdupe.com\/\",\"logo\":{\"@type\":\"ImageObject\",\"inLanguage\":\"pl-PL\",\"@id\":\"https:\/\/bagdupe.com\/#\/schema\/logo\/image\/\",\"url\":\"https:\/\/bagdupe.com\/wp-content\/uploads\/2025\/05\/bagdupe.com_.webp\",\"contentUrl\":\"https:\/\/bagdupe.com\/wp-content\/uploads\/2025\/05\/bagdupe.com_.webp\",\"width\":800,\"height\":299,\"caption\":\"Best Designer Bag Dupes | Fragrance Dupe In 2025\"},\"image\":{\"@id\":\"https:\/\/bagdupe.com\/#\/schema\/logo\/image\/\"},\"description\":\"High quality designer Bags \/ Fragrance Shop. Brands: Louis Vuitton, Hermes, Chanel, Gucci, and Coach are frequently mentioned as having.\",\"email\":\"fashionrepsbiz@gmail.com\",\"telephone\":\"+1 936 666 6246\",\"legalName\":\"Best Designer Bag Dupes | Fragrance Dupe In 2025\",\"foundingDate\":\"2015-03-27\",\"vatID\":\"afd67baw625hbaf\",\"taxID\":\"5472erdsvert\",\"iso6523Code\":\"2566yt4hdf565g\",\"duns\":\"2654rthedg3gvfx\",\"leiCode\":\"436regtu65hbdfh\",\"naics\":\"63gvsy658ijngfgw\",\"numberOfEmployees\":{\"@type\":\"QuantitativeValue\",\"minValue\":\"51\",\"maxValue\":\"200\"},\"publishingPrinciples\":\"https:\/\/bagdupe.com\/refund_returns\/\",\"ownershipFundingInfo\":\"https:\/\/bagdupe.com\/about-dupe-shop\/\",\"actionableFeedbackPolicy\":\"https:\/\/bagdupe.com\/privacy-policy\/\",\"correctionsPolicy\":\"https:\/\/bagdupe.com\/privacy-policy\/\",\"ethicsPolicy\":\"https:\/\/bagdupe.com\/privacy-policy\/\",\"diversityPolicy\":\"https:\/\/bagdupe.com\/privacy-policy\/\"}]}<\/script>\n<!-- \/ Yoast SEO Premium plugin. -->","yoast_head_json":{"title":"Burberry Bag Dupe 2535 1:1 Replica","description":"Full set of packaging + handbag ticket BURBERRY belt hardware buckle retro style designer high-end feel all-match artifact the more you look at it the better the retro Arc de Triomphe is so good to buy! High-end coldness reveals the right sense of temptation. 1:1 Replica","robots":{"index":"index","follow":"follow","max-snippet":"max-snippet:-1","max-image-preview":"max-image-preview:large","max-video-preview":"max-video-preview:-1"},"canonical":"https:\/\/bagdupe.com\/pl\/produkt\/burberry-bag-dupe-2535\/","og_locale":"pl_PL","og_type":"article","og_title":"Burberry Bag Dupe 2535","og_description":"Full set of packaging + handbag ticket BURBERRY belt hardware buckle retro style designer high-end feel all-match artifact the more you look at it the better the retro Arc de Triomphe is so good to buy! High-end coldness reveals the right sense of temptation. 1:1 Replica","og_url":"https:\/\/bagdupe.com\/pl\/produkt\/burberry-bag-dupe-2535\/","og_site_name":"Best Designer Bag Dupes | Fragrance Dupe In 2025","article_modified_time":"2025-05-27T12:59:22+00:00","og_image":[{"width":1440,"height":1440,"url":"https:\/\/bagdupe.com\/wp-content\/uploads\/2025\/05\/Burberry-Bag-Dupe-2535.jpg","type":"image\/jpeg"}],"twitter_card":"summary_large_image","schema":{"@context":"https:\/\/schema.org","@graph":[{"@type":"WebPage","@id":"https:\/\/bagdupe.com\/product\/burberry-bag-dupe-2535\/","url":"https:\/\/bagdupe.com\/product\/burberry-bag-dupe-2535\/","name":"Burberry Bag Dupe 2535 1:1 Replica","isPartOf":{"@id":"https:\/\/bagdupe.com\/#website"},"primaryImageOfPage":{"@id":"https:\/\/bagdupe.com\/product\/burberry-bag-dupe-2535\/#primaryimage"},"image":{"@id":"https:\/\/bagdupe.com\/product\/burberry-bag-dupe-2535\/#primaryimage"},"thumbnailUrl":"https:\/\/bagdupe.com\/wp-content\/uploads\/2025\/05\/Burberry-Bag-Dupe-2535.jpg","datePublished":"2025-05-27T12:59:09+00:00","dateModified":"2025-05-27T12:59:22+00:00","description":"Full set of packaging + handbag ticket BURBERRY belt hardware buckle retro style designer high-end feel all-match artifact the more you look at it the better the retro Arc de Triomphe is so good to buy! High-end coldness reveals the right sense of temptation. 1:1 Replica","breadcrumb":{"@id":"https:\/\/bagdupe.com\/product\/burberry-bag-dupe-2535\/#breadcrumb"},"inLanguage":"pl-PL","potentialAction":[{"@type":"ReadAction","target":["https:\/\/bagdupe.com\/product\/burberry-bag-dupe-2535\/"]}]},{"@type":"ImageObject","inLanguage":"pl-PL","@id":"https:\/\/bagdupe.com\/product\/burberry-bag-dupe-2535\/#primaryimage","url":"https:\/\/bagdupe.com\/wp-content\/uploads\/2025\/05\/Burberry-Bag-Dupe-2535.jpg","contentUrl":"https:\/\/bagdupe.com\/wp-content\/uploads\/2025\/05\/Burberry-Bag-Dupe-2535.jpg","width":1440,"height":1440,"caption":"Burberry Bag Dupe 2535"},{"@type":"BreadcrumbList","@id":"https:\/\/bagdupe.com\/product\/burberry-bag-dupe-2535\/#breadcrumb","itemListElement":[{"@type":"ListItem","position":1,"name":"Home","item":"https:\/\/bagdupe.com\/"},{"@type":"ListItem","position":2,"name":"Shop","item":"https:\/\/bagdupe.com\/shop\/"},{"@type":"ListItem","position":3,"name":"Burberry Bag Dupe 2535"}]},{"@type":"WebSite","@id":"https:\/\/bagdupe.com\/#website","url":"https:\/\/bagdupe.com\/","name":"Best Designer Bag Dupes | Fragrance Dupe In 2025","description":"High quality designer Bags \/ Fragrance Shop. Brands: Louis Vuitton, Hermes, Chanel, Gucci, and Coach are frequently mentioned as having.","publisher":{"@id":"https:\/\/bagdupe.com\/#organization"},"alternateName":"Best Designer Bag Dupes | Fragrance Dupe In 2025","potentialAction":[{"@type":"SearchAction","target":{"@type":"EntryPoint","urlTemplate":"https:\/\/bagdupe.com\/?s={search_term_string}"},"query-input":{"@type":"PropertyValueSpecification","valueRequired":true,"valueName":"search_term_string"}}],"inLanguage":"pl-PL"},{"@type":"Organization","@id":"https:\/\/bagdupe.com\/#organization","name":"Best Designer Bag Dupes | Fragrance Dupe In 2025","alternateName":"Best Designer Bag Dupes | Fragrance Dupe In 2025","url":"https:\/\/bagdupe.com\/","logo":{"@type":"ImageObject","inLanguage":"pl-PL","@id":"https:\/\/bagdupe.com\/#\/schema\/logo\/image\/","url":"https:\/\/bagdupe.com\/wp-content\/uploads\/2025\/05\/bagdupe.com_.webp","contentUrl":"https:\/\/bagdupe.com\/wp-content\/uploads\/2025\/05\/bagdupe.com_.webp","width":800,"height":299,"caption":"Best Designer Bag Dupes | Fragrance Dupe In 2025"},"image":{"@id":"https:\/\/bagdupe.com\/#\/schema\/logo\/image\/"},"description":"High quality designer Bags \/ Fragrance Shop. Brands: Louis Vuitton, Hermes, Chanel, Gucci, and Coach are frequently mentioned as having.","email":"fashionrepsbiz@gmail.com","telephone":"+1 936 666 6246","legalName":"Best Designer Bag Dupes | Fragrance Dupe In 2025","foundingDate":"2015-03-27","vatID":"afd67baw625hbaf","taxID":"5472erdsvert","iso6523Code":"2566yt4hdf565g","duns":"2654rthedg3gvfx","leiCode":"436regtu65hbdfh","naics":"63gvsy658ijngfgw","numberOfEmployees":{"@type":"QuantitativeValue","minValue":"51","maxValue":"200"},"publishingPrinciples":"https:\/\/bagdupe.com\/refund_returns\/","ownershipFundingInfo":"https:\/\/bagdupe.com\/about-dupe-shop\/","actionableFeedbackPolicy":"https:\/\/bagdupe.com\/privacy-policy\/","correctionsPolicy":"https:\/\/bagdupe.com\/privacy-policy\/","ethicsPolicy":"https:\/\/bagdupe.com\/privacy-policy\/","diversityPolicy":"https:\/\/bagdupe.com\/privacy-policy\/"}]}},"_links":{"self":[{"href":"https:\/\/bagdupe.com\/pl\/wp-json\/wp\/v2\/product\/99","targetHints":{"allow":["GET"]}}],"collection":[{"href":"https:\/\/bagdupe.com\/pl\/wp-json\/wp\/v2\/product"}],"about":[{"href":"https:\/\/bagdupe.com\/pl\/wp-json\/wp\/v2\/types\/product"}],"wp:featuredmedia":[{"embeddable":true,"href":"https:\/\/bagdupe.com\/pl\/wp-json\/wp\/v2\/media\/100"}],"wp:attachment":[{"href":"https:\/\/bagdupe.com\/pl\/wp-json\/wp\/v2\/media?parent=99"}],"wp:term":[{"taxonomy":"product_brand","embeddable":true,"href":"https:\/\/bagdupe.com\/pl\/wp-json\/wp\/v2\/product_brand?post=99"},{"taxonomy":"product_cat","embeddable":true,"href":"https:\/\/bagdupe.com\/pl\/wp-json\/wp\/v2\/product_cat?post=99"},{"taxonomy":"product_tag","embeddable":true,"href":"https:\/\/bagdupe.com\/pl\/wp-json\/wp\/v2\/product_tag?post=99"}],"curies":[{"name":"wp","href":"https:\/\/api.w.org\/{rel}","templated":true}]}}