{"id":3013,"date":"2025-05-27T13:50:38","date_gmt":"2025-05-27T13:50:38","guid":{"rendered":"https:\/\/bagdupe.com\/product\/fendi-bag-dupe-1929\/"},"modified":"2025-05-27T13:50:54","modified_gmt":"2025-05-27T13:50:54","slug":"fendi-bag-dupe-1929","status":"publish","type":"product","link":"https:\/\/bagdupe.com\/pt\/produto\/fendi-bag-dupe-1929\/","title":{"rendered":"Fendi Bag Dupe 1929"},"content":{"rendered":"<p>Bolsa baguete Fendi.<\/p>\n<p>Adopta um design de aba, equipado com fivela magn\u00e9tica FF, flor antiga cl\u00e1ssica, bordado completo FF, com al\u00e7a de ombro destac\u00e1vel, pode ser transportado \u00e0 m\u00e3o ou a tiracolo, material de tecido bege, cor muito suave, muito adequado para jovens senhoras elegantes, 20 cm com len\u00e7o de caixa<\/p>\n<p>Fendi Bag Dupe 1929<\/p>","protected":false},"excerpt":{"rendered":"<p>Bolsa baguete Fendi.<\/p>\n<p>Adopta um design de aba, equipado com fivela magn\u00e9tica FF, flor antiga cl\u00e1ssica, bordado completo FF, com al\u00e7a de ombro destac\u00e1vel, pode ser transportado \u00e0 m\u00e3o ou a tiracolo, material de tecido bege, cor muito suave, muito adequado para jovens senhoras elegantes, 20 cm com len\u00e7o de caixa<\/p>","protected":false},"featured_media":3014,"template":"","meta":[],"product_brand":[],"product_cat":[64,65],"product_tag":[66,67],"class_list":{"0":"post-3013","1":"product","2":"type-product","3":"status-publish","4":"has-post-thumbnail","6":"product_cat-fendi","7":"product_cat-fendi-bag","8":"product_tag-fendi","9":"product_tag-fendi-bag","11":"first","12":"instock","13":"purchasable","14":"product-type-simple"},"yoast_head":"<!-- This site is optimized with the Yoast SEO Premium plugin v25.2 (Yoast SEO v25.2) - https:\/\/yoast.com\/wordpress\/plugins\/seo\/ -->\n<title>Fendi Bag Dupe 1929 1:1 Replica<\/title>\n<meta name=\"description\" content=\"Fendi baguette bag. It adopts a flap design, equipped with FF magnetic buckle, classic old flower, full embroidery FF, with detachable shoulder strap, can be carried by hand or crossbody, beige cloth material, very gentle color, very suitable for elegant young ladies, 20cm with box scarf 1:1 Replica\" \/>\n<meta name=\"robots\" content=\"index, follow, max-snippet:-1, max-image-preview:large, max-video-preview:-1\" \/>\n<link rel=\"canonical\" href=\"https:\/\/bagdupe.com\/pt\/product\/fendi-bag-dupe-1929\/\" \/>\n<meta property=\"og:locale\" content=\"pt_PT\" \/>\n<meta property=\"og:type\" content=\"article\" \/>\n<meta property=\"og:title\" content=\"Fendi Bag Dupe 1929\" \/>\n<meta property=\"og:description\" content=\"Fendi baguette bag. It adopts a flap design, equipped with FF magnetic buckle, classic old flower, full embroidery FF, with detachable shoulder strap, can be carried by hand or crossbody, beige cloth material, very gentle color, very suitable for elegant young ladies, 20cm with box scarf 1:1 Replica\" \/>\n<meta property=\"og:url\" content=\"https:\/\/bagdupe.com\/pt\/product\/fendi-bag-dupe-1929\/\" \/>\n<meta property=\"og:site_name\" content=\"Best Designer Bag Dupes | Fragrance Dupe In 2025\" \/>\n<meta property=\"article:modified_time\" content=\"2025-05-27T13:50:54+00:00\" \/>\n<meta property=\"og:image\" content=\"https:\/\/bagdupe.com\/wp-content\/uploads\/2025\/05\/Fendi-Bag-Dupe-1929.jpg\" \/>\n\t<meta property=\"og:image:width\" content=\"1440\" \/>\n\t<meta property=\"og:image:height\" content=\"1917\" \/>\n\t<meta property=\"og:image:type\" content=\"image\/jpeg\" \/>\n<meta name=\"twitter:card\" content=\"summary_large_image\" \/>\n<script type=\"application\/ld+json\" class=\"yoast-schema-graph\">{\"@context\":\"https:\/\/schema.org\",\"@graph\":[{\"@type\":\"WebPage\",\"@id\":\"https:\/\/bagdupe.com\/nb\/product\/fendi-bag-dupe-1929\/\",\"url\":\"https:\/\/bagdupe.com\/nb\/product\/fendi-bag-dupe-1929\/\",\"name\":\"Fendi Bag Dupe 1929 1:1 Replica\",\"isPartOf\":{\"@id\":\"https:\/\/bagdupe.com\/#website\"},\"primaryImageOfPage\":{\"@id\":\"https:\/\/bagdupe.com\/nb\/product\/fendi-bag-dupe-1929\/#primaryimage\"},\"image\":{\"@id\":\"https:\/\/bagdupe.com\/nb\/product\/fendi-bag-dupe-1929\/#primaryimage\"},\"thumbnailUrl\":\"https:\/\/bagdupe.com\/wp-content\/uploads\/2025\/05\/Fendi-Bag-Dupe-1929.jpg\",\"datePublished\":\"2025-05-27T13:50:38+00:00\",\"dateModified\":\"2025-05-27T13:50:54+00:00\",\"description\":\"Fendi baguette bag. It adopts a flap design, equipped with FF magnetic buckle, classic old flower, full embroidery FF, with detachable shoulder strap, can be carried by hand or crossbody, beige cloth material, very gentle color, very suitable for elegant young ladies, 20cm with box scarf 1:1 Replica\",\"breadcrumb\":{\"@id\":\"https:\/\/bagdupe.com\/nb\/product\/fendi-bag-dupe-1929\/#breadcrumb\"},\"inLanguage\":\"pt-PT\",\"potentialAction\":[{\"@type\":\"ReadAction\",\"target\":[\"https:\/\/bagdupe.com\/nb\/product\/fendi-bag-dupe-1929\/\"]}]},{\"@type\":\"ImageObject\",\"inLanguage\":\"pt-PT\",\"@id\":\"https:\/\/bagdupe.com\/nb\/product\/fendi-bag-dupe-1929\/#primaryimage\",\"url\":\"https:\/\/bagdupe.com\/wp-content\/uploads\/2025\/05\/Fendi-Bag-Dupe-1929.jpg\",\"contentUrl\":\"https:\/\/bagdupe.com\/wp-content\/uploads\/2025\/05\/Fendi-Bag-Dupe-1929.jpg\",\"width\":1440,\"height\":1917,\"caption\":\"Fendi Bag Dupe 1929\"},{\"@type\":\"BreadcrumbList\",\"@id\":\"https:\/\/bagdupe.com\/nb\/product\/fendi-bag-dupe-1929\/#breadcrumb\",\"itemListElement\":[{\"@type\":\"ListItem\",\"position\":1,\"name\":\"Home\",\"item\":\"https:\/\/bagdupe.com\/\"},{\"@type\":\"ListItem\",\"position\":2,\"name\":\"Shop\",\"item\":\"https:\/\/bagdupe.com\/shop\/\"},{\"@type\":\"ListItem\",\"position\":3,\"name\":\"Fendi Bag Dupe 1929\"}]},{\"@type\":\"WebSite\",\"@id\":\"https:\/\/bagdupe.com\/#website\",\"url\":\"https:\/\/bagdupe.com\/\",\"name\":\"Best Designer Bag Dupes | Fragrance Dupe In 2025\",\"description\":\"High quality designer Bags \/ Fragrance Shop. Brands: Louis Vuitton, Hermes, Chanel, Gucci, and Coach are frequently mentioned as having.\",\"publisher\":{\"@id\":\"https:\/\/bagdupe.com\/#organization\"},\"alternateName\":\"Best Designer Bag Dupes | Fragrance Dupe In 2025\",\"potentialAction\":[{\"@type\":\"SearchAction\",\"target\":{\"@type\":\"EntryPoint\",\"urlTemplate\":\"https:\/\/bagdupe.com\/?s={search_term_string}\"},\"query-input\":{\"@type\":\"PropertyValueSpecification\",\"valueRequired\":true,\"valueName\":\"search_term_string\"}}],\"inLanguage\":\"pt-PT\"},{\"@type\":\"Organization\",\"@id\":\"https:\/\/bagdupe.com\/#organization\",\"name\":\"Best Designer Bag Dupes | Fragrance Dupe In 2025\",\"alternateName\":\"Best Designer Bag Dupes | Fragrance Dupe In 2025\",\"url\":\"https:\/\/bagdupe.com\/\",\"logo\":{\"@type\":\"ImageObject\",\"inLanguage\":\"pt-PT\",\"@id\":\"https:\/\/bagdupe.com\/#\/schema\/logo\/image\/\",\"url\":\"https:\/\/bagdupe.com\/wp-content\/uploads\/2025\/05\/bagdupe.com_.webp\",\"contentUrl\":\"https:\/\/bagdupe.com\/wp-content\/uploads\/2025\/05\/bagdupe.com_.webp\",\"width\":800,\"height\":299,\"caption\":\"Best Designer Bag Dupes | Fragrance Dupe In 2025\"},\"image\":{\"@id\":\"https:\/\/bagdupe.com\/#\/schema\/logo\/image\/\"},\"description\":\"High quality designer Bags \/ Fragrance Shop. Brands: Louis Vuitton, Hermes, Chanel, Gucci, and Coach are frequently mentioned as having.\",\"email\":\"fashionrepsbiz@gmail.com\",\"telephone\":\"+1 936 666 6246\",\"legalName\":\"Best Designer Bag Dupes | Fragrance Dupe In 2025\",\"foundingDate\":\"2015-03-27\",\"vatID\":\"afd67baw625hbaf\",\"taxID\":\"5472erdsvert\",\"iso6523Code\":\"2566yt4hdf565g\",\"duns\":\"2654rthedg3gvfx\",\"leiCode\":\"436regtu65hbdfh\",\"naics\":\"63gvsy658ijngfgw\",\"numberOfEmployees\":{\"@type\":\"QuantitativeValue\",\"minValue\":\"51\",\"maxValue\":\"200\"},\"publishingPrinciples\":\"https:\/\/bagdupe.com\/refund_returns\/\",\"ownershipFundingInfo\":\"https:\/\/bagdupe.com\/about-dupe-shop\/\",\"actionableFeedbackPolicy\":\"https:\/\/bagdupe.com\/privacy-policy\/\",\"correctionsPolicy\":\"https:\/\/bagdupe.com\/privacy-policy\/\",\"ethicsPolicy\":\"https:\/\/bagdupe.com\/privacy-policy\/\",\"diversityPolicy\":\"https:\/\/bagdupe.com\/privacy-policy\/\"}]}<\/script>\n<!-- \/ Yoast SEO Premium plugin. -->","yoast_head_json":{"title":"Fendi Bag Dupe 1929 1:1 Replica","description":"Fendi baguette bag. It adopts a flap design, equipped with FF magnetic buckle, classic old flower, full embroidery FF, with detachable shoulder strap, can be carried by hand or crossbody, beige cloth material, very gentle color, very suitable for elegant young ladies, 20cm with box scarf 1:1 Replica","robots":{"index":"index","follow":"follow","max-snippet":"max-snippet:-1","max-image-preview":"max-image-preview:large","max-video-preview":"max-video-preview:-1"},"canonical":"https:\/\/bagdupe.com\/pt\/product\/fendi-bag-dupe-1929\/","og_locale":"pt_PT","og_type":"article","og_title":"Fendi Bag Dupe 1929","og_description":"Fendi baguette bag. It adopts a flap design, equipped with FF magnetic buckle, classic old flower, full embroidery FF, with detachable shoulder strap, can be carried by hand or crossbody, beige cloth material, very gentle color, very suitable for elegant young ladies, 20cm with box scarf 1:1 Replica","og_url":"https:\/\/bagdupe.com\/pt\/product\/fendi-bag-dupe-1929\/","og_site_name":"Best Designer Bag Dupes | Fragrance Dupe In 2025","article_modified_time":"2025-05-27T13:50:54+00:00","og_image":[{"width":1440,"height":1917,"url":"https:\/\/bagdupe.com\/wp-content\/uploads\/2025\/05\/Fendi-Bag-Dupe-1929.jpg","type":"image\/jpeg"}],"twitter_card":"summary_large_image","schema":{"@context":"https:\/\/schema.org","@graph":[{"@type":"WebPage","@id":"https:\/\/bagdupe.com\/nb\/product\/fendi-bag-dupe-1929\/","url":"https:\/\/bagdupe.com\/nb\/product\/fendi-bag-dupe-1929\/","name":"Fendi Bag Dupe 1929 1:1 Replica","isPartOf":{"@id":"https:\/\/bagdupe.com\/#website"},"primaryImageOfPage":{"@id":"https:\/\/bagdupe.com\/nb\/product\/fendi-bag-dupe-1929\/#primaryimage"},"image":{"@id":"https:\/\/bagdupe.com\/nb\/product\/fendi-bag-dupe-1929\/#primaryimage"},"thumbnailUrl":"https:\/\/bagdupe.com\/wp-content\/uploads\/2025\/05\/Fendi-Bag-Dupe-1929.jpg","datePublished":"2025-05-27T13:50:38+00:00","dateModified":"2025-05-27T13:50:54+00:00","description":"Fendi baguette bag. It adopts a flap design, equipped with FF magnetic buckle, classic old flower, full embroidery FF, with detachable shoulder strap, can be carried by hand or crossbody, beige cloth material, very gentle color, very suitable for elegant young ladies, 20cm with box scarf 1:1 Replica","breadcrumb":{"@id":"https:\/\/bagdupe.com\/nb\/product\/fendi-bag-dupe-1929\/#breadcrumb"},"inLanguage":"pt-PT","potentialAction":[{"@type":"ReadAction","target":["https:\/\/bagdupe.com\/nb\/product\/fendi-bag-dupe-1929\/"]}]},{"@type":"ImageObject","inLanguage":"pt-PT","@id":"https:\/\/bagdupe.com\/nb\/product\/fendi-bag-dupe-1929\/#primaryimage","url":"https:\/\/bagdupe.com\/wp-content\/uploads\/2025\/05\/Fendi-Bag-Dupe-1929.jpg","contentUrl":"https:\/\/bagdupe.com\/wp-content\/uploads\/2025\/05\/Fendi-Bag-Dupe-1929.jpg","width":1440,"height":1917,"caption":"Fendi Bag Dupe 1929"},{"@type":"BreadcrumbList","@id":"https:\/\/bagdupe.com\/nb\/product\/fendi-bag-dupe-1929\/#breadcrumb","itemListElement":[{"@type":"ListItem","position":1,"name":"Home","item":"https:\/\/bagdupe.com\/"},{"@type":"ListItem","position":2,"name":"Shop","item":"https:\/\/bagdupe.com\/shop\/"},{"@type":"ListItem","position":3,"name":"Fendi Bag Dupe 1929"}]},{"@type":"WebSite","@id":"https:\/\/bagdupe.com\/#website","url":"https:\/\/bagdupe.com\/","name":"Best Designer Bag Dupes | Fragrance Dupe In 2025","description":"High quality designer Bags \/ Fragrance Shop. Brands: Louis Vuitton, Hermes, Chanel, Gucci, and Coach are frequently mentioned as having.","publisher":{"@id":"https:\/\/bagdupe.com\/#organization"},"alternateName":"Best Designer Bag Dupes | Fragrance Dupe In 2025","potentialAction":[{"@type":"SearchAction","target":{"@type":"EntryPoint","urlTemplate":"https:\/\/bagdupe.com\/?s={search_term_string}"},"query-input":{"@type":"PropertyValueSpecification","valueRequired":true,"valueName":"search_term_string"}}],"inLanguage":"pt-PT"},{"@type":"Organization","@id":"https:\/\/bagdupe.com\/#organization","name":"Best Designer Bag Dupes | Fragrance Dupe In 2025","alternateName":"Best Designer Bag Dupes | Fragrance Dupe In 2025","url":"https:\/\/bagdupe.com\/","logo":{"@type":"ImageObject","inLanguage":"pt-PT","@id":"https:\/\/bagdupe.com\/#\/schema\/logo\/image\/","url":"https:\/\/bagdupe.com\/wp-content\/uploads\/2025\/05\/bagdupe.com_.webp","contentUrl":"https:\/\/bagdupe.com\/wp-content\/uploads\/2025\/05\/bagdupe.com_.webp","width":800,"height":299,"caption":"Best Designer Bag Dupes | Fragrance Dupe In 2025"},"image":{"@id":"https:\/\/bagdupe.com\/#\/schema\/logo\/image\/"},"description":"High quality designer Bags \/ Fragrance Shop. Brands: Louis Vuitton, Hermes, Chanel, Gucci, and Coach are frequently mentioned as having.","email":"fashionrepsbiz@gmail.com","telephone":"+1 936 666 6246","legalName":"Best Designer Bag Dupes | Fragrance Dupe In 2025","foundingDate":"2015-03-27","vatID":"afd67baw625hbaf","taxID":"5472erdsvert","iso6523Code":"2566yt4hdf565g","duns":"2654rthedg3gvfx","leiCode":"436regtu65hbdfh","naics":"63gvsy658ijngfgw","numberOfEmployees":{"@type":"QuantitativeValue","minValue":"51","maxValue":"200"},"publishingPrinciples":"https:\/\/bagdupe.com\/refund_returns\/","ownershipFundingInfo":"https:\/\/bagdupe.com\/about-dupe-shop\/","actionableFeedbackPolicy":"https:\/\/bagdupe.com\/privacy-policy\/","correctionsPolicy":"https:\/\/bagdupe.com\/privacy-policy\/","ethicsPolicy":"https:\/\/bagdupe.com\/privacy-policy\/","diversityPolicy":"https:\/\/bagdupe.com\/privacy-policy\/"}]}},"_links":{"self":[{"href":"https:\/\/bagdupe.com\/pt\/wp-json\/wp\/v2\/product\/3013","targetHints":{"allow":["GET"]}}],"collection":[{"href":"https:\/\/bagdupe.com\/pt\/wp-json\/wp\/v2\/product"}],"about":[{"href":"https:\/\/bagdupe.com\/pt\/wp-json\/wp\/v2\/types\/product"}],"wp:featuredmedia":[{"embeddable":true,"href":"https:\/\/bagdupe.com\/pt\/wp-json\/wp\/v2\/media\/3014"}],"wp:attachment":[{"href":"https:\/\/bagdupe.com\/pt\/wp-json\/wp\/v2\/media?parent=3013"}],"wp:term":[{"taxonomy":"product_brand","embeddable":true,"href":"https:\/\/bagdupe.com\/pt\/wp-json\/wp\/v2\/product_brand?post=3013"},{"taxonomy":"product_cat","embeddable":true,"href":"https:\/\/bagdupe.com\/pt\/wp-json\/wp\/v2\/product_cat?post=3013"},{"taxonomy":"product_tag","embeddable":true,"href":"https:\/\/bagdupe.com\/pt\/wp-json\/wp\/v2\/product_tag?post=3013"}],"curies":[{"name":"wp","href":"https:\/\/api.w.org\/{rel}","templated":true}]}}