{"id":3118,"date":"2025-05-27T13:52:18","date_gmt":"2025-05-27T13:52:18","guid":{"rendered":"https:\/\/bagdupe.com\/product\/chanel-bag-dupe-1908\/"},"modified":"2025-05-27T13:52:34","modified_gmt":"2025-05-27T13:52:34","slug":"chanel-bag-dupe-1908","status":"publish","type":"product","link":"https:\/\/bagdupe.com\/pt\/produto\/chanel-bag-dupe-1908\/","title":{"rendered":"Duplo de mala Chanel 1908"},"content":{"rendered":"<p>Bolsa de caixa longa com al\u00e7a de ouro Chanel<br \/>\nO maior encanto da Chanel \u00e9 o facto de a pr\u00f3pria Coco injetar em cada Chanel, reflectindo a sua busca de excelente gosto ao longo da vida. Tal como a sua famosa frase \"A moda \u00e9 ef\u00e9mera, o estilo \u00e9 eterno\"<br \/>\nEspero que cada beb\u00e9 que tenha uma Chanel possa ter a sua pr\u00f3pria busca e persist\u00eancia na beleza e na moda. Os beb\u00e9s que t\u00eam<\/p>\n<p>Duplo de mala Chanel 1908<\/p>","protected":false},"excerpt":{"rendered":"<p>Bolsa de caixa longa com al\u00e7a de ouro Chanel<br \/>\nO maior encanto da Chanel \u00e9 o facto de a pr\u00f3pria Coco injetar em cada Chanel, reflectindo a sua busca de excelente gosto ao longo da vida. Tal como a sua famosa frase \"A moda \u00e9 ef\u00e9mera, o estilo \u00e9 eterno\"<br \/>\nEspero que cada beb\u00e9 que tenha uma Chanel possa ter a sua pr\u00f3pria busca e persist\u00eancia na beleza e na moda. Os beb\u00e9s que t\u00eam<\/p>","protected":false},"featured_media":3119,"template":"","meta":[],"product_brand":[],"product_cat":[40,41],"product_tag":[42,43],"class_list":{"0":"post-3118","1":"product","2":"type-product","3":"status-publish","4":"has-post-thumbnail","6":"product_cat-chanel","7":"product_cat-chanel-bag","8":"product_tag-chanel","9":"product_tag-chanel-bag","11":"first","12":"instock","13":"purchasable","14":"product-type-simple"},"yoast_head":"<!-- This site is optimized with the Yoast SEO Premium plugin v25.2 (Yoast SEO v25.2) - https:\/\/yoast.com\/wordpress\/plugins\/seo\/ -->\n<title>Chanel Bag Dupe 1908 1:1 Replica<\/title>\n<meta name=\"description\" content=\"Chanel Gold Handle Chain Long Box Bag The biggest charm of Chanel is that Coco herself injects into every Chanel, reflecting her pursuit of excellent taste throughout life. Just as her famous saying &quot;Fashion is fleeting, style is forever&quot; I hope that every baby who owns Chanel can have their own pursuit and persistence in beauty and fashion. Babies who don 1:1 Replica\" \/>\n<meta name=\"robots\" content=\"index, follow, max-snippet:-1, max-image-preview:large, max-video-preview:-1\" \/>\n<link rel=\"canonical\" href=\"https:\/\/bagdupe.com\/pt\/product\/chanel-bag-dupe-1908\/\" \/>\n<meta property=\"og:locale\" content=\"pt_PT\" \/>\n<meta property=\"og:type\" content=\"article\" \/>\n<meta property=\"og:title\" content=\"Chanel Bag Dupe 1908\" \/>\n<meta property=\"og:description\" content=\"Chanel Gold Handle Chain Long Box Bag The biggest charm of Chanel is that Coco herself injects into every Chanel, reflecting her pursuit of excellent taste throughout life. Just as her famous saying &quot;Fashion is fleeting, style is forever&quot; I hope that every baby who owns Chanel can have their own pursuit and persistence in beauty and fashion. Babies who don 1:1 Replica\" \/>\n<meta property=\"og:url\" content=\"https:\/\/bagdupe.com\/pt\/product\/chanel-bag-dupe-1908\/\" \/>\n<meta property=\"og:site_name\" content=\"Best Designer Bag Dupes | Fragrance Dupe In 2025\" \/>\n<meta property=\"article:modified_time\" content=\"2025-05-27T13:52:34+00:00\" \/>\n<meta property=\"og:image\" content=\"https:\/\/bagdupe.com\/wp-content\/uploads\/2025\/05\/Chanel-Bag-Dupe-1908.jpg\" \/>\n\t<meta property=\"og:image:width\" content=\"1080\" \/>\n\t<meta property=\"og:image:height\" content=\"1439\" \/>\n\t<meta property=\"og:image:type\" content=\"image\/jpeg\" \/>\n<meta name=\"twitter:card\" content=\"summary_large_image\" \/>\n<script type=\"application\/ld+json\" class=\"yoast-schema-graph\">{\"@context\":\"https:\/\/schema.org\",\"@graph\":[{\"@type\":\"WebPage\",\"@id\":\"https:\/\/bagdupe.com\/nb\/product\/chanel-bag-dupe-1908\/\",\"url\":\"https:\/\/bagdupe.com\/nb\/product\/chanel-bag-dupe-1908\/\",\"name\":\"Chanel Bag Dupe 1908 1:1 Replica\",\"isPartOf\":{\"@id\":\"https:\/\/bagdupe.com\/#website\"},\"primaryImageOfPage\":{\"@id\":\"https:\/\/bagdupe.com\/nb\/product\/chanel-bag-dupe-1908\/#primaryimage\"},\"image\":{\"@id\":\"https:\/\/bagdupe.com\/nb\/product\/chanel-bag-dupe-1908\/#primaryimage\"},\"thumbnailUrl\":\"https:\/\/bagdupe.com\/wp-content\/uploads\/2025\/05\/Chanel-Bag-Dupe-1908.jpg\",\"datePublished\":\"2025-05-27T13:52:18+00:00\",\"dateModified\":\"2025-05-27T13:52:34+00:00\",\"description\":\"Chanel Gold Handle Chain Long Box Bag The biggest charm of Chanel is that Coco herself injects into every Chanel, reflecting her pursuit of excellent taste throughout life. Just as her famous saying \\\"Fashion is fleeting, style is forever\\\" I hope that every baby who owns Chanel can have their own pursuit and persistence in beauty and fashion. Babies who don 1:1 Replica\",\"breadcrumb\":{\"@id\":\"https:\/\/bagdupe.com\/nb\/product\/chanel-bag-dupe-1908\/#breadcrumb\"},\"inLanguage\":\"pt-PT\",\"potentialAction\":[{\"@type\":\"ReadAction\",\"target\":[\"https:\/\/bagdupe.com\/nb\/product\/chanel-bag-dupe-1908\/\"]}]},{\"@type\":\"ImageObject\",\"inLanguage\":\"pt-PT\",\"@id\":\"https:\/\/bagdupe.com\/nb\/product\/chanel-bag-dupe-1908\/#primaryimage\",\"url\":\"https:\/\/bagdupe.com\/wp-content\/uploads\/2025\/05\/Chanel-Bag-Dupe-1908.jpg\",\"contentUrl\":\"https:\/\/bagdupe.com\/wp-content\/uploads\/2025\/05\/Chanel-Bag-Dupe-1908.jpg\",\"width\":1080,\"height\":1439,\"caption\":\"Chanel Bag Dupe 1908\"},{\"@type\":\"BreadcrumbList\",\"@id\":\"https:\/\/bagdupe.com\/nb\/product\/chanel-bag-dupe-1908\/#breadcrumb\",\"itemListElement\":[{\"@type\":\"ListItem\",\"position\":1,\"name\":\"Home\",\"item\":\"https:\/\/bagdupe.com\/\"},{\"@type\":\"ListItem\",\"position\":2,\"name\":\"Shop\",\"item\":\"https:\/\/bagdupe.com\/shop\/\"},{\"@type\":\"ListItem\",\"position\":3,\"name\":\"Chanel Bag Dupe 1908\"}]},{\"@type\":\"WebSite\",\"@id\":\"https:\/\/bagdupe.com\/#website\",\"url\":\"https:\/\/bagdupe.com\/\",\"name\":\"Best Designer Bag Dupes | Fragrance Dupe In 2025\",\"description\":\"High quality designer Bags \/ Fragrance Shop. Brands: Louis Vuitton, Hermes, Chanel, Gucci, and Coach are frequently mentioned as having.\",\"publisher\":{\"@id\":\"https:\/\/bagdupe.com\/#organization\"},\"alternateName\":\"Best Designer Bag Dupes | Fragrance Dupe In 2025\",\"potentialAction\":[{\"@type\":\"SearchAction\",\"target\":{\"@type\":\"EntryPoint\",\"urlTemplate\":\"https:\/\/bagdupe.com\/?s={search_term_string}\"},\"query-input\":{\"@type\":\"PropertyValueSpecification\",\"valueRequired\":true,\"valueName\":\"search_term_string\"}}],\"inLanguage\":\"pt-PT\"},{\"@type\":\"Organization\",\"@id\":\"https:\/\/bagdupe.com\/#organization\",\"name\":\"Best Designer Bag Dupes | Fragrance Dupe In 2025\",\"alternateName\":\"Best Designer Bag Dupes | Fragrance Dupe In 2025\",\"url\":\"https:\/\/bagdupe.com\/\",\"logo\":{\"@type\":\"ImageObject\",\"inLanguage\":\"pt-PT\",\"@id\":\"https:\/\/bagdupe.com\/#\/schema\/logo\/image\/\",\"url\":\"https:\/\/bagdupe.com\/wp-content\/uploads\/2025\/05\/bagdupe.com_.webp\",\"contentUrl\":\"https:\/\/bagdupe.com\/wp-content\/uploads\/2025\/05\/bagdupe.com_.webp\",\"width\":800,\"height\":299,\"caption\":\"Best Designer Bag Dupes | Fragrance Dupe In 2025\"},\"image\":{\"@id\":\"https:\/\/bagdupe.com\/#\/schema\/logo\/image\/\"},\"description\":\"High quality designer Bags \/ Fragrance Shop. Brands: Louis Vuitton, Hermes, Chanel, Gucci, and Coach are frequently mentioned as having.\",\"email\":\"fashionrepsbiz@gmail.com\",\"telephone\":\"+1 936 666 6246\",\"legalName\":\"Best Designer Bag Dupes | Fragrance Dupe In 2025\",\"foundingDate\":\"2015-03-27\",\"vatID\":\"afd67baw625hbaf\",\"taxID\":\"5472erdsvert\",\"iso6523Code\":\"2566yt4hdf565g\",\"duns\":\"2654rthedg3gvfx\",\"leiCode\":\"436regtu65hbdfh\",\"naics\":\"63gvsy658ijngfgw\",\"numberOfEmployees\":{\"@type\":\"QuantitativeValue\",\"minValue\":\"51\",\"maxValue\":\"200\"},\"publishingPrinciples\":\"https:\/\/bagdupe.com\/refund_returns\/\",\"ownershipFundingInfo\":\"https:\/\/bagdupe.com\/about-dupe-shop\/\",\"actionableFeedbackPolicy\":\"https:\/\/bagdupe.com\/privacy-policy\/\",\"correctionsPolicy\":\"https:\/\/bagdupe.com\/privacy-policy\/\",\"ethicsPolicy\":\"https:\/\/bagdupe.com\/privacy-policy\/\",\"diversityPolicy\":\"https:\/\/bagdupe.com\/privacy-policy\/\"}]}<\/script>\n<!-- \/ Yoast SEO Premium plugin. -->","yoast_head_json":{"title":"Chanel Bag Dupe 1908 1:1 Replica","description":"Chanel Gold Handle Chain Long Box Bag The biggest charm of Chanel is that Coco herself injects into every Chanel, reflecting her pursuit of excellent taste throughout life. Just as her famous saying \"Fashion is fleeting, style is forever\" I hope that every baby who owns Chanel can have their own pursuit and persistence in beauty and fashion. Babies who don 1:1 Replica","robots":{"index":"index","follow":"follow","max-snippet":"max-snippet:-1","max-image-preview":"max-image-preview:large","max-video-preview":"max-video-preview:-1"},"canonical":"https:\/\/bagdupe.com\/pt\/product\/chanel-bag-dupe-1908\/","og_locale":"pt_PT","og_type":"article","og_title":"Chanel Bag Dupe 1908","og_description":"Chanel Gold Handle Chain Long Box Bag The biggest charm of Chanel is that Coco herself injects into every Chanel, reflecting her pursuit of excellent taste throughout life. Just as her famous saying \"Fashion is fleeting, style is forever\" I hope that every baby who owns Chanel can have their own pursuit and persistence in beauty and fashion. Babies who don 1:1 Replica","og_url":"https:\/\/bagdupe.com\/pt\/product\/chanel-bag-dupe-1908\/","og_site_name":"Best Designer Bag Dupes | Fragrance Dupe In 2025","article_modified_time":"2025-05-27T13:52:34+00:00","og_image":[{"width":1080,"height":1439,"url":"https:\/\/bagdupe.com\/wp-content\/uploads\/2025\/05\/Chanel-Bag-Dupe-1908.jpg","type":"image\/jpeg"}],"twitter_card":"summary_large_image","schema":{"@context":"https:\/\/schema.org","@graph":[{"@type":"WebPage","@id":"https:\/\/bagdupe.com\/nb\/product\/chanel-bag-dupe-1908\/","url":"https:\/\/bagdupe.com\/nb\/product\/chanel-bag-dupe-1908\/","name":"Chanel Bag Dupe 1908 1:1 Replica","isPartOf":{"@id":"https:\/\/bagdupe.com\/#website"},"primaryImageOfPage":{"@id":"https:\/\/bagdupe.com\/nb\/product\/chanel-bag-dupe-1908\/#primaryimage"},"image":{"@id":"https:\/\/bagdupe.com\/nb\/product\/chanel-bag-dupe-1908\/#primaryimage"},"thumbnailUrl":"https:\/\/bagdupe.com\/wp-content\/uploads\/2025\/05\/Chanel-Bag-Dupe-1908.jpg","datePublished":"2025-05-27T13:52:18+00:00","dateModified":"2025-05-27T13:52:34+00:00","description":"Chanel Gold Handle Chain Long Box Bag The biggest charm of Chanel is that Coco herself injects into every Chanel, reflecting her pursuit of excellent taste throughout life. Just as her famous saying \"Fashion is fleeting, style is forever\" I hope that every baby who owns Chanel can have their own pursuit and persistence in beauty and fashion. Babies who don 1:1 Replica","breadcrumb":{"@id":"https:\/\/bagdupe.com\/nb\/product\/chanel-bag-dupe-1908\/#breadcrumb"},"inLanguage":"pt-PT","potentialAction":[{"@type":"ReadAction","target":["https:\/\/bagdupe.com\/nb\/product\/chanel-bag-dupe-1908\/"]}]},{"@type":"ImageObject","inLanguage":"pt-PT","@id":"https:\/\/bagdupe.com\/nb\/product\/chanel-bag-dupe-1908\/#primaryimage","url":"https:\/\/bagdupe.com\/wp-content\/uploads\/2025\/05\/Chanel-Bag-Dupe-1908.jpg","contentUrl":"https:\/\/bagdupe.com\/wp-content\/uploads\/2025\/05\/Chanel-Bag-Dupe-1908.jpg","width":1080,"height":1439,"caption":"Chanel Bag Dupe 1908"},{"@type":"BreadcrumbList","@id":"https:\/\/bagdupe.com\/nb\/product\/chanel-bag-dupe-1908\/#breadcrumb","itemListElement":[{"@type":"ListItem","position":1,"name":"Home","item":"https:\/\/bagdupe.com\/"},{"@type":"ListItem","position":2,"name":"Shop","item":"https:\/\/bagdupe.com\/shop\/"},{"@type":"ListItem","position":3,"name":"Chanel Bag Dupe 1908"}]},{"@type":"WebSite","@id":"https:\/\/bagdupe.com\/#website","url":"https:\/\/bagdupe.com\/","name":"Best Designer Bag Dupes | Fragrance Dupe In 2025","description":"High quality designer Bags \/ Fragrance Shop. Brands: Louis Vuitton, Hermes, Chanel, Gucci, and Coach are frequently mentioned as having.","publisher":{"@id":"https:\/\/bagdupe.com\/#organization"},"alternateName":"Best Designer Bag Dupes | Fragrance Dupe In 2025","potentialAction":[{"@type":"SearchAction","target":{"@type":"EntryPoint","urlTemplate":"https:\/\/bagdupe.com\/?s={search_term_string}"},"query-input":{"@type":"PropertyValueSpecification","valueRequired":true,"valueName":"search_term_string"}}],"inLanguage":"pt-PT"},{"@type":"Organization","@id":"https:\/\/bagdupe.com\/#organization","name":"Best Designer Bag Dupes | Fragrance Dupe In 2025","alternateName":"Best Designer Bag Dupes | Fragrance Dupe In 2025","url":"https:\/\/bagdupe.com\/","logo":{"@type":"ImageObject","inLanguage":"pt-PT","@id":"https:\/\/bagdupe.com\/#\/schema\/logo\/image\/","url":"https:\/\/bagdupe.com\/wp-content\/uploads\/2025\/05\/bagdupe.com_.webp","contentUrl":"https:\/\/bagdupe.com\/wp-content\/uploads\/2025\/05\/bagdupe.com_.webp","width":800,"height":299,"caption":"Best Designer Bag Dupes | Fragrance Dupe In 2025"},"image":{"@id":"https:\/\/bagdupe.com\/#\/schema\/logo\/image\/"},"description":"High quality designer Bags \/ Fragrance Shop. Brands: Louis Vuitton, Hermes, Chanel, Gucci, and Coach are frequently mentioned as having.","email":"fashionrepsbiz@gmail.com","telephone":"+1 936 666 6246","legalName":"Best Designer Bag Dupes | Fragrance Dupe In 2025","foundingDate":"2015-03-27","vatID":"afd67baw625hbaf","taxID":"5472erdsvert","iso6523Code":"2566yt4hdf565g","duns":"2654rthedg3gvfx","leiCode":"436regtu65hbdfh","naics":"63gvsy658ijngfgw","numberOfEmployees":{"@type":"QuantitativeValue","minValue":"51","maxValue":"200"},"publishingPrinciples":"https:\/\/bagdupe.com\/refund_returns\/","ownershipFundingInfo":"https:\/\/bagdupe.com\/about-dupe-shop\/","actionableFeedbackPolicy":"https:\/\/bagdupe.com\/privacy-policy\/","correctionsPolicy":"https:\/\/bagdupe.com\/privacy-policy\/","ethicsPolicy":"https:\/\/bagdupe.com\/privacy-policy\/","diversityPolicy":"https:\/\/bagdupe.com\/privacy-policy\/"}]}},"_links":{"self":[{"href":"https:\/\/bagdupe.com\/pt\/wp-json\/wp\/v2\/product\/3118","targetHints":{"allow":["GET"]}}],"collection":[{"href":"https:\/\/bagdupe.com\/pt\/wp-json\/wp\/v2\/product"}],"about":[{"href":"https:\/\/bagdupe.com\/pt\/wp-json\/wp\/v2\/types\/product"}],"wp:featuredmedia":[{"embeddable":true,"href":"https:\/\/bagdupe.com\/pt\/wp-json\/wp\/v2\/media\/3119"}],"wp:attachment":[{"href":"https:\/\/bagdupe.com\/pt\/wp-json\/wp\/v2\/media?parent=3118"}],"wp:term":[{"taxonomy":"product_brand","embeddable":true,"href":"https:\/\/bagdupe.com\/pt\/wp-json\/wp\/v2\/product_brand?post=3118"},{"taxonomy":"product_cat","embeddable":true,"href":"https:\/\/bagdupe.com\/pt\/wp-json\/wp\/v2\/product_cat?post=3118"},{"taxonomy":"product_tag","embeddable":true,"href":"https:\/\/bagdupe.com\/pt\/wp-json\/wp\/v2\/product_tag?post=3118"}],"curies":[{"name":"wp","href":"https:\/\/api.w.org\/{rel}","templated":true}]}}