{"id":4930,"date":"2025-05-27T14:28:06","date_gmt":"2025-05-27T14:28:06","guid":{"rendered":"https:\/\/bagdupe.com\/product\/chanel-bag-dupe-1529\/"},"modified":"2025-05-27T14:28:20","modified_gmt":"2025-05-27T14:28:20","slug":"chanel-bag-dupe-1529","status":"publish","type":"product","link":"https:\/\/bagdupe.com\/pt\/produto\/chanel-bag-dupe-1529\/","title":{"rendered":"Bolsa Chanel Dupe 1529"},"content":{"rendered":"<p>Inclui uma caixa dobr\u00e1vel<br \/>\nBolsa Chanel com corrente de caviar<br \/>\nChanel CF tornou-se um cl\u00e1ssico desde o seu nascimento, e tem sido popular por d\u00e9cadas, o que tamb\u00e9m prova o ditado: \"A moda \u00e9 passageira, o estilo \u00e9 eterno\" A parte de tr\u00e1s tamb\u00e9m est\u00e1 cheia de diamantes completos e tamb\u00e9m h\u00e1 bolsos curvos de encaixe. Este saco pode realmente ser dito para ser muito ou muito pouco. A Chanel CF \u00e9 uma das bolsas que n\u00e3o se pode evitar na vida.<\/p>\n<p>Bolsa Chanel Dupe 1529<\/p>","protected":false},"excerpt":{"rendered":"<p>Inclui uma caixa dobr\u00e1vel<br \/>\nBolsa Chanel com corrente de caviar<br \/>\nChanel CF tornou-se um cl\u00e1ssico desde o seu nascimento, e tem sido popular por d\u00e9cadas, o que tamb\u00e9m prova o ditado: \"A moda \u00e9 passageira, o estilo \u00e9 eterno\" A parte de tr\u00e1s tamb\u00e9m est\u00e1 cheia de diamantes completos e tamb\u00e9m h\u00e1 bolsos curvos de encaixe. Este saco pode realmente ser dito para ser muito ou muito pouco. A Chanel CF \u00e9 uma das bolsas que n\u00e3o se pode evitar na vida.<\/p>","protected":false},"featured_media":4931,"template":"","meta":[],"product_brand":[],"product_cat":[40,41],"product_tag":[42,43],"class_list":{"0":"post-4930","1":"product","2":"type-product","3":"status-publish","4":"has-post-thumbnail","6":"product_cat-chanel","7":"product_cat-chanel-bag","8":"product_tag-chanel","9":"product_tag-chanel-bag","11":"first","12":"instock","13":"purchasable","14":"product-type-simple"},"yoast_head":"<!-- This site is optimized with the Yoast SEO Premium plugin v25.2 (Yoast SEO v25.2) - https:\/\/yoast.com\/wordpress\/plugins\/seo\/ -->\n<title>Chanel Bag Dupe 1529 1:1 Replica<\/title>\n<meta name=\"description\" content=\"Comes with a folding box Chanel Caviar Chain Bag Chanel CF has become a classic since its birth, and has been popular for decades, which also proves the saying: &quot;Fashion is fleeting, style is eternal&quot; The back is also full of full diamonds and there are also fitting curved pockets. This bag can really be said to be too much or too little. Chanel CF is one of the bags that you can&#039;t avoid in life. 1:1 Replica\" \/>\n<meta name=\"robots\" content=\"index, follow, max-snippet:-1, max-image-preview:large, max-video-preview:-1\" \/>\n<link rel=\"canonical\" href=\"https:\/\/bagdupe.com\/pt\/product\/chanel-bag-dupe-1529\/\" \/>\n<meta property=\"og:locale\" content=\"pt_PT\" \/>\n<meta property=\"og:type\" content=\"article\" \/>\n<meta property=\"og:title\" content=\"Chanel Bag Dupe 1529\" \/>\n<meta property=\"og:description\" content=\"Comes with a folding box Chanel Caviar Chain Bag Chanel CF has become a classic since its birth, and has been popular for decades, which also proves the saying: &quot;Fashion is fleeting, style is eternal&quot; The back is also full of full diamonds and there are also fitting curved pockets. This bag can really be said to be too much or too little. Chanel CF is one of the bags that you can&#039;t avoid in life. 1:1 Replica\" \/>\n<meta property=\"og:url\" content=\"https:\/\/bagdupe.com\/pt\/product\/chanel-bag-dupe-1529\/\" \/>\n<meta property=\"og:site_name\" content=\"Best Designer Bag Dupes | Fragrance Dupe In 2025\" \/>\n<meta property=\"article:modified_time\" content=\"2025-05-27T14:28:20+00:00\" \/>\n<meta property=\"og:image\" content=\"https:\/\/bagdupe.com\/wp-content\/uploads\/2025\/05\/Chanel-Bag-Dupe-1529.jpg\" \/>\n\t<meta property=\"og:image:width\" content=\"1440\" \/>\n\t<meta property=\"og:image:height\" content=\"1080\" \/>\n\t<meta property=\"og:image:type\" content=\"image\/jpeg\" \/>\n<meta name=\"twitter:card\" content=\"summary_large_image\" \/>\n<script type=\"application\/ld+json\" class=\"yoast-schema-graph\">{\"@context\":\"https:\/\/schema.org\",\"@graph\":[{\"@type\":\"WebPage\",\"@id\":\"https:\/\/bagdupe.com\/nb\/product\/chanel-bag-dupe-1529\/\",\"url\":\"https:\/\/bagdupe.com\/nb\/product\/chanel-bag-dupe-1529\/\",\"name\":\"Chanel Bag Dupe 1529 1:1 Replica\",\"isPartOf\":{\"@id\":\"https:\/\/bagdupe.com\/#website\"},\"primaryImageOfPage\":{\"@id\":\"https:\/\/bagdupe.com\/nb\/product\/chanel-bag-dupe-1529\/#primaryimage\"},\"image\":{\"@id\":\"https:\/\/bagdupe.com\/nb\/product\/chanel-bag-dupe-1529\/#primaryimage\"},\"thumbnailUrl\":\"https:\/\/bagdupe.com\/wp-content\/uploads\/2025\/05\/Chanel-Bag-Dupe-1529.jpg\",\"datePublished\":\"2025-05-27T14:28:06+00:00\",\"dateModified\":\"2025-05-27T14:28:20+00:00\",\"description\":\"Comes with a folding box Chanel Caviar Chain Bag Chanel CF has become a classic since its birth, and has been popular for decades, which also proves the saying: \\\"Fashion is fleeting, style is eternal\\\" The back is also full of full diamonds and there are also fitting curved pockets. This bag can really be said to be too much or too little. Chanel CF is one of the bags that you can't avoid in life. 1:1 Replica\",\"breadcrumb\":{\"@id\":\"https:\/\/bagdupe.com\/nb\/product\/chanel-bag-dupe-1529\/#breadcrumb\"},\"inLanguage\":\"pt-PT\",\"potentialAction\":[{\"@type\":\"ReadAction\",\"target\":[\"https:\/\/bagdupe.com\/nb\/product\/chanel-bag-dupe-1529\/\"]}]},{\"@type\":\"ImageObject\",\"inLanguage\":\"pt-PT\",\"@id\":\"https:\/\/bagdupe.com\/nb\/product\/chanel-bag-dupe-1529\/#primaryimage\",\"url\":\"https:\/\/bagdupe.com\/wp-content\/uploads\/2025\/05\/Chanel-Bag-Dupe-1529.jpg\",\"contentUrl\":\"https:\/\/bagdupe.com\/wp-content\/uploads\/2025\/05\/Chanel-Bag-Dupe-1529.jpg\",\"width\":1440,\"height\":1080,\"caption\":\"Chanel Bag Dupe 1529\"},{\"@type\":\"BreadcrumbList\",\"@id\":\"https:\/\/bagdupe.com\/nb\/product\/chanel-bag-dupe-1529\/#breadcrumb\",\"itemListElement\":[{\"@type\":\"ListItem\",\"position\":1,\"name\":\"Home\",\"item\":\"https:\/\/bagdupe.com\/\"},{\"@type\":\"ListItem\",\"position\":2,\"name\":\"Shop\",\"item\":\"https:\/\/bagdupe.com\/shop\/\"},{\"@type\":\"ListItem\",\"position\":3,\"name\":\"Chanel Bag Dupe 1529\"}]},{\"@type\":\"WebSite\",\"@id\":\"https:\/\/bagdupe.com\/#website\",\"url\":\"https:\/\/bagdupe.com\/\",\"name\":\"Best Designer Bag Dupes | Fragrance Dupe In 2025\",\"description\":\"High quality designer Bags \/ Fragrance Shop. Brands: Louis Vuitton, Hermes, Chanel, Gucci, and Coach are frequently mentioned as having.\",\"publisher\":{\"@id\":\"https:\/\/bagdupe.com\/#organization\"},\"alternateName\":\"Best Designer Bag Dupes | Fragrance Dupe In 2025\",\"potentialAction\":[{\"@type\":\"SearchAction\",\"target\":{\"@type\":\"EntryPoint\",\"urlTemplate\":\"https:\/\/bagdupe.com\/?s={search_term_string}\"},\"query-input\":{\"@type\":\"PropertyValueSpecification\",\"valueRequired\":true,\"valueName\":\"search_term_string\"}}],\"inLanguage\":\"pt-PT\"},{\"@type\":\"Organization\",\"@id\":\"https:\/\/bagdupe.com\/#organization\",\"name\":\"Best Designer Bag Dupes | Fragrance Dupe In 2025\",\"alternateName\":\"Best Designer Bag Dupes | Fragrance Dupe In 2025\",\"url\":\"https:\/\/bagdupe.com\/\",\"logo\":{\"@type\":\"ImageObject\",\"inLanguage\":\"pt-PT\",\"@id\":\"https:\/\/bagdupe.com\/#\/schema\/logo\/image\/\",\"url\":\"https:\/\/bagdupe.com\/wp-content\/uploads\/2025\/05\/bagdupe.com_.webp\",\"contentUrl\":\"https:\/\/bagdupe.com\/wp-content\/uploads\/2025\/05\/bagdupe.com_.webp\",\"width\":800,\"height\":299,\"caption\":\"Best Designer Bag Dupes | Fragrance Dupe In 2025\"},\"image\":{\"@id\":\"https:\/\/bagdupe.com\/#\/schema\/logo\/image\/\"},\"description\":\"High quality designer Bags \/ Fragrance Shop. Brands: Louis Vuitton, Hermes, Chanel, Gucci, and Coach are frequently mentioned as having.\",\"email\":\"fashionrepsbiz@gmail.com\",\"telephone\":\"+1 936 666 6246\",\"legalName\":\"Best Designer Bag Dupes | Fragrance Dupe In 2025\",\"foundingDate\":\"2015-03-27\",\"vatID\":\"afd67baw625hbaf\",\"taxID\":\"5472erdsvert\",\"iso6523Code\":\"2566yt4hdf565g\",\"duns\":\"2654rthedg3gvfx\",\"leiCode\":\"436regtu65hbdfh\",\"naics\":\"63gvsy658ijngfgw\",\"numberOfEmployees\":{\"@type\":\"QuantitativeValue\",\"minValue\":\"51\",\"maxValue\":\"200\"},\"publishingPrinciples\":\"https:\/\/bagdupe.com\/refund_returns\/\",\"ownershipFundingInfo\":\"https:\/\/bagdupe.com\/about-dupe-shop\/\",\"actionableFeedbackPolicy\":\"https:\/\/bagdupe.com\/privacy-policy\/\",\"correctionsPolicy\":\"https:\/\/bagdupe.com\/privacy-policy\/\",\"ethicsPolicy\":\"https:\/\/bagdupe.com\/privacy-policy\/\",\"diversityPolicy\":\"https:\/\/bagdupe.com\/privacy-policy\/\"}]}<\/script>\n<!-- \/ Yoast SEO Premium plugin. -->","yoast_head_json":{"title":"Chanel Bag Dupe 1529 1:1 Replica","description":"Comes with a folding box Chanel Caviar Chain Bag Chanel CF has become a classic since its birth, and has been popular for decades, which also proves the saying: \"Fashion is fleeting, style is eternal\" The back is also full of full diamonds and there are also fitting curved pockets. This bag can really be said to be too much or too little. Chanel CF is one of the bags that you can't avoid in life. 1:1 Replica","robots":{"index":"index","follow":"follow","max-snippet":"max-snippet:-1","max-image-preview":"max-image-preview:large","max-video-preview":"max-video-preview:-1"},"canonical":"https:\/\/bagdupe.com\/pt\/product\/chanel-bag-dupe-1529\/","og_locale":"pt_PT","og_type":"article","og_title":"Chanel Bag Dupe 1529","og_description":"Comes with a folding box Chanel Caviar Chain Bag Chanel CF has become a classic since its birth, and has been popular for decades, which also proves the saying: \"Fashion is fleeting, style is eternal\" The back is also full of full diamonds and there are also fitting curved pockets. This bag can really be said to be too much or too little. Chanel CF is one of the bags that you can't avoid in life. 1:1 Replica","og_url":"https:\/\/bagdupe.com\/pt\/product\/chanel-bag-dupe-1529\/","og_site_name":"Best Designer Bag Dupes | Fragrance Dupe In 2025","article_modified_time":"2025-05-27T14:28:20+00:00","og_image":[{"width":1440,"height":1080,"url":"https:\/\/bagdupe.com\/wp-content\/uploads\/2025\/05\/Chanel-Bag-Dupe-1529.jpg","type":"image\/jpeg"}],"twitter_card":"summary_large_image","schema":{"@context":"https:\/\/schema.org","@graph":[{"@type":"WebPage","@id":"https:\/\/bagdupe.com\/nb\/product\/chanel-bag-dupe-1529\/","url":"https:\/\/bagdupe.com\/nb\/product\/chanel-bag-dupe-1529\/","name":"Chanel Bag Dupe 1529 1:1 Replica","isPartOf":{"@id":"https:\/\/bagdupe.com\/#website"},"primaryImageOfPage":{"@id":"https:\/\/bagdupe.com\/nb\/product\/chanel-bag-dupe-1529\/#primaryimage"},"image":{"@id":"https:\/\/bagdupe.com\/nb\/product\/chanel-bag-dupe-1529\/#primaryimage"},"thumbnailUrl":"https:\/\/bagdupe.com\/wp-content\/uploads\/2025\/05\/Chanel-Bag-Dupe-1529.jpg","datePublished":"2025-05-27T14:28:06+00:00","dateModified":"2025-05-27T14:28:20+00:00","description":"Comes with a folding box Chanel Caviar Chain Bag Chanel CF has become a classic since its birth, and has been popular for decades, which also proves the saying: \"Fashion is fleeting, style is eternal\" The back is also full of full diamonds and there are also fitting curved pockets. This bag can really be said to be too much or too little. Chanel CF is one of the bags that you can't avoid in life. 1:1 Replica","breadcrumb":{"@id":"https:\/\/bagdupe.com\/nb\/product\/chanel-bag-dupe-1529\/#breadcrumb"},"inLanguage":"pt-PT","potentialAction":[{"@type":"ReadAction","target":["https:\/\/bagdupe.com\/nb\/product\/chanel-bag-dupe-1529\/"]}]},{"@type":"ImageObject","inLanguage":"pt-PT","@id":"https:\/\/bagdupe.com\/nb\/product\/chanel-bag-dupe-1529\/#primaryimage","url":"https:\/\/bagdupe.com\/wp-content\/uploads\/2025\/05\/Chanel-Bag-Dupe-1529.jpg","contentUrl":"https:\/\/bagdupe.com\/wp-content\/uploads\/2025\/05\/Chanel-Bag-Dupe-1529.jpg","width":1440,"height":1080,"caption":"Chanel Bag Dupe 1529"},{"@type":"BreadcrumbList","@id":"https:\/\/bagdupe.com\/nb\/product\/chanel-bag-dupe-1529\/#breadcrumb","itemListElement":[{"@type":"ListItem","position":1,"name":"Home","item":"https:\/\/bagdupe.com\/"},{"@type":"ListItem","position":2,"name":"Shop","item":"https:\/\/bagdupe.com\/shop\/"},{"@type":"ListItem","position":3,"name":"Chanel Bag Dupe 1529"}]},{"@type":"WebSite","@id":"https:\/\/bagdupe.com\/#website","url":"https:\/\/bagdupe.com\/","name":"Best Designer Bag Dupes | Fragrance Dupe In 2025","description":"High quality designer Bags \/ Fragrance Shop. Brands: Louis Vuitton, Hermes, Chanel, Gucci, and Coach are frequently mentioned as having.","publisher":{"@id":"https:\/\/bagdupe.com\/#organization"},"alternateName":"Best Designer Bag Dupes | Fragrance Dupe In 2025","potentialAction":[{"@type":"SearchAction","target":{"@type":"EntryPoint","urlTemplate":"https:\/\/bagdupe.com\/?s={search_term_string}"},"query-input":{"@type":"PropertyValueSpecification","valueRequired":true,"valueName":"search_term_string"}}],"inLanguage":"pt-PT"},{"@type":"Organization","@id":"https:\/\/bagdupe.com\/#organization","name":"Best Designer Bag Dupes | Fragrance Dupe In 2025","alternateName":"Best Designer Bag Dupes | Fragrance Dupe In 2025","url":"https:\/\/bagdupe.com\/","logo":{"@type":"ImageObject","inLanguage":"pt-PT","@id":"https:\/\/bagdupe.com\/#\/schema\/logo\/image\/","url":"https:\/\/bagdupe.com\/wp-content\/uploads\/2025\/05\/bagdupe.com_.webp","contentUrl":"https:\/\/bagdupe.com\/wp-content\/uploads\/2025\/05\/bagdupe.com_.webp","width":800,"height":299,"caption":"Best Designer Bag Dupes | Fragrance Dupe In 2025"},"image":{"@id":"https:\/\/bagdupe.com\/#\/schema\/logo\/image\/"},"description":"High quality designer Bags \/ Fragrance Shop. Brands: Louis Vuitton, Hermes, Chanel, Gucci, and Coach are frequently mentioned as having.","email":"fashionrepsbiz@gmail.com","telephone":"+1 936 666 6246","legalName":"Best Designer Bag Dupes | Fragrance Dupe In 2025","foundingDate":"2015-03-27","vatID":"afd67baw625hbaf","taxID":"5472erdsvert","iso6523Code":"2566yt4hdf565g","duns":"2654rthedg3gvfx","leiCode":"436regtu65hbdfh","naics":"63gvsy658ijngfgw","numberOfEmployees":{"@type":"QuantitativeValue","minValue":"51","maxValue":"200"},"publishingPrinciples":"https:\/\/bagdupe.com\/refund_returns\/","ownershipFundingInfo":"https:\/\/bagdupe.com\/about-dupe-shop\/","actionableFeedbackPolicy":"https:\/\/bagdupe.com\/privacy-policy\/","correctionsPolicy":"https:\/\/bagdupe.com\/privacy-policy\/","ethicsPolicy":"https:\/\/bagdupe.com\/privacy-policy\/","diversityPolicy":"https:\/\/bagdupe.com\/privacy-policy\/"}]}},"_links":{"self":[{"href":"https:\/\/bagdupe.com\/pt\/wp-json\/wp\/v2\/product\/4930","targetHints":{"allow":["GET"]}}],"collection":[{"href":"https:\/\/bagdupe.com\/pt\/wp-json\/wp\/v2\/product"}],"about":[{"href":"https:\/\/bagdupe.com\/pt\/wp-json\/wp\/v2\/types\/product"}],"wp:featuredmedia":[{"embeddable":true,"href":"https:\/\/bagdupe.com\/pt\/wp-json\/wp\/v2\/media\/4931"}],"wp:attachment":[{"href":"https:\/\/bagdupe.com\/pt\/wp-json\/wp\/v2\/media?parent=4930"}],"wp:term":[{"taxonomy":"product_brand","embeddable":true,"href":"https:\/\/bagdupe.com\/pt\/wp-json\/wp\/v2\/product_brand?post=4930"},{"taxonomy":"product_cat","embeddable":true,"href":"https:\/\/bagdupe.com\/pt\/wp-json\/wp\/v2\/product_cat?post=4930"},{"taxonomy":"product_tag","embeddable":true,"href":"https:\/\/bagdupe.com\/pt\/wp-json\/wp\/v2\/product_tag?post=4930"}],"curies":[{"name":"wp","href":"https:\/\/api.w.org\/{rel}","templated":true}]}}