{"id":8625,"date":"2025-05-27T15:50:07","date_gmt":"2025-05-27T15:50:07","guid":{"rendered":"https:\/\/bagdupe.com\/product\/louis-vuitton-bag-dupe-770\/"},"modified":"2025-05-27T15:50:19","modified_gmt":"2025-05-27T15:50:19","slug":"louis-vuitton-bag-dupe-770","status":"publish","type":"product","link":"https:\/\/bagdupe.com\/pt\/produto\/louis-vuitton-bag-dupe-770\/","title":{"rendered":"Duplica\u00e7\u00e3o de sacos Louis Vuitton 770"},"content":{"rendered":"<p>Com caixa dobr\u00e1vel<br \/>\nTamanho 30,28cm<br \/>\nBolsa LV Coussin em ganga cinzenta | Edi\u00e7\u00e3o limitada no estrangeiro, revelando o c\u00f3digo moderno do luxo retro A nova bolsa Coussin em ganga cinzenta da Louis Vuitton em 2025 \u00e9 lan\u00e7ada de forma impressionante como uma edi\u00e7\u00e3o limitada no estrangeiro. Desencadeou uma loucura de cole\u00e7\u00e3o antes de ser lan\u00e7ada na China!<br \/>\nEsta bolsa remodela o design cl\u00e1ssico com uma silhueta tridimensional e \u00e9 feita de tecido de ganga cinzento com processo de branqueamento patenteado. Parece discreta e contida \u00e0 dist\u00e2ncia, mas a delicada textura das flores centen\u00e1rias da marca pode ser vista de perto. \u00c9 combinada com uma corrente de metal pesado desgastada, que colide com a dupla textura do estilo industrial e da est\u00e9tica retro.<br \/>\nDuas al\u00e7as de ombro amov\u00edveis: corrente met\u00e1lica + al\u00e7a de ombro ajust\u00e1vel em pele de curtimenta vegetal, que pode ser transportada \u00e0 m\u00e3o, a tiracolo e debaixo do bra\u00e7o. O tom frio da ganga cinzenta e o brilho da fivela met\u00e1lica complementam-se, como se se tratasse de uma pe\u00e7a moderna sa\u00edda de um quadro retro dos anos 1990. Pode ser combinada com um fato Y2K ou um fato minimalista para real\u00e7ar instantaneamente o estilo.<br \/>\nComo modelo oculto da s\u00e9rie denim, o esquema de cores cinzento \u00e9 lan\u00e7ado em quantidades limitadas em todo o mundo, dando continuidade ao gene \"tr\u00eas em um\" da fam\u00edlia Coussin.<br \/>\nOs bloguistas estrangeiros desmontaram a sua corrente e transformaram-na num colar, revelando a jogabilidade criativa de \"uma mala para m\u00faltiplas utiliza\u00e7\u00f5es\".<\/p>\n<p>Duplica\u00e7\u00e3o de sacos Louis Vuitton 770<\/p>","protected":false},"excerpt":{"rendered":"<p>Com caixa dobr\u00e1vel<br \/>\nTamanho 30,28cm<br \/>\nBolsa LV Coussin em ganga cinzenta | Edi\u00e7\u00e3o limitada no estrangeiro, revelando o c\u00f3digo moderno do luxo retro A nova bolsa Coussin em ganga cinzenta da Louis Vuitton em 2025 \u00e9 lan\u00e7ada de forma impressionante como uma edi\u00e7\u00e3o limitada no estrangeiro. Desencadeou uma loucura de cole\u00e7\u00e3o antes de ser lan\u00e7ada na China!<br \/>\nEsta bolsa remodela o design cl\u00e1ssico com uma silhueta tridimensional e \u00e9 feita de tecido de ganga cinzento com processo de branqueamento patenteado. Parece discreta e contida \u00e0 dist\u00e2ncia, mas a delicada textura das flores centen\u00e1rias da marca pode ser vista de perto. \u00c9 combinada com uma corrente de metal pesado desgastada, que colide com a dupla textura do estilo industrial e da est\u00e9tica retro.<br \/>\nDuas al\u00e7as de ombro amov\u00edveis: corrente met\u00e1lica + al\u00e7a de ombro ajust\u00e1vel em pele de curtimenta vegetal, que pode ser transportada \u00e0 m\u00e3o, a tiracolo e debaixo do bra\u00e7o. O tom frio da ganga cinzenta e o brilho da fivela met\u00e1lica complementam-se, como se se tratasse de uma pe\u00e7a moderna sa\u00edda de um quadro retro dos anos 1990. Pode ser combinada com um fato Y2K ou um fato minimalista para real\u00e7ar instantaneamente o estilo.<br \/>\nComo modelo oculto da s\u00e9rie denim, o esquema de cores cinzento \u00e9 lan\u00e7ado em quantidades limitadas em todo o mundo, dando continuidade ao gene \"tr\u00eas em um\" da fam\u00edlia Coussin.<br \/>\nOs bloguistas estrangeiros desmontaram a sua corrente e transformaram-na num colar, revelando a jogabilidade criativa de \"uma mala para m\u00faltiplas utiliza\u00e7\u00f5es\".<\/p>","protected":false},"featured_media":8626,"template":"","meta":[],"product_brand":[],"product_cat":[20,21],"product_tag":[22,23],"class_list":{"0":"post-8625","1":"product","2":"type-product","3":"status-publish","4":"has-post-thumbnail","6":"product_cat-louis-vuitton","7":"product_cat-louis-vuitton-bag","8":"product_tag-louis-vuitton","9":"product_tag-louis-vuitton-bag","11":"first","12":"instock","13":"purchasable","14":"product-type-simple"},"yoast_head":"<!-- This site is optimized with the Yoast SEO Premium plugin v25.2 (Yoast SEO v25.2) - https:\/\/yoast.com\/wordpress\/plugins\/seo\/ -->\n<title>Louis Vuitton Bag Dupe 770 1:1 Replica<\/title>\n<meta name=\"description\" content=\"With folding box Size 30.28cm LV Grey Denim Coussin Handbag | Overseas Limited Edition, Unlocking the Modern Code of Retro Luxury Louis Vuitton&#039;s new grey denim Coussin handbag in 2025 is stunningly launched as an overseas limited edition. It has triggered a collection craze before it is released in China! This bag reshapes the classic design with a three-dimensional silhouette and is made of grey denim cloth with patented bleaching process. It looks low-key and restrained from a distance, but the delicate texture of the brand&#039;s century-old flowers can be seen from a close distance. It is matched with a distressed heavy metal chain, which collides with the dual texture of industrial style and retro aesthetics. Two detachable shoulder straps: metal chain + vegetable tanned leather adjustable shoulder strap, which can be carried by hand, crossbody, and underarm. The cold tone of grey denim and the luster of the metal buckle complement each other, as if it is a modern item from a retro pictorial in the 1990s. It can be matched with a Y2K hottie outfit or a minimalist suit to instantly enhance the style. As a hidden model in the denim series, the gray color scheme is issued in limited quantities worldwide, continuing the &quot;three-in-one&quot; gene of the Coussin family. Overseas bloggers have disassembled its chain into a necklace, unlocking the creative gameplay of &quot;one bag for multiple uses&quot;. 1:1 Replica\" \/>\n<meta name=\"robots\" content=\"index, follow, max-snippet:-1, max-image-preview:large, max-video-preview:-1\" \/>\n<link rel=\"canonical\" href=\"https:\/\/bagdupe.com\/pt\/product\/louis-vuitton-bag-dupe-770\/\" \/>\n<meta property=\"og:locale\" content=\"pt_PT\" \/>\n<meta property=\"og:type\" content=\"article\" \/>\n<meta property=\"og:title\" content=\"Louis Vuitton Bag Dupe 770\" \/>\n<meta property=\"og:description\" content=\"With folding box Size 30.28cm LV Grey Denim Coussin Handbag | Overseas Limited Edition, Unlocking the Modern Code of Retro Luxury Louis Vuitton&#039;s new grey denim Coussin handbag in 2025 is stunningly launched as an overseas limited edition. It has triggered a collection craze before it is released in China! This bag reshapes the classic design with a three-dimensional silhouette and is made of grey denim cloth with patented bleaching process. It looks low-key and restrained from a distance, but the delicate texture of the brand&#039;s century-old flowers can be seen from a close distance. It is matched with a distressed heavy metal chain, which collides with the dual texture of industrial style and retro aesthetics. Two detachable shoulder straps: metal chain + vegetable tanned leather adjustable shoulder strap, which can be carried by hand, crossbody, and underarm. The cold tone of grey denim and the luster of the metal buckle complement each other, as if it is a modern item from a retro pictorial in the 1990s. It can be matched with a Y2K hottie outfit or a minimalist suit to instantly enhance the style. As a hidden model in the denim series, the gray color scheme is issued in limited quantities worldwide, continuing the &quot;three-in-one&quot; gene of the Coussin family. Overseas bloggers have disassembled its chain into a necklace, unlocking the creative gameplay of &quot;one bag for multiple uses&quot;. 1:1 Replica\" \/>\n<meta property=\"og:url\" content=\"https:\/\/bagdupe.com\/pt\/product\/louis-vuitton-bag-dupe-770\/\" \/>\n<meta property=\"og:site_name\" content=\"Best Designer Bag Dupes | Fragrance Dupe In 2025\" \/>\n<meta property=\"article:modified_time\" content=\"2025-05-27T15:50:19+00:00\" \/>\n<meta property=\"og:image\" content=\"https:\/\/bagdupe.com\/wp-content\/uploads\/2025\/05\/Louis-Vuitton-Bag-Dupe-770.jpg\" \/>\n\t<meta property=\"og:image:width\" content=\"1080\" \/>\n\t<meta property=\"og:image:height\" content=\"1438\" \/>\n\t<meta property=\"og:image:type\" content=\"image\/jpeg\" \/>\n<meta name=\"twitter:card\" content=\"summary_large_image\" \/>\n<meta name=\"twitter:label1\" content=\"Tempo estimado de leitura\" \/>\n\t<meta name=\"twitter:data1\" content=\"1 minuto\" \/>\n<script type=\"application\/ld+json\" class=\"yoast-schema-graph\">{\"@context\":\"https:\/\/schema.org\",\"@graph\":[{\"@type\":\"WebPage\",\"@id\":\"https:\/\/bagdupe.com\/fr\/product\/louis-vuitton-bag-dupe-770\/\",\"url\":\"https:\/\/bagdupe.com\/fr\/product\/louis-vuitton-bag-dupe-770\/\",\"name\":\"Louis Vuitton Bag Dupe 770 1:1 Replica\",\"isPartOf\":{\"@id\":\"https:\/\/bagdupe.com\/#website\"},\"primaryImageOfPage\":{\"@id\":\"https:\/\/bagdupe.com\/fr\/product\/louis-vuitton-bag-dupe-770\/#primaryimage\"},\"image\":{\"@id\":\"https:\/\/bagdupe.com\/fr\/product\/louis-vuitton-bag-dupe-770\/#primaryimage\"},\"thumbnailUrl\":\"https:\/\/bagdupe.com\/wp-content\/uploads\/2025\/05\/Louis-Vuitton-Bag-Dupe-770.jpg\",\"datePublished\":\"2025-05-27T15:50:07+00:00\",\"dateModified\":\"2025-05-27T15:50:19+00:00\",\"description\":\"With folding box Size 30.28cm LV Grey Denim Coussin Handbag | Overseas Limited Edition, Unlocking the Modern Code of Retro Luxury Louis Vuitton's new grey denim Coussin handbag in 2025 is stunningly launched as an overseas limited edition. It has triggered a collection craze before it is released in China! This bag reshapes the classic design with a three-dimensional silhouette and is made of grey denim cloth with patented bleaching process. It looks low-key and restrained from a distance, but the delicate texture of the brand's century-old flowers can be seen from a close distance. It is matched with a distressed heavy metal chain, which collides with the dual texture of industrial style and retro aesthetics. Two detachable shoulder straps: metal chain + vegetable tanned leather adjustable shoulder strap, which can be carried by hand, crossbody, and underarm. The cold tone of grey denim and the luster of the metal buckle complement each other, as if it is a modern item from a retro pictorial in the 1990s. It can be matched with a Y2K hottie outfit or a minimalist suit to instantly enhance the style. As a hidden model in the denim series, the gray color scheme is issued in limited quantities worldwide, continuing the \\\"three-in-one\\\" gene of the Coussin family. Overseas bloggers have disassembled its chain into a necklace, unlocking the creative gameplay of \\\"one bag for multiple uses\\\". 1:1 Replica\",\"breadcrumb\":{\"@id\":\"https:\/\/bagdupe.com\/fr\/product\/louis-vuitton-bag-dupe-770\/#breadcrumb\"},\"inLanguage\":\"pt-PT\",\"potentialAction\":[{\"@type\":\"ReadAction\",\"target\":[\"https:\/\/bagdupe.com\/fr\/product\/louis-vuitton-bag-dupe-770\/\"]}]},{\"@type\":\"ImageObject\",\"inLanguage\":\"pt-PT\",\"@id\":\"https:\/\/bagdupe.com\/fr\/product\/louis-vuitton-bag-dupe-770\/#primaryimage\",\"url\":\"https:\/\/bagdupe.com\/wp-content\/uploads\/2025\/05\/Louis-Vuitton-Bag-Dupe-770.jpg\",\"contentUrl\":\"https:\/\/bagdupe.com\/wp-content\/uploads\/2025\/05\/Louis-Vuitton-Bag-Dupe-770.jpg\",\"width\":1080,\"height\":1438,\"caption\":\"Louis Vuitton Bag Dupe 769\"},{\"@type\":\"BreadcrumbList\",\"@id\":\"https:\/\/bagdupe.com\/fr\/product\/louis-vuitton-bag-dupe-770\/#breadcrumb\",\"itemListElement\":[{\"@type\":\"ListItem\",\"position\":1,\"name\":\"Home\",\"item\":\"https:\/\/bagdupe.com\/\"},{\"@type\":\"ListItem\",\"position\":2,\"name\":\"Shop\",\"item\":\"https:\/\/bagdupe.com\/shop\/\"},{\"@type\":\"ListItem\",\"position\":3,\"name\":\"Louis Vuitton Bag Dupe 770\"}]},{\"@type\":\"WebSite\",\"@id\":\"https:\/\/bagdupe.com\/#website\",\"url\":\"https:\/\/bagdupe.com\/\",\"name\":\"Best Designer Bag Dupes | Fragrance Dupe In 2025\",\"description\":\"High quality designer Bags \/ Fragrance Shop. Brands: Louis Vuitton, Hermes, Chanel, Gucci, and Coach are frequently mentioned as having.\",\"publisher\":{\"@id\":\"https:\/\/bagdupe.com\/#organization\"},\"alternateName\":\"Best Designer Bag Dupes | Fragrance Dupe In 2025\",\"potentialAction\":[{\"@type\":\"SearchAction\",\"target\":{\"@type\":\"EntryPoint\",\"urlTemplate\":\"https:\/\/bagdupe.com\/?s={search_term_string}\"},\"query-input\":{\"@type\":\"PropertyValueSpecification\",\"valueRequired\":true,\"valueName\":\"search_term_string\"}}],\"inLanguage\":\"pt-PT\"},{\"@type\":\"Organization\",\"@id\":\"https:\/\/bagdupe.com\/#organization\",\"name\":\"Best Designer Bag Dupes | Fragrance Dupe In 2025\",\"alternateName\":\"Best Designer Bag Dupes | Fragrance Dupe In 2025\",\"url\":\"https:\/\/bagdupe.com\/\",\"logo\":{\"@type\":\"ImageObject\",\"inLanguage\":\"pt-PT\",\"@id\":\"https:\/\/bagdupe.com\/#\/schema\/logo\/image\/\",\"url\":\"https:\/\/bagdupe.com\/wp-content\/uploads\/2025\/05\/bagdupe.com_.webp\",\"contentUrl\":\"https:\/\/bagdupe.com\/wp-content\/uploads\/2025\/05\/bagdupe.com_.webp\",\"width\":800,\"height\":299,\"caption\":\"Best Designer Bag Dupes | Fragrance Dupe In 2025\"},\"image\":{\"@id\":\"https:\/\/bagdupe.com\/#\/schema\/logo\/image\/\"},\"description\":\"High quality designer Bags \/ Fragrance Shop. Brands: Louis Vuitton, Hermes, Chanel, Gucci, and Coach are frequently mentioned as having.\",\"email\":\"fashionrepsbiz@gmail.com\",\"telephone\":\"+1 936 666 6246\",\"legalName\":\"Best Designer Bag Dupes | Fragrance Dupe In 2025\",\"foundingDate\":\"2015-03-27\",\"vatID\":\"afd67baw625hbaf\",\"taxID\":\"5472erdsvert\",\"iso6523Code\":\"2566yt4hdf565g\",\"duns\":\"2654rthedg3gvfx\",\"leiCode\":\"436regtu65hbdfh\",\"naics\":\"63gvsy658ijngfgw\",\"numberOfEmployees\":{\"@type\":\"QuantitativeValue\",\"minValue\":\"51\",\"maxValue\":\"200\"},\"publishingPrinciples\":\"https:\/\/bagdupe.com\/refund_returns\/\",\"ownershipFundingInfo\":\"https:\/\/bagdupe.com\/about-dupe-shop\/\",\"actionableFeedbackPolicy\":\"https:\/\/bagdupe.com\/privacy-policy\/\",\"correctionsPolicy\":\"https:\/\/bagdupe.com\/privacy-policy\/\",\"ethicsPolicy\":\"https:\/\/bagdupe.com\/privacy-policy\/\",\"diversityPolicy\":\"https:\/\/bagdupe.com\/privacy-policy\/\"}]}<\/script>\n<!-- \/ Yoast SEO Premium plugin. -->","yoast_head_json":{"title":"Louis Vuitton Bag Dupe 770 1:1 Replica","description":"With folding box Size 30.28cm LV Grey Denim Coussin Handbag | Overseas Limited Edition, Unlocking the Modern Code of Retro Luxury Louis Vuitton's new grey denim Coussin handbag in 2025 is stunningly launched as an overseas limited edition. It has triggered a collection craze before it is released in China! This bag reshapes the classic design with a three-dimensional silhouette and is made of grey denim cloth with patented bleaching process. It looks low-key and restrained from a distance, but the delicate texture of the brand's century-old flowers can be seen from a close distance. It is matched with a distressed heavy metal chain, which collides with the dual texture of industrial style and retro aesthetics. Two detachable shoulder straps: metal chain + vegetable tanned leather adjustable shoulder strap, which can be carried by hand, crossbody, and underarm. The cold tone of grey denim and the luster of the metal buckle complement each other, as if it is a modern item from a retro pictorial in the 1990s. It can be matched with a Y2K hottie outfit or a minimalist suit to instantly enhance the style. As a hidden model in the denim series, the gray color scheme is issued in limited quantities worldwide, continuing the \"three-in-one\" gene of the Coussin family. Overseas bloggers have disassembled its chain into a necklace, unlocking the creative gameplay of \"one bag for multiple uses\". 1:1 Replica","robots":{"index":"index","follow":"follow","max-snippet":"max-snippet:-1","max-image-preview":"max-image-preview:large","max-video-preview":"max-video-preview:-1"},"canonical":"https:\/\/bagdupe.com\/pt\/product\/louis-vuitton-bag-dupe-770\/","og_locale":"pt_PT","og_type":"article","og_title":"Louis Vuitton Bag Dupe 770","og_description":"With folding box Size 30.28cm LV Grey Denim Coussin Handbag | Overseas Limited Edition, Unlocking the Modern Code of Retro Luxury Louis Vuitton's new grey denim Coussin handbag in 2025 is stunningly launched as an overseas limited edition. It has triggered a collection craze before it is released in China! This bag reshapes the classic design with a three-dimensional silhouette and is made of grey denim cloth with patented bleaching process. It looks low-key and restrained from a distance, but the delicate texture of the brand's century-old flowers can be seen from a close distance. It is matched with a distressed heavy metal chain, which collides with the dual texture of industrial style and retro aesthetics. Two detachable shoulder straps: metal chain + vegetable tanned leather adjustable shoulder strap, which can be carried by hand, crossbody, and underarm. The cold tone of grey denim and the luster of the metal buckle complement each other, as if it is a modern item from a retro pictorial in the 1990s. It can be matched with a Y2K hottie outfit or a minimalist suit to instantly enhance the style. As a hidden model in the denim series, the gray color scheme is issued in limited quantities worldwide, continuing the \"three-in-one\" gene of the Coussin family. Overseas bloggers have disassembled its chain into a necklace, unlocking the creative gameplay of \"one bag for multiple uses\". 1:1 Replica","og_url":"https:\/\/bagdupe.com\/pt\/product\/louis-vuitton-bag-dupe-770\/","og_site_name":"Best Designer Bag Dupes | Fragrance Dupe In 2025","article_modified_time":"2025-05-27T15:50:19+00:00","og_image":[{"width":1080,"height":1438,"url":"https:\/\/bagdupe.com\/wp-content\/uploads\/2025\/05\/Louis-Vuitton-Bag-Dupe-770.jpg","type":"image\/jpeg"}],"twitter_card":"summary_large_image","twitter_misc":{"Tempo estimado de leitura":"1 minuto"},"schema":{"@context":"https:\/\/schema.org","@graph":[{"@type":"WebPage","@id":"https:\/\/bagdupe.com\/fr\/product\/louis-vuitton-bag-dupe-770\/","url":"https:\/\/bagdupe.com\/fr\/product\/louis-vuitton-bag-dupe-770\/","name":"Louis Vuitton Bag Dupe 770 1:1 Replica","isPartOf":{"@id":"https:\/\/bagdupe.com\/#website"},"primaryImageOfPage":{"@id":"https:\/\/bagdupe.com\/fr\/product\/louis-vuitton-bag-dupe-770\/#primaryimage"},"image":{"@id":"https:\/\/bagdupe.com\/fr\/product\/louis-vuitton-bag-dupe-770\/#primaryimage"},"thumbnailUrl":"https:\/\/bagdupe.com\/wp-content\/uploads\/2025\/05\/Louis-Vuitton-Bag-Dupe-770.jpg","datePublished":"2025-05-27T15:50:07+00:00","dateModified":"2025-05-27T15:50:19+00:00","description":"With folding box Size 30.28cm LV Grey Denim Coussin Handbag | Overseas Limited Edition, Unlocking the Modern Code of Retro Luxury Louis Vuitton's new grey denim Coussin handbag in 2025 is stunningly launched as an overseas limited edition. It has triggered a collection craze before it is released in China! This bag reshapes the classic design with a three-dimensional silhouette and is made of grey denim cloth with patented bleaching process. It looks low-key and restrained from a distance, but the delicate texture of the brand's century-old flowers can be seen from a close distance. It is matched with a distressed heavy metal chain, which collides with the dual texture of industrial style and retro aesthetics. Two detachable shoulder straps: metal chain + vegetable tanned leather adjustable shoulder strap, which can be carried by hand, crossbody, and underarm. The cold tone of grey denim and the luster of the metal buckle complement each other, as if it is a modern item from a retro pictorial in the 1990s. It can be matched with a Y2K hottie outfit or a minimalist suit to instantly enhance the style. As a hidden model in the denim series, the gray color scheme is issued in limited quantities worldwide, continuing the \"three-in-one\" gene of the Coussin family. Overseas bloggers have disassembled its chain into a necklace, unlocking the creative gameplay of \"one bag for multiple uses\". 1:1 Replica","breadcrumb":{"@id":"https:\/\/bagdupe.com\/fr\/product\/louis-vuitton-bag-dupe-770\/#breadcrumb"},"inLanguage":"pt-PT","potentialAction":[{"@type":"ReadAction","target":["https:\/\/bagdupe.com\/fr\/product\/louis-vuitton-bag-dupe-770\/"]}]},{"@type":"ImageObject","inLanguage":"pt-PT","@id":"https:\/\/bagdupe.com\/fr\/product\/louis-vuitton-bag-dupe-770\/#primaryimage","url":"https:\/\/bagdupe.com\/wp-content\/uploads\/2025\/05\/Louis-Vuitton-Bag-Dupe-770.jpg","contentUrl":"https:\/\/bagdupe.com\/wp-content\/uploads\/2025\/05\/Louis-Vuitton-Bag-Dupe-770.jpg","width":1080,"height":1438,"caption":"Louis Vuitton Bag Dupe 769"},{"@type":"BreadcrumbList","@id":"https:\/\/bagdupe.com\/fr\/product\/louis-vuitton-bag-dupe-770\/#breadcrumb","itemListElement":[{"@type":"ListItem","position":1,"name":"Home","item":"https:\/\/bagdupe.com\/"},{"@type":"ListItem","position":2,"name":"Shop","item":"https:\/\/bagdupe.com\/shop\/"},{"@type":"ListItem","position":3,"name":"Louis Vuitton Bag Dupe 770"}]},{"@type":"WebSite","@id":"https:\/\/bagdupe.com\/#website","url":"https:\/\/bagdupe.com\/","name":"Best Designer Bag Dupes | Fragrance Dupe In 2025","description":"High quality designer Bags \/ Fragrance Shop. Brands: Louis Vuitton, Hermes, Chanel, Gucci, and Coach are frequently mentioned as having.","publisher":{"@id":"https:\/\/bagdupe.com\/#organization"},"alternateName":"Best Designer Bag Dupes | Fragrance Dupe In 2025","potentialAction":[{"@type":"SearchAction","target":{"@type":"EntryPoint","urlTemplate":"https:\/\/bagdupe.com\/?s={search_term_string}"},"query-input":{"@type":"PropertyValueSpecification","valueRequired":true,"valueName":"search_term_string"}}],"inLanguage":"pt-PT"},{"@type":"Organization","@id":"https:\/\/bagdupe.com\/#organization","name":"Best Designer Bag Dupes | Fragrance Dupe In 2025","alternateName":"Best Designer Bag Dupes | Fragrance Dupe In 2025","url":"https:\/\/bagdupe.com\/","logo":{"@type":"ImageObject","inLanguage":"pt-PT","@id":"https:\/\/bagdupe.com\/#\/schema\/logo\/image\/","url":"https:\/\/bagdupe.com\/wp-content\/uploads\/2025\/05\/bagdupe.com_.webp","contentUrl":"https:\/\/bagdupe.com\/wp-content\/uploads\/2025\/05\/bagdupe.com_.webp","width":800,"height":299,"caption":"Best Designer Bag Dupes | Fragrance Dupe In 2025"},"image":{"@id":"https:\/\/bagdupe.com\/#\/schema\/logo\/image\/"},"description":"High quality designer Bags \/ Fragrance Shop. Brands: Louis Vuitton, Hermes, Chanel, Gucci, and Coach are frequently mentioned as having.","email":"fashionrepsbiz@gmail.com","telephone":"+1 936 666 6246","legalName":"Best Designer Bag Dupes | Fragrance Dupe In 2025","foundingDate":"2015-03-27","vatID":"afd67baw625hbaf","taxID":"5472erdsvert","iso6523Code":"2566yt4hdf565g","duns":"2654rthedg3gvfx","leiCode":"436regtu65hbdfh","naics":"63gvsy658ijngfgw","numberOfEmployees":{"@type":"QuantitativeValue","minValue":"51","maxValue":"200"},"publishingPrinciples":"https:\/\/bagdupe.com\/refund_returns\/","ownershipFundingInfo":"https:\/\/bagdupe.com\/about-dupe-shop\/","actionableFeedbackPolicy":"https:\/\/bagdupe.com\/privacy-policy\/","correctionsPolicy":"https:\/\/bagdupe.com\/privacy-policy\/","ethicsPolicy":"https:\/\/bagdupe.com\/privacy-policy\/","diversityPolicy":"https:\/\/bagdupe.com\/privacy-policy\/"}]}},"_links":{"self":[{"href":"https:\/\/bagdupe.com\/pt\/wp-json\/wp\/v2\/product\/8625","targetHints":{"allow":["GET"]}}],"collection":[{"href":"https:\/\/bagdupe.com\/pt\/wp-json\/wp\/v2\/product"}],"about":[{"href":"https:\/\/bagdupe.com\/pt\/wp-json\/wp\/v2\/types\/product"}],"wp:featuredmedia":[{"embeddable":true,"href":"https:\/\/bagdupe.com\/pt\/wp-json\/wp\/v2\/media\/8626"}],"wp:attachment":[{"href":"https:\/\/bagdupe.com\/pt\/wp-json\/wp\/v2\/media?parent=8625"}],"wp:term":[{"taxonomy":"product_brand","embeddable":true,"href":"https:\/\/bagdupe.com\/pt\/wp-json\/wp\/v2\/product_brand?post=8625"},{"taxonomy":"product_cat","embeddable":true,"href":"https:\/\/bagdupe.com\/pt\/wp-json\/wp\/v2\/product_cat?post=8625"},{"taxonomy":"product_tag","embeddable":true,"href":"https:\/\/bagdupe.com\/pt\/wp-json\/wp\/v2\/product_tag?post=8625"}],"curies":[{"name":"wp","href":"https:\/\/api.w.org\/{rel}","templated":true}]}}