{"id":8631,"date":"2025-05-27T15:50:07","date_gmt":"2025-05-27T15:50:07","guid":{"rendered":"https:\/\/bagdupe.com\/product\/louis-vuitton-bag-dupe-768\/"},"modified":"2025-05-27T15:50:25","modified_gmt":"2025-05-27T15:50:25","slug":"louis-vuitton-bag-dupe-768","status":"publish","type":"product","link":"https:\/\/bagdupe.com\/pt\/produto\/louis-vuitton-bag-dupe-768\/","title":{"rendered":"Duplica\u00e7\u00e3o do saco Louis Vuitton 768"},"content":{"rendered":"<p>Topo da ordem original<br \/>\nLV Louis Vuitton Toiletry ouch old flower toilettry bag<\/p>\n<p>Como um dos quatro grandes reis da LV, este saco de toilette ouch. Quem gosta de LV sabe que o saco de toilette \u00e9 o saco com a vida mais longa da moda entre os antigos sacos de flores de LV. A Princesa Diana tem-na usado. At\u00e9 \u00e0 data, continua a ser muito<\/p>\n<p>. A capacidade deste saco \u00e9 bastante grande. Basicamente, pode colocar tudo o que precisa, e pode utiliz\u00e1-la como mala de m\u00e3o em alturas normais.<\/p>\n<p>C Na verdade, para os beb\u00e9s que come\u00e7aram agora a comprar malas, o saco de toilette \u00e9 uma mala de m\u00e3o antiga muito perfeita. Depois de ter comprado muitos sacos, pode tamb\u00e9m utiliz\u00e1-lo como saco de toilette LV ou como saco de cosm\u00e9ticos embalagem de caixa dobr\u00e1vel de 24 cm<\/p>\n<p>Duplica\u00e7\u00e3o do saco Louis Vuitton 768<\/p>","protected":false},"excerpt":{"rendered":"<p>Topo da ordem original<br \/>\nLV Louis Vuitton Toiletry ouch old flower toilettry bag<\/p>\n<p>Como um dos quatro grandes reis da LV, este saco de toilette ouch. Quem gosta de LV sabe que o saco de toilette \u00e9 o saco com a vida mais longa da moda entre os antigos sacos de flores de LV. A Princesa Diana tem-na usado. At\u00e9 \u00e0 data, continua a ser muito<\/p>\n<p>. A capacidade deste saco \u00e9 bastante grande. Basicamente, pode colocar tudo o que precisa, e pode utiliz\u00e1-la como mala de m\u00e3o em alturas normais.<\/p>\n<p>C Na verdade, para os beb\u00e9s que come\u00e7aram agora a comprar malas, o saco de toilette \u00e9 uma mala de m\u00e3o antiga muito perfeita. Depois de ter comprado muitos sacos, pode tamb\u00e9m utiliz\u00e1-lo como saco de toilette LV ou como saco de cosm\u00e9ticos embalagem de caixa dobr\u00e1vel de 24 cm<\/p>","protected":false},"featured_media":8632,"template":"","meta":[],"product_brand":[],"product_cat":[20,21],"product_tag":[22,23],"class_list":{"0":"post-8631","1":"product","2":"type-product","3":"status-publish","4":"has-post-thumbnail","6":"product_cat-louis-vuitton","7":"product_cat-louis-vuitton-bag","8":"product_tag-louis-vuitton","9":"product_tag-louis-vuitton-bag","11":"first","12":"instock","13":"purchasable","14":"product-type-simple"},"yoast_head":"<!-- This site is optimized with the Yoast SEO Premium plugin v25.2 (Yoast SEO v25.2) - https:\/\/yoast.com\/wordpress\/plugins\/seo\/ -->\n<title>Louis Vuitton Bag Dupe 768 1:1 Replica<\/title>\n<meta name=\"description\" content=\"Top original order LV Louis Vuitton Toiletry ouch old flower toiletry bag As one of the four great kings of LV, this Toiletry ouch toiletry bag. Those who like LV know that the toiletry bag is the bag with the longest fashion life among the old flower bags of LV. Princess Diana has been using it. Until now, it is still very . The capacity of this bag is quite large. Basically, everything you need can be put in it, and you can use it as a handbag at ordinary times. C Actually, for babies who have just started to buy bags, the toiletry bag is a very perfect old flower handbag. After you have bought a lot of bags, you can also use it as an LV toiletry bag or a cosmetic bag 24cm folding box packaging 1:1 Replica\" \/>\n<meta name=\"robots\" content=\"index, follow, max-snippet:-1, max-image-preview:large, max-video-preview:-1\" \/>\n<link rel=\"canonical\" href=\"https:\/\/bagdupe.com\/pt\/product\/louis-vuitton-bag-dupe-768\/\" \/>\n<meta property=\"og:locale\" content=\"pt_PT\" \/>\n<meta property=\"og:type\" content=\"article\" \/>\n<meta property=\"og:title\" content=\"Louis Vuitton Bag Dupe 768\" \/>\n<meta property=\"og:description\" content=\"Top original order LV Louis Vuitton Toiletry ouch old flower toiletry bag As one of the four great kings of LV, this Toiletry ouch toiletry bag. Those who like LV know that the toiletry bag is the bag with the longest fashion life among the old flower bags of LV. Princess Diana has been using it. Until now, it is still very . The capacity of this bag is quite large. Basically, everything you need can be put in it, and you can use it as a handbag at ordinary times. C Actually, for babies who have just started to buy bags, the toiletry bag is a very perfect old flower handbag. After you have bought a lot of bags, you can also use it as an LV toiletry bag or a cosmetic bag 24cm folding box packaging 1:1 Replica\" \/>\n<meta property=\"og:url\" content=\"https:\/\/bagdupe.com\/pt\/product\/louis-vuitton-bag-dupe-768\/\" \/>\n<meta property=\"og:site_name\" content=\"Best Designer Bag Dupes | Fragrance Dupe In 2025\" \/>\n<meta property=\"article:modified_time\" content=\"2025-05-27T15:50:25+00:00\" \/>\n<meta property=\"og:image\" content=\"https:\/\/bagdupe.com\/wp-content\/uploads\/2025\/05\/Louis-Vuitton-Bag-Dupe-768.jpg\" \/>\n\t<meta property=\"og:image:width\" content=\"1440\" \/>\n\t<meta property=\"og:image:height\" content=\"1920\" \/>\n\t<meta property=\"og:image:type\" content=\"image\/jpeg\" \/>\n<meta name=\"twitter:card\" content=\"summary_large_image\" \/>\n<meta name=\"twitter:label1\" content=\"Tempo estimado de leitura\" \/>\n\t<meta name=\"twitter:data1\" content=\"1 minuto\" \/>\n<script type=\"application\/ld+json\" class=\"yoast-schema-graph\">{\"@context\":\"https:\/\/schema.org\",\"@graph\":[{\"@type\":\"WebPage\",\"@id\":\"https:\/\/bagdupe.com\/fr\/product\/louis-vuitton-bag-dupe-768\/\",\"url\":\"https:\/\/bagdupe.com\/fr\/product\/louis-vuitton-bag-dupe-768\/\",\"name\":\"Louis Vuitton Bag Dupe 768 1:1 Replica\",\"isPartOf\":{\"@id\":\"https:\/\/bagdupe.com\/#website\"},\"primaryImageOfPage\":{\"@id\":\"https:\/\/bagdupe.com\/fr\/product\/louis-vuitton-bag-dupe-768\/#primaryimage\"},\"image\":{\"@id\":\"https:\/\/bagdupe.com\/fr\/product\/louis-vuitton-bag-dupe-768\/#primaryimage\"},\"thumbnailUrl\":\"https:\/\/bagdupe.com\/wp-content\/uploads\/2025\/05\/Louis-Vuitton-Bag-Dupe-768.jpg\",\"datePublished\":\"2025-05-27T15:50:07+00:00\",\"dateModified\":\"2025-05-27T15:50:25+00:00\",\"description\":\"Top original order LV Louis Vuitton Toiletry ouch old flower toiletry bag As one of the four great kings of LV, this Toiletry ouch toiletry bag. Those who like LV know that the toiletry bag is the bag with the longest fashion life among the old flower bags of LV. Princess Diana has been using it. Until now, it is still very . The capacity of this bag is quite large. Basically, everything you need can be put in it, and you can use it as a handbag at ordinary times. C Actually, for babies who have just started to buy bags, the toiletry bag is a very perfect old flower handbag. After you have bought a lot of bags, you can also use it as an LV toiletry bag or a cosmetic bag 24cm folding box packaging 1:1 Replica\",\"breadcrumb\":{\"@id\":\"https:\/\/bagdupe.com\/fr\/product\/louis-vuitton-bag-dupe-768\/#breadcrumb\"},\"inLanguage\":\"pt-PT\",\"potentialAction\":[{\"@type\":\"ReadAction\",\"target\":[\"https:\/\/bagdupe.com\/fr\/product\/louis-vuitton-bag-dupe-768\/\"]}]},{\"@type\":\"ImageObject\",\"inLanguage\":\"pt-PT\",\"@id\":\"https:\/\/bagdupe.com\/fr\/product\/louis-vuitton-bag-dupe-768\/#primaryimage\",\"url\":\"https:\/\/bagdupe.com\/wp-content\/uploads\/2025\/05\/Louis-Vuitton-Bag-Dupe-768.jpg\",\"contentUrl\":\"https:\/\/bagdupe.com\/wp-content\/uploads\/2025\/05\/Louis-Vuitton-Bag-Dupe-768.jpg\",\"width\":1440,\"height\":1920,\"caption\":\"Louis Vuitton Bag Dupe 768\"},{\"@type\":\"BreadcrumbList\",\"@id\":\"https:\/\/bagdupe.com\/fr\/product\/louis-vuitton-bag-dupe-768\/#breadcrumb\",\"itemListElement\":[{\"@type\":\"ListItem\",\"position\":1,\"name\":\"Home\",\"item\":\"https:\/\/bagdupe.com\/\"},{\"@type\":\"ListItem\",\"position\":2,\"name\":\"Shop\",\"item\":\"https:\/\/bagdupe.com\/shop\/\"},{\"@type\":\"ListItem\",\"position\":3,\"name\":\"Louis Vuitton Bag Dupe 768\"}]},{\"@type\":\"WebSite\",\"@id\":\"https:\/\/bagdupe.com\/#website\",\"url\":\"https:\/\/bagdupe.com\/\",\"name\":\"Best Designer Bag Dupes | Fragrance Dupe In 2025\",\"description\":\"High quality designer Bags \/ Fragrance Shop. Brands: Louis Vuitton, Hermes, Chanel, Gucci, and Coach are frequently mentioned as having.\",\"publisher\":{\"@id\":\"https:\/\/bagdupe.com\/#organization\"},\"alternateName\":\"Best Designer Bag Dupes | Fragrance Dupe In 2025\",\"potentialAction\":[{\"@type\":\"SearchAction\",\"target\":{\"@type\":\"EntryPoint\",\"urlTemplate\":\"https:\/\/bagdupe.com\/?s={search_term_string}\"},\"query-input\":{\"@type\":\"PropertyValueSpecification\",\"valueRequired\":true,\"valueName\":\"search_term_string\"}}],\"inLanguage\":\"pt-PT\"},{\"@type\":\"Organization\",\"@id\":\"https:\/\/bagdupe.com\/#organization\",\"name\":\"Best Designer Bag Dupes | Fragrance Dupe In 2025\",\"alternateName\":\"Best Designer Bag Dupes | Fragrance Dupe In 2025\",\"url\":\"https:\/\/bagdupe.com\/\",\"logo\":{\"@type\":\"ImageObject\",\"inLanguage\":\"pt-PT\",\"@id\":\"https:\/\/bagdupe.com\/#\/schema\/logo\/image\/\",\"url\":\"https:\/\/bagdupe.com\/wp-content\/uploads\/2025\/05\/bagdupe.com_.webp\",\"contentUrl\":\"https:\/\/bagdupe.com\/wp-content\/uploads\/2025\/05\/bagdupe.com_.webp\",\"width\":800,\"height\":299,\"caption\":\"Best Designer Bag Dupes | Fragrance Dupe In 2025\"},\"image\":{\"@id\":\"https:\/\/bagdupe.com\/#\/schema\/logo\/image\/\"},\"description\":\"High quality designer Bags \/ Fragrance Shop. Brands: Louis Vuitton, Hermes, Chanel, Gucci, and Coach are frequently mentioned as having.\",\"email\":\"fashionrepsbiz@gmail.com\",\"telephone\":\"+1 936 666 6246\",\"legalName\":\"Best Designer Bag Dupes | Fragrance Dupe In 2025\",\"foundingDate\":\"2015-03-27\",\"vatID\":\"afd67baw625hbaf\",\"taxID\":\"5472erdsvert\",\"iso6523Code\":\"2566yt4hdf565g\",\"duns\":\"2654rthedg3gvfx\",\"leiCode\":\"436regtu65hbdfh\",\"naics\":\"63gvsy658ijngfgw\",\"numberOfEmployees\":{\"@type\":\"QuantitativeValue\",\"minValue\":\"51\",\"maxValue\":\"200\"},\"publishingPrinciples\":\"https:\/\/bagdupe.com\/refund_returns\/\",\"ownershipFundingInfo\":\"https:\/\/bagdupe.com\/about-dupe-shop\/\",\"actionableFeedbackPolicy\":\"https:\/\/bagdupe.com\/privacy-policy\/\",\"correctionsPolicy\":\"https:\/\/bagdupe.com\/privacy-policy\/\",\"ethicsPolicy\":\"https:\/\/bagdupe.com\/privacy-policy\/\",\"diversityPolicy\":\"https:\/\/bagdupe.com\/privacy-policy\/\"}]}<\/script>\n<!-- \/ Yoast SEO Premium plugin. -->","yoast_head_json":{"title":"Louis Vuitton Bag Dupe 768 1:1 Replica","description":"Top original order LV Louis Vuitton Toiletry ouch old flower toiletry bag As one of the four great kings of LV, this Toiletry ouch toiletry bag. Those who like LV know that the toiletry bag is the bag with the longest fashion life among the old flower bags of LV. Princess Diana has been using it. Until now, it is still very . The capacity of this bag is quite large. Basically, everything you need can be put in it, and you can use it as a handbag at ordinary times. C Actually, for babies who have just started to buy bags, the toiletry bag is a very perfect old flower handbag. After you have bought a lot of bags, you can also use it as an LV toiletry bag or a cosmetic bag 24cm folding box packaging 1:1 Replica","robots":{"index":"index","follow":"follow","max-snippet":"max-snippet:-1","max-image-preview":"max-image-preview:large","max-video-preview":"max-video-preview:-1"},"canonical":"https:\/\/bagdupe.com\/pt\/product\/louis-vuitton-bag-dupe-768\/","og_locale":"pt_PT","og_type":"article","og_title":"Louis Vuitton Bag Dupe 768","og_description":"Top original order LV Louis Vuitton Toiletry ouch old flower toiletry bag As one of the four great kings of LV, this Toiletry ouch toiletry bag. Those who like LV know that the toiletry bag is the bag with the longest fashion life among the old flower bags of LV. Princess Diana has been using it. Until now, it is still very . The capacity of this bag is quite large. Basically, everything you need can be put in it, and you can use it as a handbag at ordinary times. C Actually, for babies who have just started to buy bags, the toiletry bag is a very perfect old flower handbag. After you have bought a lot of bags, you can also use it as an LV toiletry bag or a cosmetic bag 24cm folding box packaging 1:1 Replica","og_url":"https:\/\/bagdupe.com\/pt\/product\/louis-vuitton-bag-dupe-768\/","og_site_name":"Best Designer Bag Dupes | Fragrance Dupe In 2025","article_modified_time":"2025-05-27T15:50:25+00:00","og_image":[{"width":1440,"height":1920,"url":"https:\/\/bagdupe.com\/wp-content\/uploads\/2025\/05\/Louis-Vuitton-Bag-Dupe-768.jpg","type":"image\/jpeg"}],"twitter_card":"summary_large_image","twitter_misc":{"Tempo estimado de leitura":"1 minuto"},"schema":{"@context":"https:\/\/schema.org","@graph":[{"@type":"WebPage","@id":"https:\/\/bagdupe.com\/fr\/product\/louis-vuitton-bag-dupe-768\/","url":"https:\/\/bagdupe.com\/fr\/product\/louis-vuitton-bag-dupe-768\/","name":"Louis Vuitton Bag Dupe 768 1:1 Replica","isPartOf":{"@id":"https:\/\/bagdupe.com\/#website"},"primaryImageOfPage":{"@id":"https:\/\/bagdupe.com\/fr\/product\/louis-vuitton-bag-dupe-768\/#primaryimage"},"image":{"@id":"https:\/\/bagdupe.com\/fr\/product\/louis-vuitton-bag-dupe-768\/#primaryimage"},"thumbnailUrl":"https:\/\/bagdupe.com\/wp-content\/uploads\/2025\/05\/Louis-Vuitton-Bag-Dupe-768.jpg","datePublished":"2025-05-27T15:50:07+00:00","dateModified":"2025-05-27T15:50:25+00:00","description":"Top original order LV Louis Vuitton Toiletry ouch old flower toiletry bag As one of the four great kings of LV, this Toiletry ouch toiletry bag. Those who like LV know that the toiletry bag is the bag with the longest fashion life among the old flower bags of LV. Princess Diana has been using it. Until now, it is still very . The capacity of this bag is quite large. Basically, everything you need can be put in it, and you can use it as a handbag at ordinary times. C Actually, for babies who have just started to buy bags, the toiletry bag is a very perfect old flower handbag. After you have bought a lot of bags, you can also use it as an LV toiletry bag or a cosmetic bag 24cm folding box packaging 1:1 Replica","breadcrumb":{"@id":"https:\/\/bagdupe.com\/fr\/product\/louis-vuitton-bag-dupe-768\/#breadcrumb"},"inLanguage":"pt-PT","potentialAction":[{"@type":"ReadAction","target":["https:\/\/bagdupe.com\/fr\/product\/louis-vuitton-bag-dupe-768\/"]}]},{"@type":"ImageObject","inLanguage":"pt-PT","@id":"https:\/\/bagdupe.com\/fr\/product\/louis-vuitton-bag-dupe-768\/#primaryimage","url":"https:\/\/bagdupe.com\/wp-content\/uploads\/2025\/05\/Louis-Vuitton-Bag-Dupe-768.jpg","contentUrl":"https:\/\/bagdupe.com\/wp-content\/uploads\/2025\/05\/Louis-Vuitton-Bag-Dupe-768.jpg","width":1440,"height":1920,"caption":"Louis Vuitton Bag Dupe 768"},{"@type":"BreadcrumbList","@id":"https:\/\/bagdupe.com\/fr\/product\/louis-vuitton-bag-dupe-768\/#breadcrumb","itemListElement":[{"@type":"ListItem","position":1,"name":"Home","item":"https:\/\/bagdupe.com\/"},{"@type":"ListItem","position":2,"name":"Shop","item":"https:\/\/bagdupe.com\/shop\/"},{"@type":"ListItem","position":3,"name":"Louis Vuitton Bag Dupe 768"}]},{"@type":"WebSite","@id":"https:\/\/bagdupe.com\/#website","url":"https:\/\/bagdupe.com\/","name":"Best Designer Bag Dupes | Fragrance Dupe In 2025","description":"High quality designer Bags \/ Fragrance Shop. Brands: Louis Vuitton, Hermes, Chanel, Gucci, and Coach are frequently mentioned as having.","publisher":{"@id":"https:\/\/bagdupe.com\/#organization"},"alternateName":"Best Designer Bag Dupes | Fragrance Dupe In 2025","potentialAction":[{"@type":"SearchAction","target":{"@type":"EntryPoint","urlTemplate":"https:\/\/bagdupe.com\/?s={search_term_string}"},"query-input":{"@type":"PropertyValueSpecification","valueRequired":true,"valueName":"search_term_string"}}],"inLanguage":"pt-PT"},{"@type":"Organization","@id":"https:\/\/bagdupe.com\/#organization","name":"Best Designer Bag Dupes | Fragrance Dupe In 2025","alternateName":"Best Designer Bag Dupes | Fragrance Dupe In 2025","url":"https:\/\/bagdupe.com\/","logo":{"@type":"ImageObject","inLanguage":"pt-PT","@id":"https:\/\/bagdupe.com\/#\/schema\/logo\/image\/","url":"https:\/\/bagdupe.com\/wp-content\/uploads\/2025\/05\/bagdupe.com_.webp","contentUrl":"https:\/\/bagdupe.com\/wp-content\/uploads\/2025\/05\/bagdupe.com_.webp","width":800,"height":299,"caption":"Best Designer Bag Dupes | Fragrance Dupe In 2025"},"image":{"@id":"https:\/\/bagdupe.com\/#\/schema\/logo\/image\/"},"description":"High quality designer Bags \/ Fragrance Shop. Brands: Louis Vuitton, Hermes, Chanel, Gucci, and Coach are frequently mentioned as having.","email":"fashionrepsbiz@gmail.com","telephone":"+1 936 666 6246","legalName":"Best Designer Bag Dupes | Fragrance Dupe In 2025","foundingDate":"2015-03-27","vatID":"afd67baw625hbaf","taxID":"5472erdsvert","iso6523Code":"2566yt4hdf565g","duns":"2654rthedg3gvfx","leiCode":"436regtu65hbdfh","naics":"63gvsy658ijngfgw","numberOfEmployees":{"@type":"QuantitativeValue","minValue":"51","maxValue":"200"},"publishingPrinciples":"https:\/\/bagdupe.com\/refund_returns\/","ownershipFundingInfo":"https:\/\/bagdupe.com\/about-dupe-shop\/","actionableFeedbackPolicy":"https:\/\/bagdupe.com\/privacy-policy\/","correctionsPolicy":"https:\/\/bagdupe.com\/privacy-policy\/","ethicsPolicy":"https:\/\/bagdupe.com\/privacy-policy\/","diversityPolicy":"https:\/\/bagdupe.com\/privacy-policy\/"}]}},"_links":{"self":[{"href":"https:\/\/bagdupe.com\/pt\/wp-json\/wp\/v2\/product\/8631","targetHints":{"allow":["GET"]}}],"collection":[{"href":"https:\/\/bagdupe.com\/pt\/wp-json\/wp\/v2\/product"}],"about":[{"href":"https:\/\/bagdupe.com\/pt\/wp-json\/wp\/v2\/types\/product"}],"wp:featuredmedia":[{"embeddable":true,"href":"https:\/\/bagdupe.com\/pt\/wp-json\/wp\/v2\/media\/8632"}],"wp:attachment":[{"href":"https:\/\/bagdupe.com\/pt\/wp-json\/wp\/v2\/media?parent=8631"}],"wp:term":[{"taxonomy":"product_brand","embeddable":true,"href":"https:\/\/bagdupe.com\/pt\/wp-json\/wp\/v2\/product_brand?post=8631"},{"taxonomy":"product_cat","embeddable":true,"href":"https:\/\/bagdupe.com\/pt\/wp-json\/wp\/v2\/product_cat?post=8631"},{"taxonomy":"product_tag","embeddable":true,"href":"https:\/\/bagdupe.com\/pt\/wp-json\/wp\/v2\/product_tag?post=8631"}],"curies":[{"name":"wp","href":"https:\/\/api.w.org\/{rel}","templated":true}]}}