{"id":94,"date":"2025-05-27T12:59:09","date_gmt":"2025-05-27T12:59:09","guid":{"rendered":"https:\/\/bagdupe.com\/product\/louis-vuitton-bag-dupe-2536\/"},"modified":"2025-05-27T12:59:18","modified_gmt":"2025-05-27T12:59:18","slug":"louis-vuitton-bag-dupe-2536","status":"publish","type":"product","link":"https:\/\/bagdupe.com\/pt\/produto\/louis-vuitton-bag-dupe-2536\/","title":{"rendered":"Duplica\u00e7\u00e3o do saco Louis Vuitton 2536"},"content":{"rendered":"<p>Conjunto completo de embalagem + bilhete de bolsa<br \/>\nFivela de hardware de cinto LV estilo retro, sensa\u00e7\u00e3o de designer topo de gama, artefacto vers\u00e1til, quanto mais se olha para ele, melhor fica, Arco do Triunfo retro, \u00e9 t\u00e3o bom comprar! A frieza de topo de gama revela o sentido correto da tenta\u00e7\u00e3o.<\/p>\n<p>Duplica\u00e7\u00e3o do saco Louis Vuitton 2536<\/p>","protected":false},"excerpt":{"rendered":"<p>Conjunto completo de embalagem + bilhete de bolsa<br \/>\nFivela de hardware de cinto LV estilo retro, sensa\u00e7\u00e3o de designer topo de gama, artefacto vers\u00e1til, quanto mais se olha para ele, melhor fica, Arco do Triunfo retro, \u00e9 t\u00e3o bom comprar! A frieza de topo de gama revela o sentido correto da tenta\u00e7\u00e3o.<\/p>","protected":false},"featured_media":95,"template":"","meta":[],"product_brand":[],"product_cat":[20,21],"product_tag":[22,23],"class_list":{"0":"post-94","1":"product","2":"type-product","3":"status-publish","4":"has-post-thumbnail","6":"product_cat-louis-vuitton","7":"product_cat-louis-vuitton-bag","8":"product_tag-louis-vuitton","9":"product_tag-louis-vuitton-bag","11":"first","12":"instock","13":"purchasable","14":"product-type-simple"},"yoast_head":"<!-- This site is optimized with the Yoast SEO Premium plugin v25.2 (Yoast SEO v25.2) - https:\/\/yoast.com\/wordpress\/plugins\/seo\/ -->\n<title>Louis Vuitton Bag Dupe 2536 1:1 Replica<\/title>\n<meta name=\"description\" content=\"Full set of packaging + handbag ticket LV belt hardware buckle retro style, designer high-end feeling, versatile artifact, the more you look at it, the better it looks, retro Arc de Triomphe, it&#039;s so good to buy! High-end coldness reveals the right sense of temptation. 1:1 Replica\" \/>\n<meta name=\"robots\" content=\"index, follow, max-snippet:-1, max-image-preview:large, max-video-preview:-1\" \/>\n<link rel=\"canonical\" href=\"https:\/\/bagdupe.com\/pt\/produto\/louis-vuitton-bag-dupe-2536\/\" \/>\n<meta property=\"og:locale\" content=\"pt_PT\" \/>\n<meta property=\"og:type\" content=\"article\" \/>\n<meta property=\"og:title\" content=\"Louis Vuitton Bag Dupe 2536\" \/>\n<meta property=\"og:description\" content=\"Full set of packaging + handbag ticket LV belt hardware buckle retro style, designer high-end feeling, versatile artifact, the more you look at it, the better it looks, retro Arc de Triomphe, it&#039;s so good to buy! High-end coldness reveals the right sense of temptation. 1:1 Replica\" \/>\n<meta property=\"og:url\" content=\"https:\/\/bagdupe.com\/pt\/produto\/louis-vuitton-bag-dupe-2536\/\" \/>\n<meta property=\"og:site_name\" content=\"Best Designer Bag Dupes | Fragrance Dupe In 2025\" \/>\n<meta property=\"article:modified_time\" content=\"2025-05-27T12:59:18+00:00\" \/>\n<meta property=\"og:image\" content=\"https:\/\/bagdupe.com\/wp-content\/uploads\/2025\/05\/Louis-Vuitton-Bag-Dupe-2536.jpg\" \/>\n\t<meta property=\"og:image:width\" content=\"1440\" \/>\n\t<meta property=\"og:image:height\" content=\"1440\" \/>\n\t<meta property=\"og:image:type\" content=\"image\/jpeg\" \/>\n<meta name=\"twitter:card\" content=\"summary_large_image\" \/>\n<script type=\"application\/ld+json\" class=\"yoast-schema-graph\">{\"@context\":\"https:\/\/schema.org\",\"@graph\":[{\"@type\":\"WebPage\",\"@id\":\"https:\/\/bagdupe.com\/product\/louis-vuitton-bag-dupe-2536\/\",\"url\":\"https:\/\/bagdupe.com\/product\/louis-vuitton-bag-dupe-2536\/\",\"name\":\"Louis Vuitton Bag Dupe 2536 1:1 Replica\",\"isPartOf\":{\"@id\":\"https:\/\/bagdupe.com\/#website\"},\"primaryImageOfPage\":{\"@id\":\"https:\/\/bagdupe.com\/product\/louis-vuitton-bag-dupe-2536\/#primaryimage\"},\"image\":{\"@id\":\"https:\/\/bagdupe.com\/product\/louis-vuitton-bag-dupe-2536\/#primaryimage\"},\"thumbnailUrl\":\"https:\/\/bagdupe.com\/wp-content\/uploads\/2025\/05\/Louis-Vuitton-Bag-Dupe-2536.jpg\",\"datePublished\":\"2025-05-27T12:59:09+00:00\",\"dateModified\":\"2025-05-27T12:59:18+00:00\",\"description\":\"Full set of packaging + handbag ticket LV belt hardware buckle retro style, designer high-end feeling, versatile artifact, the more you look at it, the better it looks, retro Arc de Triomphe, it's so good to buy! High-end coldness reveals the right sense of temptation. 1:1 Replica\",\"breadcrumb\":{\"@id\":\"https:\/\/bagdupe.com\/product\/louis-vuitton-bag-dupe-2536\/#breadcrumb\"},\"inLanguage\":\"pt-PT\",\"potentialAction\":[{\"@type\":\"ReadAction\",\"target\":[\"https:\/\/bagdupe.com\/product\/louis-vuitton-bag-dupe-2536\/\"]}]},{\"@type\":\"ImageObject\",\"inLanguage\":\"pt-PT\",\"@id\":\"https:\/\/bagdupe.com\/product\/louis-vuitton-bag-dupe-2536\/#primaryimage\",\"url\":\"https:\/\/bagdupe.com\/wp-content\/uploads\/2025\/05\/Louis-Vuitton-Bag-Dupe-2536.jpg\",\"contentUrl\":\"https:\/\/bagdupe.com\/wp-content\/uploads\/2025\/05\/Louis-Vuitton-Bag-Dupe-2536.jpg\",\"width\":1440,\"height\":1440,\"caption\":\"Louis Vuitton Bag Dupe 2536\"},{\"@type\":\"BreadcrumbList\",\"@id\":\"https:\/\/bagdupe.com\/product\/louis-vuitton-bag-dupe-2536\/#breadcrumb\",\"itemListElement\":[{\"@type\":\"ListItem\",\"position\":1,\"name\":\"Home\",\"item\":\"https:\/\/bagdupe.com\/\"},{\"@type\":\"ListItem\",\"position\":2,\"name\":\"Shop\",\"item\":\"https:\/\/bagdupe.com\/shop\/\"},{\"@type\":\"ListItem\",\"position\":3,\"name\":\"Louis Vuitton Bag Dupe 2536\"}]},{\"@type\":\"WebSite\",\"@id\":\"https:\/\/bagdupe.com\/#website\",\"url\":\"https:\/\/bagdupe.com\/\",\"name\":\"Best Designer Bag Dupes | Fragrance Dupe In 2025\",\"description\":\"High quality designer Bags \/ Fragrance Shop. Brands: Louis Vuitton, Hermes, Chanel, Gucci, and Coach are frequently mentioned as having.\",\"publisher\":{\"@id\":\"https:\/\/bagdupe.com\/#organization\"},\"alternateName\":\"Best Designer Bag Dupes | Fragrance Dupe In 2025\",\"potentialAction\":[{\"@type\":\"SearchAction\",\"target\":{\"@type\":\"EntryPoint\",\"urlTemplate\":\"https:\/\/bagdupe.com\/?s={search_term_string}\"},\"query-input\":{\"@type\":\"PropertyValueSpecification\",\"valueRequired\":true,\"valueName\":\"search_term_string\"}}],\"inLanguage\":\"pt-PT\"},{\"@type\":\"Organization\",\"@id\":\"https:\/\/bagdupe.com\/#organization\",\"name\":\"Best Designer Bag Dupes | Fragrance Dupe In 2025\",\"alternateName\":\"Best Designer Bag Dupes | Fragrance Dupe In 2025\",\"url\":\"https:\/\/bagdupe.com\/\",\"logo\":{\"@type\":\"ImageObject\",\"inLanguage\":\"pt-PT\",\"@id\":\"https:\/\/bagdupe.com\/#\/schema\/logo\/image\/\",\"url\":\"https:\/\/bagdupe.com\/wp-content\/uploads\/2025\/05\/bagdupe.com_.webp\",\"contentUrl\":\"https:\/\/bagdupe.com\/wp-content\/uploads\/2025\/05\/bagdupe.com_.webp\",\"width\":800,\"height\":299,\"caption\":\"Best Designer Bag Dupes | Fragrance Dupe In 2025\"},\"image\":{\"@id\":\"https:\/\/bagdupe.com\/#\/schema\/logo\/image\/\"},\"description\":\"High quality designer Bags \/ Fragrance Shop. Brands: Louis Vuitton, Hermes, Chanel, Gucci, and Coach are frequently mentioned as having.\",\"email\":\"fashionrepsbiz@gmail.com\",\"telephone\":\"+1 936 666 6246\",\"legalName\":\"Best Designer Bag Dupes | Fragrance Dupe In 2025\",\"foundingDate\":\"2015-03-27\",\"vatID\":\"afd67baw625hbaf\",\"taxID\":\"5472erdsvert\",\"iso6523Code\":\"2566yt4hdf565g\",\"duns\":\"2654rthedg3gvfx\",\"leiCode\":\"436regtu65hbdfh\",\"naics\":\"63gvsy658ijngfgw\",\"numberOfEmployees\":{\"@type\":\"QuantitativeValue\",\"minValue\":\"51\",\"maxValue\":\"200\"},\"publishingPrinciples\":\"https:\/\/bagdupe.com\/refund_returns\/\",\"ownershipFundingInfo\":\"https:\/\/bagdupe.com\/about-dupe-shop\/\",\"actionableFeedbackPolicy\":\"https:\/\/bagdupe.com\/privacy-policy\/\",\"correctionsPolicy\":\"https:\/\/bagdupe.com\/privacy-policy\/\",\"ethicsPolicy\":\"https:\/\/bagdupe.com\/privacy-policy\/\",\"diversityPolicy\":\"https:\/\/bagdupe.com\/privacy-policy\/\"}]}<\/script>\n<!-- \/ Yoast SEO Premium plugin. -->","yoast_head_json":{"title":"Louis Vuitton Bag Dupe 2536 1:1 Replica","description":"Full set of packaging + handbag ticket LV belt hardware buckle retro style, designer high-end feeling, versatile artifact, the more you look at it, the better it looks, retro Arc de Triomphe, it's so good to buy! High-end coldness reveals the right sense of temptation. 1:1 Replica","robots":{"index":"index","follow":"follow","max-snippet":"max-snippet:-1","max-image-preview":"max-image-preview:large","max-video-preview":"max-video-preview:-1"},"canonical":"https:\/\/bagdupe.com\/pt\/produto\/louis-vuitton-bag-dupe-2536\/","og_locale":"pt_PT","og_type":"article","og_title":"Louis Vuitton Bag Dupe 2536","og_description":"Full set of packaging + handbag ticket LV belt hardware buckle retro style, designer high-end feeling, versatile artifact, the more you look at it, the better it looks, retro Arc de Triomphe, it's so good to buy! High-end coldness reveals the right sense of temptation. 1:1 Replica","og_url":"https:\/\/bagdupe.com\/pt\/produto\/louis-vuitton-bag-dupe-2536\/","og_site_name":"Best Designer Bag Dupes | Fragrance Dupe In 2025","article_modified_time":"2025-05-27T12:59:18+00:00","og_image":[{"width":1440,"height":1440,"url":"https:\/\/bagdupe.com\/wp-content\/uploads\/2025\/05\/Louis-Vuitton-Bag-Dupe-2536.jpg","type":"image\/jpeg"}],"twitter_card":"summary_large_image","schema":{"@context":"https:\/\/schema.org","@graph":[{"@type":"WebPage","@id":"https:\/\/bagdupe.com\/product\/louis-vuitton-bag-dupe-2536\/","url":"https:\/\/bagdupe.com\/product\/louis-vuitton-bag-dupe-2536\/","name":"Louis Vuitton Bag Dupe 2536 1:1 Replica","isPartOf":{"@id":"https:\/\/bagdupe.com\/#website"},"primaryImageOfPage":{"@id":"https:\/\/bagdupe.com\/product\/louis-vuitton-bag-dupe-2536\/#primaryimage"},"image":{"@id":"https:\/\/bagdupe.com\/product\/louis-vuitton-bag-dupe-2536\/#primaryimage"},"thumbnailUrl":"https:\/\/bagdupe.com\/wp-content\/uploads\/2025\/05\/Louis-Vuitton-Bag-Dupe-2536.jpg","datePublished":"2025-05-27T12:59:09+00:00","dateModified":"2025-05-27T12:59:18+00:00","description":"Full set of packaging + handbag ticket LV belt hardware buckle retro style, designer high-end feeling, versatile artifact, the more you look at it, the better it looks, retro Arc de Triomphe, it's so good to buy! High-end coldness reveals the right sense of temptation. 1:1 Replica","breadcrumb":{"@id":"https:\/\/bagdupe.com\/product\/louis-vuitton-bag-dupe-2536\/#breadcrumb"},"inLanguage":"pt-PT","potentialAction":[{"@type":"ReadAction","target":["https:\/\/bagdupe.com\/product\/louis-vuitton-bag-dupe-2536\/"]}]},{"@type":"ImageObject","inLanguage":"pt-PT","@id":"https:\/\/bagdupe.com\/product\/louis-vuitton-bag-dupe-2536\/#primaryimage","url":"https:\/\/bagdupe.com\/wp-content\/uploads\/2025\/05\/Louis-Vuitton-Bag-Dupe-2536.jpg","contentUrl":"https:\/\/bagdupe.com\/wp-content\/uploads\/2025\/05\/Louis-Vuitton-Bag-Dupe-2536.jpg","width":1440,"height":1440,"caption":"Louis Vuitton Bag Dupe 2536"},{"@type":"BreadcrumbList","@id":"https:\/\/bagdupe.com\/product\/louis-vuitton-bag-dupe-2536\/#breadcrumb","itemListElement":[{"@type":"ListItem","position":1,"name":"Home","item":"https:\/\/bagdupe.com\/"},{"@type":"ListItem","position":2,"name":"Shop","item":"https:\/\/bagdupe.com\/shop\/"},{"@type":"ListItem","position":3,"name":"Louis Vuitton Bag Dupe 2536"}]},{"@type":"WebSite","@id":"https:\/\/bagdupe.com\/#website","url":"https:\/\/bagdupe.com\/","name":"Best Designer Bag Dupes | Fragrance Dupe In 2025","description":"High quality designer Bags \/ Fragrance Shop. Brands: Louis Vuitton, Hermes, Chanel, Gucci, and Coach are frequently mentioned as having.","publisher":{"@id":"https:\/\/bagdupe.com\/#organization"},"alternateName":"Best Designer Bag Dupes | Fragrance Dupe In 2025","potentialAction":[{"@type":"SearchAction","target":{"@type":"EntryPoint","urlTemplate":"https:\/\/bagdupe.com\/?s={search_term_string}"},"query-input":{"@type":"PropertyValueSpecification","valueRequired":true,"valueName":"search_term_string"}}],"inLanguage":"pt-PT"},{"@type":"Organization","@id":"https:\/\/bagdupe.com\/#organization","name":"Best Designer Bag Dupes | Fragrance Dupe In 2025","alternateName":"Best Designer Bag Dupes | Fragrance Dupe In 2025","url":"https:\/\/bagdupe.com\/","logo":{"@type":"ImageObject","inLanguage":"pt-PT","@id":"https:\/\/bagdupe.com\/#\/schema\/logo\/image\/","url":"https:\/\/bagdupe.com\/wp-content\/uploads\/2025\/05\/bagdupe.com_.webp","contentUrl":"https:\/\/bagdupe.com\/wp-content\/uploads\/2025\/05\/bagdupe.com_.webp","width":800,"height":299,"caption":"Best Designer Bag Dupes | Fragrance Dupe In 2025"},"image":{"@id":"https:\/\/bagdupe.com\/#\/schema\/logo\/image\/"},"description":"High quality designer Bags \/ Fragrance Shop. Brands: Louis Vuitton, Hermes, Chanel, Gucci, and Coach are frequently mentioned as having.","email":"fashionrepsbiz@gmail.com","telephone":"+1 936 666 6246","legalName":"Best Designer Bag Dupes | Fragrance Dupe In 2025","foundingDate":"2015-03-27","vatID":"afd67baw625hbaf","taxID":"5472erdsvert","iso6523Code":"2566yt4hdf565g","duns":"2654rthedg3gvfx","leiCode":"436regtu65hbdfh","naics":"63gvsy658ijngfgw","numberOfEmployees":{"@type":"QuantitativeValue","minValue":"51","maxValue":"200"},"publishingPrinciples":"https:\/\/bagdupe.com\/refund_returns\/","ownershipFundingInfo":"https:\/\/bagdupe.com\/about-dupe-shop\/","actionableFeedbackPolicy":"https:\/\/bagdupe.com\/privacy-policy\/","correctionsPolicy":"https:\/\/bagdupe.com\/privacy-policy\/","ethicsPolicy":"https:\/\/bagdupe.com\/privacy-policy\/","diversityPolicy":"https:\/\/bagdupe.com\/privacy-policy\/"}]}},"_links":{"self":[{"href":"https:\/\/bagdupe.com\/pt\/wp-json\/wp\/v2\/product\/94","targetHints":{"allow":["GET"]}}],"collection":[{"href":"https:\/\/bagdupe.com\/pt\/wp-json\/wp\/v2\/product"}],"about":[{"href":"https:\/\/bagdupe.com\/pt\/wp-json\/wp\/v2\/types\/product"}],"wp:featuredmedia":[{"embeddable":true,"href":"https:\/\/bagdupe.com\/pt\/wp-json\/wp\/v2\/media\/95"}],"wp:attachment":[{"href":"https:\/\/bagdupe.com\/pt\/wp-json\/wp\/v2\/media?parent=94"}],"wp:term":[{"taxonomy":"product_brand","embeddable":true,"href":"https:\/\/bagdupe.com\/pt\/wp-json\/wp\/v2\/product_brand?post=94"},{"taxonomy":"product_cat","embeddable":true,"href":"https:\/\/bagdupe.com\/pt\/wp-json\/wp\/v2\/product_cat?post=94"},{"taxonomy":"product_tag","embeddable":true,"href":"https:\/\/bagdupe.com\/pt\/wp-json\/wp\/v2\/product_tag?post=94"}],"curies":[{"name":"wp","href":"https:\/\/api.w.org\/{rel}","templated":true}]}}