{"id":5128,"date":"2025-05-27T14:32:51","date_gmt":"2025-05-27T14:32:51","guid":{"rendered":"https:\/\/bagdupe.com\/product\/louis-vuitton-bag-dupe-1487\/"},"modified":"2025-05-27T14:32:51","modified_gmt":"2025-05-27T14:32:51","slug":"louis-vuitton-bag-dupe-1487","status":"publish","type":"product","link":"https:\/\/bagdupe.com\/sv\/produkt\/louis-vuitton-bag-dupe-1487\/","title":{"rendered":"Louis Vuitton v\u00e4ska Dupe 1487"},"content":{"rendered":"<p>Levereras med en hopf\u00e4llbar l\u00e5da<br \/>\nLouis Vuitton LV vit tref\u00e4rgad kuddv\u00e4ska<br \/>\nDen vita tri-color \u00e4r s\u00e5 vacker. Var och en av de vita tri-color-serierna \u00e4r v\u00e4rd att samla p\u00e5. Den kan ocks\u00e5 matchas med s\u00f6ta och lekfulla kl\u00e4der. N\u00e4sta g\u00e5ng vill jag prova en mer avslappnad outfit. F\u00e4rgglada gamla blommor. Den f\u00e4rgglada flickans hj\u00e4rta \u00e4r fullt. Denna v\u00e4ska \u00e4r l\u00e4mplig f\u00f6r st\u00e4mningen av att vara glad.<\/p>\n<p>Louis Vuitton v\u00e4ska Dupe 1487<\/p>","protected":false},"excerpt":{"rendered":"<p>Levereras med en hopf\u00e4llbar l\u00e5da<br \/>\nLouis Vuitton LV vit tref\u00e4rgad kuddv\u00e4ska<br \/>\nDen vita tri-color \u00e4r s\u00e5 vacker. Var och en av de vita tri-color-serierna \u00e4r v\u00e4rd att samla p\u00e5. Den kan ocks\u00e5 matchas med s\u00f6ta och lekfulla kl\u00e4der. N\u00e4sta g\u00e5ng vill jag prova en mer avslappnad outfit. F\u00e4rgglada gamla blommor. Den f\u00e4rgglada flickans hj\u00e4rta \u00e4r fullt. Denna v\u00e4ska \u00e4r l\u00e4mplig f\u00f6r st\u00e4mningen av att vara glad.<\/p>","protected":false},"featured_media":5129,"template":"","meta":[],"product_brand":[],"product_cat":[20,21],"product_tag":[22,23],"class_list":{"0":"post-5128","1":"product","2":"type-product","3":"status-publish","4":"has-post-thumbnail","6":"product_cat-louis-vuitton","7":"product_cat-louis-vuitton-bag","8":"product_tag-louis-vuitton","9":"product_tag-louis-vuitton-bag","11":"first","12":"instock","13":"purchasable","14":"product-type-simple"},"yoast_head":"<!-- This site is optimized with the Yoast SEO Premium plugin v25.2 (Yoast SEO v25.2) - https:\/\/yoast.com\/wordpress\/plugins\/seo\/ -->\n<title>Louis Vuitton Bag Dupe 1487 1:1 Replica<\/title>\n<meta name=\"description\" content=\"Comes with a folding box Louis Vuitton LV white tri-color pillow bag The white tri-color is so beautiful. Each one of the white tri-color series is worth collecting. It can also be matched with cute and playful clothes. Next time, I want to try a more casual outfit. Colorful old flowers. The colorful girl&#039;s heart is full. This bag is suitable for the mood of being happy. 1:1 Replica\" \/>\n<meta name=\"robots\" content=\"index, follow, max-snippet:-1, max-image-preview:large, max-video-preview:-1\" \/>\n<link rel=\"canonical\" href=\"https:\/\/bagdupe.com\/sv\/product\/louis-vuitton-bag-dupe-1487\/\" \/>\n<meta property=\"og:locale\" content=\"sv_SE\" \/>\n<meta property=\"og:type\" content=\"article\" \/>\n<meta property=\"og:title\" content=\"Louis Vuitton Bag Dupe 1487\" \/>\n<meta property=\"og:description\" content=\"Comes with a folding box Louis Vuitton LV white tri-color pillow bag The white tri-color is so beautiful. Each one of the white tri-color series is worth collecting. It can also be matched with cute and playful clothes. Next time, I want to try a more casual outfit. Colorful old flowers. The colorful girl&#039;s heart is full. This bag is suitable for the mood of being happy. 1:1 Replica\" \/>\n<meta property=\"og:url\" content=\"https:\/\/bagdupe.com\/sv\/product\/louis-vuitton-bag-dupe-1487\/\" \/>\n<meta property=\"og:site_name\" content=\"Best Designer Bag Dupes | Fragrance Dupe In 2025\" \/>\n<meta property=\"og:image\" content=\"https:\/\/bagdupe.com\/wp-content\/uploads\/2025\/05\/Louis-Vuitton-Bag-Dupe-1487.jpg\" \/>\n\t<meta property=\"og:image:width\" content=\"1920\" \/>\n\t<meta property=\"og:image:height\" content=\"1440\" \/>\n\t<meta property=\"og:image:type\" content=\"image\/jpeg\" \/>\n<meta name=\"twitter:card\" content=\"summary_large_image\" \/>\n<script type=\"application\/ld+json\" class=\"yoast-schema-graph\">{\"@context\":\"https:\/\/schema.org\",\"@graph\":[{\"@type\":\"WebPage\",\"@id\":\"https:\/\/bagdupe.com\/pt\/product\/louis-vuitton-bag-dupe-1487\/\",\"url\":\"https:\/\/bagdupe.com\/pt\/product\/louis-vuitton-bag-dupe-1487\/\",\"name\":\"Louis Vuitton Bag Dupe 1487 1:1 Replica\",\"isPartOf\":{\"@id\":\"https:\/\/bagdupe.com\/#website\"},\"primaryImageOfPage\":{\"@id\":\"https:\/\/bagdupe.com\/pt\/product\/louis-vuitton-bag-dupe-1487\/#primaryimage\"},\"image\":{\"@id\":\"https:\/\/bagdupe.com\/pt\/product\/louis-vuitton-bag-dupe-1487\/#primaryimage\"},\"thumbnailUrl\":\"https:\/\/bagdupe.com\/wp-content\/uploads\/2025\/05\/Louis-Vuitton-Bag-Dupe-1487.jpg\",\"datePublished\":\"2025-05-27T14:32:51+00:00\",\"description\":\"Comes with a folding box Louis Vuitton LV white tri-color pillow bag The white tri-color is so beautiful. Each one of the white tri-color series is worth collecting. It can also be matched with cute and playful clothes. Next time, I want to try a more casual outfit. Colorful old flowers. The colorful girl's heart is full. This bag is suitable for the mood of being happy. 1:1 Replica\",\"breadcrumb\":{\"@id\":\"https:\/\/bagdupe.com\/pt\/product\/louis-vuitton-bag-dupe-1487\/#breadcrumb\"},\"inLanguage\":\"sv-SE\",\"potentialAction\":[{\"@type\":\"ReadAction\",\"target\":[\"https:\/\/bagdupe.com\/pt\/product\/louis-vuitton-bag-dupe-1487\/\"]}]},{\"@type\":\"ImageObject\",\"inLanguage\":\"sv-SE\",\"@id\":\"https:\/\/bagdupe.com\/pt\/product\/louis-vuitton-bag-dupe-1487\/#primaryimage\",\"url\":\"https:\/\/bagdupe.com\/wp-content\/uploads\/2025\/05\/Louis-Vuitton-Bag-Dupe-1487.jpg\",\"contentUrl\":\"https:\/\/bagdupe.com\/wp-content\/uploads\/2025\/05\/Louis-Vuitton-Bag-Dupe-1487.jpg\",\"width\":1920,\"height\":1440,\"caption\":\"Louis Vuitton Bag Dupe 1487\"},{\"@type\":\"BreadcrumbList\",\"@id\":\"https:\/\/bagdupe.com\/pt\/product\/louis-vuitton-bag-dupe-1487\/#breadcrumb\",\"itemListElement\":[{\"@type\":\"ListItem\",\"position\":1,\"name\":\"Home\",\"item\":\"https:\/\/bagdupe.com\/\"},{\"@type\":\"ListItem\",\"position\":2,\"name\":\"Shop\",\"item\":\"https:\/\/bagdupe.com\/shop\/\"},{\"@type\":\"ListItem\",\"position\":3,\"name\":\"Louis Vuitton Bag Dupe 1487\"}]},{\"@type\":\"WebSite\",\"@id\":\"https:\/\/bagdupe.com\/#website\",\"url\":\"https:\/\/bagdupe.com\/\",\"name\":\"Best Designer Bag Dupes | Fragrance Dupe In 2025\",\"description\":\"High quality designer Bags \/ Fragrance Shop. Brands: Louis Vuitton, Hermes, Chanel, Gucci, and Coach are frequently mentioned as having.\",\"publisher\":{\"@id\":\"https:\/\/bagdupe.com\/#organization\"},\"alternateName\":\"Best Designer Bag Dupes | Fragrance Dupe In 2025\",\"potentialAction\":[{\"@type\":\"SearchAction\",\"target\":{\"@type\":\"EntryPoint\",\"urlTemplate\":\"https:\/\/bagdupe.com\/?s={search_term_string}\"},\"query-input\":{\"@type\":\"PropertyValueSpecification\",\"valueRequired\":true,\"valueName\":\"search_term_string\"}}],\"inLanguage\":\"sv-SE\"},{\"@type\":\"Organization\",\"@id\":\"https:\/\/bagdupe.com\/#organization\",\"name\":\"Best Designer Bag Dupes | Fragrance Dupe In 2025\",\"alternateName\":\"Best Designer Bag Dupes | Fragrance Dupe In 2025\",\"url\":\"https:\/\/bagdupe.com\/\",\"logo\":{\"@type\":\"ImageObject\",\"inLanguage\":\"sv-SE\",\"@id\":\"https:\/\/bagdupe.com\/#\/schema\/logo\/image\/\",\"url\":\"https:\/\/bagdupe.com\/wp-content\/uploads\/2025\/05\/bagdupe.com_.webp\",\"contentUrl\":\"https:\/\/bagdupe.com\/wp-content\/uploads\/2025\/05\/bagdupe.com_.webp\",\"width\":800,\"height\":299,\"caption\":\"Best Designer Bag Dupes | Fragrance Dupe In 2025\"},\"image\":{\"@id\":\"https:\/\/bagdupe.com\/#\/schema\/logo\/image\/\"},\"description\":\"High quality designer Bags \/ Fragrance Shop. Brands: Louis Vuitton, Hermes, Chanel, Gucci, and Coach are frequently mentioned as having.\",\"email\":\"fashionrepsbiz@gmail.com\",\"telephone\":\"+1 936 666 6246\",\"legalName\":\"Best Designer Bag Dupes | Fragrance Dupe In 2025\",\"foundingDate\":\"2015-03-27\",\"vatID\":\"afd67baw625hbaf\",\"taxID\":\"5472erdsvert\",\"iso6523Code\":\"2566yt4hdf565g\",\"duns\":\"2654rthedg3gvfx\",\"leiCode\":\"436regtu65hbdfh\",\"naics\":\"63gvsy658ijngfgw\",\"numberOfEmployees\":{\"@type\":\"QuantitativeValue\",\"minValue\":\"51\",\"maxValue\":\"200\"},\"publishingPrinciples\":\"https:\/\/bagdupe.com\/refund_returns\/\",\"ownershipFundingInfo\":\"https:\/\/bagdupe.com\/about-dupe-shop\/\",\"actionableFeedbackPolicy\":\"https:\/\/bagdupe.com\/privacy-policy\/\",\"correctionsPolicy\":\"https:\/\/bagdupe.com\/privacy-policy\/\",\"ethicsPolicy\":\"https:\/\/bagdupe.com\/privacy-policy\/\",\"diversityPolicy\":\"https:\/\/bagdupe.com\/privacy-policy\/\"}]}<\/script>\n<!-- \/ Yoast SEO Premium plugin. -->","yoast_head_json":{"title":"Louis Vuitton Bag Dupe 1487 1:1 Replica","description":"Comes with a folding box Louis Vuitton LV white tri-color pillow bag The white tri-color is so beautiful. Each one of the white tri-color series is worth collecting. It can also be matched with cute and playful clothes. Next time, I want to try a more casual outfit. Colorful old flowers. The colorful girl's heart is full. This bag is suitable for the mood of being happy. 1:1 Replica","robots":{"index":"index","follow":"follow","max-snippet":"max-snippet:-1","max-image-preview":"max-image-preview:large","max-video-preview":"max-video-preview:-1"},"canonical":"https:\/\/bagdupe.com\/sv\/product\/louis-vuitton-bag-dupe-1487\/","og_locale":"sv_SE","og_type":"article","og_title":"Louis Vuitton Bag Dupe 1487","og_description":"Comes with a folding box Louis Vuitton LV white tri-color pillow bag The white tri-color is so beautiful. Each one of the white tri-color series is worth collecting. It can also be matched with cute and playful clothes. Next time, I want to try a more casual outfit. Colorful old flowers. The colorful girl's heart is full. This bag is suitable for the mood of being happy. 1:1 Replica","og_url":"https:\/\/bagdupe.com\/sv\/product\/louis-vuitton-bag-dupe-1487\/","og_site_name":"Best Designer Bag Dupes | Fragrance Dupe In 2025","og_image":[{"width":1920,"height":1440,"url":"https:\/\/bagdupe.com\/wp-content\/uploads\/2025\/05\/Louis-Vuitton-Bag-Dupe-1487.jpg","type":"image\/jpeg"}],"twitter_card":"summary_large_image","schema":{"@context":"https:\/\/schema.org","@graph":[{"@type":"WebPage","@id":"https:\/\/bagdupe.com\/pt\/product\/louis-vuitton-bag-dupe-1487\/","url":"https:\/\/bagdupe.com\/pt\/product\/louis-vuitton-bag-dupe-1487\/","name":"Louis Vuitton Bag Dupe 1487 1:1 Replica","isPartOf":{"@id":"https:\/\/bagdupe.com\/#website"},"primaryImageOfPage":{"@id":"https:\/\/bagdupe.com\/pt\/product\/louis-vuitton-bag-dupe-1487\/#primaryimage"},"image":{"@id":"https:\/\/bagdupe.com\/pt\/product\/louis-vuitton-bag-dupe-1487\/#primaryimage"},"thumbnailUrl":"https:\/\/bagdupe.com\/wp-content\/uploads\/2025\/05\/Louis-Vuitton-Bag-Dupe-1487.jpg","datePublished":"2025-05-27T14:32:51+00:00","description":"Comes with a folding box Louis Vuitton LV white tri-color pillow bag The white tri-color is so beautiful. Each one of the white tri-color series is worth collecting. It can also be matched with cute and playful clothes. Next time, I want to try a more casual outfit. Colorful old flowers. The colorful girl's heart is full. This bag is suitable for the mood of being happy. 1:1 Replica","breadcrumb":{"@id":"https:\/\/bagdupe.com\/pt\/product\/louis-vuitton-bag-dupe-1487\/#breadcrumb"},"inLanguage":"sv-SE","potentialAction":[{"@type":"ReadAction","target":["https:\/\/bagdupe.com\/pt\/product\/louis-vuitton-bag-dupe-1487\/"]}]},{"@type":"ImageObject","inLanguage":"sv-SE","@id":"https:\/\/bagdupe.com\/pt\/product\/louis-vuitton-bag-dupe-1487\/#primaryimage","url":"https:\/\/bagdupe.com\/wp-content\/uploads\/2025\/05\/Louis-Vuitton-Bag-Dupe-1487.jpg","contentUrl":"https:\/\/bagdupe.com\/wp-content\/uploads\/2025\/05\/Louis-Vuitton-Bag-Dupe-1487.jpg","width":1920,"height":1440,"caption":"Louis Vuitton Bag Dupe 1487"},{"@type":"BreadcrumbList","@id":"https:\/\/bagdupe.com\/pt\/product\/louis-vuitton-bag-dupe-1487\/#breadcrumb","itemListElement":[{"@type":"ListItem","position":1,"name":"Home","item":"https:\/\/bagdupe.com\/"},{"@type":"ListItem","position":2,"name":"Shop","item":"https:\/\/bagdupe.com\/shop\/"},{"@type":"ListItem","position":3,"name":"Louis Vuitton Bag Dupe 1487"}]},{"@type":"WebSite","@id":"https:\/\/bagdupe.com\/#website","url":"https:\/\/bagdupe.com\/","name":"Best Designer Bag Dupes | Fragrance Dupe In 2025","description":"High quality designer Bags \/ Fragrance Shop. Brands: Louis Vuitton, Hermes, Chanel, Gucci, and Coach are frequently mentioned as having.","publisher":{"@id":"https:\/\/bagdupe.com\/#organization"},"alternateName":"Best Designer Bag Dupes | Fragrance Dupe In 2025","potentialAction":[{"@type":"SearchAction","target":{"@type":"EntryPoint","urlTemplate":"https:\/\/bagdupe.com\/?s={search_term_string}"},"query-input":{"@type":"PropertyValueSpecification","valueRequired":true,"valueName":"search_term_string"}}],"inLanguage":"sv-SE"},{"@type":"Organization","@id":"https:\/\/bagdupe.com\/#organization","name":"Best Designer Bag Dupes | Fragrance Dupe In 2025","alternateName":"Best Designer Bag Dupes | Fragrance Dupe In 2025","url":"https:\/\/bagdupe.com\/","logo":{"@type":"ImageObject","inLanguage":"sv-SE","@id":"https:\/\/bagdupe.com\/#\/schema\/logo\/image\/","url":"https:\/\/bagdupe.com\/wp-content\/uploads\/2025\/05\/bagdupe.com_.webp","contentUrl":"https:\/\/bagdupe.com\/wp-content\/uploads\/2025\/05\/bagdupe.com_.webp","width":800,"height":299,"caption":"Best Designer Bag Dupes | Fragrance Dupe In 2025"},"image":{"@id":"https:\/\/bagdupe.com\/#\/schema\/logo\/image\/"},"description":"High quality designer Bags \/ Fragrance Shop. Brands: Louis Vuitton, Hermes, Chanel, Gucci, and Coach are frequently mentioned as having.","email":"fashionrepsbiz@gmail.com","telephone":"+1 936 666 6246","legalName":"Best Designer Bag Dupes | Fragrance Dupe In 2025","foundingDate":"2015-03-27","vatID":"afd67baw625hbaf","taxID":"5472erdsvert","iso6523Code":"2566yt4hdf565g","duns":"2654rthedg3gvfx","leiCode":"436regtu65hbdfh","naics":"63gvsy658ijngfgw","numberOfEmployees":{"@type":"QuantitativeValue","minValue":"51","maxValue":"200"},"publishingPrinciples":"https:\/\/bagdupe.com\/refund_returns\/","ownershipFundingInfo":"https:\/\/bagdupe.com\/about-dupe-shop\/","actionableFeedbackPolicy":"https:\/\/bagdupe.com\/privacy-policy\/","correctionsPolicy":"https:\/\/bagdupe.com\/privacy-policy\/","ethicsPolicy":"https:\/\/bagdupe.com\/privacy-policy\/","diversityPolicy":"https:\/\/bagdupe.com\/privacy-policy\/"}]}},"_links":{"self":[{"href":"https:\/\/bagdupe.com\/sv\/wp-json\/wp\/v2\/product\/5128","targetHints":{"allow":["GET"]}}],"collection":[{"href":"https:\/\/bagdupe.com\/sv\/wp-json\/wp\/v2\/product"}],"about":[{"href":"https:\/\/bagdupe.com\/sv\/wp-json\/wp\/v2\/types\/product"}],"wp:featuredmedia":[{"embeddable":true,"href":"https:\/\/bagdupe.com\/sv\/wp-json\/wp\/v2\/media\/5129"}],"wp:attachment":[{"href":"https:\/\/bagdupe.com\/sv\/wp-json\/wp\/v2\/media?parent=5128"}],"wp:term":[{"taxonomy":"product_brand","embeddable":true,"href":"https:\/\/bagdupe.com\/sv\/wp-json\/wp\/v2\/product_brand?post=5128"},{"taxonomy":"product_cat","embeddable":true,"href":"https:\/\/bagdupe.com\/sv\/wp-json\/wp\/v2\/product_cat?post=5128"},{"taxonomy":"product_tag","embeddable":true,"href":"https:\/\/bagdupe.com\/sv\/wp-json\/wp\/v2\/product_tag?post=5128"}],"curies":[{"name":"wp","href":"https:\/\/api.w.org\/{rel}","templated":true}]}}