{"id":7836,"date":"2025-05-27T15:32:05","date_gmt":"2025-05-27T15:32:05","guid":{"rendered":"https:\/\/bagdupe.com\/product\/dior-bag-dupe-930\/"},"modified":"2025-05-27T15:32:17","modified_gmt":"2025-05-27T15:32:17","slug":"dior-bag-dupe-930","status":"publish","type":"product","link":"https:\/\/bagdupe.com\/sv\/produkt\/dior-bag-dupe-930\/","title":{"rendered":"Dior Bag Dupe 930"},"content":{"rendered":"<p>Cowhide-version Komplett upps\u00e4ttning f\u00f6rpackningar<br \/>\nLady D-Joy handv\u00e4ska framh\u00e4ver Lady Dior-seriens ikoniska snygga estetik och \u00e5terspeglar Diors djupa insikt i elegans och sk\u00f6nhet. Stilen \u00e4r raffinerad och elegant med quiltade detaljer som skapats med s\u00f6mmar i rottingrutor. Dekorerad med metall i ljus guldfinish<br \/>\nDOR\"-charm f\u00f6r att f\u00f6rb\u00e4ttra stilen och ge en touch av smidighet till den uts\u00f6kta silhuetten. Med en avtagbar axelrem i kedja och en justerbar och avtagbar axelrem i teknisk canvas kan den b\u00e4ras i handen, p\u00e5 axeln eller crossbody, vilket g\u00f6r den till ett perfekt val f\u00f6r den dagliga stylingen. Storlek Large 26 13cm sl<\/p>\n<p>Dior Bag Dupe 930<\/p>","protected":false},"excerpt":{"rendered":"<p>Cowhide-version Komplett upps\u00e4ttning f\u00f6rpackningar<br \/>\nLady D-Joy handv\u00e4ska framh\u00e4ver Lady Dior-seriens ikoniska snygga estetik och \u00e5terspeglar Diors djupa insikt i elegans och sk\u00f6nhet. Stilen \u00e4r raffinerad och elegant med quiltade detaljer som skapats med s\u00f6mmar i rottingrutor. Dekorerad med metall i ljus guldfinish<br \/>\nDOR\"-charm f\u00f6r att f\u00f6rb\u00e4ttra stilen och ge en touch av smidighet till den uts\u00f6kta silhuetten. Med en avtagbar axelrem i kedja och en justerbar och avtagbar axelrem i teknisk canvas kan den b\u00e4ras i handen, p\u00e5 axeln eller crossbody, vilket g\u00f6r den till ett perfekt val f\u00f6r den dagliga stylingen. Storlek Large 26 13cm sl<\/p>","protected":false},"featured_media":7837,"template":"","meta":[],"product_brand":[],"product_cat":[36,37],"product_tag":[38,39],"class_list":{"0":"post-7836","1":"product","2":"type-product","3":"status-publish","4":"has-post-thumbnail","6":"product_cat-dior","7":"product_cat-dior-bag","8":"product_tag-dior","9":"product_tag-dior-bag","11":"first","12":"instock","13":"purchasable","14":"product-type-simple"},"yoast_head":"<!-- This site is optimized with the Yoast SEO Premium plugin v25.2 (Yoast SEO v25.2) - https:\/\/yoast.com\/wordpress\/plugins\/seo\/ -->\n<title>Dior Bag Dupe 930 1:1 Replica<\/title>\n<meta name=\"description\" content=\"Cowhide version Full set of packaging The Lady D-Joy handbag highlights the Lady Dior series&#039; iconic neat aesthetic and reflects Dior&#039;s profound insight into elegance and beauty. The style is refined and elegant, with quilted details created with rattan check stitching. Decorated with light gold-finished metal DOR&quot; charm to enhance the style and add a touch of agility to the exquisite silhouette. With a detachable chain shoulder strap and an adjustable and detachable technical canvas shoulder strap, it can be carried by hand, on the shoulder or crossbody, making it an ideal choice for daily styling. Size Large 26 13cm sl 1:1 Replica\" \/>\n<meta name=\"robots\" content=\"index, follow, max-snippet:-1, max-image-preview:large, max-video-preview:-1\" \/>\n<link rel=\"canonical\" href=\"https:\/\/bagdupe.com\/sv\/produkt\/dior-bag-dupe-930\/\" \/>\n<meta property=\"og:locale\" content=\"sv_SE\" \/>\n<meta property=\"og:type\" content=\"article\" \/>\n<meta property=\"og:title\" content=\"Dior Bag Dupe 930\" \/>\n<meta property=\"og:description\" content=\"Cowhide version Full set of packaging The Lady D-Joy handbag highlights the Lady Dior series&#039; iconic neat aesthetic and reflects Dior&#039;s profound insight into elegance and beauty. The style is refined and elegant, with quilted details created with rattan check stitching. Decorated with light gold-finished metal DOR&quot; charm to enhance the style and add a touch of agility to the exquisite silhouette. With a detachable chain shoulder strap and an adjustable and detachable technical canvas shoulder strap, it can be carried by hand, on the shoulder or crossbody, making it an ideal choice for daily styling. Size Large 26 13cm sl 1:1 Replica\" \/>\n<meta property=\"og:url\" content=\"https:\/\/bagdupe.com\/sv\/produkt\/dior-bag-dupe-930\/\" \/>\n<meta property=\"og:site_name\" content=\"Best Designer Bag Dupes | Fragrance Dupe In 2025\" \/>\n<meta property=\"article:modified_time\" content=\"2025-05-27T15:32:17+00:00\" \/>\n<meta property=\"og:image\" content=\"https:\/\/bagdupe.com\/wp-content\/uploads\/2025\/05\/Dior-Bag-Dupe-930.jpg\" \/>\n\t<meta property=\"og:image:width\" content=\"1440\" \/>\n\t<meta property=\"og:image:height\" content=\"1440\" \/>\n\t<meta property=\"og:image:type\" content=\"image\/jpeg\" \/>\n<meta name=\"twitter:card\" content=\"summary_large_image\" \/>\n<meta name=\"twitter:label1\" content=\"Ber\u00e4knad l\u00e4stid\" \/>\n\t<meta name=\"twitter:data1\" content=\"1 minut\" \/>\n<script type=\"application\/ld+json\" class=\"yoast-schema-graph\">{\"@context\":\"https:\/\/schema.org\",\"@graph\":[{\"@type\":\"WebPage\",\"@id\":\"https:\/\/bagdupe.com\/product\/dior-bag-dupe-930\/\",\"url\":\"https:\/\/bagdupe.com\/product\/dior-bag-dupe-930\/\",\"name\":\"Dior Bag Dupe 930 1:1 Replica\",\"isPartOf\":{\"@id\":\"https:\/\/bagdupe.com\/#website\"},\"primaryImageOfPage\":{\"@id\":\"https:\/\/bagdupe.com\/product\/dior-bag-dupe-930\/#primaryimage\"},\"image\":{\"@id\":\"https:\/\/bagdupe.com\/product\/dior-bag-dupe-930\/#primaryimage\"},\"thumbnailUrl\":\"https:\/\/bagdupe.com\/wp-content\/uploads\/2025\/05\/Dior-Bag-Dupe-930.jpg\",\"datePublished\":\"2025-05-27T15:32:05+00:00\",\"dateModified\":\"2025-05-27T15:32:17+00:00\",\"description\":\"Cowhide version Full set of packaging The Lady D-Joy handbag highlights the Lady Dior series' iconic neat aesthetic and reflects Dior's profound insight into elegance and beauty. The style is refined and elegant, with quilted details created with rattan check stitching. Decorated with light gold-finished metal DOR\\\" charm to enhance the style and add a touch of agility to the exquisite silhouette. With a detachable chain shoulder strap and an adjustable and detachable technical canvas shoulder strap, it can be carried by hand, on the shoulder or crossbody, making it an ideal choice for daily styling. Size Large 26 13cm sl 1:1 Replica\",\"breadcrumb\":{\"@id\":\"https:\/\/bagdupe.com\/product\/dior-bag-dupe-930\/#breadcrumb\"},\"inLanguage\":\"sv-SE\",\"potentialAction\":[{\"@type\":\"ReadAction\",\"target\":[\"https:\/\/bagdupe.com\/product\/dior-bag-dupe-930\/\"]}]},{\"@type\":\"ImageObject\",\"inLanguage\":\"sv-SE\",\"@id\":\"https:\/\/bagdupe.com\/product\/dior-bag-dupe-930\/#primaryimage\",\"url\":\"https:\/\/bagdupe.com\/wp-content\/uploads\/2025\/05\/Dior-Bag-Dupe-930.jpg\",\"contentUrl\":\"https:\/\/bagdupe.com\/wp-content\/uploads\/2025\/05\/Dior-Bag-Dupe-930.jpg\",\"width\":1440,\"height\":1440,\"caption\":\"Dior Bag Dupe 930\"},{\"@type\":\"BreadcrumbList\",\"@id\":\"https:\/\/bagdupe.com\/product\/dior-bag-dupe-930\/#breadcrumb\",\"itemListElement\":[{\"@type\":\"ListItem\",\"position\":1,\"name\":\"Home\",\"item\":\"https:\/\/bagdupe.com\/\"},{\"@type\":\"ListItem\",\"position\":2,\"name\":\"Shop\",\"item\":\"https:\/\/bagdupe.com\/shop\/\"},{\"@type\":\"ListItem\",\"position\":3,\"name\":\"Dior Bag Dupe 930\"}]},{\"@type\":\"WebSite\",\"@id\":\"https:\/\/bagdupe.com\/#website\",\"url\":\"https:\/\/bagdupe.com\/\",\"name\":\"Best Designer Bag Dupes | Fragrance Dupe In 2025\",\"description\":\"High quality designer Bags \/ Fragrance Shop. Brands: Louis Vuitton, Hermes, Chanel, Gucci, and Coach are frequently mentioned as having.\",\"publisher\":{\"@id\":\"https:\/\/bagdupe.com\/#organization\"},\"alternateName\":\"Best Designer Bag Dupes | Fragrance Dupe In 2025\",\"potentialAction\":[{\"@type\":\"SearchAction\",\"target\":{\"@type\":\"EntryPoint\",\"urlTemplate\":\"https:\/\/bagdupe.com\/?s={search_term_string}\"},\"query-input\":{\"@type\":\"PropertyValueSpecification\",\"valueRequired\":true,\"valueName\":\"search_term_string\"}}],\"inLanguage\":\"sv-SE\"},{\"@type\":\"Organization\",\"@id\":\"https:\/\/bagdupe.com\/#organization\",\"name\":\"Best Designer Bag Dupes | Fragrance Dupe In 2025\",\"alternateName\":\"Best Designer Bag Dupes | Fragrance Dupe In 2025\",\"url\":\"https:\/\/bagdupe.com\/\",\"logo\":{\"@type\":\"ImageObject\",\"inLanguage\":\"sv-SE\",\"@id\":\"https:\/\/bagdupe.com\/#\/schema\/logo\/image\/\",\"url\":\"https:\/\/bagdupe.com\/wp-content\/uploads\/2025\/05\/bagdupe.com_.webp\",\"contentUrl\":\"https:\/\/bagdupe.com\/wp-content\/uploads\/2025\/05\/bagdupe.com_.webp\",\"width\":800,\"height\":299,\"caption\":\"Best Designer Bag Dupes | Fragrance Dupe In 2025\"},\"image\":{\"@id\":\"https:\/\/bagdupe.com\/#\/schema\/logo\/image\/\"},\"description\":\"High quality designer Bags \/ Fragrance Shop. Brands: Louis Vuitton, Hermes, Chanel, Gucci, and Coach are frequently mentioned as having.\",\"email\":\"fashionrepsbiz@gmail.com\",\"telephone\":\"+1 936 666 6246\",\"legalName\":\"Best Designer Bag Dupes | Fragrance Dupe In 2025\",\"foundingDate\":\"2015-03-27\",\"vatID\":\"afd67baw625hbaf\",\"taxID\":\"5472erdsvert\",\"iso6523Code\":\"2566yt4hdf565g\",\"duns\":\"2654rthedg3gvfx\",\"leiCode\":\"436regtu65hbdfh\",\"naics\":\"63gvsy658ijngfgw\",\"numberOfEmployees\":{\"@type\":\"QuantitativeValue\",\"minValue\":\"51\",\"maxValue\":\"200\"},\"publishingPrinciples\":\"https:\/\/bagdupe.com\/refund_returns\/\",\"ownershipFundingInfo\":\"https:\/\/bagdupe.com\/about-dupe-shop\/\",\"actionableFeedbackPolicy\":\"https:\/\/bagdupe.com\/privacy-policy\/\",\"correctionsPolicy\":\"https:\/\/bagdupe.com\/privacy-policy\/\",\"ethicsPolicy\":\"https:\/\/bagdupe.com\/privacy-policy\/\",\"diversityPolicy\":\"https:\/\/bagdupe.com\/privacy-policy\/\"}]}<\/script>\n<!-- \/ Yoast SEO Premium plugin. -->","yoast_head_json":{"title":"Dior Bag Dupe 930 1:1 Replica","description":"Cowhide version Full set of packaging The Lady D-Joy handbag highlights the Lady Dior series' iconic neat aesthetic and reflects Dior's profound insight into elegance and beauty. The style is refined and elegant, with quilted details created with rattan check stitching. Decorated with light gold-finished metal DOR\" charm to enhance the style and add a touch of agility to the exquisite silhouette. With a detachable chain shoulder strap and an adjustable and detachable technical canvas shoulder strap, it can be carried by hand, on the shoulder or crossbody, making it an ideal choice for daily styling. Size Large 26 13cm sl 1:1 Replica","robots":{"index":"index","follow":"follow","max-snippet":"max-snippet:-1","max-image-preview":"max-image-preview:large","max-video-preview":"max-video-preview:-1"},"canonical":"https:\/\/bagdupe.com\/sv\/produkt\/dior-bag-dupe-930\/","og_locale":"sv_SE","og_type":"article","og_title":"Dior Bag Dupe 930","og_description":"Cowhide version Full set of packaging The Lady D-Joy handbag highlights the Lady Dior series' iconic neat aesthetic and reflects Dior's profound insight into elegance and beauty. The style is refined and elegant, with quilted details created with rattan check stitching. Decorated with light gold-finished metal DOR\" charm to enhance the style and add a touch of agility to the exquisite silhouette. With a detachable chain shoulder strap and an adjustable and detachable technical canvas shoulder strap, it can be carried by hand, on the shoulder or crossbody, making it an ideal choice for daily styling. Size Large 26 13cm sl 1:1 Replica","og_url":"https:\/\/bagdupe.com\/sv\/produkt\/dior-bag-dupe-930\/","og_site_name":"Best Designer Bag Dupes | Fragrance Dupe In 2025","article_modified_time":"2025-05-27T15:32:17+00:00","og_image":[{"width":1440,"height":1440,"url":"https:\/\/bagdupe.com\/wp-content\/uploads\/2025\/05\/Dior-Bag-Dupe-930.jpg","type":"image\/jpeg"}],"twitter_card":"summary_large_image","twitter_misc":{"Ber\u00e4knad l\u00e4stid":"1 minut"},"schema":{"@context":"https:\/\/schema.org","@graph":[{"@type":"WebPage","@id":"https:\/\/bagdupe.com\/product\/dior-bag-dupe-930\/","url":"https:\/\/bagdupe.com\/product\/dior-bag-dupe-930\/","name":"Dior Bag Dupe 930 1:1 Replica","isPartOf":{"@id":"https:\/\/bagdupe.com\/#website"},"primaryImageOfPage":{"@id":"https:\/\/bagdupe.com\/product\/dior-bag-dupe-930\/#primaryimage"},"image":{"@id":"https:\/\/bagdupe.com\/product\/dior-bag-dupe-930\/#primaryimage"},"thumbnailUrl":"https:\/\/bagdupe.com\/wp-content\/uploads\/2025\/05\/Dior-Bag-Dupe-930.jpg","datePublished":"2025-05-27T15:32:05+00:00","dateModified":"2025-05-27T15:32:17+00:00","description":"Cowhide version Full set of packaging The Lady D-Joy handbag highlights the Lady Dior series' iconic neat aesthetic and reflects Dior's profound insight into elegance and beauty. The style is refined and elegant, with quilted details created with rattan check stitching. Decorated with light gold-finished metal DOR\" charm to enhance the style and add a touch of agility to the exquisite silhouette. With a detachable chain shoulder strap and an adjustable and detachable technical canvas shoulder strap, it can be carried by hand, on the shoulder or crossbody, making it an ideal choice for daily styling. Size Large 26 13cm sl 1:1 Replica","breadcrumb":{"@id":"https:\/\/bagdupe.com\/product\/dior-bag-dupe-930\/#breadcrumb"},"inLanguage":"sv-SE","potentialAction":[{"@type":"ReadAction","target":["https:\/\/bagdupe.com\/product\/dior-bag-dupe-930\/"]}]},{"@type":"ImageObject","inLanguage":"sv-SE","@id":"https:\/\/bagdupe.com\/product\/dior-bag-dupe-930\/#primaryimage","url":"https:\/\/bagdupe.com\/wp-content\/uploads\/2025\/05\/Dior-Bag-Dupe-930.jpg","contentUrl":"https:\/\/bagdupe.com\/wp-content\/uploads\/2025\/05\/Dior-Bag-Dupe-930.jpg","width":1440,"height":1440,"caption":"Dior Bag Dupe 930"},{"@type":"BreadcrumbList","@id":"https:\/\/bagdupe.com\/product\/dior-bag-dupe-930\/#breadcrumb","itemListElement":[{"@type":"ListItem","position":1,"name":"Home","item":"https:\/\/bagdupe.com\/"},{"@type":"ListItem","position":2,"name":"Shop","item":"https:\/\/bagdupe.com\/shop\/"},{"@type":"ListItem","position":3,"name":"Dior Bag Dupe 930"}]},{"@type":"WebSite","@id":"https:\/\/bagdupe.com\/#website","url":"https:\/\/bagdupe.com\/","name":"Best Designer Bag Dupes | Fragrance Dupe In 2025","description":"High quality designer Bags \/ Fragrance Shop. Brands: Louis Vuitton, Hermes, Chanel, Gucci, and Coach are frequently mentioned as having.","publisher":{"@id":"https:\/\/bagdupe.com\/#organization"},"alternateName":"Best Designer Bag Dupes | Fragrance Dupe In 2025","potentialAction":[{"@type":"SearchAction","target":{"@type":"EntryPoint","urlTemplate":"https:\/\/bagdupe.com\/?s={search_term_string}"},"query-input":{"@type":"PropertyValueSpecification","valueRequired":true,"valueName":"search_term_string"}}],"inLanguage":"sv-SE"},{"@type":"Organization","@id":"https:\/\/bagdupe.com\/#organization","name":"Best Designer Bag Dupes | Fragrance Dupe In 2025","alternateName":"Best Designer Bag Dupes | Fragrance Dupe In 2025","url":"https:\/\/bagdupe.com\/","logo":{"@type":"ImageObject","inLanguage":"sv-SE","@id":"https:\/\/bagdupe.com\/#\/schema\/logo\/image\/","url":"https:\/\/bagdupe.com\/wp-content\/uploads\/2025\/05\/bagdupe.com_.webp","contentUrl":"https:\/\/bagdupe.com\/wp-content\/uploads\/2025\/05\/bagdupe.com_.webp","width":800,"height":299,"caption":"Best Designer Bag Dupes | Fragrance Dupe In 2025"},"image":{"@id":"https:\/\/bagdupe.com\/#\/schema\/logo\/image\/"},"description":"High quality designer Bags \/ Fragrance Shop. Brands: Louis Vuitton, Hermes, Chanel, Gucci, and Coach are frequently mentioned as having.","email":"fashionrepsbiz@gmail.com","telephone":"+1 936 666 6246","legalName":"Best Designer Bag Dupes | Fragrance Dupe In 2025","foundingDate":"2015-03-27","vatID":"afd67baw625hbaf","taxID":"5472erdsvert","iso6523Code":"2566yt4hdf565g","duns":"2654rthedg3gvfx","leiCode":"436regtu65hbdfh","naics":"63gvsy658ijngfgw","numberOfEmployees":{"@type":"QuantitativeValue","minValue":"51","maxValue":"200"},"publishingPrinciples":"https:\/\/bagdupe.com\/refund_returns\/","ownershipFundingInfo":"https:\/\/bagdupe.com\/about-dupe-shop\/","actionableFeedbackPolicy":"https:\/\/bagdupe.com\/privacy-policy\/","correctionsPolicy":"https:\/\/bagdupe.com\/privacy-policy\/","ethicsPolicy":"https:\/\/bagdupe.com\/privacy-policy\/","diversityPolicy":"https:\/\/bagdupe.com\/privacy-policy\/"}]}},"_links":{"self":[{"href":"https:\/\/bagdupe.com\/sv\/wp-json\/wp\/v2\/product\/7836","targetHints":{"allow":["GET"]}}],"collection":[{"href":"https:\/\/bagdupe.com\/sv\/wp-json\/wp\/v2\/product"}],"about":[{"href":"https:\/\/bagdupe.com\/sv\/wp-json\/wp\/v2\/types\/product"}],"wp:featuredmedia":[{"embeddable":true,"href":"https:\/\/bagdupe.com\/sv\/wp-json\/wp\/v2\/media\/7837"}],"wp:attachment":[{"href":"https:\/\/bagdupe.com\/sv\/wp-json\/wp\/v2\/media?parent=7836"}],"wp:term":[{"taxonomy":"product_brand","embeddable":true,"href":"https:\/\/bagdupe.com\/sv\/wp-json\/wp\/v2\/product_brand?post=7836"},{"taxonomy":"product_cat","embeddable":true,"href":"https:\/\/bagdupe.com\/sv\/wp-json\/wp\/v2\/product_cat?post=7836"},{"taxonomy":"product_tag","embeddable":true,"href":"https:\/\/bagdupe.com\/sv\/wp-json\/wp\/v2\/product_tag?post=7836"}],"curies":[{"name":"wp","href":"https:\/\/api.w.org\/{rel}","templated":true}]}}