{"id":9270,"date":"2025-05-27T16:04:36","date_gmt":"2025-05-27T16:04:36","guid":{"rendered":"https:\/\/bagdupe.com\/product\/fendi-bag-dupe-638\/"},"modified":"2025-05-27T16:05:02","modified_gmt":"2025-05-27T16:05:02","slug":"fendi-bag-dupe-638","status":"publish","type":"product","link":"https:\/\/bagdupe.com\/sv\/produkt\/fendi-bag-dupe-638\/","title":{"rendered":"Fendi Bag Dupe 638"},"content":{"rendered":"<p>Fendi halvm\u00e5nev\u00e4ska med kedja<br \/>\nDen klassiska bokstavslogotypen i metall \u00e4r dekorerad p\u00e5 v\u00e4skans undersida<br \/>\nFull av designk\u00e4nsla, samtidigt som den st\u00f6der och skyddar v\u00e4skans kropp. Guldkedjan \u00e4r retro och avancerad och kan b\u00e4ras kors och tv\u00e4rs eller f\u00f6r hand<br \/>\nDen \u00e4r s\u00e5 s\u00f6t oavsett hur du b\u00e4r den~<\/p>\n<p>Fendi Bag Dupe 638<\/p>","protected":false},"excerpt":{"rendered":"<p>Fendi halvm\u00e5nev\u00e4ska med kedja<br \/>\nDen klassiska bokstavslogotypen i metall \u00e4r dekorerad p\u00e5 v\u00e4skans undersida<br \/>\nFull av designk\u00e4nsla, samtidigt som den st\u00f6der och skyddar v\u00e4skans kropp. Guldkedjan \u00e4r retro och avancerad och kan b\u00e4ras kors och tv\u00e4rs eller f\u00f6r hand<br \/>\nDen \u00e4r s\u00e5 s\u00f6t oavsett hur du b\u00e4r den~<\/p>","protected":false},"featured_media":9271,"template":"","meta":[],"product_brand":[],"product_cat":[64,65],"product_tag":[66,67],"class_list":{"0":"post-9270","1":"product","2":"type-product","3":"status-publish","4":"has-post-thumbnail","6":"product_cat-fendi","7":"product_cat-fendi-bag","8":"product_tag-fendi","9":"product_tag-fendi-bag","11":"first","12":"instock","13":"purchasable","14":"product-type-simple"},"yoast_head":"<!-- This site is optimized with the Yoast SEO Premium plugin v25.2 (Yoast SEO v25.2) - https:\/\/yoast.com\/wordpress\/plugins\/seo\/ -->\n<title>Fendi Bag Dupe 638 1:1 Replica<\/title>\n<meta name=\"description\" content=\"Fendi chain crescent bag The classic metal letter logo is decorated on the bottom of the bag Full of design sense, while supporting and protecting the bag body. The gold chain is retro and high-end, and can be worn cross-body or by hand It&#039;s so cute no matter how you carry it~ 1:1 Replica\" \/>\n<meta name=\"robots\" content=\"index, follow, max-snippet:-1, max-image-preview:large, max-video-preview:-1\" \/>\n<link rel=\"canonical\" href=\"https:\/\/bagdupe.com\/sv\/produkt\/fendi-bag-dupe-638\/\" \/>\n<meta property=\"og:locale\" content=\"sv_SE\" \/>\n<meta property=\"og:type\" content=\"article\" \/>\n<meta property=\"og:title\" content=\"Fendi Bag Dupe 638\" \/>\n<meta property=\"og:description\" content=\"Fendi chain crescent bag The classic metal letter logo is decorated on the bottom of the bag Full of design sense, while supporting and protecting the bag body. The gold chain is retro and high-end, and can be worn cross-body or by hand It&#039;s so cute no matter how you carry it~ 1:1 Replica\" \/>\n<meta property=\"og:url\" content=\"https:\/\/bagdupe.com\/sv\/produkt\/fendi-bag-dupe-638\/\" \/>\n<meta property=\"og:site_name\" content=\"Best Designer Bag Dupes | Fragrance Dupe In 2025\" \/>\n<meta property=\"article:modified_time\" content=\"2025-05-27T16:05:02+00:00\" \/>\n<meta property=\"og:image\" content=\"https:\/\/bagdupe.com\/wp-content\/uploads\/2025\/05\/Fendi-Bag-Dupe-638.jpg\" \/>\n\t<meta property=\"og:image:width\" content=\"1080\" \/>\n\t<meta property=\"og:image:height\" content=\"1439\" \/>\n\t<meta property=\"og:image:type\" content=\"image\/jpeg\" \/>\n<meta name=\"twitter:card\" content=\"summary_large_image\" \/>\n<script type=\"application\/ld+json\" class=\"yoast-schema-graph\">{\"@context\":\"https:\/\/schema.org\",\"@graph\":[{\"@type\":\"WebPage\",\"@id\":\"https:\/\/bagdupe.com\/product\/fendi-bag-dupe-638\/\",\"url\":\"https:\/\/bagdupe.com\/product\/fendi-bag-dupe-638\/\",\"name\":\"Fendi Bag Dupe 638 1:1 Replica\",\"isPartOf\":{\"@id\":\"https:\/\/bagdupe.com\/#website\"},\"primaryImageOfPage\":{\"@id\":\"https:\/\/bagdupe.com\/product\/fendi-bag-dupe-638\/#primaryimage\"},\"image\":{\"@id\":\"https:\/\/bagdupe.com\/product\/fendi-bag-dupe-638\/#primaryimage\"},\"thumbnailUrl\":\"https:\/\/bagdupe.com\/wp-content\/uploads\/2025\/05\/Fendi-Bag-Dupe-638.jpg\",\"datePublished\":\"2025-05-27T16:04:36+00:00\",\"dateModified\":\"2025-05-27T16:05:02+00:00\",\"description\":\"Fendi chain crescent bag The classic metal letter logo is decorated on the bottom of the bag Full of design sense, while supporting and protecting the bag body. The gold chain is retro and high-end, and can be worn cross-body or by hand It's so cute no matter how you carry it~ 1:1 Replica\",\"breadcrumb\":{\"@id\":\"https:\/\/bagdupe.com\/product\/fendi-bag-dupe-638\/#breadcrumb\"},\"inLanguage\":\"sv-SE\",\"potentialAction\":[{\"@type\":\"ReadAction\",\"target\":[\"https:\/\/bagdupe.com\/product\/fendi-bag-dupe-638\/\"]}]},{\"@type\":\"ImageObject\",\"inLanguage\":\"sv-SE\",\"@id\":\"https:\/\/bagdupe.com\/product\/fendi-bag-dupe-638\/#primaryimage\",\"url\":\"https:\/\/bagdupe.com\/wp-content\/uploads\/2025\/05\/Fendi-Bag-Dupe-638.jpg\",\"contentUrl\":\"https:\/\/bagdupe.com\/wp-content\/uploads\/2025\/05\/Fendi-Bag-Dupe-638.jpg\",\"width\":1080,\"height\":1439,\"caption\":\"Fendi Bag Dupe 638\"},{\"@type\":\"BreadcrumbList\",\"@id\":\"https:\/\/bagdupe.com\/product\/fendi-bag-dupe-638\/#breadcrumb\",\"itemListElement\":[{\"@type\":\"ListItem\",\"position\":1,\"name\":\"Home\",\"item\":\"https:\/\/bagdupe.com\/\"},{\"@type\":\"ListItem\",\"position\":2,\"name\":\"Shop\",\"item\":\"https:\/\/bagdupe.com\/shop\/\"},{\"@type\":\"ListItem\",\"position\":3,\"name\":\"Fendi Bag Dupe 638\"}]},{\"@type\":\"WebSite\",\"@id\":\"https:\/\/bagdupe.com\/#website\",\"url\":\"https:\/\/bagdupe.com\/\",\"name\":\"Best Designer Bag Dupes | Fragrance Dupe In 2025\",\"description\":\"High quality designer Bags \/ Fragrance Shop. Brands: Louis Vuitton, Hermes, Chanel, Gucci, and Coach are frequently mentioned as having.\",\"publisher\":{\"@id\":\"https:\/\/bagdupe.com\/#organization\"},\"alternateName\":\"Best Designer Bag Dupes | Fragrance Dupe In 2025\",\"potentialAction\":[{\"@type\":\"SearchAction\",\"target\":{\"@type\":\"EntryPoint\",\"urlTemplate\":\"https:\/\/bagdupe.com\/?s={search_term_string}\"},\"query-input\":{\"@type\":\"PropertyValueSpecification\",\"valueRequired\":true,\"valueName\":\"search_term_string\"}}],\"inLanguage\":\"sv-SE\"},{\"@type\":\"Organization\",\"@id\":\"https:\/\/bagdupe.com\/#organization\",\"name\":\"Best Designer Bag Dupes | Fragrance Dupe In 2025\",\"alternateName\":\"Best Designer Bag Dupes | Fragrance Dupe In 2025\",\"url\":\"https:\/\/bagdupe.com\/\",\"logo\":{\"@type\":\"ImageObject\",\"inLanguage\":\"sv-SE\",\"@id\":\"https:\/\/bagdupe.com\/#\/schema\/logo\/image\/\",\"url\":\"https:\/\/bagdupe.com\/wp-content\/uploads\/2025\/05\/bagdupe.com_.webp\",\"contentUrl\":\"https:\/\/bagdupe.com\/wp-content\/uploads\/2025\/05\/bagdupe.com_.webp\",\"width\":800,\"height\":299,\"caption\":\"Best Designer Bag Dupes | Fragrance Dupe In 2025\"},\"image\":{\"@id\":\"https:\/\/bagdupe.com\/#\/schema\/logo\/image\/\"},\"description\":\"High quality designer Bags \/ Fragrance Shop. Brands: Louis Vuitton, Hermes, Chanel, Gucci, and Coach are frequently mentioned as having.\",\"email\":\"fashionrepsbiz@gmail.com\",\"telephone\":\"+1 936 666 6246\",\"legalName\":\"Best Designer Bag Dupes | Fragrance Dupe In 2025\",\"foundingDate\":\"2015-03-27\",\"vatID\":\"afd67baw625hbaf\",\"taxID\":\"5472erdsvert\",\"iso6523Code\":\"2566yt4hdf565g\",\"duns\":\"2654rthedg3gvfx\",\"leiCode\":\"436regtu65hbdfh\",\"naics\":\"63gvsy658ijngfgw\",\"numberOfEmployees\":{\"@type\":\"QuantitativeValue\",\"minValue\":\"51\",\"maxValue\":\"200\"},\"publishingPrinciples\":\"https:\/\/bagdupe.com\/refund_returns\/\",\"ownershipFundingInfo\":\"https:\/\/bagdupe.com\/about-dupe-shop\/\",\"actionableFeedbackPolicy\":\"https:\/\/bagdupe.com\/privacy-policy\/\",\"correctionsPolicy\":\"https:\/\/bagdupe.com\/privacy-policy\/\",\"ethicsPolicy\":\"https:\/\/bagdupe.com\/privacy-policy\/\",\"diversityPolicy\":\"https:\/\/bagdupe.com\/privacy-policy\/\"}]}<\/script>\n<!-- \/ Yoast SEO Premium plugin. -->","yoast_head_json":{"title":"Fendi Bag Dupe 638 1:1 Replica","description":"Fendi chain crescent bag The classic metal letter logo is decorated on the bottom of the bag Full of design sense, while supporting and protecting the bag body. The gold chain is retro and high-end, and can be worn cross-body or by hand It's so cute no matter how you carry it~ 1:1 Replica","robots":{"index":"index","follow":"follow","max-snippet":"max-snippet:-1","max-image-preview":"max-image-preview:large","max-video-preview":"max-video-preview:-1"},"canonical":"https:\/\/bagdupe.com\/sv\/produkt\/fendi-bag-dupe-638\/","og_locale":"sv_SE","og_type":"article","og_title":"Fendi Bag Dupe 638","og_description":"Fendi chain crescent bag The classic metal letter logo is decorated on the bottom of the bag Full of design sense, while supporting and protecting the bag body. The gold chain is retro and high-end, and can be worn cross-body or by hand It's so cute no matter how you carry it~ 1:1 Replica","og_url":"https:\/\/bagdupe.com\/sv\/produkt\/fendi-bag-dupe-638\/","og_site_name":"Best Designer Bag Dupes | Fragrance Dupe In 2025","article_modified_time":"2025-05-27T16:05:02+00:00","og_image":[{"width":1080,"height":1439,"url":"https:\/\/bagdupe.com\/wp-content\/uploads\/2025\/05\/Fendi-Bag-Dupe-638.jpg","type":"image\/jpeg"}],"twitter_card":"summary_large_image","schema":{"@context":"https:\/\/schema.org","@graph":[{"@type":"WebPage","@id":"https:\/\/bagdupe.com\/product\/fendi-bag-dupe-638\/","url":"https:\/\/bagdupe.com\/product\/fendi-bag-dupe-638\/","name":"Fendi Bag Dupe 638 1:1 Replica","isPartOf":{"@id":"https:\/\/bagdupe.com\/#website"},"primaryImageOfPage":{"@id":"https:\/\/bagdupe.com\/product\/fendi-bag-dupe-638\/#primaryimage"},"image":{"@id":"https:\/\/bagdupe.com\/product\/fendi-bag-dupe-638\/#primaryimage"},"thumbnailUrl":"https:\/\/bagdupe.com\/wp-content\/uploads\/2025\/05\/Fendi-Bag-Dupe-638.jpg","datePublished":"2025-05-27T16:04:36+00:00","dateModified":"2025-05-27T16:05:02+00:00","description":"Fendi chain crescent bag The classic metal letter logo is decorated on the bottom of the bag Full of design sense, while supporting and protecting the bag body. The gold chain is retro and high-end, and can be worn cross-body or by hand It's so cute no matter how you carry it~ 1:1 Replica","breadcrumb":{"@id":"https:\/\/bagdupe.com\/product\/fendi-bag-dupe-638\/#breadcrumb"},"inLanguage":"sv-SE","potentialAction":[{"@type":"ReadAction","target":["https:\/\/bagdupe.com\/product\/fendi-bag-dupe-638\/"]}]},{"@type":"ImageObject","inLanguage":"sv-SE","@id":"https:\/\/bagdupe.com\/product\/fendi-bag-dupe-638\/#primaryimage","url":"https:\/\/bagdupe.com\/wp-content\/uploads\/2025\/05\/Fendi-Bag-Dupe-638.jpg","contentUrl":"https:\/\/bagdupe.com\/wp-content\/uploads\/2025\/05\/Fendi-Bag-Dupe-638.jpg","width":1080,"height":1439,"caption":"Fendi Bag Dupe 638"},{"@type":"BreadcrumbList","@id":"https:\/\/bagdupe.com\/product\/fendi-bag-dupe-638\/#breadcrumb","itemListElement":[{"@type":"ListItem","position":1,"name":"Home","item":"https:\/\/bagdupe.com\/"},{"@type":"ListItem","position":2,"name":"Shop","item":"https:\/\/bagdupe.com\/shop\/"},{"@type":"ListItem","position":3,"name":"Fendi Bag Dupe 638"}]},{"@type":"WebSite","@id":"https:\/\/bagdupe.com\/#website","url":"https:\/\/bagdupe.com\/","name":"Best Designer Bag Dupes | Fragrance Dupe In 2025","description":"High quality designer Bags \/ Fragrance Shop. Brands: Louis Vuitton, Hermes, Chanel, Gucci, and Coach are frequently mentioned as having.","publisher":{"@id":"https:\/\/bagdupe.com\/#organization"},"alternateName":"Best Designer Bag Dupes | Fragrance Dupe In 2025","potentialAction":[{"@type":"SearchAction","target":{"@type":"EntryPoint","urlTemplate":"https:\/\/bagdupe.com\/?s={search_term_string}"},"query-input":{"@type":"PropertyValueSpecification","valueRequired":true,"valueName":"search_term_string"}}],"inLanguage":"sv-SE"},{"@type":"Organization","@id":"https:\/\/bagdupe.com\/#organization","name":"Best Designer Bag Dupes | Fragrance Dupe In 2025","alternateName":"Best Designer Bag Dupes | Fragrance Dupe In 2025","url":"https:\/\/bagdupe.com\/","logo":{"@type":"ImageObject","inLanguage":"sv-SE","@id":"https:\/\/bagdupe.com\/#\/schema\/logo\/image\/","url":"https:\/\/bagdupe.com\/wp-content\/uploads\/2025\/05\/bagdupe.com_.webp","contentUrl":"https:\/\/bagdupe.com\/wp-content\/uploads\/2025\/05\/bagdupe.com_.webp","width":800,"height":299,"caption":"Best Designer Bag Dupes | Fragrance Dupe In 2025"},"image":{"@id":"https:\/\/bagdupe.com\/#\/schema\/logo\/image\/"},"description":"High quality designer Bags \/ Fragrance Shop. Brands: Louis Vuitton, Hermes, Chanel, Gucci, and Coach are frequently mentioned as having.","email":"fashionrepsbiz@gmail.com","telephone":"+1 936 666 6246","legalName":"Best Designer Bag Dupes | Fragrance Dupe In 2025","foundingDate":"2015-03-27","vatID":"afd67baw625hbaf","taxID":"5472erdsvert","iso6523Code":"2566yt4hdf565g","duns":"2654rthedg3gvfx","leiCode":"436regtu65hbdfh","naics":"63gvsy658ijngfgw","numberOfEmployees":{"@type":"QuantitativeValue","minValue":"51","maxValue":"200"},"publishingPrinciples":"https:\/\/bagdupe.com\/refund_returns\/","ownershipFundingInfo":"https:\/\/bagdupe.com\/about-dupe-shop\/","actionableFeedbackPolicy":"https:\/\/bagdupe.com\/privacy-policy\/","correctionsPolicy":"https:\/\/bagdupe.com\/privacy-policy\/","ethicsPolicy":"https:\/\/bagdupe.com\/privacy-policy\/","diversityPolicy":"https:\/\/bagdupe.com\/privacy-policy\/"}]}},"_links":{"self":[{"href":"https:\/\/bagdupe.com\/sv\/wp-json\/wp\/v2\/product\/9270","targetHints":{"allow":["GET"]}}],"collection":[{"href":"https:\/\/bagdupe.com\/sv\/wp-json\/wp\/v2\/product"}],"about":[{"href":"https:\/\/bagdupe.com\/sv\/wp-json\/wp\/v2\/types\/product"}],"wp:featuredmedia":[{"embeddable":true,"href":"https:\/\/bagdupe.com\/sv\/wp-json\/wp\/v2\/media\/9271"}],"wp:attachment":[{"href":"https:\/\/bagdupe.com\/sv\/wp-json\/wp\/v2\/media?parent=9270"}],"wp:term":[{"taxonomy":"product_brand","embeddable":true,"href":"https:\/\/bagdupe.com\/sv\/wp-json\/wp\/v2\/product_brand?post=9270"},{"taxonomy":"product_cat","embeddable":true,"href":"https:\/\/bagdupe.com\/sv\/wp-json\/wp\/v2\/product_cat?post=9270"},{"taxonomy":"product_tag","embeddable":true,"href":"https:\/\/bagdupe.com\/sv\/wp-json\/wp\/v2\/product_tag?post=9270"}],"curies":[{"name":"wp","href":"https:\/\/api.w.org\/{rel}","templated":true}]}}